{"id":5270,"date":"2025-11-17T10:14:31","date_gmt":"2025-11-17T10:14:31","guid":{"rendered":"http:\/\/www.kamotec.net\/?post_type=product&#038;p=5270"},"modified":"2025-12-01T07:47:09","modified_gmt":"2025-12-01T07:47:09","slug":"plate-and-tube-integrated-fiber-laser-cutting-machines","status":"publish","type":"product","link":"http:\/\/www.kamotec.net\/pt\/produto\/plate-and-tube-integrated-fiber-laser-cutting-machines\/","title":{"rendered":"M\u00e1quinas de corte a laser de fibra integradas para chapas e tubos"},"content":{"rendered":"<p>&nbsp;<\/p>\n<div class=\"ast-oembed-container\" style=\"height: 100%;\"><iframe title=\"M\u00e1quina de corte combinada a laser de fibra para chapas e tubos com duas plataformas de trabalho intercambi\u00e1veis 1500W 3000w 6000w\" width=\"500\" height=\"281\" src=\"https:\/\/www.youtube.com\/embed\/LuBVm9zPng8?feature=oembed\" frameborder=\"0\" allow=\"accelerometer; autoplay; clipboard-write; encrypted-media; gyroscope; picture-in-picture; web-share\" referrerpolicy=\"strict-origin-when-cross-origin\" allowfullscreen><\/iframe><\/div>\n<p><strong>M\u00e1quina de corte a laser para metal Carater\u00edsticas:<\/strong><br \/>\n1. adota tecnologia avan\u00e7ada de n\u00facleo de laser de fibra \u00f3tica de marca, bom modo \u00f3tico, desempenho est\u00e1vel.<br \/>\n2. Alta efici\u00eancia de convers\u00e3o fotoel\u00e9ctrica, duas vezes de fonte de laser dom\u00e9stica.<br \/>\n3. Baixo calor da fonte de laser, necessitando apenas de uma m\u00e1quina de arrefecimento de \u00e1gua 5P, poupando eletricidade.<br \/>\n4. O p\u00f3rtico voador com design de caminho de luz, opera\u00e7\u00e3o leve, economizando cerca de 40% de eletricidade do que os concorrentes.<br \/>\n5. Obter um efeito de corte perfeito, soprando apenas ar comprimido durante o processamento, o que pode reduzir em grande parte os custos de g\u00e1s auxiliar, como o oxig\u00e9nio e o azoto, em cerca de mil d\u00f3lares,<br \/>\n6. Equipado com sistema de lubrifica\u00e7\u00e3o centralizado para tornar o funcionamento da m\u00e1quina mais est\u00e1vel.<br \/>\n7. precis\u00e3o de posicionamento axial da bancada de trabalho: \u2264\u00b10,03\u339c\/m<br \/>\n8. precis\u00e3o de posicionamento repetitivo da bancada de trabalho: \u2264\u00b10,03\u339c\/m<\/p>\n<p><img alt=\"\" fetchpriority=\"high\" decoding=\"async\" class=\"size-full wp-image-5279 aligncenter\" src=\"http:\/\/www.kamotec.net\/wp-content\/uploads\/2025\/11\/14-3.jpg\" width=\"1000\" height=\"800\" srcset=\"http:\/\/www.kamotec.net\/wp-content\/uploads\/2025\/11\/14-3.jpg 1000w, http:\/\/www.kamotec.net\/wp-content\/uploads\/2025\/11\/14-3-300x240.jpg 300w, http:\/\/www.kamotec.net\/wp-content\/uploads\/2025\/11\/14-3-600x480.jpg 600w, http:\/\/www.kamotec.net\/wp-content\/uploads\/2025\/11\/14-3-768x614.jpg 768w, http:\/\/www.kamotec.net\/wp-content\/uploads\/2025\/11\/14-3-15x12.jpg 15w\" sizes=\"(max-width: 1000px) 100vw, 1000px\" \/><\/p>\n<table>\n<tbody>\n<tr>\n<td width=\"197\"><strong><b>Modelo<\/b><\/strong><\/td>\n<td width=\"349\"><strong><b>M\u00e1quinas de corte a laser de fibra integradas para chapas e tubos<\/b><\/strong><\/td>\n<\/tr>\n<tr>\n<td width=\"197\"><strong><b>* Pot\u00eancia<\/b><\/strong><\/td>\n<td width=\"349\">3000W~20000W<\/td>\n<\/tr>\n<tr>\n<td width=\"197\"><strong><b>* Formato de processamento<\/b><\/strong><\/td>\n<td width=\"349\">3000mm*1500mm\/2000mm*3000mm<\/td>\n<\/tr>\n<tr>\n<td width=\"197\"><strong><b>* Acelera\u00e7\u00e3o<\/b><\/strong><\/td>\n<td width=\"349\">1.5G<\/td>\n<\/tr>\n<tr>\n<td width=\"197\"><strong><b>* Velocidade m\u00e1xima sem carga<\/b><\/strong><\/td>\n<td width=\"349\">120m\/min<\/td>\n<\/tr>\n<tr>\n<td width=\"197\"><strong><b>* Precis\u00e3o de processamento<\/b><\/strong><\/td>\n<td width=\"349\">\u00b10,05mm<\/td>\n<\/tr>\n<tr>\n<td width=\"197\"><strong><b>* Precis\u00e3o de reposicionamento<\/b><\/strong><\/td>\n<td width=\"349\">\u00b10,03mm<\/td>\n<\/tr>\n<\/tbody>\n<\/table>\n<p><img alt=\"\" decoding=\"async\" class=\"size-full wp-image-5877 aligncenter\" src=\"http:\/\/www.kamotec.net\/wp-content\/uploads\/2025\/11\/16-12.jpg\" width=\"1000\" height=\"800\" srcset=\"http:\/\/www.kamotec.net\/wp-content\/uploads\/2025\/11\/16-12.jpg 1000w, http:\/\/www.kamotec.net\/wp-content\/uploads\/2025\/11\/16-12-300x240.jpg 300w, http:\/\/www.kamotec.net\/wp-content\/uploads\/2025\/11\/16-12-768x614.jpg 768w, http:\/\/www.kamotec.net\/wp-content\/uploads\/2025\/11\/16-12-15x12.jpg 15w, http:\/\/www.kamotec.net\/wp-content\/uploads\/2025\/11\/16-12-600x480.jpg 600w\" sizes=\"(max-width: 1000px) 100vw, 1000px\" \/><\/p>\n<p>&nbsp;<\/p>\n<p><img alt=\"\" decoding=\"async\" class=\"size-full wp-image-5281 aligncenter\" src=\"http:\/\/www.kamotec.net\/wp-content\/uploads\/2025\/11\/20-7.jpg\" width=\"1000\" height=\"800\" srcset=\"http:\/\/www.kamotec.net\/wp-content\/uploads\/2025\/11\/20-7.jpg 1000w, http:\/\/www.kamotec.net\/wp-content\/uploads\/2025\/11\/20-7-300x240.jpg 300w, http:\/\/www.kamotec.net\/wp-content\/uploads\/2025\/11\/20-7-600x480.jpg 600w, http:\/\/www.kamotec.net\/wp-content\/uploads\/2025\/11\/20-7-768x614.jpg 768w, http:\/\/www.kamotec.net\/wp-content\/uploads\/2025\/11\/20-7-15x12.jpg 15w\" sizes=\"(max-width: 1000px) 100vw, 1000px\" \/><\/p>\n<p><img alt=\"\" loading=\"lazy\" decoding=\"async\" class=\"size-full wp-image-5282 aligncenter\" src=\"http:\/\/www.kamotec.net\/wp-content\/uploads\/2025\/11\/22-2.jpg\" width=\"1000\" height=\"800\" srcset=\"http:\/\/www.kamotec.net\/wp-content\/uploads\/2025\/11\/22-2.jpg 1000w, http:\/\/www.kamotec.net\/wp-content\/uploads\/2025\/11\/22-2-300x240.jpg 300w, http:\/\/www.kamotec.net\/wp-content\/uploads\/2025\/11\/22-2-600x480.jpg 600w, http:\/\/www.kamotec.net\/wp-content\/uploads\/2025\/11\/22-2-768x614.jpg 768w, http:\/\/www.kamotec.net\/wp-content\/uploads\/2025\/11\/22-2-15x12.jpg 15w\" sizes=\"(max-width: 1000px) 100vw, 1000px\" \/><\/p>\n<p><img alt=\"\" loading=\"lazy\" decoding=\"async\" class=\"size-full wp-image-5283 aligncenter\" src=\"http:\/\/www.kamotec.net\/wp-content\/uploads\/2025\/11\/23-2.jpg\" width=\"1000\" height=\"800\" srcset=\"http:\/\/www.kamotec.net\/wp-content\/uploads\/2025\/11\/23-2.jpg 1000w, http:\/\/www.kamotec.net\/wp-content\/uploads\/2025\/11\/23-2-300x240.jpg 300w, http:\/\/www.kamotec.net\/wp-content\/uploads\/2025\/11\/23-2-600x480.jpg 600w, http:\/\/www.kamotec.net\/wp-content\/uploads\/2025\/11\/23-2-768x614.jpg 768w, http:\/\/www.kamotec.net\/wp-content\/uploads\/2025\/11\/23-2-15x12.jpg 15w\" sizes=\"(max-width: 1000px) 100vw, 1000px\" \/><\/p>\n<p><strong>Material de aplica\u00e7\u00e3o<\/strong><br \/>\nAs m\u00e1quinas de corte a laser s\u00e3o amplamente utilizadas no processamento de materiais met\u00e1licos, incluindo principalmente:<br \/>\nA\u00e7o inoxid\u00e1vel: O corte a laser de a\u00e7o inoxid\u00e1vel tem as vantagens da velocidade r\u00e1pida, alta precis\u00e3o e pequena zona afetada pelo calor.<br \/>\nA\u00e7o-carbono: O corte a laser de a\u00e7o-carbono tem tamb\u00e9m as carater\u00edsticas de elevada efici\u00eancia e precis\u00e3o, sendo adequado para v\u00e1rias espessuras de chapas de a\u00e7o-carbono.<br \/>\nLiga de alum\u00ednio: O corte a laser de liga de alum\u00ednio pode alcan\u00e7ar uma boa qualidade de sec\u00e7\u00e3o e \u00e9 adequado para placas de alum\u00ednio de v\u00e1rias espessuras.<br \/>\nLiga de tit\u00e2nio: O corte a laser de liga de tit\u00e2nio pode satisfazer requisitos de processamento de alta precis\u00e3o e \u00e9 adequado para a ind\u00fastria aeroespacial e outros dom\u00ednios.<br \/>\nCobre e ligas: O corte a laser de materiais de cobre e ligas tem as carater\u00edsticas de elevada efici\u00eancia e precis\u00e3o, sendo adequado para a ind\u00fastria eletr\u00f3nica.<br \/>\n<img alt=\"\" loading=\"lazy\" decoding=\"async\" class=\"size-full wp-image-5273 aligncenter\" src=\"http:\/\/www.kamotec.net\/wp-content\/uploads\/2025\/11\/WPS\u56fe\u72471-23.jpg\" width=\"750\" height=\"750\" srcset=\"http:\/\/www.kamotec.net\/wp-content\/uploads\/2025\/11\/WPS\u56fe\u72471-23.jpg 750w, http:\/\/www.kamotec.net\/wp-content\/uploads\/2025\/11\/WPS\u56fe\u72471-23-300x300.jpg 300w, http:\/\/www.kamotec.net\/wp-content\/uploads\/2025\/11\/WPS\u56fe\u72471-23-100x100.jpg 100w, http:\/\/www.kamotec.net\/wp-content\/uploads\/2025\/11\/WPS\u56fe\u72471-23-600x600.jpg 600w, http:\/\/www.kamotec.net\/wp-content\/uploads\/2025\/11\/WPS\u56fe\u72471-23-150x150.jpg 150w, http:\/\/www.kamotec.net\/wp-content\/uploads\/2025\/11\/WPS\u56fe\u72471-23-12x12.jpg 12w\" sizes=\"(max-width: 750px) 100vw, 750px\" \/><br \/>\n<img alt=\"\" loading=\"lazy\" decoding=\"async\" class=\"size-full wp-image-5274 aligncenter\" src=\"http:\/\/www.kamotec.net\/wp-content\/uploads\/2025\/11\/WPS\u56fe\u72472-12.jpg\" width=\"800\" height=\"1400\" srcset=\"http:\/\/www.kamotec.net\/wp-content\/uploads\/2025\/11\/WPS\u56fe\u72472-12.jpg 800w, http:\/\/www.kamotec.net\/wp-content\/uploads\/2025\/11\/WPS\u56fe\u72472-12-300x525.jpg 300w, http:\/\/www.kamotec.net\/wp-content\/uploads\/2025\/11\/WPS\u56fe\u72472-12-600x1050.jpg 600w, http:\/\/www.kamotec.net\/wp-content\/uploads\/2025\/11\/WPS\u56fe\u72472-12-171x300.jpg 171w, http:\/\/www.kamotec.net\/wp-content\/uploads\/2025\/11\/WPS\u56fe\u72472-12-585x1024.jpg 585w, http:\/\/www.kamotec.net\/wp-content\/uploads\/2025\/11\/WPS\u56fe\u72472-12-768x1344.jpg 768w, http:\/\/www.kamotec.net\/wp-content\/uploads\/2025\/11\/WPS\u56fe\u72472-12-7x12.jpg 7w\" sizes=\"(max-width: 800px) 100vw, 800px\" \/><\/p>","protected":false},"excerpt":{"rendered":"<p>Modelo:M\u00e1quinas de corte a laser de fibra integrada para placas e tubos<br \/>\nPot\u00eancia:3000W~20000W<br \/>\nProcessing format:3000mm*1500mm\/2000mm*3000mm<br \/>\nAcelera\u00e7\u00e3o:1,5G<br \/>\nVelocidade m\u00e1xima sem carga:120m\/min<br \/>\nPrecis\u00e3o de processamento:\u00b10,05mm<br \/>\nPrecis\u00e3o de reposicionamento:\u00b10,03mm<\/p>","protected":false},"featured_media":5698,"template":"","meta":{"_seopress_robots_primary_cat":"none","_seopress_titles_title":"%%post_title%%","_seopress_titles_desc":"%%post_excerpt%%","_seopress_robots_index":"","_uag_custom_page_level_css":"","site-sidebar-layout":"default","site-content-layout":"","ast-site-content-layout":"default","site-content-style":"default","site-sidebar-style":"default","ast-global-header-display":"","ast-banner-title-visibility":"","ast-main-header-display":"","ast-hfb-above-header-display":"","ast-hfb-below-header-display":"","ast-hfb-mobile-header-display":"","site-post-title":"","ast-breadcrumbs-content":"","ast-featured-img":"","footer-sml-layout":"","theme-transparent-header-meta":"default","adv-header-id-meta":"","stick-header-meta":"default","header-above-stick-meta":"","header-main-stick-meta":"","header-below-stick-meta":"","astra-migrate-meta-layouts":"set","ast-page-background-enabled":"default","ast-page-background-meta":{"desktop":{"background-color":"","background-image":"","background-repeat":"repeat","background-position":"center center","background-size":"auto","background-attachment":"scroll","background-type":"","background-media":"","overlay-type":"","overlay-color":"","overlay-opacity":"","overlay-gradient":""},"tablet":{"background-color":"","background-image":"","background-repeat":"repeat","background-position":"center center","background-size":"auto","background-attachment":"scroll","background-type":"","background-media":"","overlay-type":"","overlay-color":"","overlay-opacity":"","overlay-gradient":""},"mobile":{"background-color":"","background-image":"","background-repeat":"repeat","background-position":"center center","background-size":"auto","background-attachment":"scroll","background-type":"","background-media":"","overlay-type":"","overlay-color":"","overlay-opacity":"","overlay-gradient":""}},"ast-content-background-meta":{"desktop":{"background-color":"var(--ast-global-color-5)","background-image":"","background-repeat":"repeat","background-position":"center center","background-size":"auto","background-attachment":"scroll","background-type":"","background-media":"","overlay-type":"","overlay-color":"","overlay-opacity":"","overlay-gradient":""},"tablet":{"background-color":"var(--ast-global-color-5)","background-image":"","background-repeat":"repeat","background-position":"center center","background-size":"auto","background-attachment":"scroll","background-type":"","background-media":"","overlay-type":"","overlay-color":"","overlay-opacity":"","overlay-gradient":""},"mobile":{"background-color":"var(--ast-global-color-5)","background-image":"","background-repeat":"repeat","background-position":"center center","background-size":"auto","background-attachment":"scroll","background-type":"","background-media":"","overlay-type":"","overlay-color":"","overlay-opacity":"","overlay-gradient":""}}},"product_brand":[],"product_cat":[85],"product_tag":[],"class_list":{"0":"post-5270","1":"product","2":"type-product","3":"status-publish","4":"has-post-thumbnail","6":"product_cat-fiber-laser-cutting-machine-fiber-laser-cutting-machine","7":"desktop-align-left","8":"tablet-align-left","9":"mobile-align-left","10":"ast-product-gallery-layout-horizontal-slider","11":"ast-product-tabs-layout-horizontal","13":"first","14":"instock","15":"shipping-taxable","16":"product-type-simple"},"uagb_featured_image_src":{"full":["http:\/\/www.kamotec.net\/wp-content\/uploads\/2025\/11\/3-1.jpg",1000,1000,false],"thumbnail":["http:\/\/www.kamotec.net\/wp-content\/uploads\/2025\/11\/3-1-150x150.jpg",150,150,true],"medium":["http:\/\/www.kamotec.net\/wp-content\/uploads\/2025\/11\/3-1-300x300.jpg",300,300,true],"medium_large":["http:\/\/www.kamotec.net\/wp-content\/uploads\/2025\/11\/3-1-768x768.jpg",768,768,true],"large":["http:\/\/www.kamotec.net\/wp-content\/uploads\/2025\/11\/3-1.jpg",1000,1000,false],"1536x1536":["http:\/\/www.kamotec.net\/wp-content\/uploads\/2025\/11\/3-1.jpg",1000,1000,false],"2048x2048":["http:\/\/www.kamotec.net\/wp-content\/uploads\/2025\/11\/3-1.jpg",1000,1000,false],"trp-custom-language-flag":["http:\/\/www.kamotec.net\/wp-content\/uploads\/2025\/11\/3-1-12x12.jpg",12,12,true],"woocommerce_thumbnail":["http:\/\/www.kamotec.net\/wp-content\/uploads\/2025\/11\/3-1-300x300.jpg",300,300,true],"woocommerce_single":["http:\/\/www.kamotec.net\/wp-content\/uploads\/2025\/11\/3-1-600x600.jpg",600,600,true],"woocommerce_gallery_thumbnail":["http:\/\/www.kamotec.net\/wp-content\/uploads\/2025\/11\/3-1-100x100.jpg",100,100,true]},"uagb_author_info":{"display_name":"jinxing6611@gmail.com","author_link":"http:\/\/www.kamotec.net\/pt\/author\/"},"uagb_comment_info":0,"uagb_excerpt":"Model:Plate and Tube Integrated Fiber Laser Cutting Machines Power:3000W~20000W Processing format:3000mm*1500mm\/2000mm*3000mm Acceleration:1.5G Max.No-load Speed:120m\/min Processing Accuracy:\u00b10.05mm Repositioning Accuracy:\u00b10.03mm","_links":{"self":[{"href":"http:\/\/www.kamotec.net\/pt\/wp-json\/wp\/v2\/product\/5270","targetHints":{"allow":["GET"]}}],"collection":[{"href":"http:\/\/www.kamotec.net\/pt\/wp-json\/wp\/v2\/product"}],"about":[{"href":"http:\/\/www.kamotec.net\/pt\/wp-json\/wp\/v2\/types\/product"}],"wp:featuredmedia":[{"embeddable":true,"href":"http:\/\/www.kamotec.net\/pt\/wp-json\/wp\/v2\/media\/5698"}],"wp:attachment":[{"href":"http:\/\/www.kamotec.net\/pt\/wp-json\/wp\/v2\/media?parent=5270"}],"wp:term":[{"taxonomy":"product_brand","embeddable":true,"href":"http:\/\/www.kamotec.net\/pt\/wp-json\/wp\/v2\/product_brand?post=5270"},{"taxonomy":"product_cat","embeddable":true,"href":"http:\/\/www.kamotec.net\/pt\/wp-json\/wp\/v2\/product_cat?post=5270"},{"taxonomy":"product_tag","embeddable":true,"href":"http:\/\/www.kamotec.net\/pt\/wp-json\/wp\/v2\/product_tag?post=5270"}],"curies":[{"name":"wp","href":"https:\/\/api.w.org\/{rel}","templated":true}]}}