{"id":5257,"date":"2025-11-17T10:06:10","date_gmt":"2025-11-17T10:06:10","guid":{"rendered":"http:\/\/www.kamotec.net\/?post_type=product&#038;p=5257"},"modified":"2025-12-03T01:34:53","modified_gmt":"2025-12-03T01:34:53","slug":"multi-process-atc-cnc-router","status":"publish","type":"product","link":"http:\/\/www.kamotec.net\/pt\/produto\/multi-process-atc-cnc-router\/","title":{"rendered":"Router CNC ATC multi-processo"},"content":{"rendered":"<div class=\"ast-oembed-container\" style=\"height: 100%;\"><iframe title=\"1325 Tupia para madeira ATC CNC de 4 processos com v\u00e1rias cabe\u00e7as\" width=\"500\" height=\"281\" src=\"https:\/\/www.youtube.com\/embed\/gulHEFKSe6g?feature=oembed\" frameborder=\"0\" allow=\"accelerometer; autoplay; clipboard-write; encrypted-media; gyroscope; picture-in-picture; web-share\" referrerpolicy=\"strict-origin-when-cross-origin\" allowfullscreen><\/iframe><\/div>\n<p><strong>Carater\u00edsticas do produto<\/strong><br \/>\nA fresadora CNC ATC multiprocesso \u00e9 uma m\u00e1quina de fabrica\u00e7\u00e3o de m\u00f3veis de madeira de modelo de qualidade. Possui m\u00faltiplos fusos, que podem realizar a fun\u00e7\u00e3o de m\u00faltiplos fusos para corte autom\u00e1tico e troca de ferramentas. Em compara\u00e7\u00e3o com as m\u00e1quinas CNC comuns, melhora muito a efici\u00eancia do trabalho. Esta m\u00e1quina \u00e9 amplamente utilizada para o processamento de m\u00f3veis do tipo placa, corte de ranhuras, perfura\u00e7\u00e3o de quatro perfura\u00e7\u00f5es sem processo de alargamento.De acordo com os requisitos do cliente e o tamanho do espa\u00e7o da casa do cliente, o tamanho de qualquer placa personalizada de m\u00f3veis arm\u00e1rio arm\u00e1rio tatami portas de porta de arm\u00e1rio e outros v\u00e1rios tipos de produtos (a placa n\u00e3o \u00e9 limitada).<\/p>\n<p><img alt=\"\" fetchpriority=\"high\" decoding=\"async\" class=\"size-full wp-image-5888 aligncenter\" src=\"http:\/\/www.kamotec.net\/wp-content\/uploads\/2025\/11\/15-11.jpg\" width=\"1000\" height=\"800\" srcset=\"http:\/\/www.kamotec.net\/wp-content\/uploads\/2025\/11\/15-11.jpg 1000w, http:\/\/www.kamotec.net\/wp-content\/uploads\/2025\/11\/15-11-300x240.jpg 300w, http:\/\/www.kamotec.net\/wp-content\/uploads\/2025\/11\/15-11-768x614.jpg 768w, http:\/\/www.kamotec.net\/wp-content\/uploads\/2025\/11\/15-11-15x12.jpg 15w, http:\/\/www.kamotec.net\/wp-content\/uploads\/2025\/11\/15-11-600x480.jpg 600w\" sizes=\"(max-width: 1000px) 100vw, 1000px\" \/> <img alt=\"\" decoding=\"async\" class=\"size-full wp-image-5889 aligncenter\" src=\"http:\/\/www.kamotec.net\/wp-content\/uploads\/2025\/11\/16-13.jpg\" width=\"1000\" height=\"800\" srcset=\"http:\/\/www.kamotec.net\/wp-content\/uploads\/2025\/11\/16-13.jpg 1000w, http:\/\/www.kamotec.net\/wp-content\/uploads\/2025\/11\/16-13-300x240.jpg 300w, http:\/\/www.kamotec.net\/wp-content\/uploads\/2025\/11\/16-13-768x614.jpg 768w, http:\/\/www.kamotec.net\/wp-content\/uploads\/2025\/11\/16-13-15x12.jpg 15w, http:\/\/www.kamotec.net\/wp-content\/uploads\/2025\/11\/16-13-600x480.jpg 600w\" sizes=\"(max-width: 1000px) 100vw, 1000px\" \/><\/p>\n<table>\n<tbody>\n<tr>\n<td><strong><b>Zona de trabalho do eixo X-Y-Z<\/b><\/strong><\/td>\n<td>1300*2500*200mm \/ ou personaliza\u00e7\u00e3o<\/td>\n<\/tr>\n<tr>\n<td><strong><b>Resolu\u00e7\u00e3o de reposicionamento<\/b><\/strong><\/td>\n<td>0,02 mm<\/td>\n<\/tr>\n<tr>\n<td><strong><b>Movimento X-Y<\/b><\/strong><\/td>\n<td>Cremalheira e pinh\u00e3o, transmiss\u00e3o por engrenagem\/Taiwan<\/td>\n<\/tr>\n<tr>\n<td><strong><b>Movimento Z<\/b><\/strong><\/td>\n<td>Acionamento por fuso de esferas\/Alemanha<\/td>\n<\/tr>\n<tr>\n<td><strong><b>Guia<\/b><\/strong><\/td>\n<td>Linear 20mm\/25mm quadrado\/Taiwan<\/td>\n<\/tr>\n<tr>\n<td><strong><b>Pot\u00eancia do fuso<\/b><\/strong><\/td>\n<td>Eixo de refrigera\u00e7\u00e3o a ar de 9 KW<\/td>\n<\/tr>\n<tr>\n<td><strong><b>Velocidade do fuso<\/b><\/strong><\/td>\n<td>24000rpm<\/td>\n<\/tr>\n<tr>\n<td><strong><b>Pot\u00eancia do inversor<\/b><\/strong><\/td>\n<td>3,2KW Inovance<\/td>\n<\/tr>\n<tr>\n<td><strong><b>Motores de acionamento<\/b><\/strong><\/td>\n<td>Servo motor<\/td>\n<\/tr>\n<tr>\n<td><strong><b>Tens\u00e3o de funcionamento<\/b><\/strong><\/td>\n<td>380V\/3PH\/50HZ<\/td>\n<\/tr>\n<tr>\n<td><strong><b>Interface de computador<\/b><\/strong><\/td>\n<td>USB 2.0<\/td>\n<\/tr>\n<tr>\n<td><strong><b>Reduzir<\/b><\/strong><\/td>\n<td>Motov\u00e1rio<\/td>\n<\/tr>\n<tr>\n<td><strong><b>Software<\/b><\/strong><\/td>\n<td>Artcam , c\u00f3pia Alphacam<\/td>\n<\/tr>\n<tr>\n<td><strong><b>Equipamento de s\u00e9rie inclu\u00eddo<\/b><\/strong><\/td>\n<td>1. sistema de lubrifica\u00e7\u00e3o a \u00f3leo<\/td>\n<\/tr>\n<tr>\n<td><\/td>\n<td>2.Capota de p\u00f3<\/td>\n<\/tr>\n<tr>\n<td><strong><b>Opcional<\/b><\/strong><\/td>\n<td>Aspirador<\/td>\n<\/tr>\n<tr>\n<td><\/td>\n<td>absor\u00e7\u00e3o de v\u00e1cuo e mesa de trabalho com ranhura em T<\/td>\n<\/tr>\n<\/tbody>\n<\/table>\n<p><img alt=\"\" decoding=\"async\" class=\"size-full wp-image-5269 aligncenter\" src=\"http:\/\/www.kamotec.net\/wp-content\/uploads\/2025\/11\/19-5.jpg\" width=\"1000\" height=\"800\" srcset=\"http:\/\/www.kamotec.net\/wp-content\/uploads\/2025\/11\/19-5.jpg 1000w, http:\/\/www.kamotec.net\/wp-content\/uploads\/2025\/11\/19-5-300x240.jpg 300w, http:\/\/www.kamotec.net\/wp-content\/uploads\/2025\/11\/19-5-600x480.jpg 600w, http:\/\/www.kamotec.net\/wp-content\/uploads\/2025\/11\/19-5-768x614.jpg 768w, http:\/\/www.kamotec.net\/wp-content\/uploads\/2025\/11\/19-5-15x12.jpg 15w\" sizes=\"(max-width: 1000px) 100vw, 1000px\" \/><\/p>\n<p><strong>Aplica\u00e7\u00e3o<\/strong><br \/>\n* Mobili\u00e1rio: portas de madeira, arm\u00e1rios, placas, m\u00f3veis de escrit\u00f3rio e de madeira, mesas, cadeiras, portas e janelas.<br \/>\n* Os produtos de madeira: caixa de voz, arm\u00e1rios de jogos, mesas de computador, mesa de m\u00e1quinas de costura, instrumentos.<br \/>\n* Processamento de placas: parte de isolamento, componentes qu\u00edmicos de pl\u00e1stico, PCB, corpo interior do carro, pistas de bowling, escadas, placa anti-Bate, resina ep\u00f3xi, ABS, PP, PE, PEHD e outros compostos mistos de carbono.<br \/>\n* Ind\u00fastria de decora\u00e7\u00e3o: Acr\u00edlico, PVC, MDF, pedra artificial, vidro org\u00e2nico, pl\u00e1stico e metais macios como o cobre, grava\u00e7\u00e3o de placas de alum\u00ednio e processo de fresagem.<br \/>\n<img alt=\"\" loading=\"lazy\" decoding=\"async\" class=\"size-full wp-image-5260 aligncenter\" src=\"http:\/\/www.kamotec.net\/wp-content\/uploads\/2025\/11\/WPS\u56fe\u72471-22.jpg\" width=\"750\" height=\"1132\" srcset=\"http:\/\/www.kamotec.net\/wp-content\/uploads\/2025\/11\/WPS\u56fe\u72471-22.jpg 750w, http:\/\/www.kamotec.net\/wp-content\/uploads\/2025\/11\/WPS\u56fe\u72471-22-300x453.jpg 300w, http:\/\/www.kamotec.net\/wp-content\/uploads\/2025\/11\/WPS\u56fe\u72471-22-600x906.jpg 600w, http:\/\/www.kamotec.net\/wp-content\/uploads\/2025\/11\/WPS\u56fe\u72471-22-199x300.jpg 199w, http:\/\/www.kamotec.net\/wp-content\/uploads\/2025\/11\/WPS\u56fe\u72471-22-678x1024.jpg 678w, http:\/\/www.kamotec.net\/wp-content\/uploads\/2025\/11\/WPS\u56fe\u72471-22-8x12.jpg 8w\" sizes=\"(max-width: 750px) 100vw, 750px\" \/><br \/>\n<img alt=\"\" loading=\"lazy\" decoding=\"async\" class=\"size-full wp-image-5261 aligncenter\" src=\"http:\/\/www.kamotec.net\/wp-content\/uploads\/2025\/11\/WPS\u56fe\u72472-11.jpg\" width=\"750\" height=\"612\" srcset=\"http:\/\/www.kamotec.net\/wp-content\/uploads\/2025\/11\/WPS\u56fe\u72472-11.jpg 750w, http:\/\/www.kamotec.net\/wp-content\/uploads\/2025\/11\/WPS\u56fe\u72472-11-300x245.jpg 300w, http:\/\/www.kamotec.net\/wp-content\/uploads\/2025\/11\/WPS\u56fe\u72472-11-600x490.jpg 600w, http:\/\/www.kamotec.net\/wp-content\/uploads\/2025\/11\/WPS\u56fe\u72472-11-15x12.jpg 15w\" sizes=\"(max-width: 750px) 100vw, 750px\" \/><br \/>\n<img alt=\"\" loading=\"lazy\" decoding=\"async\" class=\"size-full wp-image-5262 aligncenter\" src=\"http:\/\/www.kamotec.net\/wp-content\/uploads\/2025\/11\/WPS\u56fe\u72473.png\" width=\"750\" height=\"750\" srcset=\"http:\/\/www.kamotec.net\/wp-content\/uploads\/2025\/11\/WPS\u56fe\u72473.png 750w, http:\/\/www.kamotec.net\/wp-content\/uploads\/2025\/11\/WPS\u56fe\u72473-300x300.png 300w, http:\/\/www.kamotec.net\/wp-content\/uploads\/2025\/11\/WPS\u56fe\u72473-100x100.png 100w, http:\/\/www.kamotec.net\/wp-content\/uploads\/2025\/11\/WPS\u56fe\u72473-600x600.png 600w, http:\/\/www.kamotec.net\/wp-content\/uploads\/2025\/11\/WPS\u56fe\u72473-150x150.png 150w, http:\/\/www.kamotec.net\/wp-content\/uploads\/2025\/11\/WPS\u56fe\u72473-12x12.png 12w\" sizes=\"(max-width: 750px) 100vw, 750px\" \/><\/p>","protected":false},"excerpt":{"rendered":"<p>\u00c1rea de trabalho do eixo X-Y-Z:1300*2500*200mm \/ ou personaliza\u00e7\u00e3o<br \/>\nResolu\u00e7\u00e3o de reposicionamento:0,02mm<br \/>\nMovimento X-Y:Cremalheira e pinh\u00e3o, transmiss\u00e3o por engrenagem\/Taiwan<br \/>\nMovimento Z:Acionamento por fuso de esferas\/Alemanha<br \/>\nGuia:Linear 20mm\/25mm quadrado\/Taiwan<br \/>\nPot\u00eancia do mandril: mandril de refrigera\u00e7\u00e3o a ar de 9 KW<br \/>\nVelocidade do fuso:24000rpm<br \/>\nPot\u00eancia do inversor:3.2KW Inovance<br \/>\nMotores de acionamento:Servo motor<\/p>","protected":false},"featured_media":5699,"template":"","meta":{"_seopress_robots_primary_cat":"none","_seopress_titles_title":"%%post_title%%","_seopress_titles_desc":"%%post_excerpt%%","_seopress_robots_index":"","_uag_custom_page_level_css":"","site-sidebar-layout":"default","site-content-layout":"","ast-site-content-layout":"default","site-content-style":"default","site-sidebar-style":"default","ast-global-header-display":"","ast-banner-title-visibility":"","ast-main-header-display":"","ast-hfb-above-header-display":"","ast-hfb-below-header-display":"","ast-hfb-mobile-header-display":"","site-post-title":"","ast-breadcrumbs-content":"","ast-featured-img":"","footer-sml-layout":"","theme-transparent-header-meta":"default","adv-header-id-meta":"","stick-header-meta":"default","header-above-stick-meta":"","header-main-stick-meta":"","header-below-stick-meta":"","astra-migrate-meta-layouts":"set","ast-page-background-enabled":"default","ast-page-background-meta":{"desktop":{"background-color":"","background-image":"","background-repeat":"repeat","background-position":"center center","background-size":"auto","background-attachment":"scroll","background-type":"","background-media":"","overlay-type":"","overlay-color":"","overlay-opacity":"","overlay-gradient":""},"tablet":{"background-color":"","background-image":"","background-repeat":"repeat","background-position":"center center","background-size":"auto","background-attachment":"scroll","background-type":"","background-media":"","overlay-type":"","overlay-color":"","overlay-opacity":"","overlay-gradient":""},"mobile":{"background-color":"","background-image":"","background-repeat":"repeat","background-position":"center center","background-size":"auto","background-attachment":"scroll","background-type":"","background-media":"","overlay-type":"","overlay-color":"","overlay-opacity":"","overlay-gradient":""}},"ast-content-background-meta":{"desktop":{"background-color":"var(--ast-global-color-5)","background-image":"","background-repeat":"repeat","background-position":"center center","background-size":"auto","background-attachment":"scroll","background-type":"","background-media":"","overlay-type":"","overlay-color":"","overlay-opacity":"","overlay-gradient":""},"tablet":{"background-color":"var(--ast-global-color-5)","background-image":"","background-repeat":"repeat","background-position":"center center","background-size":"auto","background-attachment":"scroll","background-type":"","background-media":"","overlay-type":"","overlay-color":"","overlay-opacity":"","overlay-gradient":""},"mobile":{"background-color":"var(--ast-global-color-5)","background-image":"","background-repeat":"repeat","background-position":"center center","background-size":"auto","background-attachment":"scroll","background-type":"","background-media":"","overlay-type":"","overlay-color":"","overlay-opacity":"","overlay-gradient":""}}},"product_brand":[],"product_cat":[79],"product_tag":[],"class_list":{"0":"post-5257","1":"product","2":"type-product","3":"status-publish","4":"has-post-thumbnail","6":"product_cat-atc-cnc-router","7":"desktop-align-left","8":"tablet-align-left","9":"mobile-align-left","10":"ast-product-gallery-layout-horizontal-slider","11":"ast-product-tabs-layout-horizontal","13":"first","14":"instock","15":"shipping-taxable","16":"product-type-simple"},"uagb_featured_image_src":{"full":["http:\/\/www.kamotec.net\/wp-content\/uploads\/2025\/11\/3-2.jpg",1000,1000,false],"thumbnail":["http:\/\/www.kamotec.net\/wp-content\/uploads\/2025\/11\/3-2-150x150.jpg",150,150,true],"medium":["http:\/\/www.kamotec.net\/wp-content\/uploads\/2025\/11\/3-2-300x300.jpg",300,300,true],"medium_large":["http:\/\/www.kamotec.net\/wp-content\/uploads\/2025\/11\/3-2-768x768.jpg",768,768,true],"large":["http:\/\/www.kamotec.net\/wp-content\/uploads\/2025\/11\/3-2.jpg",1000,1000,false],"1536x1536":["http:\/\/www.kamotec.net\/wp-content\/uploads\/2025\/11\/3-2.jpg",1000,1000,false],"2048x2048":["http:\/\/www.kamotec.net\/wp-content\/uploads\/2025\/11\/3-2.jpg",1000,1000,false],"trp-custom-language-flag":["http:\/\/www.kamotec.net\/wp-content\/uploads\/2025\/11\/3-2-12x12.jpg",12,12,true],"woocommerce_thumbnail":["http:\/\/www.kamotec.net\/wp-content\/uploads\/2025\/11\/3-2-300x300.jpg",300,300,true],"woocommerce_single":["http:\/\/www.kamotec.net\/wp-content\/uploads\/2025\/11\/3-2-600x600.jpg",600,600,true],"woocommerce_gallery_thumbnail":["http:\/\/www.kamotec.net\/wp-content\/uploads\/2025\/11\/3-2-100x100.jpg",100,100,true]},"uagb_author_info":{"display_name":"jinxing6611@gmail.com","author_link":"http:\/\/www.kamotec.net\/pt\/author\/"},"uagb_comment_info":0,"uagb_excerpt":"X-Y-Z axis working area:1300*2500*200mm \/ or customization Repositioning resolution:0.02mm X-Y movement:Rack and pinion, gear drive\/Taiwan Z movement:Ball screw drive\/Germany Guide:Linear 20mm\/25mm square\/Taiwan Spindle power:9 KW air cooling spindle Spindle speed:24000rpm Inverter power:3.2KW Inovance Drive motors:Servo Motor","_links":{"self":[{"href":"http:\/\/www.kamotec.net\/pt\/wp-json\/wp\/v2\/product\/5257","targetHints":{"allow":["GET"]}}],"collection":[{"href":"http:\/\/www.kamotec.net\/pt\/wp-json\/wp\/v2\/product"}],"about":[{"href":"http:\/\/www.kamotec.net\/pt\/wp-json\/wp\/v2\/types\/product"}],"wp:featuredmedia":[{"embeddable":true,"href":"http:\/\/www.kamotec.net\/pt\/wp-json\/wp\/v2\/media\/5699"}],"wp:attachment":[{"href":"http:\/\/www.kamotec.net\/pt\/wp-json\/wp\/v2\/media?parent=5257"}],"wp:term":[{"taxonomy":"product_brand","embeddable":true,"href":"http:\/\/www.kamotec.net\/pt\/wp-json\/wp\/v2\/product_brand?post=5257"},{"taxonomy":"product_cat","embeddable":true,"href":"http:\/\/www.kamotec.net\/pt\/wp-json\/wp\/v2\/product_cat?post=5257"},{"taxonomy":"product_tag","embeddable":true,"href":"http:\/\/www.kamotec.net\/pt\/wp-json\/wp\/v2\/product_tag?post=5257"}],"curies":[{"name":"wp","href":"https:\/\/api.w.org\/{rel}","templated":true}]}}