{"id":5245,"date":"2025-11-17T09:53:28","date_gmt":"2025-11-17T09:53:28","guid":{"rendered":"http:\/\/www.kamotec.net\/?post_type=product&#038;p=5245"},"modified":"2025-12-03T01:48:22","modified_gmt":"2025-12-03T01:48:22","slug":"laser-tube-cutting-machine","status":"publish","type":"product","link":"http:\/\/www.kamotec.net\/pt\/produto\/laser-tube-cutting-machine\/","title":{"rendered":"M\u00e1quina de corte de tubos a laser"},"content":{"rendered":"<div class=\"ast-oembed-container\" style=\"height: 100%;\"><iframe title=\"Cortador a laser cnc industrial M\u00e1quina de corte de tubo de metal A\u00e7o inoxid\u00e1vel Alum\u00ednio Corte a laser de tubo\" width=\"500\" height=\"281\" src=\"https:\/\/www.youtube.com\/embed\/xu35JXAVks8?feature=oembed\" frameborder=\"0\" allow=\"accelerometer; autoplay; clipboard-write; encrypted-media; gyroscope; picture-in-picture; web-share\" referrerpolicy=\"strict-origin-when-cross-origin\" allowfullscreen><\/iframe><\/div>\n<p>A s\u00e9rie de m\u00e1quinas de corte de tubos a laser KM-6M foi especialmente concebida para o corte em massa de tubos, e a sua efici\u00eancia \u00e9 muito superior \u00e0 dos sistemas laser comuns no corte de tubos e metais tubulares. As m\u00e1quinas de corte a laser de tubos s\u00e3o uma escolha econ\u00f3mica para cortar todos os tipos de tubos, garantindo cortes precisos e suaves com carater\u00edsticas de seguran\u00e7a melhoradas. Os tubos e os tubos rectangulares podem ser alimentados de forma totalmente autom\u00e1tica sem opera\u00e7\u00e3o manual. O tubo com formato especial pode ser alimentado manualmente de forma semi-autom\u00e1tica. A resposta r\u00e1pida aos cantos melhora consideravelmente a efici\u00eancia do corte.<br \/>\n<img alt=\"\" fetchpriority=\"high\" decoding=\"async\" class=\"size-full wp-image-5891 aligncenter\" src=\"http:\/\/www.kamotec.net\/wp-content\/uploads\/2025\/11\/11-18.jpg\" width=\"1000\" height=\"800\" srcset=\"http:\/\/www.kamotec.net\/wp-content\/uploads\/2025\/11\/11-18.jpg 1000w, http:\/\/www.kamotec.net\/wp-content\/uploads\/2025\/11\/11-18-300x240.jpg 300w, http:\/\/www.kamotec.net\/wp-content\/uploads\/2025\/11\/11-18-768x614.jpg 768w, http:\/\/www.kamotec.net\/wp-content\/uploads\/2025\/11\/11-18-15x12.jpg 15w, http:\/\/www.kamotec.net\/wp-content\/uploads\/2025\/11\/11-18-600x480.jpg 600w\" sizes=\"(max-width: 1000px) 100vw, 1000px\" \/> <img alt=\"\" decoding=\"async\" class=\"size-full wp-image-5892 aligncenter\" src=\"http:\/\/www.kamotec.net\/wp-content\/uploads\/2025\/11\/12-15.jpg\" width=\"1000\" height=\"800\" srcset=\"http:\/\/www.kamotec.net\/wp-content\/uploads\/2025\/11\/12-15.jpg 1000w, http:\/\/www.kamotec.net\/wp-content\/uploads\/2025\/11\/12-15-300x240.jpg 300w, http:\/\/www.kamotec.net\/wp-content\/uploads\/2025\/11\/12-15-768x614.jpg 768w, http:\/\/www.kamotec.net\/wp-content\/uploads\/2025\/11\/12-15-15x12.jpg 15w, http:\/\/www.kamotec.net\/wp-content\/uploads\/2025\/11\/12-15-600x480.jpg 600w\" sizes=\"(max-width: 1000px) 100vw, 1000px\" \/> <img alt=\"\" decoding=\"async\" class=\"size-full wp-image-5893 aligncenter\" src=\"http:\/\/www.kamotec.net\/wp-content\/uploads\/2025\/11\/13-14.jpg\" width=\"1000\" height=\"800\" srcset=\"http:\/\/www.kamotec.net\/wp-content\/uploads\/2025\/11\/13-14.jpg 1000w, http:\/\/www.kamotec.net\/wp-content\/uploads\/2025\/11\/13-14-300x240.jpg 300w, http:\/\/www.kamotec.net\/wp-content\/uploads\/2025\/11\/13-14-768x614.jpg 768w, http:\/\/www.kamotec.net\/wp-content\/uploads\/2025\/11\/13-14-15x12.jpg 15w, http:\/\/www.kamotec.net\/wp-content\/uploads\/2025\/11\/13-14-600x480.jpg 600w\" sizes=\"(max-width: 1000px) 100vw, 1000px\" \/><br \/>\n<strong>Carater\u00edsticas do produto<\/strong><br \/>\n1. Estrutura mec\u00e2nica de alta resist\u00eancia<br \/>\nA cama \u00e9 soldada com a\u00e7o carbono de alta qualidade, que \u00e9 mais est\u00e1vel e dur\u00e1vel. A m\u00e1quina-ferramenta de alta resist\u00eancia \u00e9 recozida em al\u00edvio de tens\u00e3o a 600 \u2103, com forte rigidez estrutural, pequena deforma\u00e7\u00e3o e vibra\u00e7\u00e3o, garantindo precis\u00e3o de corte.<br \/>\n2. Mandril pneum\u00e1tico auto-centrante<br \/>\nTem as vantagens de uma elevada precis\u00e3o de fixa\u00e7\u00e3o, velocidade r\u00e1pida, liga\u00e7\u00e3o de engrenagem auto-centrada e forte capacidade de suporte de tubos.<br \/>\n3. Alimenta\u00e7\u00e3o autom\u00e1tica e carregamento autom\u00e1tico<br \/>\nCorte r\u00e1pido e de alta qualidade, melhor qualidade, confian\u00e7a, maior precis\u00e3o em todos os aspectos e melhor servi\u00e7o p\u00f3s-venda.<br \/>\n4. Focagem autom\u00e1tica<br \/>\nN\u00e3o \u00e9 necess\u00e1ria qualquer interven\u00e7\u00e3o humana, a velocidade de focagem \u00e9 r\u00e1pida e a repetibilidade \u00e9 de cerca de 30 microns<\/p>\n<p><img alt=\"\" loading=\"lazy\" decoding=\"async\" class=\"size-full wp-image-5255 aligncenter\" src=\"http:\/\/www.kamotec.net\/wp-content\/uploads\/2025\/11\/12-1.jpg\" width=\"1000\" height=\"800\" srcset=\"http:\/\/www.kamotec.net\/wp-content\/uploads\/2025\/11\/12-1.jpg 1000w, http:\/\/www.kamotec.net\/wp-content\/uploads\/2025\/11\/12-1-300x240.jpg 300w, http:\/\/www.kamotec.net\/wp-content\/uploads\/2025\/11\/12-1-600x480.jpg 600w, http:\/\/www.kamotec.net\/wp-content\/uploads\/2025\/11\/12-1-768x614.jpg 768w, http:\/\/www.kamotec.net\/wp-content\/uploads\/2025\/11\/12-1-15x12.jpg 15w\" sizes=\"(max-width: 1000px) 100vw, 1000px\" \/><\/p>\n<table>\n<tbody>\n<tr>\n<td width=\"198\"><strong><b>Modelo<\/b><\/strong><\/td>\n<td width=\"415\"><strong><b>KM-6M<\/b><\/strong><strong><b>\u00a0M\u00e1quina de corte de tubos por laser de fibra<\/b><\/strong><\/td>\n<\/tr>\n<tr>\n<td width=\"198\">Comprimento de corte do tubo<\/td>\n<td width=\"415\">6000mm<\/td>\n<\/tr>\n<tr>\n<td width=\"198\">Comprimento m\u00e1ximo do tubo cortado<\/td>\n<td width=\"415\">Comprimento de corte a partir de 6000<\/td>\n<\/tr>\n<tr>\n<td width=\"198\">Di\u00e2metro de corte do tubo<\/td>\n<td width=\"415\">20-240mm<\/td>\n<\/tr>\n<tr>\n<td width=\"198\">Pot\u00eancia laser<\/td>\n<td width=\"415\">3000w (mais alto)<\/td>\n<\/tr>\n<tr>\n<td width=\"198\">Sistema de controlo<\/td>\n<td width=\"415\">FSCUT, Raytools, etc.<\/td>\n<\/tr>\n<tr>\n<td width=\"198\">Servo motor<\/td>\n<td width=\"415\">Fuji, Schneider, Yaskawa, Delta, Panasonic, etc.<\/td>\n<\/tr>\n<tr>\n<td width=\"198\">Cabe\u00e7a de laser<\/td>\n<td width=\"415\">Raytools, WSX, Ospri, Precitec, etc.<\/td>\n<\/tr>\n<tr>\n<td width=\"198\">Regulador de altura<\/td>\n<td width=\"415\">Autom\u00e1tico<\/td>\n<\/tr>\n<tr>\n<td width=\"198\">Componentes el\u00e9ctricos<\/td>\n<td width=\"415\">Schneider, Delixi, etc.<\/td>\n<\/tr>\n<tr>\n<td width=\"198\">Componentes pneum\u00e1ticos<\/td>\n<td width=\"415\">SMC<\/td>\n<\/tr>\n<tr>\n<td width=\"198\">Carris de guia<\/td>\n<td width=\"415\">HIWIN, PMI, THK, NSK, etc.<\/td>\n<\/tr>\n<tr>\n<td width=\"198\">Cremalheira e engrenagem<\/td>\n<td width=\"415\">YYC, Atlanta, APEX, etc.<\/td>\n<\/tr>\n<tr>\n<td width=\"198\">Lubrifica\u00e7\u00e3o<\/td>\n<td width=\"415\">Autom\u00e1tico<\/td>\n<\/tr>\n<tr>\n<td width=\"198\">Redutor<\/td>\n<td width=\"415\">SHIMPO, MOTOVARIO, etc.<\/td>\n<\/tr>\n<tr>\n<td width=\"198\">Opcional<\/td>\n<td width=\"415\">Compressor de ar, regulador de tens\u00e3o, purificador de fumo, etc.<\/td>\n<\/tr>\n<\/tbody>\n<\/table>\n<p><strong>Material de aplica\u00e7\u00e3o<\/strong><br \/>\nAs m\u00e1quinas de corte a laser s\u00e3o amplamente utilizadas no processamento de materiais met\u00e1licos, incluindo principalmente:<br \/>\nA\u00e7o inoxid\u00e1vel: O corte a laser de a\u00e7o inoxid\u00e1vel tem as vantagens da velocidade r\u00e1pida, alta precis\u00e3o e pequena zona afetada pelo calor.<br \/>\nA\u00e7o-carbono: O corte a laser de a\u00e7o-carbono tem tamb\u00e9m as carater\u00edsticas de elevada efici\u00eancia e precis\u00e3o, sendo adequado para v\u00e1rias espessuras de chapas de a\u00e7o-carbono.<br \/>\nLiga de alum\u00ednio: O corte a laser de liga de alum\u00ednio pode alcan\u00e7ar uma boa qualidade de sec\u00e7\u00e3o e \u00e9 adequado para placas de alum\u00ednio de v\u00e1rias espessuras.<br \/>\nLiga de tit\u00e2nio: O corte a laser de liga de tit\u00e2nio pode satisfazer requisitos de processamento de alta precis\u00e3o e \u00e9 adequado para a ind\u00fastria aeroespacial e outros dom\u00ednios.<br \/>\nCobre e ligas: O corte a laser de materiais de cobre e ligas tem as carater\u00edsticas de elevada efici\u00eancia e precis\u00e3o, sendo adequado para a ind\u00fastria eletr\u00f3nica.<br \/>\n<img alt=\"\" loading=\"lazy\" decoding=\"async\" class=\"size-full wp-image-5248 aligncenter\" src=\"http:\/\/www.kamotec.net\/wp-content\/uploads\/2025\/11\/WPS\u56fe\u72471-21.jpg\" width=\"750\" height=\"750\" srcset=\"http:\/\/www.kamotec.net\/wp-content\/uploads\/2025\/11\/WPS\u56fe\u72471-21.jpg 750w, http:\/\/www.kamotec.net\/wp-content\/uploads\/2025\/11\/WPS\u56fe\u72471-21-300x300.jpg 300w, http:\/\/www.kamotec.net\/wp-content\/uploads\/2025\/11\/WPS\u56fe\u72471-21-100x100.jpg 100w, http:\/\/www.kamotec.net\/wp-content\/uploads\/2025\/11\/WPS\u56fe\u72471-21-600x600.jpg 600w, http:\/\/www.kamotec.net\/wp-content\/uploads\/2025\/11\/WPS\u56fe\u72471-21-150x150.jpg 150w, http:\/\/www.kamotec.net\/wp-content\/uploads\/2025\/11\/WPS\u56fe\u72471-21-12x12.jpg 12w\" sizes=\"(max-width: 750px) 100vw, 750px\" \/><br \/>\n<img alt=\"\" loading=\"lazy\" decoding=\"async\" class=\"size-full wp-image-5249 aligncenter\" src=\"http:\/\/www.kamotec.net\/wp-content\/uploads\/2025\/11\/WPS\u56fe\u72472-10.jpg\" width=\"800\" height=\"1400\" srcset=\"http:\/\/www.kamotec.net\/wp-content\/uploads\/2025\/11\/WPS\u56fe\u72472-10.jpg 800w, http:\/\/www.kamotec.net\/wp-content\/uploads\/2025\/11\/WPS\u56fe\u72472-10-300x525.jpg 300w, http:\/\/www.kamotec.net\/wp-content\/uploads\/2025\/11\/WPS\u56fe\u72472-10-600x1050.jpg 600w, http:\/\/www.kamotec.net\/wp-content\/uploads\/2025\/11\/WPS\u56fe\u72472-10-171x300.jpg 171w, http:\/\/www.kamotec.net\/wp-content\/uploads\/2025\/11\/WPS\u56fe\u72472-10-585x1024.jpg 585w, http:\/\/www.kamotec.net\/wp-content\/uploads\/2025\/11\/WPS\u56fe\u72472-10-768x1344.jpg 768w, http:\/\/www.kamotec.net\/wp-content\/uploads\/2025\/11\/WPS\u56fe\u72472-10-7x12.jpg 7w\" sizes=\"(max-width: 800px) 100vw, 800px\" \/><\/p>","protected":false},"excerpt":{"rendered":"<p>Modelo:M\u00e1quina de corte de tubo a laser de fibra KM-6M<br \/>\nComprimento de corte do tubo:6000mm<br \/>\nComprimento m\u00e1ximo do tubo cortado:Comprimento de corte a partir de 6000<br \/>\nDi\u00e2metro de corte do tubo:20-240mm<br \/>\nPot\u00eancia do laser:3000w (mais alta)<br \/>\nSistema de controlo: FSCUT, Raytools, etc.<br \/>\nServo motor:Fuji, Schneider, Yaskawa, Delta, Panasonic, etc.<\/p>","protected":false},"featured_media":5700,"template":"","meta":{"_seopress_robots_primary_cat":"none","_seopress_titles_title":"%%post_title%%","_seopress_titles_desc":"%%post_excerpt%%","_seopress_robots_index":"","_uag_custom_page_level_css":"","site-sidebar-layout":"default","site-content-layout":"","ast-site-content-layout":"default","site-content-style":"default","site-sidebar-style":"default","ast-global-header-display":"","ast-banner-title-visibility":"","ast-main-header-display":"","ast-hfb-above-header-display":"","ast-hfb-below-header-display":"","ast-hfb-mobile-header-display":"","site-post-title":"","ast-breadcrumbs-content":"","ast-featured-img":"","footer-sml-layout":"","theme-transparent-header-meta":"default","adv-header-id-meta":"","stick-header-meta":"default","header-above-stick-meta":"","header-main-stick-meta":"","header-below-stick-meta":"","astra-migrate-meta-layouts":"set","ast-page-background-enabled":"default","ast-page-background-meta":{"desktop":{"background-color":"","background-image":"","background-repeat":"repeat","background-position":"center center","background-size":"auto","background-attachment":"scroll","background-type":"","background-media":"","overlay-type":"","overlay-color":"","overlay-opacity":"","overlay-gradient":""},"tablet":{"background-color":"","background-image":"","background-repeat":"repeat","background-position":"center center","background-size":"auto","background-attachment":"scroll","background-type":"","background-media":"","overlay-type":"","overlay-color":"","overlay-opacity":"","overlay-gradient":""},"mobile":{"background-color":"","background-image":"","background-repeat":"repeat","background-position":"center center","background-size":"auto","background-attachment":"scroll","background-type":"","background-media":"","overlay-type":"","overlay-color":"","overlay-opacity":"","overlay-gradient":""}},"ast-content-background-meta":{"desktop":{"background-color":"var(--ast-global-color-5)","background-image":"","background-repeat":"repeat","background-position":"center center","background-size":"auto","background-attachment":"scroll","background-type":"","background-media":"","overlay-type":"","overlay-color":"","overlay-opacity":"","overlay-gradient":""},"tablet":{"background-color":"var(--ast-global-color-5)","background-image":"","background-repeat":"repeat","background-position":"center center","background-size":"auto","background-attachment":"scroll","background-type":"","background-media":"","overlay-type":"","overlay-color":"","overlay-opacity":"","overlay-gradient":""},"mobile":{"background-color":"var(--ast-global-color-5)","background-image":"","background-repeat":"repeat","background-position":"center center","background-size":"auto","background-attachment":"scroll","background-type":"","background-media":"","overlay-type":"","overlay-color":"","overlay-opacity":"","overlay-gradient":""}}},"product_brand":[],"product_cat":[85],"product_tag":[],"class_list":{"0":"post-5245","1":"product","2":"type-product","3":"status-publish","4":"has-post-thumbnail","6":"product_cat-fiber-laser-cutting-machine-fiber-laser-cutting-machine","7":"desktop-align-left","8":"tablet-align-left","9":"mobile-align-left","10":"ast-product-gallery-layout-horizontal-slider","11":"ast-product-tabs-layout-horizontal","13":"first","14":"instock","15":"shipping-taxable","16":"product-type-simple"},"uagb_featured_image_src":{"full":["http:\/\/www.kamotec.net\/wp-content\/uploads\/2025\/11\/1-1.jpg",1000,1000,false],"thumbnail":["http:\/\/www.kamotec.net\/wp-content\/uploads\/2025\/11\/1-1-150x150.jpg",150,150,true],"medium":["http:\/\/www.kamotec.net\/wp-content\/uploads\/2025\/11\/1-1-300x300.jpg",300,300,true],"medium_large":["http:\/\/www.kamotec.net\/wp-content\/uploads\/2025\/11\/1-1-768x768.jpg",768,768,true],"large":["http:\/\/www.kamotec.net\/wp-content\/uploads\/2025\/11\/1-1.jpg",1000,1000,false],"1536x1536":["http:\/\/www.kamotec.net\/wp-content\/uploads\/2025\/11\/1-1.jpg",1000,1000,false],"2048x2048":["http:\/\/www.kamotec.net\/wp-content\/uploads\/2025\/11\/1-1.jpg",1000,1000,false],"trp-custom-language-flag":["http:\/\/www.kamotec.net\/wp-content\/uploads\/2025\/11\/1-1-12x12.jpg",12,12,true],"woocommerce_thumbnail":["http:\/\/www.kamotec.net\/wp-content\/uploads\/2025\/11\/1-1-300x300.jpg",300,300,true],"woocommerce_single":["http:\/\/www.kamotec.net\/wp-content\/uploads\/2025\/11\/1-1-600x600.jpg",600,600,true],"woocommerce_gallery_thumbnail":["http:\/\/www.kamotec.net\/wp-content\/uploads\/2025\/11\/1-1-100x100.jpg",100,100,true]},"uagb_author_info":{"display_name":"jinxing6611@gmail.com","author_link":"http:\/\/www.kamotec.net\/pt\/author\/"},"uagb_comment_info":0,"uagb_excerpt":"Model:KM-6M Fiber Laser Tube Cutting Machine Tube Cutting Length:6000mm Maximum cut pipe length:Cutting length from 6000 Tube Cutting Diameter:20-240mm Laser Power:3000w(more higher) Control System:FSCUT, Raytools,etc. Servo Motor:Fuji, Schneider, Yaskawa, Delta, Panasonic, etc.","_links":{"self":[{"href":"http:\/\/www.kamotec.net\/pt\/wp-json\/wp\/v2\/product\/5245","targetHints":{"allow":["GET"]}}],"collection":[{"href":"http:\/\/www.kamotec.net\/pt\/wp-json\/wp\/v2\/product"}],"about":[{"href":"http:\/\/www.kamotec.net\/pt\/wp-json\/wp\/v2\/types\/product"}],"wp:featuredmedia":[{"embeddable":true,"href":"http:\/\/www.kamotec.net\/pt\/wp-json\/wp\/v2\/media\/5700"}],"wp:attachment":[{"href":"http:\/\/www.kamotec.net\/pt\/wp-json\/wp\/v2\/media?parent=5245"}],"wp:term":[{"taxonomy":"product_brand","embeddable":true,"href":"http:\/\/www.kamotec.net\/pt\/wp-json\/wp\/v2\/product_brand?post=5245"},{"taxonomy":"product_cat","embeddable":true,"href":"http:\/\/www.kamotec.net\/pt\/wp-json\/wp\/v2\/product_cat?post=5245"},{"taxonomy":"product_tag","embeddable":true,"href":"http:\/\/www.kamotec.net\/pt\/wp-json\/wp\/v2\/product_tag?post=5245"}],"curies":[{"name":"wp","href":"https:\/\/api.w.org\/{rel}","templated":true}]}}