{"id":5232,"date":"2025-11-17T09:43:41","date_gmt":"2025-11-17T09:43:41","guid":{"rendered":"http:\/\/www.kamotec.net\/?post_type=product&#038;p=5232"},"modified":"2025-12-03T01:57:27","modified_gmt":"2025-12-03T01:57:27","slug":"km-9015-stone-cnc-router","status":"publish","type":"product","link":"http:\/\/www.kamotec.net\/pt\/produto\/km-9015-stone-cnc-router\/","title":{"rendered":"KM-9015 Router CNC para pedra"},"content":{"rendered":"<div class=\"ast-oembed-container\" style=\"height: 100%;\"><iframe title=\"fresadora cnc para pedra\" width=\"500\" height=\"281\" src=\"https:\/\/www.youtube.com\/embed\/QnQij6j18vA?feature=oembed\" frameborder=\"0\" allow=\"accelerometer; autoplay; clipboard-write; encrypted-media; gyroscope; picture-in-picture; web-share\" referrerpolicy=\"strict-origin-when-cross-origin\" allowfullscreen><\/iframe><\/div>\n<p><strong>Carater\u00edsticas do produto<\/strong><br \/>\nA m\u00e1quina de grava\u00e7\u00e3o em pedra \u00e9 um router CNC profissional para processamento de pedra. Este tipo de m\u00e1quina CNC \u00e9 usado principalmente na ind\u00fastria de pedra, ind\u00fastria de processamento de tabletes de pedra, relevo art\u00edstico, publicidade, ind\u00fastria de decora\u00e7\u00e3o, cer\u00e2mica, inscri\u00e7\u00f5es, engenharia de jardim, esculturas em grande escala, esculturas de artesanato, melhoramento da casa, cinema e outras ind\u00fastrias.<br \/>\nOs nossos routers CNC para pedra podem fazer relevo tridimensional, grava\u00e7\u00e3o de fundo pontiagudo, grava\u00e7\u00e3o de fundo plano, escultura em linha, borda invertida, perfura\u00e7\u00e3o, relevo, letras, esvaziamento, corte, costura sem costura, tratamento de superf\u00edcie, fresagem de mesa e assim por diante. Os materiais aplic\u00e1veis incluem m\u00e1rmore, granito, jade, pedra azul, pedra preta, cer\u00e2mica, vidro, plexiglass, placa de PVC, placa de alum\u00ednio-pl\u00e1stico, bambu, \u00e1gata, jade, materiais artificiais, materiais sint\u00e9ticos, etc. Principais carater\u00edsticas: velocidade r\u00e1pida, alta precis\u00e3o, forte estabilidade, baixo ru\u00eddo e longa vida \u00fatil.<\/p>\n<p><img alt=\"\" fetchpriority=\"high\" decoding=\"async\" class=\"size-full wp-image-5897 aligncenter\" src=\"http:\/\/www.kamotec.net\/wp-content\/uploads\/2025\/11\/11-19.jpg\" width=\"1000\" height=\"800\" srcset=\"http:\/\/www.kamotec.net\/wp-content\/uploads\/2025\/11\/11-19.jpg 1000w, http:\/\/www.kamotec.net\/wp-content\/uploads\/2025\/11\/11-19-300x240.jpg 300w, http:\/\/www.kamotec.net\/wp-content\/uploads\/2025\/11\/11-19-768x614.jpg 768w, http:\/\/www.kamotec.net\/wp-content\/uploads\/2025\/11\/11-19-15x12.jpg 15w, http:\/\/www.kamotec.net\/wp-content\/uploads\/2025\/11\/11-19-600x480.jpg 600w\" sizes=\"(max-width: 1000px) 100vw, 1000px\" \/><\/p>\n<p><img alt=\"\" decoding=\"async\" class=\"size-full wp-image-5895 aligncenter\" src=\"http:\/\/www.kamotec.net\/wp-content\/uploads\/2025\/11\/14-15.jpg\" width=\"1000\" height=\"800\" srcset=\"http:\/\/www.kamotec.net\/wp-content\/uploads\/2025\/11\/14-15.jpg 1000w, http:\/\/www.kamotec.net\/wp-content\/uploads\/2025\/11\/14-15-300x240.jpg 300w, http:\/\/www.kamotec.net\/wp-content\/uploads\/2025\/11\/14-15-768x614.jpg 768w, http:\/\/www.kamotec.net\/wp-content\/uploads\/2025\/11\/14-15-15x12.jpg 15w, http:\/\/www.kamotec.net\/wp-content\/uploads\/2025\/11\/14-15-600x480.jpg 600w\" sizes=\"(max-width: 1000px) 100vw, 1000px\" \/><\/p>\n<p><img alt=\"\" decoding=\"async\" class=\"size-full wp-image-5896 aligncenter\" src=\"http:\/\/www.kamotec.net\/wp-content\/uploads\/2025\/11\/15-12.jpg\" width=\"1000\" height=\"800\" srcset=\"http:\/\/www.kamotec.net\/wp-content\/uploads\/2025\/11\/15-12.jpg 1000w, http:\/\/www.kamotec.net\/wp-content\/uploads\/2025\/11\/15-12-300x240.jpg 300w, http:\/\/www.kamotec.net\/wp-content\/uploads\/2025\/11\/15-12-768x614.jpg 768w, http:\/\/www.kamotec.net\/wp-content\/uploads\/2025\/11\/15-12-15x12.jpg 15w, http:\/\/www.kamotec.net\/wp-content\/uploads\/2025\/11\/15-12-600x480.jpg 600w\" sizes=\"(max-width: 1000px) 100vw, 1000px\" \/><\/p>\n<table>\n<tbody>\n<tr>\n<td>X,Y,Z \u00c1rea de trabalho<\/td>\n<td>1300*2500*300mm<\/td>\n<\/tr>\n<tr>\n<td>Superf\u00edcie da mesa<\/td>\n<td>Mesa com ranhura em T e dep\u00f3sito de \u00e1gua em a\u00e7o inoxid\u00e1vel<\/td>\n<\/tr>\n<tr>\n<td>Fuso<\/td>\n<td>Eixo de refrigera\u00e7\u00e3o a \u00e1gua de 5,5kw<\/td>\n<\/tr>\n<tr>\n<td>X, Y Estrutura<\/td>\n<td>Guia linear de Taiwan 25#<\/td>\n<\/tr>\n<tr>\n<td>Estrutura Z<\/td>\n<td>Parafuso de esferas TBI de Taiwan para o eixo Z<\/td>\n<\/tr>\n<tr>\n<td>Motor e condutor<\/td>\n<td>Motor passo-a-passo FL118 e YAKO2811 Big Driver<\/td>\n<\/tr>\n<tr>\n<td>Velocidade do fuso<\/td>\n<td>0-24000RPM<\/td>\n<\/tr>\n<tr>\n<td>Inversor<\/td>\n<td>Inversor Fuling de 7,5kw<\/td>\n<\/tr>\n<tr>\n<td>Linguagem de comando<\/td>\n<td>C\u00f3digo G<\/td>\n<\/tr>\n<tr>\n<td>Sistema de controlo<\/td>\n<td>Sistema de controlo DSP A11<\/td>\n<\/tr>\n<tr>\n<td>Interface de computador<\/td>\n<td>USB<\/td>\n<\/tr>\n<tr>\n<td>Pin\u00e7a<\/td>\n<td>ER25<\/td>\n<\/tr>\n<tr>\n<td>Garantia<\/td>\n<td>12 meses<\/td>\n<\/tr>\n<\/tbody>\n<\/table>\n<p><img alt=\"\" loading=\"lazy\" decoding=\"async\" class=\"size-full wp-image-5898 aligncenter\" src=\"http:\/\/www.kamotec.net\/wp-content\/uploads\/2025\/11\/19-8.jpg\" width=\"1000\" height=\"800\" srcset=\"http:\/\/www.kamotec.net\/wp-content\/uploads\/2025\/11\/19-8.jpg 1000w, http:\/\/www.kamotec.net\/wp-content\/uploads\/2025\/11\/19-8-300x240.jpg 300w, http:\/\/www.kamotec.net\/wp-content\/uploads\/2025\/11\/19-8-768x614.jpg 768w, http:\/\/www.kamotec.net\/wp-content\/uploads\/2025\/11\/19-8-15x12.jpg 15w, http:\/\/www.kamotec.net\/wp-content\/uploads\/2025\/11\/19-8-600x480.jpg 600w\" sizes=\"(max-width: 1000px) 100vw, 1000px\" \/><\/p>\n<p><img alt=\"\" loading=\"lazy\" decoding=\"async\" class=\"size-full wp-image-5242 aligncenter\" src=\"http:\/\/www.kamotec.net\/wp-content\/uploads\/2025\/11\/17-1.jpg\" width=\"1000\" height=\"800\" srcset=\"http:\/\/www.kamotec.net\/wp-content\/uploads\/2025\/11\/17-1.jpg 1000w, http:\/\/www.kamotec.net\/wp-content\/uploads\/2025\/11\/17-1-300x240.jpg 300w, http:\/\/www.kamotec.net\/wp-content\/uploads\/2025\/11\/17-1-600x480.jpg 600w, http:\/\/www.kamotec.net\/wp-content\/uploads\/2025\/11\/17-1-768x614.jpg 768w, http:\/\/www.kamotec.net\/wp-content\/uploads\/2025\/11\/17-1-15x12.jpg 15w\" sizes=\"(max-width: 1000px) 100vw, 1000px\" \/><\/p>\n<p><strong>Material de aplica\u00e7\u00e3o<\/strong><br \/>\nInd\u00fastria da pedra: Pedra, corte de pedra-tinta, pedra tumular, jade e produtos de m\u00e1rmore.<br \/>\nInd\u00fastria de utens\u00edlios de cozinha: Superf\u00edcie de mesa de arm\u00e1rio em m\u00e1rmore artificial.<br \/>\nInd\u00fastria de decora\u00e7\u00e3o de obras de arte: Artesanato em madeira, caixa de presente, caixa de j\u00f3ias e outras obras de arte requintadas.<br \/>\nInd\u00fastria da madeira: Cadeira, porta, janela, cama, arm\u00e1rio, utens\u00edlios de cozinha e outros m\u00f3veis; m\u00f3veis cl\u00e1ssicos e antigos de madeira vermelha, m\u00f3veis europeus requintados, escultura de produtos decorativos.<br \/>\nInd\u00fastria de moldes: Grava\u00e7\u00e3o de cobre, alum\u00ednio e outros moldes met\u00e1licos; Constru\u00e7\u00e3o de modelos, sapatos, crach\u00e1s, moldes em relevo, biscoitos, doces, moldes de chocolate; M\u00e1rmore artificial, folhas de pl\u00e1stico, PVC, madeira, espuma e outros moldes n\u00e3o met\u00e1licos.<br \/>\nInd\u00fastria publicit\u00e1ria: Cartazes, sinaliza\u00e7\u00e3o, distintivos, log\u00f3tipo, placa de empresa, sinais, emblema, distintivo, pain\u00e9is de exposi\u00e7\u00e3o, sinais de feira, n\u00fameros de edif\u00edcios, sinais de decora\u00e7\u00e3o, corte literal de orif\u00edcios, etc.; corte de caracteres 3D, corte de acr\u00edlico, canal LED\/neon, caixa de luz;<\/p>\n<p>&nbsp;<\/p>\n<p><img alt=\"\" loading=\"lazy\" decoding=\"async\" class=\"size-full wp-image-5243 aligncenter\" src=\"http:\/\/www.kamotec.net\/wp-content\/uploads\/2025\/11\/\u77f3\u6750\u96d5\u523b\u673a\u6837\u54c1.jpg\" width=\"1000\" height=\"1000\" srcset=\"http:\/\/www.kamotec.net\/wp-content\/uploads\/2025\/11\/\u77f3\u6750\u96d5\u523b\u673a\u6837\u54c1.jpg 1000w, http:\/\/www.kamotec.net\/wp-content\/uploads\/2025\/11\/\u77f3\u6750\u96d5\u523b\u673a\u6837\u54c1-300x300.jpg 300w, http:\/\/www.kamotec.net\/wp-content\/uploads\/2025\/11\/\u77f3\u6750\u96d5\u523b\u673a\u6837\u54c1-100x100.jpg 100w, http:\/\/www.kamotec.net\/wp-content\/uploads\/2025\/11\/\u77f3\u6750\u96d5\u523b\u673a\u6837\u54c1-600x600.jpg 600w, http:\/\/www.kamotec.net\/wp-content\/uploads\/2025\/11\/\u77f3\u6750\u96d5\u523b\u673a\u6837\u54c1-150x150.jpg 150w, http:\/\/www.kamotec.net\/wp-content\/uploads\/2025\/11\/\u77f3\u6750\u96d5\u523b\u673a\u6837\u54c1-768x768.jpg 768w, http:\/\/www.kamotec.net\/wp-content\/uploads\/2025\/11\/\u77f3\u6750\u96d5\u523b\u673a\u6837\u54c1-12x12.jpg 12w\" sizes=\"(max-width: 1000px) 100vw, 1000px\" \/><\/p>\n<p><img alt=\"\" loading=\"lazy\" decoding=\"async\" class=\"size-full wp-image-5244 aligncenter\" src=\"http:\/\/www.kamotec.net\/wp-content\/uploads\/2025\/11\/\u77f3\u6750\u96d5\u523b\u6837\u54c13.jpg\" width=\"1000\" height=\"1000\" srcset=\"http:\/\/www.kamotec.net\/wp-content\/uploads\/2025\/11\/\u77f3\u6750\u96d5\u523b\u6837\u54c13.jpg 1000w, http:\/\/www.kamotec.net\/wp-content\/uploads\/2025\/11\/\u77f3\u6750\u96d5\u523b\u6837\u54c13-300x300.jpg 300w, http:\/\/www.kamotec.net\/wp-content\/uploads\/2025\/11\/\u77f3\u6750\u96d5\u523b\u6837\u54c13-100x100.jpg 100w, http:\/\/www.kamotec.net\/wp-content\/uploads\/2025\/11\/\u77f3\u6750\u96d5\u523b\u6837\u54c13-600x600.jpg 600w, http:\/\/www.kamotec.net\/wp-content\/uploads\/2025\/11\/\u77f3\u6750\u96d5\u523b\u6837\u54c13-150x150.jpg 150w, http:\/\/www.kamotec.net\/wp-content\/uploads\/2025\/11\/\u77f3\u6750\u96d5\u523b\u6837\u54c13-768x768.jpg 768w, http:\/\/www.kamotec.net\/wp-content\/uploads\/2025\/11\/\u77f3\u6750\u96d5\u523b\u6837\u54c13-12x12.jpg 12w\" sizes=\"(max-width: 1000px) 100vw, 1000px\" \/><\/p>","protected":false},"excerpt":{"rendered":"<p>\u00c1rea de trabalho X,Y,Z\uff1a1300*2500*300mm<br \/>\nSuperf\u00edcie da mesa: mesa com ranhura em T e dep\u00f3sito de \u00e1gua em a\u00e7o inoxid\u00e1vel<br \/>\nEixo:Eixo de arrefecimento a \u00e1gua de 5,5kw<br \/>\nEstrutura X, Y:Guia linear Taiwan 25#<br \/>\nEstrutura Z:Parafuso de esferas TBI de Taiwan para o eixo Z<br \/>\nMotor e controlador:Motor de passo FL118 e controlador YAKO2811<br \/>\nVelocidade do eixo:0-24000RPM<br \/>\nInversor:Inversor Fuling de 7,5kw<br \/>\nLinguagem de comando:C\u00f3digo G<\/p>","protected":false},"featured_media":5701,"template":"","meta":{"_seopress_robots_primary_cat":"none","_seopress_titles_title":"%%post_title%%","_seopress_titles_desc":"%%post_excerpt%%","_seopress_robots_index":"","_uag_custom_page_level_css":"","site-sidebar-layout":"default","site-content-layout":"","ast-site-content-layout":"default","site-content-style":"default","site-sidebar-style":"default","ast-global-header-display":"","ast-banner-title-visibility":"","ast-main-header-display":"","ast-hfb-above-header-display":"","ast-hfb-below-header-display":"","ast-hfb-mobile-header-display":"","site-post-title":"","ast-breadcrumbs-content":"","ast-featured-img":"","footer-sml-layout":"","theme-transparent-header-meta":"default","adv-header-id-meta":"","stick-header-meta":"default","header-above-stick-meta":"","header-main-stick-meta":"","header-below-stick-meta":"","astra-migrate-meta-layouts":"set","ast-page-background-enabled":"default","ast-page-background-meta":{"desktop":{"background-color":"","background-image":"","background-repeat":"repeat","background-position":"center center","background-size":"auto","background-attachment":"scroll","background-type":"","background-media":"","overlay-type":"","overlay-color":"","overlay-opacity":"","overlay-gradient":""},"tablet":{"background-color":"","background-image":"","background-repeat":"repeat","background-position":"center center","background-size":"auto","background-attachment":"scroll","background-type":"","background-media":"","overlay-type":"","overlay-color":"","overlay-opacity":"","overlay-gradient":""},"mobile":{"background-color":"","background-image":"","background-repeat":"repeat","background-position":"center center","background-size":"auto","background-attachment":"scroll","background-type":"","background-media":"","overlay-type":"","overlay-color":"","overlay-opacity":"","overlay-gradient":""}},"ast-content-background-meta":{"desktop":{"background-color":"var(--ast-global-color-5)","background-image":"","background-repeat":"repeat","background-position":"center center","background-size":"auto","background-attachment":"scroll","background-type":"","background-media":"","overlay-type":"","overlay-color":"","overlay-opacity":"","overlay-gradient":""},"tablet":{"background-color":"var(--ast-global-color-5)","background-image":"","background-repeat":"repeat","background-position":"center center","background-size":"auto","background-attachment":"scroll","background-type":"","background-media":"","overlay-type":"","overlay-color":"","overlay-opacity":"","overlay-gradient":""},"mobile":{"background-color":"var(--ast-global-color-5)","background-image":"","background-repeat":"repeat","background-position":"center center","background-size":"auto","background-attachment":"scroll","background-type":"","background-media":"","overlay-type":"","overlay-color":"","overlay-opacity":"","overlay-gradient":""}}},"product_brand":[],"product_cat":[89],"product_tag":[],"class_list":{"0":"post-5232","1":"product","2":"type-product","3":"status-publish","4":"has-post-thumbnail","6":"product_cat-stone-cnc-router","7":"desktop-align-left","8":"tablet-align-left","9":"mobile-align-left","10":"ast-product-gallery-layout-horizontal-slider","11":"ast-product-tabs-layout-horizontal","13":"first","14":"instock","15":"shipping-taxable","16":"product-type-simple"},"uagb_featured_image_src":{"full":["http:\/\/www.kamotec.net\/wp-content\/uploads\/2025\/11\/1-2.jpg",1000,1000,false],"thumbnail":["http:\/\/www.kamotec.net\/wp-content\/uploads\/2025\/11\/1-2-150x150.jpg",150,150,true],"medium":["http:\/\/www.kamotec.net\/wp-content\/uploads\/2025\/11\/1-2-300x300.jpg",300,300,true],"medium_large":["http:\/\/www.kamotec.net\/wp-content\/uploads\/2025\/11\/1-2-768x768.jpg",768,768,true],"large":["http:\/\/www.kamotec.net\/wp-content\/uploads\/2025\/11\/1-2.jpg",1000,1000,false],"1536x1536":["http:\/\/www.kamotec.net\/wp-content\/uploads\/2025\/11\/1-2.jpg",1000,1000,false],"2048x2048":["http:\/\/www.kamotec.net\/wp-content\/uploads\/2025\/11\/1-2.jpg",1000,1000,false],"trp-custom-language-flag":["http:\/\/www.kamotec.net\/wp-content\/uploads\/2025\/11\/1-2-12x12.jpg",12,12,true],"woocommerce_thumbnail":["http:\/\/www.kamotec.net\/wp-content\/uploads\/2025\/11\/1-2-300x300.jpg",300,300,true],"woocommerce_single":["http:\/\/www.kamotec.net\/wp-content\/uploads\/2025\/11\/1-2-600x600.jpg",600,600,true],"woocommerce_gallery_thumbnail":["http:\/\/www.kamotec.net\/wp-content\/uploads\/2025\/11\/1-2-100x100.jpg",100,100,true]},"uagb_author_info":{"display_name":"jinxing6611@gmail.com","author_link":"http:\/\/www.kamotec.net\/pt\/author\/"},"uagb_comment_info":0,"uagb_excerpt":"X,Y,Z Working Area\uff1a1300*2500*300mm Table Surface:T-slot table and stainless steel water tank Spindle:5.5kw water cooling spindle X, Y Structure:Taiwan linear guide 25# Z Structure:Taiwan TBI ball screw for Z axis Motor and driver:FL118 Stepper motor and YAKO2811 Big Driver Spindle Speed:0-24000RPM Inverter:7.5kw Fuling inverter Command Language:G Code","_links":{"self":[{"href":"http:\/\/www.kamotec.net\/pt\/wp-json\/wp\/v2\/product\/5232","targetHints":{"allow":["GET"]}}],"collection":[{"href":"http:\/\/www.kamotec.net\/pt\/wp-json\/wp\/v2\/product"}],"about":[{"href":"http:\/\/www.kamotec.net\/pt\/wp-json\/wp\/v2\/types\/product"}],"wp:featuredmedia":[{"embeddable":true,"href":"http:\/\/www.kamotec.net\/pt\/wp-json\/wp\/v2\/media\/5701"}],"wp:attachment":[{"href":"http:\/\/www.kamotec.net\/pt\/wp-json\/wp\/v2\/media?parent=5232"}],"wp:term":[{"taxonomy":"product_brand","embeddable":true,"href":"http:\/\/www.kamotec.net\/pt\/wp-json\/wp\/v2\/product_brand?post=5232"},{"taxonomy":"product_cat","embeddable":true,"href":"http:\/\/www.kamotec.net\/pt\/wp-json\/wp\/v2\/product_cat?post=5232"},{"taxonomy":"product_tag","embeddable":true,"href":"http:\/\/www.kamotec.net\/pt\/wp-json\/wp\/v2\/product_tag?post=5232"}],"curies":[{"name":"wp","href":"https:\/\/api.w.org\/{rel}","templated":true}]}}