{"id":5218,"date":"2025-11-17T09:31:43","date_gmt":"2025-11-17T09:31:43","guid":{"rendered":"http:\/\/www.kamotec.net\/?post_type=product&#038;p=5218"},"modified":"2025-12-03T02:12:22","modified_gmt":"2025-12-03T02:12:22","slug":"km-6090-metal-cnc-router","status":"publish","type":"product","link":"http:\/\/www.kamotec.net\/pt\/produto\/km-6090-metal-cnc-router\/","title":{"rendered":"KM-6090 Router CNC para metal"},"content":{"rendered":"<div class=\"ast-oembed-container\" style=\"height: 100%;\"><iframe title=\"Processo de escultura em metal\" width=\"500\" height=\"281\" src=\"https:\/\/www.youtube.com\/embed\/dO1wrN_-msA?feature=oembed\" frameborder=\"0\" allow=\"accelerometer; autoplay; clipboard-write; encrypted-media; gyroscope; picture-in-picture; web-share\" referrerpolicy=\"strict-origin-when-cross-origin\" allowfullscreen><\/iframe><\/div>\n<p><strong>Fun\u00e7\u00f5es do produto<\/strong><br \/>\n1. cama de torno de ferro fundido. Funcionamento est\u00e1vel com menos vibra\u00e7\u00e3o.<br \/>\n2. com o tipo de movimento Gantry, est\u00e1vel e dur\u00e1vel para uso prolongado.<br \/>\n3.XYZ tr\u00eas eixos s\u00e3o com trilho de guia linear quadrado, Hiwin, Taiwan. 4.Opcional 1.5KW\/2.2KW\/ 3.2kw eixo de arrefecimento de \u00e1gua.<br \/>\n5. design \u00e0 prova de poeira para o eixo XZ.<br \/>\n6. mesa de trabalho em liga de alum\u00ednio forte e espessa com ranhura em T.<br \/>\n7. controlo DSP offline ou Mach3 opcional<br \/>\nsistema ou controlador PCI NcStuido<br \/>\n8.China poderoso motor de passo e driver de passo Leadshine .<br \/>\n9. calibra\u00e7\u00e3o autom\u00e1tica de ferramentas para o eixo Z, e luz LED para trabalho noturno.<\/p>\n<p><img alt=\"\" fetchpriority=\"high\" decoding=\"async\" class=\"size-full wp-image-5899 aligncenter\" src=\"http:\/\/www.kamotec.net\/wp-content\/uploads\/2025\/11\/\u4e3b\u56fe3-1.jpg\" width=\"1000\" height=\"1000\" srcset=\"http:\/\/www.kamotec.net\/wp-content\/uploads\/2025\/11\/\u4e3b\u56fe3-1.jpg 1000w, http:\/\/www.kamotec.net\/wp-content\/uploads\/2025\/11\/\u4e3b\u56fe3-1-300x300.jpg 300w, http:\/\/www.kamotec.net\/wp-content\/uploads\/2025\/11\/\u4e3b\u56fe3-1-150x150.jpg 150w, http:\/\/www.kamotec.net\/wp-content\/uploads\/2025\/11\/\u4e3b\u56fe3-1-768x768.jpg 768w, http:\/\/www.kamotec.net\/wp-content\/uploads\/2025\/11\/\u4e3b\u56fe3-1-12x12.jpg 12w, http:\/\/www.kamotec.net\/wp-content\/uploads\/2025\/11\/\u4e3b\u56fe3-1-600x600.jpg 600w, http:\/\/www.kamotec.net\/wp-content\/uploads\/2025\/11\/\u4e3b\u56fe3-1-100x100.jpg 100w\" sizes=\"(max-width: 1000px) 100vw, 1000px\" \/><\/p>\n<p><img alt=\"\" decoding=\"async\" class=\"size-full wp-image-5900 aligncenter\" src=\"http:\/\/www.kamotec.net\/wp-content\/uploads\/2025\/11\/\u4e3b\u56fe4-2.jpg\" width=\"1000\" height=\"1000\" srcset=\"http:\/\/www.kamotec.net\/wp-content\/uploads\/2025\/11\/\u4e3b\u56fe4-2.jpg 1000w, http:\/\/www.kamotec.net\/wp-content\/uploads\/2025\/11\/\u4e3b\u56fe4-2-300x300.jpg 300w, http:\/\/www.kamotec.net\/wp-content\/uploads\/2025\/11\/\u4e3b\u56fe4-2-150x150.jpg 150w, http:\/\/www.kamotec.net\/wp-content\/uploads\/2025\/11\/\u4e3b\u56fe4-2-768x768.jpg 768w, http:\/\/www.kamotec.net\/wp-content\/uploads\/2025\/11\/\u4e3b\u56fe4-2-12x12.jpg 12w, http:\/\/www.kamotec.net\/wp-content\/uploads\/2025\/11\/\u4e3b\u56fe4-2-600x600.jpg 600w, http:\/\/www.kamotec.net\/wp-content\/uploads\/2025\/11\/\u4e3b\u56fe4-2-100x100.jpg 100w\" sizes=\"(max-width: 1000px) 100vw, 1000px\" \/><\/p>\n<p><img alt=\"\" decoding=\"async\" class=\"size-full wp-image-5901 aligncenter\" src=\"http:\/\/www.kamotec.net\/wp-content\/uploads\/2025\/11\/\u4e3b\u56fe5-1.jpg\" width=\"1000\" height=\"1000\" srcset=\"http:\/\/www.kamotec.net\/wp-content\/uploads\/2025\/11\/\u4e3b\u56fe5-1.jpg 1000w, http:\/\/www.kamotec.net\/wp-content\/uploads\/2025\/11\/\u4e3b\u56fe5-1-300x300.jpg 300w, http:\/\/www.kamotec.net\/wp-content\/uploads\/2025\/11\/\u4e3b\u56fe5-1-150x150.jpg 150w, http:\/\/www.kamotec.net\/wp-content\/uploads\/2025\/11\/\u4e3b\u56fe5-1-768x768.jpg 768w, http:\/\/www.kamotec.net\/wp-content\/uploads\/2025\/11\/\u4e3b\u56fe5-1-12x12.jpg 12w, http:\/\/www.kamotec.net\/wp-content\/uploads\/2025\/11\/\u4e3b\u56fe5-1-600x600.jpg 600w, http:\/\/www.kamotec.net\/wp-content\/uploads\/2025\/11\/\u4e3b\u56fe5-1-100x100.jpg 100w\" sizes=\"(max-width: 1000px) 100vw, 1000px\" \/><\/p>\n<table>\n<tbody>\n<tr>\n<td width=\"254\">Modelo<\/td>\n<td width=\"280\">KM-6090<\/td>\n<\/tr>\n<tr>\n<td width=\"254\">X,Y,Z \u00c1rea de trabalho<\/td>\n<td width=\"280\">600X900X100mm<\/td>\n<\/tr>\n<tr>\n<td width=\"254\">Precis\u00e3o de posicionamento X,Y,Z<\/td>\n<td width=\"280\">\u00b10,05\/300mm<\/td>\n<\/tr>\n<tr>\n<td width=\"254\">Reposicionamento X,Y,Z Precis\u00e3o do posicionamento<\/td>\n<td width=\"280\">\u00b10,05mm<\/td>\n<\/tr>\n<tr>\n<td width=\"254\">Moldura<\/td>\n<td width=\"280\">A\u00e7o soldado<\/td>\n<\/tr>\n<tr>\n<td width=\"254\">X Y Z Estrutura<\/td>\n<td width=\"280\">Parafuso de esferas<\/td>\n<\/tr>\n<tr>\n<td width=\"254\">M\u00e1x. Consumo de energia (sem fuso)<\/td>\n<td width=\"280\">0,3kw<\/td>\n<\/tr>\n<tr>\n<td width=\"254\">M\u00e1x. Velocidade de desloca\u00e7\u00e3o r\u00e1pida<\/td>\n<td width=\"280\">10000mm\/min<\/td>\n<\/tr>\n<tr>\n<td width=\"254\">Velocidade m\u00e1x. Velocidade de trabalho<\/td>\n<td width=\"280\">6000mm\/min<\/td>\n<\/tr>\n<tr>\n<td width=\"254\">Pot\u00eancia do fuso<\/td>\n<td width=\"280\">1,5KW\/2,2KW\/3KW arrefecimento a \u00e1gua<\/td>\n<\/tr>\n<tr>\n<td width=\"254\">Velocidade do fuso<\/td>\n<td width=\"280\">0-24000RPM<\/td>\n<\/tr>\n<tr>\n<td width=\"254\">Sistema de acionamento<\/td>\n<td width=\"280\">Sistema de passo (Op\u00e7\u00e3o: servo )<\/td>\n<\/tr>\n<tr>\n<td width=\"254\">Tens\u00e3o de funcionamento<\/td>\n<td width=\"280\">AC220V\/50Hz<\/td>\n<\/tr>\n<tr>\n<td width=\"254\">Linguagem de comando<\/td>\n<td width=\"280\">C\u00f3digo G<\/td>\n<\/tr>\n<tr>\n<td width=\"254\">Sistema operativo<\/td>\n<td width=\"280\">Sistema DSP, Ncstudio \/Mach3 PC<\/td>\n<\/tr>\n<tr>\n<td width=\"254\">Resolu\u00e7\u00e3o X-Y<\/td>\n<td width=\"280\">&lt;0,02mm<\/td>\n<\/tr>\n<tr>\n<td width=\"254\">Compatibilidade do software<\/td>\n<td width=\"280\">Ucamcam V9 ,Type3 ,Artcam<\/td>\n<\/tr>\n<tr>\n<td width=\"254\">Dimens\u00e3o da embalagem<\/td>\n<td width=\"280\">1130mm X1200 X1300mm<\/td>\n<\/tr>\n<tr>\n<td width=\"254\">Peso bruto<\/td>\n<td width=\"280\">300 kg<\/td>\n<\/tr>\n<\/tbody>\n<\/table>\n<p><img alt=\"\" loading=\"lazy\" decoding=\"async\" class=\"size-full wp-image-5230 aligncenter\" src=\"http:\/\/www.kamotec.net\/wp-content\/uploads\/2025\/11\/\u4e3b\u56fe8.jpg\" width=\"1000\" height=\"1000\" srcset=\"http:\/\/www.kamotec.net\/wp-content\/uploads\/2025\/11\/\u4e3b\u56fe8.jpg 1000w, http:\/\/www.kamotec.net\/wp-content\/uploads\/2025\/11\/\u4e3b\u56fe8-300x300.jpg 300w, http:\/\/www.kamotec.net\/wp-content\/uploads\/2025\/11\/\u4e3b\u56fe8-100x100.jpg 100w, http:\/\/www.kamotec.net\/wp-content\/uploads\/2025\/11\/\u4e3b\u56fe8-600x600.jpg 600w, http:\/\/www.kamotec.net\/wp-content\/uploads\/2025\/11\/\u4e3b\u56fe8-150x150.jpg 150w, http:\/\/www.kamotec.net\/wp-content\/uploads\/2025\/11\/\u4e3b\u56fe8-768x768.jpg 768w, http:\/\/www.kamotec.net\/wp-content\/uploads\/2025\/11\/\u4e3b\u56fe8-12x12.jpg 12w\" sizes=\"(max-width: 1000px) 100vw, 1000px\" \/><\/p>\n<p><img alt=\"\" loading=\"lazy\" decoding=\"async\" class=\"size-full wp-image-5229 aligncenter\" src=\"http:\/\/www.kamotec.net\/wp-content\/uploads\/2025\/11\/\u4e3b\u56fe7.jpg\" width=\"1000\" height=\"1000\" srcset=\"http:\/\/www.kamotec.net\/wp-content\/uploads\/2025\/11\/\u4e3b\u56fe7.jpg 1000w, http:\/\/www.kamotec.net\/wp-content\/uploads\/2025\/11\/\u4e3b\u56fe7-300x300.jpg 300w, http:\/\/www.kamotec.net\/wp-content\/uploads\/2025\/11\/\u4e3b\u56fe7-100x100.jpg 100w, http:\/\/www.kamotec.net\/wp-content\/uploads\/2025\/11\/\u4e3b\u56fe7-600x600.jpg 600w, http:\/\/www.kamotec.net\/wp-content\/uploads\/2025\/11\/\u4e3b\u56fe7-150x150.jpg 150w, http:\/\/www.kamotec.net\/wp-content\/uploads\/2025\/11\/\u4e3b\u56fe7-768x768.jpg 768w, http:\/\/www.kamotec.net\/wp-content\/uploads\/2025\/11\/\u4e3b\u56fe7-12x12.jpg 12w\" sizes=\"(max-width: 1000px) 100vw, 1000px\" \/><\/p>\n<p><strong>Material de aplica\u00e7\u00e3o<\/strong><br \/>\n1. ind\u00fastria de publicidade: acr\u00edlico, PVC, placa ABS, placa de alum\u00ednio<br \/>\n2. ind\u00fastria geral da madeira: decora\u00e7\u00e3o de m\u00f3veis, fabrico de instrumentos, artesanato em madeira, m\u00f3veis de madeira maci\u00e7a, MDF<br \/>\n3. ind\u00fastria de decora\u00e7\u00e3o: modelo de arte, mural, tela, embalagem de presente<br \/>\n4. ind\u00fastria da pedra: pedra tumular, m\u00e1rmore, granito<br \/>\n5. ind\u00fastria de moldes: fundi\u00e7\u00e3o, voos espaciais, embarca\u00e7\u00f5es, tr\u00e1fego ferrovi\u00e1rio<br \/>\n<img alt=\"\" loading=\"lazy\" decoding=\"async\" class=\"size-full wp-image-5221 aligncenter\" src=\"http:\/\/www.kamotec.net\/wp-content\/uploads\/2025\/11\/WPS\u56fe\u72471-20.jpg\" width=\"1000\" height=\"1000\" srcset=\"http:\/\/www.kamotec.net\/wp-content\/uploads\/2025\/11\/WPS\u56fe\u72471-20.jpg 1000w, http:\/\/www.kamotec.net\/wp-content\/uploads\/2025\/11\/WPS\u56fe\u72471-20-300x300.jpg 300w, http:\/\/www.kamotec.net\/wp-content\/uploads\/2025\/11\/WPS\u56fe\u72471-20-100x100.jpg 100w, http:\/\/www.kamotec.net\/wp-content\/uploads\/2025\/11\/WPS\u56fe\u72471-20-600x600.jpg 600w, http:\/\/www.kamotec.net\/wp-content\/uploads\/2025\/11\/WPS\u56fe\u72471-20-150x150.jpg 150w, http:\/\/www.kamotec.net\/wp-content\/uploads\/2025\/11\/WPS\u56fe\u72471-20-768x768.jpg 768w, http:\/\/www.kamotec.net\/wp-content\/uploads\/2025\/11\/WPS\u56fe\u72471-20-12x12.jpg 12w\" sizes=\"(max-width: 1000px) 100vw, 1000px\" \/><\/p>\n<p><img alt=\"\" loading=\"lazy\" decoding=\"async\" class=\"size-full wp-image-5231 aligncenter\" src=\"http:\/\/www.kamotec.net\/wp-content\/uploads\/2025\/11\/\u91d1\u5c5e\u96d5\u523b\u673a\u6837\u54c1.jpg\" width=\"1000\" height=\"1000\" srcset=\"http:\/\/www.kamotec.net\/wp-content\/uploads\/2025\/11\/\u91d1\u5c5e\u96d5\u523b\u673a\u6837\u54c1.jpg 1000w, http:\/\/www.kamotec.net\/wp-content\/uploads\/2025\/11\/\u91d1\u5c5e\u96d5\u523b\u673a\u6837\u54c1-300x300.jpg 300w, http:\/\/www.kamotec.net\/wp-content\/uploads\/2025\/11\/\u91d1\u5c5e\u96d5\u523b\u673a\u6837\u54c1-100x100.jpg 100w, http:\/\/www.kamotec.net\/wp-content\/uploads\/2025\/11\/\u91d1\u5c5e\u96d5\u523b\u673a\u6837\u54c1-600x600.jpg 600w, http:\/\/www.kamotec.net\/wp-content\/uploads\/2025\/11\/\u91d1\u5c5e\u96d5\u523b\u673a\u6837\u54c1-150x150.jpg 150w, http:\/\/www.kamotec.net\/wp-content\/uploads\/2025\/11\/\u91d1\u5c5e\u96d5\u523b\u673a\u6837\u54c1-768x768.jpg 768w, http:\/\/www.kamotec.net\/wp-content\/uploads\/2025\/11\/\u91d1\u5c5e\u96d5\u523b\u673a\u6837\u54c1-12x12.jpg 12w\" sizes=\"(max-width: 1000px) 100vw, 1000px\" \/><\/p>","protected":false},"excerpt":{"rendered":"<p>Modelo:KM-6090<br \/>\nX,Y,Z \u00c1rea de trabalho:600X900X100mm<br \/>\nPrecis\u00e3o de posicionamento X,Y,Z:\u00b10.05\/300mm<br \/>\nReposicionamento X,Y,Z Precis\u00e3o de posicionamento:\u00b10,05mm<br \/>\nEstrutura:A\u00e7o soldado<br \/>\nX Y Z Estrutura:Fuso de esferas<br \/>\nM\u00e1x. Consumo de energia (sem fuso):0,3kw<br \/>\nM\u00e1x. Velocidade de desloca\u00e7\u00e3o r\u00e1pida:10000mm\/min<br \/>\nVelocidade m\u00e1xima. Velocidade de trabalho:6000mm\/min<\/p>","protected":false},"featured_media":5702,"template":"","meta":{"_seopress_robots_primary_cat":"none","_seopress_titles_title":"%%post_title%%","_seopress_titles_desc":"%%post_excerpt%%","_seopress_robots_index":"","_uag_custom_page_level_css":"","site-sidebar-layout":"default","site-content-layout":"","ast-site-content-layout":"default","site-content-style":"default","site-sidebar-style":"default","ast-global-header-display":"","ast-banner-title-visibility":"","ast-main-header-display":"","ast-hfb-above-header-display":"","ast-hfb-below-header-display":"","ast-hfb-mobile-header-display":"","site-post-title":"","ast-breadcrumbs-content":"","ast-featured-img":"","footer-sml-layout":"","theme-transparent-header-meta":"default","adv-header-id-meta":"","stick-header-meta":"default","header-above-stick-meta":"","header-main-stick-meta":"","header-below-stick-meta":"","astra-migrate-meta-layouts":"set","ast-page-background-enabled":"default","ast-page-background-meta":{"desktop":{"background-color":"","background-image":"","background-repeat":"repeat","background-position":"center center","background-size":"auto","background-attachment":"scroll","background-type":"","background-media":"","overlay-type":"","overlay-color":"","overlay-opacity":"","overlay-gradient":""},"tablet":{"background-color":"","background-image":"","background-repeat":"repeat","background-position":"center center","background-size":"auto","background-attachment":"scroll","background-type":"","background-media":"","overlay-type":"","overlay-color":"","overlay-opacity":"","overlay-gradient":""},"mobile":{"background-color":"","background-image":"","background-repeat":"repeat","background-position":"center center","background-size":"auto","background-attachment":"scroll","background-type":"","background-media":"","overlay-type":"","overlay-color":"","overlay-opacity":"","overlay-gradient":""}},"ast-content-background-meta":{"desktop":{"background-color":"var(--ast-global-color-5)","background-image":"","background-repeat":"repeat","background-position":"center center","background-size":"auto","background-attachment":"scroll","background-type":"","background-media":"","overlay-type":"","overlay-color":"","overlay-opacity":"","overlay-gradient":""},"tablet":{"background-color":"var(--ast-global-color-5)","background-image":"","background-repeat":"repeat","background-position":"center center","background-size":"auto","background-attachment":"scroll","background-type":"","background-media":"","overlay-type":"","overlay-color":"","overlay-opacity":"","overlay-gradient":""},"mobile":{"background-color":"var(--ast-global-color-5)","background-image":"","background-repeat":"repeat","background-position":"center center","background-size":"auto","background-attachment":"scroll","background-type":"","background-media":"","overlay-type":"","overlay-color":"","overlay-opacity":"","overlay-gradient":""}}},"product_brand":[],"product_cat":[88],"product_tag":[],"class_list":{"0":"post-5218","1":"product","2":"type-product","3":"status-publish","4":"has-post-thumbnail","6":"product_cat-metal-cnc-router","7":"desktop-align-left","8":"tablet-align-left","9":"mobile-align-left","10":"ast-product-gallery-layout-horizontal-slider","11":"ast-product-tabs-layout-horizontal","13":"first","14":"instock","15":"shipping-taxable","16":"product-type-simple"},"uagb_featured_image_src":{"full":["http:\/\/www.kamotec.net\/wp-content\/uploads\/2025\/11\/\u4e3b\u56fe1.jpg",1000,1000,false],"thumbnail":["http:\/\/www.kamotec.net\/wp-content\/uploads\/2025\/11\/\u4e3b\u56fe1-150x150.jpg",150,150,true],"medium":["http:\/\/www.kamotec.net\/wp-content\/uploads\/2025\/11\/\u4e3b\u56fe1-300x300.jpg",300,300,true],"medium_large":["http:\/\/www.kamotec.net\/wp-content\/uploads\/2025\/11\/\u4e3b\u56fe1-768x768.jpg",768,768,true],"large":["http:\/\/www.kamotec.net\/wp-content\/uploads\/2025\/11\/\u4e3b\u56fe1.jpg",1000,1000,false],"1536x1536":["http:\/\/www.kamotec.net\/wp-content\/uploads\/2025\/11\/\u4e3b\u56fe1.jpg",1000,1000,false],"2048x2048":["http:\/\/www.kamotec.net\/wp-content\/uploads\/2025\/11\/\u4e3b\u56fe1.jpg",1000,1000,false],"trp-custom-language-flag":["http:\/\/www.kamotec.net\/wp-content\/uploads\/2025\/11\/\u4e3b\u56fe1-12x12.jpg",12,12,true],"woocommerce_thumbnail":["http:\/\/www.kamotec.net\/wp-content\/uploads\/2025\/11\/\u4e3b\u56fe1-300x300.jpg",300,300,true],"woocommerce_single":["http:\/\/www.kamotec.net\/wp-content\/uploads\/2025\/11\/\u4e3b\u56fe1-600x600.jpg",600,600,true],"woocommerce_gallery_thumbnail":["http:\/\/www.kamotec.net\/wp-content\/uploads\/2025\/11\/\u4e3b\u56fe1-100x100.jpg",100,100,true]},"uagb_author_info":{"display_name":"jinxing6611@gmail.com","author_link":"http:\/\/www.kamotec.net\/pt\/author\/"},"uagb_comment_info":0,"uagb_excerpt":"Model:KM-6090 X,Y,Z Working Area:600X900X100mm X,Y,Z Positioning Accuracy:\u00b10.05\/300mm X,Y,Z repositioning Positioning Accuracy:\u00b10.05mm Frame:Welded Steel X Y Z Structure:Ball Screw Max. Power consumption (Without spindle):0.3kw Max. Rapid Travel speed:10000mm\/min Max. Working Speed:6000mm\/min","_links":{"self":[{"href":"http:\/\/www.kamotec.net\/pt\/wp-json\/wp\/v2\/product\/5218","targetHints":{"allow":["GET"]}}],"collection":[{"href":"http:\/\/www.kamotec.net\/pt\/wp-json\/wp\/v2\/product"}],"about":[{"href":"http:\/\/www.kamotec.net\/pt\/wp-json\/wp\/v2\/types\/product"}],"wp:featuredmedia":[{"embeddable":true,"href":"http:\/\/www.kamotec.net\/pt\/wp-json\/wp\/v2\/media\/5702"}],"wp:attachment":[{"href":"http:\/\/www.kamotec.net\/pt\/wp-json\/wp\/v2\/media?parent=5218"}],"wp:term":[{"taxonomy":"product_brand","embeddable":true,"href":"http:\/\/www.kamotec.net\/pt\/wp-json\/wp\/v2\/product_brand?post=5218"},{"taxonomy":"product_cat","embeddable":true,"href":"http:\/\/www.kamotec.net\/pt\/wp-json\/wp\/v2\/product_cat?post=5218"},{"taxonomy":"product_tag","embeddable":true,"href":"http:\/\/www.kamotec.net\/pt\/wp-json\/wp\/v2\/product_tag?post=5218"}],"curies":[{"name":"wp","href":"https:\/\/api.w.org\/{rel}","templated":true}]}}