{"id":5182,"date":"2025-11-17T08:59:58","date_gmt":"2025-11-17T08:59:58","guid":{"rendered":"http:\/\/www.kamotec.net\/?post_type=product&#038;p=5182"},"modified":"2025-12-03T02:41:30","modified_gmt":"2025-12-03T02:41:30","slug":"km-1325-multi-headed-wood-cnc-router","status":"publish","type":"product","link":"http:\/\/www.kamotec.net\/pt\/produto\/km-1325-multi-headed-wood-cnc-router\/","title":{"rendered":"KM-1325 Router CNC para madeira com v\u00e1rias cabe\u00e7as"},"content":{"rendered":"<div class=\"ast-oembed-container\" style=\"height: 100%;\"><iframe title=\"KM-1325 Router CNC para madeira com v\u00e1rias cabe\u00e7as\" width=\"500\" height=\"281\" src=\"https:\/\/www.youtube.com\/embed\/dsD11kCvGm0?feature=oembed\" frameborder=\"0\" allow=\"accelerometer; autoplay; clipboard-write; encrypted-media; gyroscope; picture-in-picture; web-share\" referrerpolicy=\"strict-origin-when-cross-origin\" allowfullscreen><\/iframe><\/div>\n<p><strong>Carater\u00edsticas do produto<\/strong><br \/>\nA m\u00e1quina de grava\u00e7\u00e3o em madeira CNC Kamotec \u00e9 projetada para processamento de madeira de alta precis\u00e3o, suportando materiais de grande formato (X:1300mm, Y:2500mm). Os seus principais pontos fortes incluem uma estrutura de p\u00f3rtico \u00fanica, transmiss\u00e3o de alta precis\u00e3o e durabilidade industrial, ideal para a fabrica\u00e7\u00e3o de m\u00f3veis, molduras decorativas e escultura de portas personalizadas.<\/p>\n<p><img alt=\"\" fetchpriority=\"high\" decoding=\"async\" class=\"size-full wp-image-5903 aligncenter\" src=\"http:\/\/www.kamotec.net\/wp-content\/uploads\/2025\/11\/11-20.jpg\" width=\"1000\" height=\"800\" srcset=\"http:\/\/www.kamotec.net\/wp-content\/uploads\/2025\/11\/11-20.jpg 1000w, http:\/\/www.kamotec.net\/wp-content\/uploads\/2025\/11\/11-20-300x240.jpg 300w, http:\/\/www.kamotec.net\/wp-content\/uploads\/2025\/11\/11-20-768x614.jpg 768w, http:\/\/www.kamotec.net\/wp-content\/uploads\/2025\/11\/11-20-15x12.jpg 15w, http:\/\/www.kamotec.net\/wp-content\/uploads\/2025\/11\/11-20-600x480.jpg 600w\" sizes=\"(max-width: 1000px) 100vw, 1000px\" \/><\/p>\n<p><img alt=\"\" decoding=\"async\" class=\"size-full wp-image-5904 aligncenter\" src=\"http:\/\/www.kamotec.net\/wp-content\/uploads\/2025\/11\/12-16.jpg\" width=\"1000\" height=\"800\" srcset=\"http:\/\/www.kamotec.net\/wp-content\/uploads\/2025\/11\/12-16.jpg 1000w, http:\/\/www.kamotec.net\/wp-content\/uploads\/2025\/11\/12-16-300x240.jpg 300w, http:\/\/www.kamotec.net\/wp-content\/uploads\/2025\/11\/12-16-768x614.jpg 768w, http:\/\/www.kamotec.net\/wp-content\/uploads\/2025\/11\/12-16-15x12.jpg 15w, http:\/\/www.kamotec.net\/wp-content\/uploads\/2025\/11\/12-16-600x480.jpg 600w\" sizes=\"(max-width: 1000px) 100vw, 1000px\" \/><\/p>\n<p><img alt=\"\" decoding=\"async\" class=\"size-full wp-image-5905 aligncenter\" src=\"http:\/\/www.kamotec.net\/wp-content\/uploads\/2025\/11\/13-15.jpg\" width=\"1000\" height=\"800\" srcset=\"http:\/\/www.kamotec.net\/wp-content\/uploads\/2025\/11\/13-15.jpg 1000w, http:\/\/www.kamotec.net\/wp-content\/uploads\/2025\/11\/13-15-300x240.jpg 300w, http:\/\/www.kamotec.net\/wp-content\/uploads\/2025\/11\/13-15-768x614.jpg 768w, http:\/\/www.kamotec.net\/wp-content\/uploads\/2025\/11\/13-15-15x12.jpg 15w, http:\/\/www.kamotec.net\/wp-content\/uploads\/2025\/11\/13-15-600x480.jpg 600w\" sizes=\"(max-width: 1000px) 100vw, 1000px\" \/><br \/>\n1. a base do torno \u00e9 uma estrutura resistente. Alta rigidez, firmeza, sem deforma\u00e7\u00e3o.<br \/>\n2. tr\u00eas eixos adoptam a haste de parafuso de esferas importada com alta precis\u00e3o e trilho de guia linear que garante a precis\u00e3o da m\u00e1quina.<br \/>\n3. motor de passo de alta subdivis\u00e3o com alta velocidade, baixo ru\u00eddo, funcionando firmemente e corte de torque poderoso.<br \/>\n4. adota o eixo refrigerado a \u00e1gua com convers\u00e3o de frequ\u00eancia. Com baixo ru\u00eddo, a vida \u00fatil \u00e9 longa e gira de forma constante.<br \/>\n5. alta pot\u00eancia, incis\u00e3o profunda. Pode incisar acr\u00edlico de 30 mm de espessura uma vez.<br \/>\n6. o software da m\u00e1quina pode ser atualizado de modo a garantir a melhoria constante da m\u00e1quina.<br \/>\n7. interface de software de abertura pode conectar todos os tipos de software de grava\u00e7\u00e3o 3D, compat\u00edvel com software de alta precis\u00e3o.<br \/>\n8. a inser\u00e7\u00e3o do sistema de controlo DSP pode ser opcional para esta m\u00e1quina.<\/p>\n<p><img alt=\"\" loading=\"lazy\" decoding=\"async\" class=\"size-full wp-image-5906 aligncenter\" src=\"http:\/\/www.kamotec.net\/wp-content\/uploads\/2025\/11\/19-9.jpg\" width=\"1000\" height=\"800\" srcset=\"http:\/\/www.kamotec.net\/wp-content\/uploads\/2025\/11\/19-9.jpg 1000w, http:\/\/www.kamotec.net\/wp-content\/uploads\/2025\/11\/19-9-300x240.jpg 300w, http:\/\/www.kamotec.net\/wp-content\/uploads\/2025\/11\/19-9-768x614.jpg 768w, http:\/\/www.kamotec.net\/wp-content\/uploads\/2025\/11\/19-9-15x12.jpg 15w, http:\/\/www.kamotec.net\/wp-content\/uploads\/2025\/11\/19-9-600x480.jpg 600w\" sizes=\"(max-width: 1000px) 100vw, 1000px\" \/><\/p>\n<p>&nbsp;<\/p>\n<table>\n<tbody>\n<tr>\n<td>Modelo<\/td>\n<td>1325 M\u00e1quina de grava\u00e7\u00e3o em madeira<\/td>\n<\/tr>\n<tr>\n<td>XYZ Tamanho de trabalho<\/td>\n<td>1300*2500*200mm<\/td>\n<\/tr>\n<tr>\n<td>Dimens\u00f5es da m\u00e1quina<\/td>\n<td>2m (L) \u00d7 3,1m (C) \u00d7 1,5m (A)<\/td>\n<\/tr>\n<tr>\n<td>Superf\u00edcie da mesa<\/td>\n<td>PVC + Alum\u00ednio (anti-corros\u00e3o, est\u00e1vel)<\/td>\n<\/tr>\n<tr>\n<td>Estrutura do quadro<\/td>\n<td>Estrutura de a\u00e7o com t\u00eampera a alta temperatura e revestimento anti-ferrugem<\/td>\n<\/tr>\n<tr>\n<td>Capacidade de carga<\/td>\n<td>2-3 toneladas<\/td>\n<\/tr>\n<tr>\n<td>Carris de guia<\/td>\n<td>Calhas quadradas de alta precis\u00e3o de 20 mm<\/td>\n<\/tr>\n<tr>\n<td>Transmiss\u00e3o<\/td>\n<td>Cremalheiras helicoidais + fusos de esferas 2505<\/td>\n<\/tr>\n<tr>\n<td>Precis\u00e3o de reposicionamento<\/td>\n<td>\u00b10,05mm<\/td>\n<\/tr>\n<tr>\n<td>Velocidade m\u00e1xima de trabalho<\/td>\n<td>8-15m\/min<\/td>\n<\/tr>\n<tr>\n<td>Motor de acionamento<\/td>\n<td>86BYG450B<\/td>\n<\/tr>\n<tr>\n<td>Sistema de controlo<\/td>\n<td>Sistema CNC WEIHONG<\/td>\n<\/tr>\n<tr>\n<td>Pot\u00eancia do fuso<\/td>\n<td>3,2kW (design triplo \u00e0 prova de \u00e1gua, poupan\u00e7a de energia)<\/td>\n<\/tr>\n<tr>\n<td>Inversor<\/td>\n<td>MELHOR<\/td>\n<\/tr>\n<tr>\n<td>Tens\u00e3o<\/td>\n<td>220V\/380V<\/td>\n<\/tr>\n<tr>\n<td>Caixa de ferramentas<\/td>\n<td>Ferramentas de grava\u00e7\u00e3o, software, biblioteca de padr\u00f5es, chaves, pin\u00e7as, reservat\u00f3rio de \u00e1gua<\/td>\n<\/tr>\n<tr>\n<td>Garantia<\/td>\n<td>Garantia total de 1 ano, manuten\u00e7\u00e3o vital\u00edcia<\/td>\n<\/tr>\n<tr>\n<td>Pe\u00e7as opcionais<\/td>\n<td>Rolo de press\u00e3o<\/td>\n<\/tr>\n<\/tbody>\n<\/table>\n<p><strong>Aplica\u00e7\u00f5es<\/strong><br \/>\n1. trabalho da madeira: portas e m\u00f3veis de madeira, janelas, mesas e cadeiras, arm\u00e1rios e pain\u00e9is, placa ondulada 3D, MDF, secret\u00e1ria de computador, instrumentos musicais, etc<br \/>\n2. publicidade: cartaz, log\u00f3tipo, sinal, corte de caracteres 3D, corte de acr\u00edlico, canal LED\/neon, corte de furo literal, molde de caixa de luz, carimbo, molde, etc<br \/>\n3. ind\u00fastria de moldes: escultura de cobre, grava\u00e7\u00e3o de alum\u00ednio, moldes de metal, folhas de pl\u00e1stico, PVC, etc.<br \/>\n4. decora\u00e7\u00e3o: acr\u00edlico, placa de densidade, pedra artificial, vidro org\u00e2nico, metais macios como alum\u00ednio, cobre, etc.<br \/>\n<img alt=\"\" loading=\"lazy\" decoding=\"async\" class=\"size-full wp-image-5186 aligncenter\" src=\"http:\/\/www.kamotec.net\/wp-content\/uploads\/2025\/11\/WPS\u56fe\u72471-18.jpg\" width=\"1000\" height=\"616\" srcset=\"http:\/\/www.kamotec.net\/wp-content\/uploads\/2025\/11\/WPS\u56fe\u72471-18.jpg 1000w, http:\/\/www.kamotec.net\/wp-content\/uploads\/2025\/11\/WPS\u56fe\u72471-18-300x185.jpg 300w, http:\/\/www.kamotec.net\/wp-content\/uploads\/2025\/11\/WPS\u56fe\u72471-18-600x370.jpg 600w, http:\/\/www.kamotec.net\/wp-content\/uploads\/2025\/11\/WPS\u56fe\u72471-18-768x473.jpg 768w, http:\/\/www.kamotec.net\/wp-content\/uploads\/2025\/11\/WPS\u56fe\u72471-18-18x12.jpg 18w\" sizes=\"(max-width: 1000px) 100vw, 1000px\" \/><br \/>\n<img alt=\"\" loading=\"lazy\" decoding=\"async\" class=\"size-full wp-image-5187 aligncenter\" src=\"http:\/\/www.kamotec.net\/wp-content\/uploads\/2025\/11\/WPS\u56fe\u72472-8.jpg\" width=\"750\" height=\"499\" srcset=\"http:\/\/www.kamotec.net\/wp-content\/uploads\/2025\/11\/WPS\u56fe\u72472-8.jpg 750w, http:\/\/www.kamotec.net\/wp-content\/uploads\/2025\/11\/WPS\u56fe\u72472-8-300x200.jpg 300w, http:\/\/www.kamotec.net\/wp-content\/uploads\/2025\/11\/WPS\u56fe\u72472-8-600x399.jpg 600w, http:\/\/www.kamotec.net\/wp-content\/uploads\/2025\/11\/WPS\u56fe\u72472-8-18x12.jpg 18w\" sizes=\"(max-width: 750px) 100vw, 750px\" \/><br \/>\n<img alt=\"\" loading=\"lazy\" decoding=\"async\" class=\"size-full wp-image-5188 aligncenter\" src=\"http:\/\/www.kamotec.net\/wp-content\/uploads\/2025\/11\/WPS\u56fe\u72473-4.jpg\" width=\"750\" height=\"616\" srcset=\"http:\/\/www.kamotec.net\/wp-content\/uploads\/2025\/11\/WPS\u56fe\u72473-4.jpg 750w, http:\/\/www.kamotec.net\/wp-content\/uploads\/2025\/11\/WPS\u56fe\u72473-4-300x246.jpg 300w, http:\/\/www.kamotec.net\/wp-content\/uploads\/2025\/11\/WPS\u56fe\u72473-4-600x493.jpg 600w, http:\/\/www.kamotec.net\/wp-content\/uploads\/2025\/11\/WPS\u56fe\u72473-4-15x12.jpg 15w\" sizes=\"(max-width: 750px) 100vw, 750px\" \/><\/p>","protected":false},"excerpt":{"rendered":"<p>Modelo\uff1a1325 M\u00e1quina de grava\u00e7\u00e3o em madeira<br \/>\nXYZ Tamanho de trabalho: 1300*2500*200mm<br \/>\nDimens\u00f5es da m\u00e1quina: 2m (L) \u00d7 3,1m (C) \u00d7 1,5m (A)<br \/>\nSuperf\u00edcie da mesa: PVC + Alum\u00ednio (anti-corros\u00e3o, est\u00e1vel)<br \/>\nEstrutura da estrutura: Estrutura em a\u00e7o com t\u00eampera a alta temperatura e revestimento anti-ferrugem<br \/>\nCapacidade de carga\uff1a2-3tons<br \/>\nTrilhos de guia: Trilhos quadrados de alta precis\u00e3o de 20 mm<br \/>\nTransmiss\u00e3o\uff1aRacks helicoidais + Parafusos de esferas 2505<br \/>\nPrecis\u00e3o de reposicionamento\uff1a\u00b10,05mm<br \/>\nVelocidade m\u00e1xima de trabalho: 8-15m\/min<br \/>\nMotor de acionamento\uff1a86BYG450B<\/p>","protected":false},"featured_media":5718,"template":"","meta":{"_seopress_robots_primary_cat":"none","_seopress_titles_title":"%%post_title%%","_seopress_titles_desc":"%%post_excerpt%%","_seopress_robots_index":"","_uag_custom_page_level_css":"","site-sidebar-layout":"default","site-content-layout":"","ast-site-content-layout":"default","site-content-style":"default","site-sidebar-style":"default","ast-global-header-display":"","ast-banner-title-visibility":"","ast-main-header-display":"","ast-hfb-above-header-display":"","ast-hfb-below-header-display":"","ast-hfb-mobile-header-display":"","site-post-title":"","ast-breadcrumbs-content":"","ast-featured-img":"","footer-sml-layout":"","theme-transparent-header-meta":"default","adv-header-id-meta":"","stick-header-meta":"default","header-above-stick-meta":"","header-main-stick-meta":"","header-below-stick-meta":"","astra-migrate-meta-layouts":"set","ast-page-background-enabled":"default","ast-page-background-meta":{"desktop":{"background-color":"","background-image":"","background-repeat":"repeat","background-position":"center center","background-size":"auto","background-attachment":"scroll","background-type":"","background-media":"","overlay-type":"","overlay-color":"","overlay-opacity":"","overlay-gradient":""},"tablet":{"background-color":"","background-image":"","background-repeat":"repeat","background-position":"center center","background-size":"auto","background-attachment":"scroll","background-type":"","background-media":"","overlay-type":"","overlay-color":"","overlay-opacity":"","overlay-gradient":""},"mobile":{"background-color":"","background-image":"","background-repeat":"repeat","background-position":"center center","background-size":"auto","background-attachment":"scroll","background-type":"","background-media":"","overlay-type":"","overlay-color":"","overlay-opacity":"","overlay-gradient":""}},"ast-content-background-meta":{"desktop":{"background-color":"var(--ast-global-color-5)","background-image":"","background-repeat":"repeat","background-position":"center center","background-size":"auto","background-attachment":"scroll","background-type":"","background-media":"","overlay-type":"","overlay-color":"","overlay-opacity":"","overlay-gradient":""},"tablet":{"background-color":"var(--ast-global-color-5)","background-image":"","background-repeat":"repeat","background-position":"center center","background-size":"auto","background-attachment":"scroll","background-type":"","background-media":"","overlay-type":"","overlay-color":"","overlay-opacity":"","overlay-gradient":""},"mobile":{"background-color":"var(--ast-global-color-5)","background-image":"","background-repeat":"repeat","background-position":"center center","background-size":"auto","background-attachment":"scroll","background-type":"","background-media":"","overlay-type":"","overlay-color":"","overlay-opacity":"","overlay-gradient":""}}},"product_brand":[],"product_cat":[87],"product_tag":[],"class_list":{"0":"post-5182","1":"product","2":"type-product","3":"status-publish","4":"has-post-thumbnail","6":"product_cat-wood-cnc-router","7":"desktop-align-left","8":"tablet-align-left","9":"mobile-align-left","10":"ast-product-gallery-layout-horizontal-slider","11":"ast-product-tabs-layout-horizontal","13":"first","14":"instock","15":"shipping-taxable","16":"product-type-simple"},"uagb_featured_image_src":{"full":["http:\/\/www.kamotec.net\/wp-content\/uploads\/2025\/11\/3-3.jpg",1000,1000,false],"thumbnail":["http:\/\/www.kamotec.net\/wp-content\/uploads\/2025\/11\/3-3-150x150.jpg",150,150,true],"medium":["http:\/\/www.kamotec.net\/wp-content\/uploads\/2025\/11\/3-3-300x300.jpg",300,300,true],"medium_large":["http:\/\/www.kamotec.net\/wp-content\/uploads\/2025\/11\/3-3-768x768.jpg",768,768,true],"large":["http:\/\/www.kamotec.net\/wp-content\/uploads\/2025\/11\/3-3.jpg",1000,1000,false],"1536x1536":["http:\/\/www.kamotec.net\/wp-content\/uploads\/2025\/11\/3-3.jpg",1000,1000,false],"2048x2048":["http:\/\/www.kamotec.net\/wp-content\/uploads\/2025\/11\/3-3.jpg",1000,1000,false],"trp-custom-language-flag":["http:\/\/www.kamotec.net\/wp-content\/uploads\/2025\/11\/3-3-12x12.jpg",12,12,true],"woocommerce_thumbnail":["http:\/\/www.kamotec.net\/wp-content\/uploads\/2025\/11\/3-3-300x300.jpg",300,300,true],"woocommerce_single":["http:\/\/www.kamotec.net\/wp-content\/uploads\/2025\/11\/3-3-600x600.jpg",600,600,true],"woocommerce_gallery_thumbnail":["http:\/\/www.kamotec.net\/wp-content\/uploads\/2025\/11\/3-3-100x100.jpg",100,100,true]},"uagb_author_info":{"display_name":"jinxing6611@gmail.com","author_link":"http:\/\/www.kamotec.net\/pt\/author\/"},"uagb_comment_info":0,"uagb_excerpt":"Model\uff1a1325 Wood Engraving Machine XYZ Working size\uff1a1300*2500*200mm Machine Dimensions\uff1a2m (W) \u00d7 3.1m (L) \u00d7 1.5m (H) Table Surface\uff1aPVC + Aluminum (anti-corrosion, stable) Frame Structure\uff1aSteel frame with high-temperature tempering and anti-rust coating Load Capacity\uff1a2-3tons Guide Rails\uff1a20mm High-Precision Square Rails Transmission\uff1aHelical Racks + 2505 Ball Screws Repositioning Accuracy\uff1a\u00b10.05mm Max Working Speed\uff1a8-15m\/min Drive Motor\uff1a86BYG450B","_links":{"self":[{"href":"http:\/\/www.kamotec.net\/pt\/wp-json\/wp\/v2\/product\/5182","targetHints":{"allow":["GET"]}}],"collection":[{"href":"http:\/\/www.kamotec.net\/pt\/wp-json\/wp\/v2\/product"}],"about":[{"href":"http:\/\/www.kamotec.net\/pt\/wp-json\/wp\/v2\/types\/product"}],"wp:featuredmedia":[{"embeddable":true,"href":"http:\/\/www.kamotec.net\/pt\/wp-json\/wp\/v2\/media\/5718"}],"wp:attachment":[{"href":"http:\/\/www.kamotec.net\/pt\/wp-json\/wp\/v2\/media?parent=5182"}],"wp:term":[{"taxonomy":"product_brand","embeddable":true,"href":"http:\/\/www.kamotec.net\/pt\/wp-json\/wp\/v2\/product_brand?post=5182"},{"taxonomy":"product_cat","embeddable":true,"href":"http:\/\/www.kamotec.net\/pt\/wp-json\/wp\/v2\/product_cat?post=5182"},{"taxonomy":"product_tag","embeddable":true,"href":"http:\/\/www.kamotec.net\/pt\/wp-json\/wp\/v2\/product_tag?post=5182"}],"curies":[{"name":"wp","href":"https:\/\/api.w.org\/{rel}","templated":true}]}}