{"id":5166,"date":"2025-11-17T08:54:46","date_gmt":"2025-11-17T08:54:46","guid":{"rendered":"http:\/\/www.kamotec.net\/?post_type=product&#038;p=5166"},"modified":"2025-12-03T05:05:57","modified_gmt":"2025-12-03T05:05:57","slug":"km-1325-b1-wood-cnc-router","status":"publish","type":"product","link":"http:\/\/www.kamotec.net\/pt\/produto\/km-1325-b1-wood-cnc-router\/","title":{"rendered":"KM-1325 B1 Router CNC para madeira"},"content":{"rendered":"<div class=\"ast-oembed-container\" style=\"height: 100%;\"><iframe title=\"m\u00e1quina de grava\u00e7\u00e3o para trabalhar madeira\" width=\"500\" height=\"281\" src=\"https:\/\/www.youtube.com\/embed\/zYp0-uuPyDw?feature=oembed\" frameborder=\"0\" allow=\"accelerometer; autoplay; clipboard-write; encrypted-media; gyroscope; picture-in-picture; web-share\" referrerpolicy=\"strict-origin-when-cross-origin\" allowfullscreen><\/iframe><\/div>\n<p>1325 router cnc \u00e9 popular na ind\u00fastria de publicidade, \u00e9 usado principalmente para cortar acr\u00edlico, PVC, MDF, madeira compensada e outros materiais, al\u00e9m disso, pode realizar a grava\u00e7\u00e3o em pedra como m\u00e1rmore e granito, madeira, etc.<\/p>\n<p>Esta m\u00e1quina de grava\u00e7\u00e3o cl\u00e1ssica de tr\u00eas eixos para trabalhar madeira \u00e9 muito adequada para utilizadores que operam a fresadora CNC pela primeira vez. \u00c9 facilmente operado pelo controle DSP com al\u00e7a, a m\u00e1quina n\u00e3o precisa ser conectada ao computador separadamente e a velocidade de trabalho \u00e9 mais r\u00e1pida que mach3.<br \/>\nSe os utilizadores n\u00e3o precisarem de gravar padr\u00f5es complexos ou mudar frequentemente de ferramentas diferentes e precisarem de esculpir \u00e0 m\u00e1quina em v\u00e1rios materiais, como madeira ou metal macio, esta \u00e9 a escolha ideal com um custo econ\u00f3mico.<\/p>\n<p><img alt=\"\" fetchpriority=\"high\" decoding=\"async\" class=\"size-full wp-image-5909 aligncenter\" src=\"http:\/\/www.kamotec.net\/wp-content\/uploads\/2025\/11\/11-21.jpg\" width=\"1000\" height=\"800\" srcset=\"http:\/\/www.kamotec.net\/wp-content\/uploads\/2025\/11\/11-21.jpg 1000w, http:\/\/www.kamotec.net\/wp-content\/uploads\/2025\/11\/11-21-300x240.jpg 300w, http:\/\/www.kamotec.net\/wp-content\/uploads\/2025\/11\/11-21-768x614.jpg 768w, http:\/\/www.kamotec.net\/wp-content\/uploads\/2025\/11\/11-21-15x12.jpg 15w, http:\/\/www.kamotec.net\/wp-content\/uploads\/2025\/11\/11-21-600x480.jpg 600w\" sizes=\"(max-width: 1000px) 100vw, 1000px\" \/><\/p>\n<p><img alt=\"\" decoding=\"async\" class=\"size-full wp-image-5910 aligncenter\" src=\"http:\/\/www.kamotec.net\/wp-content\/uploads\/2025\/11\/12-17.jpg\" width=\"1000\" height=\"800\" srcset=\"http:\/\/www.kamotec.net\/wp-content\/uploads\/2025\/11\/12-17.jpg 1000w, http:\/\/www.kamotec.net\/wp-content\/uploads\/2025\/11\/12-17-300x240.jpg 300w, http:\/\/www.kamotec.net\/wp-content\/uploads\/2025\/11\/12-17-768x614.jpg 768w, http:\/\/www.kamotec.net\/wp-content\/uploads\/2025\/11\/12-17-15x12.jpg 15w, http:\/\/www.kamotec.net\/wp-content\/uploads\/2025\/11\/12-17-600x480.jpg 600w\" sizes=\"(max-width: 1000px) 100vw, 1000px\" \/><\/p>\n<p><img alt=\"\" decoding=\"async\" class=\"size-full wp-image-5911 aligncenter\" src=\"http:\/\/www.kamotec.net\/wp-content\/uploads\/2025\/11\/14-16.jpg\" width=\"1000\" height=\"800\" srcset=\"http:\/\/www.kamotec.net\/wp-content\/uploads\/2025\/11\/14-16.jpg 1000w, http:\/\/www.kamotec.net\/wp-content\/uploads\/2025\/11\/14-16-300x240.jpg 300w, http:\/\/www.kamotec.net\/wp-content\/uploads\/2025\/11\/14-16-768x614.jpg 768w, http:\/\/www.kamotec.net\/wp-content\/uploads\/2025\/11\/14-16-15x12.jpg 15w, http:\/\/www.kamotec.net\/wp-content\/uploads\/2025\/11\/14-16-600x480.jpg 600w\" sizes=\"(max-width: 1000px) 100vw, 1000px\" \/><\/p>\n<table>\n<tbody>\n<tr>\n<td>Zona de trabalho do eixo X-Y-Z<\/td>\n<td>1300*2500*200mm<\/td>\n<\/tr>\n<tr>\n<td>Resolu\u00e7\u00e3o de reposicionamento<\/td>\n<td>0,02 mm<\/td>\n<\/tr>\n<tr>\n<td>Movimento X-Y<\/td>\n<td>Cremalheira e pinh\u00e3o, transmiss\u00e3o por engrenagem\/Taiwan<\/td>\n<\/tr>\n<tr>\n<td>Movimento Z<\/td>\n<td>Acionamento por fuso de esferas\/Alemanha<\/td>\n<\/tr>\n<tr>\n<td>Guia<\/td>\n<td>Linear 20mm\/25mm quadrado\/Taiwan<\/td>\n<\/tr>\n<tr>\n<td>Pot\u00eancia do fuso<\/td>\n<td>Fuso de arrefecimento de 3,2 KW<\/td>\n<\/tr>\n<tr>\n<td>Velocidade do fuso<\/td>\n<td>24000rpm<\/td>\n<\/tr>\n<tr>\n<td>Pot\u00eancia do inversor<\/td>\n<td>3,2KW Inovance<\/td>\n<\/tr>\n<tr>\n<td>Motores de acionamento<\/td>\n<td>Servo motor<\/td>\n<\/tr>\n<tr>\n<td>Tens\u00e3o de funcionamento<\/td>\n<td>380V\/220V<\/td>\n<\/tr>\n<tr>\n<td>C\u00f3digo de comando<\/td>\n<td>C\u00f3digo G<\/td>\n<\/tr>\n<tr>\n<td>Interface de computador<\/td>\n<td>USB 2.0<\/td>\n<\/tr>\n<tr>\n<td>Reduzir<\/td>\n<td>Motov\u00e1rio<\/td>\n<\/tr>\n<tr>\n<td>Software<\/td>\n<td>Artcam , c\u00f3pia Alphacam<\/td>\n<\/tr>\n<tr>\n<td>Equipamento de s\u00e9rie inclu\u00eddo<\/td>\n<td>1. sistema de lubrifica\u00e7\u00e3o a \u00f3leo<\/td>\n<\/tr>\n<tr>\n<td><\/td>\n<td>2.Capota de p\u00f3<\/td>\n<\/tr>\n<tr>\n<td>Opcional<\/td>\n<td>Aspirador<\/td>\n<\/tr>\n<tr>\n<td><\/td>\n<td>Bomba de v\u00e1cuo de 5,5KW\/ Mesa de trabalho com ranhura em T<\/td>\n<\/tr>\n<\/tbody>\n<\/table>\n<p><img alt=\"\" loading=\"lazy\" decoding=\"async\" class=\"size-full wp-image-5912 aligncenter\" src=\"http:\/\/www.kamotec.net\/wp-content\/uploads\/2025\/11\/15-13.jpg\" width=\"1000\" height=\"800\" srcset=\"http:\/\/www.kamotec.net\/wp-content\/uploads\/2025\/11\/15-13.jpg 1000w, http:\/\/www.kamotec.net\/wp-content\/uploads\/2025\/11\/15-13-300x240.jpg 300w, http:\/\/www.kamotec.net\/wp-content\/uploads\/2025\/11\/15-13-768x614.jpg 768w, http:\/\/www.kamotec.net\/wp-content\/uploads\/2025\/11\/15-13-15x12.jpg 15w, http:\/\/www.kamotec.net\/wp-content\/uploads\/2025\/11\/15-13-600x480.jpg 600w\" sizes=\"(max-width: 1000px) 100vw, 1000px\" \/><\/p>\n<p><img alt=\"\" loading=\"lazy\" decoding=\"async\" class=\"size-full wp-image-5913 aligncenter\" src=\"http:\/\/www.kamotec.net\/wp-content\/uploads\/2025\/11\/17-8.jpg\" width=\"1000\" height=\"800\" srcset=\"http:\/\/www.kamotec.net\/wp-content\/uploads\/2025\/11\/17-8.jpg 1000w, http:\/\/www.kamotec.net\/wp-content\/uploads\/2025\/11\/17-8-300x240.jpg 300w, http:\/\/www.kamotec.net\/wp-content\/uploads\/2025\/11\/17-8-768x614.jpg 768w, http:\/\/www.kamotec.net\/wp-content\/uploads\/2025\/11\/17-8-15x12.jpg 15w, http:\/\/www.kamotec.net\/wp-content\/uploads\/2025\/11\/17-8-600x480.jpg 600w\" sizes=\"(max-width: 1000px) 100vw, 1000px\" \/><\/p>\n<p><img alt=\"\" loading=\"lazy\" decoding=\"async\" class=\"size-full wp-image-5914 aligncenter\" src=\"http:\/\/www.kamotec.net\/wp-content\/uploads\/2025\/11\/20-12.jpg\" width=\"1000\" height=\"800\" srcset=\"http:\/\/www.kamotec.net\/wp-content\/uploads\/2025\/11\/20-12.jpg 1000w, http:\/\/www.kamotec.net\/wp-content\/uploads\/2025\/11\/20-12-300x240.jpg 300w, http:\/\/www.kamotec.net\/wp-content\/uploads\/2025\/11\/20-12-768x614.jpg 768w, http:\/\/www.kamotec.net\/wp-content\/uploads\/2025\/11\/20-12-15x12.jpg 15w, http:\/\/www.kamotec.net\/wp-content\/uploads\/2025\/11\/20-12-600x480.jpg 600w\" sizes=\"(max-width: 1000px) 100vw, 1000px\" \/><\/p>\n<p>&nbsp;<\/p>\n<p><strong>Aplica\u00e7\u00f5es<\/strong><br \/>\n1. trabalho da madeira: portas e m\u00f3veis de madeira, janelas, mesas e cadeiras, arm\u00e1rios e pain\u00e9is, placa ondulada 3D, MDF, secret\u00e1ria de computador, instrumentos musicais, etc<br \/>\n2. publicidade: cartaz, log\u00f3tipo, sinal, corte de caracteres 3D, corte de acr\u00edlico, canal LED\/neon, corte de furo literal, molde de caixa de luz, carimbo, molde, etc<br \/>\n3. ind\u00fastria de moldes: escultura de cobre, grava\u00e7\u00e3o de alum\u00ednio, moldes de metal, folhas de pl\u00e1stico, PVC, etc.<br \/>\n4. decora\u00e7\u00e3o: acr\u00edlico, placa de densidade, pedra artificial, vidro org\u00e2nico, metais macios como alum\u00ednio, cobre, etc.<br \/>\n<img alt=\"\" loading=\"lazy\" decoding=\"async\" class=\"size-full wp-image-5169 aligncenter\" src=\"http:\/\/www.kamotec.net\/wp-content\/uploads\/2025\/11\/WPS\u56fe\u72471-17.jpg\" width=\"750\" height=\"612\" srcset=\"http:\/\/www.kamotec.net\/wp-content\/uploads\/2025\/11\/WPS\u56fe\u72471-17.jpg 750w, http:\/\/www.kamotec.net\/wp-content\/uploads\/2025\/11\/WPS\u56fe\u72471-17-300x245.jpg 300w, http:\/\/www.kamotec.net\/wp-content\/uploads\/2025\/11\/WPS\u56fe\u72471-17-600x490.jpg 600w, http:\/\/www.kamotec.net\/wp-content\/uploads\/2025\/11\/WPS\u56fe\u72471-17-15x12.jpg 15w\" sizes=\"(max-width: 750px) 100vw, 750px\" \/><br \/>\n<img alt=\"\" loading=\"lazy\" decoding=\"async\" class=\"size-full wp-image-5170 aligncenter\" src=\"http:\/\/www.kamotec.net\/wp-content\/uploads\/2025\/11\/WPS\u56fe\u72472-7.jpg\" width=\"750\" height=\"616\" srcset=\"http:\/\/www.kamotec.net\/wp-content\/uploads\/2025\/11\/WPS\u56fe\u72472-7.jpg 750w, http:\/\/www.kamotec.net\/wp-content\/uploads\/2025\/11\/WPS\u56fe\u72472-7-300x246.jpg 300w, http:\/\/www.kamotec.net\/wp-content\/uploads\/2025\/11\/WPS\u56fe\u72472-7-600x493.jpg 600w, http:\/\/www.kamotec.net\/wp-content\/uploads\/2025\/11\/WPS\u56fe\u72472-7-15x12.jpg 15w\" sizes=\"(max-width: 750px) 100vw, 750px\" \/><\/p>","protected":false},"excerpt":{"rendered":"<p>\u00c1rea de trabalho do eixo X-Y-Z\uff1a1300*2500*200mm<br \/>\nResolu\u00e7\u00e3o de reposicionamento\uff1a0,02mm<br \/>\nMovimento X-Y\uff1aRack e pinh\u00e3o, transmiss\u00e3o por engrenagem\/Taiwan<br \/>\nMovimento Z\uff1aAcionamento por fuso de esferas\/Alemanha<br \/>\nGuia\uff1aLinear 20mm\/25mm quadrado\/Taiwan<br \/>\nPot\u00eancia do eixo: eixo de arrefecimento de 3,2 KW<br \/>\nVelocidade do eixo\uff1a24000rpm<br \/>\nPot\u00eancia do inversor\uff1a3.2KW Inovance<br \/>\nMotores de acionamento\uff1aServo Motor<br \/>\nTens\u00e3o de trabalho: 380V\/220V<\/p>","protected":false},"featured_media":5726,"template":"","meta":{"_seopress_robots_primary_cat":"none","_seopress_titles_title":"%%post_title%%","_seopress_titles_desc":"%%post_excerpt%%","_seopress_robots_index":"","_uag_custom_page_level_css":"","site-sidebar-layout":"default","site-content-layout":"","ast-site-content-layout":"default","site-content-style":"default","site-sidebar-style":"default","ast-global-header-display":"","ast-banner-title-visibility":"","ast-main-header-display":"","ast-hfb-above-header-display":"","ast-hfb-below-header-display":"","ast-hfb-mobile-header-display":"","site-post-title":"","ast-breadcrumbs-content":"","ast-featured-img":"","footer-sml-layout":"","theme-transparent-header-meta":"default","adv-header-id-meta":"","stick-header-meta":"default","header-above-stick-meta":"","header-main-stick-meta":"","header-below-stick-meta":"","astra-migrate-meta-layouts":"set","ast-page-background-enabled":"default","ast-page-background-meta":{"desktop":{"background-color":"","background-image":"","background-repeat":"repeat","background-position":"center center","background-size":"auto","background-attachment":"scroll","background-type":"","background-media":"","overlay-type":"","overlay-color":"","overlay-opacity":"","overlay-gradient":""},"tablet":{"background-color":"","background-image":"","background-repeat":"repeat","background-position":"center center","background-size":"auto","background-attachment":"scroll","background-type":"","background-media":"","overlay-type":"","overlay-color":"","overlay-opacity":"","overlay-gradient":""},"mobile":{"background-color":"","background-image":"","background-repeat":"repeat","background-position":"center center","background-size":"auto","background-attachment":"scroll","background-type":"","background-media":"","overlay-type":"","overlay-color":"","overlay-opacity":"","overlay-gradient":""}},"ast-content-background-meta":{"desktop":{"background-color":"var(--ast-global-color-5)","background-image":"","background-repeat":"repeat","background-position":"center center","background-size":"auto","background-attachment":"scroll","background-type":"","background-media":"","overlay-type":"","overlay-color":"","overlay-opacity":"","overlay-gradient":""},"tablet":{"background-color":"var(--ast-global-color-5)","background-image":"","background-repeat":"repeat","background-position":"center center","background-size":"auto","background-attachment":"scroll","background-type":"","background-media":"","overlay-type":"","overlay-color":"","overlay-opacity":"","overlay-gradient":""},"mobile":{"background-color":"var(--ast-global-color-5)","background-image":"","background-repeat":"repeat","background-position":"center center","background-size":"auto","background-attachment":"scroll","background-type":"","background-media":"","overlay-type":"","overlay-color":"","overlay-opacity":"","overlay-gradient":""}}},"product_brand":[],"product_cat":[87],"product_tag":[],"class_list":{"0":"post-5166","1":"product","2":"type-product","3":"status-publish","4":"has-post-thumbnail","6":"product_cat-wood-cnc-router","7":"desktop-align-left","8":"tablet-align-left","9":"mobile-align-left","10":"ast-product-gallery-layout-horizontal-slider","11":"ast-product-tabs-layout-horizontal","13":"first","14":"instock","15":"shipping-taxable","16":"product-type-simple"},"uagb_featured_image_src":{"full":["http:\/\/www.kamotec.net\/wp-content\/uploads\/2025\/11\/2-1.jpg",1000,1000,false],"thumbnail":["http:\/\/www.kamotec.net\/wp-content\/uploads\/2025\/11\/2-1-150x150.jpg",150,150,true],"medium":["http:\/\/www.kamotec.net\/wp-content\/uploads\/2025\/11\/2-1-300x300.jpg",300,300,true],"medium_large":["http:\/\/www.kamotec.net\/wp-content\/uploads\/2025\/11\/2-1-768x768.jpg",768,768,true],"large":["http:\/\/www.kamotec.net\/wp-content\/uploads\/2025\/11\/2-1.jpg",1000,1000,false],"1536x1536":["http:\/\/www.kamotec.net\/wp-content\/uploads\/2025\/11\/2-1.jpg",1000,1000,false],"2048x2048":["http:\/\/www.kamotec.net\/wp-content\/uploads\/2025\/11\/2-1.jpg",1000,1000,false],"trp-custom-language-flag":["http:\/\/www.kamotec.net\/wp-content\/uploads\/2025\/11\/2-1-12x12.jpg",12,12,true],"woocommerce_thumbnail":["http:\/\/www.kamotec.net\/wp-content\/uploads\/2025\/11\/2-1-300x300.jpg",300,300,true],"woocommerce_single":["http:\/\/www.kamotec.net\/wp-content\/uploads\/2025\/11\/2-1-600x600.jpg",600,600,true],"woocommerce_gallery_thumbnail":["http:\/\/www.kamotec.net\/wp-content\/uploads\/2025\/11\/2-1-100x100.jpg",100,100,true]},"uagb_author_info":{"display_name":"jinxing6611@gmail.com","author_link":"http:\/\/www.kamotec.net\/pt\/author\/"},"uagb_comment_info":0,"uagb_excerpt":"X-Y-Z axis working area\uff1a1300*2500*200mm Repositioning resolution\uff1a0.02mm X-Y movement\uff1aRack and pinion, gear drive\/Taiwan Z movement\uff1aBall screw drive\/Germany Guide\uff1aLinear 20mm\/25mm square\/Taiwan Spindle power\uff1a3.2 KW cooling spindle Spindle speed\uff1a24000rpm Inverter power\uff1a3.2KW Inovance Drive motors\uff1aServo Motor Working voltage\uff1a380V\/220V","_links":{"self":[{"href":"http:\/\/www.kamotec.net\/pt\/wp-json\/wp\/v2\/product\/5166","targetHints":{"allow":["GET"]}}],"collection":[{"href":"http:\/\/www.kamotec.net\/pt\/wp-json\/wp\/v2\/product"}],"about":[{"href":"http:\/\/www.kamotec.net\/pt\/wp-json\/wp\/v2\/types\/product"}],"wp:featuredmedia":[{"embeddable":true,"href":"http:\/\/www.kamotec.net\/pt\/wp-json\/wp\/v2\/media\/5726"}],"wp:attachment":[{"href":"http:\/\/www.kamotec.net\/pt\/wp-json\/wp\/v2\/media?parent=5166"}],"wp:term":[{"taxonomy":"product_brand","embeddable":true,"href":"http:\/\/www.kamotec.net\/pt\/wp-json\/wp\/v2\/product_brand?post=5166"},{"taxonomy":"product_cat","embeddable":true,"href":"http:\/\/www.kamotec.net\/pt\/wp-json\/wp\/v2\/product_cat?post=5166"},{"taxonomy":"product_tag","embeddable":true,"href":"http:\/\/www.kamotec.net\/pt\/wp-json\/wp\/v2\/product_tag?post=5166"}],"curies":[{"name":"wp","href":"https:\/\/api.w.org\/{rel}","templated":true}]}}