{"id":5130,"date":"2025-11-17T08:24:59","date_gmt":"2025-11-17T08:24:59","guid":{"rendered":"http:\/\/www.kamotec.net\/?post_type=product&#038;p=5130"},"modified":"2025-12-04T01:36:29","modified_gmt":"2025-12-04T01:36:29","slug":"km-1325-atc-cnc-router-with-loading-and-unloading-platform","status":"publish","type":"product","link":"http:\/\/www.kamotec.net\/pt\/produto\/km-1325-atc-cnc-router-with-loading-and-unloading-platform\/","title":{"rendered":"KM-1325 Router CNC ATC com plataforma de carga e descarga"},"content":{"rendered":"<div class=\"ast-oembed-container\" style=\"height: 100%;\"><iframe title=\"M\u00e1quina de fresar cnc 1325 atc\" width=\"500\" height=\"281\" src=\"https:\/\/www.youtube.com\/embed\/HWrQ9wU_Atg?feature=oembed\" frameborder=\"0\" allow=\"accelerometer; autoplay; clipboard-write; encrypted-media; gyroscope; picture-in-picture; web-share\" referrerpolicy=\"strict-origin-when-cross-origin\" allowfullscreen><\/iframe><\/div>\n<p><strong>Product Feature<\/strong><br \/>\n1. Perfura\u00e7\u00e3o: Adopta brocas de diferentes di\u00e2metros para fazer furos de diferentes tamanhos em v\u00e1rias placas.<br \/>\n2. Ranhuras: Com ferramentas adequadas para efetuar ranhuras ou ranhuras, tamb\u00e9m pode terminar ranhuras de juntas Clamex para Lamello.<br \/>\n3. Corte: Adequado para o corte de formas regulares e irregulares, tamb\u00e9m pode fazer arestas.<br \/>\n4. Fresagem: Adopta ferramentas de fresagem CNC de diferentes formas para obter designs bonitos.<br \/>\n5. Corte oco: Resolver a produ\u00e7\u00e3o de ecr\u00e3s esculpidos, placas de separa\u00e7\u00e3o ou outros produtos que necessitem de ser cortados em forma oca.<br \/>\n6. Escultura\/grava\u00e7\u00e3o: desenho de escultura 2D em madeira, comp\u00f3sito ou outras mat\u00e9rias-primas macias.<\/p>\n<p><img alt=\"\" fetchpriority=\"high\" decoding=\"async\" class=\"size-full wp-image-5151 aligncenter\" src=\"http:\/\/www.kamotec.net\/wp-content\/uploads\/2025\/11\/\u53ef\u5b9a\u5236\u8bbe\u5907.jpg\" width=\"750\" height=\"638\" srcset=\"http:\/\/www.kamotec.net\/wp-content\/uploads\/2025\/11\/\u53ef\u5b9a\u5236\u8bbe\u5907.jpg 750w, http:\/\/www.kamotec.net\/wp-content\/uploads\/2025\/11\/\u53ef\u5b9a\u5236\u8bbe\u5907-300x255.jpg 300w, http:\/\/www.kamotec.net\/wp-content\/uploads\/2025\/11\/\u53ef\u5b9a\u5236\u8bbe\u5907-600x510.jpg 600w, http:\/\/www.kamotec.net\/wp-content\/uploads\/2025\/11\/\u53ef\u5b9a\u5236\u8bbe\u5907-14x12.jpg 14w\" sizes=\"(max-width: 750px) 100vw, 750px\" \/><\/p>\n<p><img alt=\"\" decoding=\"async\" class=\"size-full wp-image-5923 aligncenter\" src=\"http:\/\/www.kamotec.net\/wp-content\/uploads\/2025\/11\/\u4e3b\u56fe6-2.jpg\" width=\"1000\" height=\"800\" srcset=\"http:\/\/www.kamotec.net\/wp-content\/uploads\/2025\/11\/\u4e3b\u56fe6-2.jpg 1000w, http:\/\/www.kamotec.net\/wp-content\/uploads\/2025\/11\/\u4e3b\u56fe6-2-300x240.jpg 300w, http:\/\/www.kamotec.net\/wp-content\/uploads\/2025\/11\/\u4e3b\u56fe6-2-768x614.jpg 768w, http:\/\/www.kamotec.net\/wp-content\/uploads\/2025\/11\/\u4e3b\u56fe6-2-15x12.jpg 15w, http:\/\/www.kamotec.net\/wp-content\/uploads\/2025\/11\/\u4e3b\u56fe6-2-600x480.jpg 600w\" sizes=\"(max-width: 1000px) 100vw, 1000px\" \/><\/p>\n<p><img alt=\"\" decoding=\"async\" class=\"size-full wp-image-5924 aligncenter\" src=\"http:\/\/www.kamotec.net\/wp-content\/uploads\/2025\/11\/\u4e3b\u56fe8-2.jpg\" width=\"1000\" height=\"800\" srcset=\"http:\/\/www.kamotec.net\/wp-content\/uploads\/2025\/11\/\u4e3b\u56fe8-2.jpg 1000w, http:\/\/www.kamotec.net\/wp-content\/uploads\/2025\/11\/\u4e3b\u56fe8-2-300x240.jpg 300w, http:\/\/www.kamotec.net\/wp-content\/uploads\/2025\/11\/\u4e3b\u56fe8-2-768x614.jpg 768w, http:\/\/www.kamotec.net\/wp-content\/uploads\/2025\/11\/\u4e3b\u56fe8-2-15x12.jpg 15w, http:\/\/www.kamotec.net\/wp-content\/uploads\/2025\/11\/\u4e3b\u56fe8-2-600x480.jpg 600w\" sizes=\"(max-width: 1000px) 100vw, 1000px\" \/><\/p>\n<p><img alt=\"\" loading=\"lazy\" decoding=\"async\" class=\"size-full wp-image-5925 aligncenter\" src=\"http:\/\/www.kamotec.net\/wp-content\/uploads\/2025\/11\/\u4e3b\u56fe14.jpg\" width=\"1000\" height=\"800\" srcset=\"http:\/\/www.kamotec.net\/wp-content\/uploads\/2025\/11\/\u4e3b\u56fe14.jpg 1000w, http:\/\/www.kamotec.net\/wp-content\/uploads\/2025\/11\/\u4e3b\u56fe14-300x240.jpg 300w, http:\/\/www.kamotec.net\/wp-content\/uploads\/2025\/11\/\u4e3b\u56fe14-768x614.jpg 768w, http:\/\/www.kamotec.net\/wp-content\/uploads\/2025\/11\/\u4e3b\u56fe14-15x12.jpg 15w, http:\/\/www.kamotec.net\/wp-content\/uploads\/2025\/11\/\u4e3b\u56fe14-600x480.jpg 600w\" sizes=\"(max-width: 1000px) 100vw, 1000px\" \/><\/p>\n<table>\n<tbody>\n<tr>\n<td width=\"174\">Modelo<\/td>\n<td width=\"392\">Router CNC KM-1325 ATC<\/td>\n<\/tr>\n<tr>\n<td width=\"174\">Tamanho m\u00e1ximo de trabalho<\/td>\n<td width=\"392\">1300x2500mm ou personalizado<\/td>\n<\/tr>\n<tr>\n<td width=\"174\">Fuso<\/td>\n<td width=\"392\">9,0KW Eixo ATC com arrefecimento a ar<\/td>\n<\/tr>\n<tr>\n<td width=\"174\">Quantidade de porta-ferramentas<\/td>\n<td width=\"392\">4\/6\/8\/12\/16 PE\u00c7AS<\/td>\n<\/tr>\n<tr>\n<td width=\"174\">Motor e condutor<\/td>\n<td width=\"392\">Servomotores e controladores Leadshine (Yaskawa \u00e9 opcional)<\/td>\n<\/tr>\n<tr>\n<td width=\"174\">Mesa de trabalho<\/td>\n<td width=\"392\">Mesa de trabalho de v\u00e1cuo com grelha de placa de PVC<\/td>\n<\/tr>\n<tr>\n<td width=\"174\">Sistema de controlo<\/td>\n<td width=\"392\">\u00a0LNC 2500 Sistema de controlo<\/td>\n<\/tr>\n<tr>\n<td width=\"174\">Bomba de v\u00e1cuo<\/td>\n<td width=\"392\">Bomba de v\u00e1cuo de 7,5KW<\/td>\n<\/tr>\n<tr>\n<td width=\"174\">Coletor de p\u00f3<\/td>\n<td width=\"392\">5,5kw Coletor de p\u00f3<\/td>\n<\/tr>\n<tr>\n<td width=\"174\">Tipo de transmiss\u00e3o<\/td>\n<td width=\"392\">Cremalheira do eixo X\/Y, parafuso de esferas do eixo Z. O eixo X\/Y\/Z adopta ambos os fusos de esferas como op\u00e7\u00e3o<\/td>\n<\/tr>\n<\/tbody>\n<\/table>\n<p>1. Introduzir uma nova gera\u00e7\u00e3o de sistema de controlo Kandy, fun\u00e7\u00e3o de prote\u00e7\u00e3o transfronteiri\u00e7a de processamento inteligente.<br \/>\n2. Toda a cama \u00e9 soldada e temperada por uma estrutura de a\u00e7o, que tem uma forte rigidez e n\u00e3o apresenta distor\u00e7\u00e3o.<br \/>\n3. Usando o eixo de troca de ferramentas de alta pot\u00eancia, a for\u00e7a de corte \u00e9 alta.<br \/>\n4. Grande arm\u00e1rio independente, opera\u00e7\u00e3o de teclado separada, simples e conveniente, f\u00e1cil de aprender.<br \/>\n<img alt=\"\" loading=\"lazy\" decoding=\"async\" class=\"wp-image-5132 size-full aligncenter\" src=\"http:\/\/www.kamotec.net\/wp-content\/uploads\/2025\/11\/WPS\u56fe\u72471-10.jpg\" width=\"750\" height=\"1132\" srcset=\"http:\/\/www.kamotec.net\/wp-content\/uploads\/2025\/11\/WPS\u56fe\u72471-10.jpg 750w, http:\/\/www.kamotec.net\/wp-content\/uploads\/2025\/11\/WPS\u56fe\u72471-10-300x453.jpg 300w, http:\/\/www.kamotec.net\/wp-content\/uploads\/2025\/11\/WPS\u56fe\u72471-10-600x906.jpg 600w, http:\/\/www.kamotec.net\/wp-content\/uploads\/2025\/11\/WPS\u56fe\u72471-10-199x300.jpg 199w, http:\/\/www.kamotec.net\/wp-content\/uploads\/2025\/11\/WPS\u56fe\u72471-10-678x1024.jpg 678w, http:\/\/www.kamotec.net\/wp-content\/uploads\/2025\/11\/WPS\u56fe\u72471-10-8x12.jpg 8w\" sizes=\"(max-width: 750px) 100vw, 750px\" \/><br \/>\n<img alt=\"\" loading=\"lazy\" decoding=\"async\" class=\"wp-image-5133 size-full aligncenter\" src=\"http:\/\/www.kamotec.net\/wp-content\/uploads\/2025\/11\/WPS\u56fe\u72472-5.jpg\" width=\"750\" height=\"612\" srcset=\"http:\/\/www.kamotec.net\/wp-content\/uploads\/2025\/11\/WPS\u56fe\u72472-5.jpg 750w, http:\/\/www.kamotec.net\/wp-content\/uploads\/2025\/11\/WPS\u56fe\u72472-5-300x245.jpg 300w, http:\/\/www.kamotec.net\/wp-content\/uploads\/2025\/11\/WPS\u56fe\u72472-5-600x490.jpg 600w, http:\/\/www.kamotec.net\/wp-content\/uploads\/2025\/11\/WPS\u56fe\u72472-5-15x12.jpg 15w\" sizes=\"(max-width: 750px) 100vw, 750px\" \/><br \/>\n<strong>Vantagem da m\u00e1quina<\/strong><br \/>\n1. Fun\u00e7\u00e3o ATC: mudan\u00e7a autom\u00e1tica de ferramentas, 12 ferramentas, poupando tempo de mudan\u00e7a de ferramentas.<br \/>\n<img alt=\"\" loading=\"lazy\" decoding=\"async\" class=\"size-full wp-image-5134 aligncenter\" src=\"http:\/\/www.kamotec.net\/wp-content\/uploads\/2025\/11\/WPS\u56fe\u72473-3.jpg\" width=\"750\" height=\"750\" srcset=\"http:\/\/www.kamotec.net\/wp-content\/uploads\/2025\/11\/WPS\u56fe\u72473-3.jpg 750w, http:\/\/www.kamotec.net\/wp-content\/uploads\/2025\/11\/WPS\u56fe\u72473-3-300x300.jpg 300w, http:\/\/www.kamotec.net\/wp-content\/uploads\/2025\/11\/WPS\u56fe\u72473-3-100x100.jpg 100w, http:\/\/www.kamotec.net\/wp-content\/uploads\/2025\/11\/WPS\u56fe\u72473-3-600x600.jpg 600w, http:\/\/www.kamotec.net\/wp-content\/uploads\/2025\/11\/WPS\u56fe\u72473-3-150x150.jpg 150w, http:\/\/www.kamotec.net\/wp-content\/uploads\/2025\/11\/WPS\u56fe\u72473-3-12x12.jpg 12w\" sizes=\"(max-width: 750px) 100vw, 750px\" \/><br \/>\n2. Estrutura da cama: Toda a cama \u00e9 soldada com estrutura de a\u00e7o, forte rigidez, sem deforma\u00e7\u00e3o.<br \/>\n<img alt=\"\" loading=\"lazy\" decoding=\"async\" class=\"size-full wp-image-5136 aligncenter\" src=\"http:\/\/www.kamotec.net\/wp-content\/uploads\/2025\/11\/WPS\u56fe\u72471-12.jpg\" width=\"750\" height=\"750\" srcset=\"http:\/\/www.kamotec.net\/wp-content\/uploads\/2025\/11\/WPS\u56fe\u72471-12.jpg 750w, http:\/\/www.kamotec.net\/wp-content\/uploads\/2025\/11\/WPS\u56fe\u72471-12-300x300.jpg 300w, http:\/\/www.kamotec.net\/wp-content\/uploads\/2025\/11\/WPS\u56fe\u72471-12-100x100.jpg 100w, http:\/\/www.kamotec.net\/wp-content\/uploads\/2025\/11\/WPS\u56fe\u72471-12-600x600.jpg 600w, http:\/\/www.kamotec.net\/wp-content\/uploads\/2025\/11\/WPS\u56fe\u72471-12-150x150.jpg 150w, http:\/\/www.kamotec.net\/wp-content\/uploads\/2025\/11\/WPS\u56fe\u72471-12-12x12.jpg 12w\" sizes=\"(max-width: 750px) 100vw, 750px\" \/><br \/>\n3. Servo motor e driver: Taiwan LNC servo motor e driver, alta velocidade e precis\u00e3o.<br \/>\n<img alt=\"\" loading=\"lazy\" decoding=\"async\" class=\"size-full wp-image-5137 aligncenter\" src=\"http:\/\/www.kamotec.net\/wp-content\/uploads\/2025\/11\/WPS\u56fe\u72471-13.jpg\" width=\"750\" height=\"750\" srcset=\"http:\/\/www.kamotec.net\/wp-content\/uploads\/2025\/11\/WPS\u56fe\u72471-13.jpg 750w, http:\/\/www.kamotec.net\/wp-content\/uploads\/2025\/11\/WPS\u56fe\u72471-13-300x300.jpg 300w, http:\/\/www.kamotec.net\/wp-content\/uploads\/2025\/11\/WPS\u56fe\u72471-13-100x100.jpg 100w, http:\/\/www.kamotec.net\/wp-content\/uploads\/2025\/11\/WPS\u56fe\u72471-13-600x600.jpg 600w, http:\/\/www.kamotec.net\/wp-content\/uploads\/2025\/11\/WPS\u56fe\u72471-13-150x150.jpg 150w, http:\/\/www.kamotec.net\/wp-content\/uploads\/2025\/11\/WPS\u56fe\u72471-13-12x12.jpg 12w\" sizes=\"(max-width: 750px) 100vw, 750px\" \/><br \/>\n4. Carril de guia: Trilho de guia quadrado de Taiwan, funcionando sem problemas, alta precis\u00e3o e longa vida \u00fatil.<br \/>\n<img alt=\"\" loading=\"lazy\" decoding=\"async\" class=\"size-full wp-image-5138 aligncenter\" src=\"http:\/\/www.kamotec.net\/wp-content\/uploads\/2025\/11\/WPS\u56fe\u72471-14.jpg\" width=\"750\" height=\"750\" srcset=\"http:\/\/www.kamotec.net\/wp-content\/uploads\/2025\/11\/WPS\u56fe\u72471-14.jpg 750w, http:\/\/www.kamotec.net\/wp-content\/uploads\/2025\/11\/WPS\u56fe\u72471-14-300x300.jpg 300w, http:\/\/www.kamotec.net\/wp-content\/uploads\/2025\/11\/WPS\u56fe\u72471-14-100x100.jpg 100w, http:\/\/www.kamotec.net\/wp-content\/uploads\/2025\/11\/WPS\u56fe\u72471-14-600x600.jpg 600w, http:\/\/www.kamotec.net\/wp-content\/uploads\/2025\/11\/WPS\u56fe\u72471-14-150x150.jpg 150w, http:\/\/www.kamotec.net\/wp-content\/uploads\/2025\/11\/WPS\u56fe\u72471-14-12x12.jpg 12w\" sizes=\"(max-width: 750px) 100vw, 750px\" \/><br \/>\n5. Mesa de v\u00e1cuo: Com um poderoso poder de absor\u00e7\u00e3o, assegura a planicidade da superf\u00edcie do material.<br \/>\n<img alt=\"\" loading=\"lazy\" decoding=\"async\" class=\"size-full wp-image-5139 aligncenter\" src=\"http:\/\/www.kamotec.net\/wp-content\/uploads\/2025\/11\/WPS\u56fe\u72471-15.jpg\" width=\"750\" height=\"750\" srcset=\"http:\/\/www.kamotec.net\/wp-content\/uploads\/2025\/11\/WPS\u56fe\u72471-15.jpg 750w, http:\/\/www.kamotec.net\/wp-content\/uploads\/2025\/11\/WPS\u56fe\u72471-15-300x300.jpg 300w, http:\/\/www.kamotec.net\/wp-content\/uploads\/2025\/11\/WPS\u56fe\u72471-15-100x100.jpg 100w, http:\/\/www.kamotec.net\/wp-content\/uploads\/2025\/11\/WPS\u56fe\u72471-15-600x600.jpg 600w, http:\/\/www.kamotec.net\/wp-content\/uploads\/2025\/11\/WPS\u56fe\u72471-15-150x150.jpg 150w, http:\/\/www.kamotec.net\/wp-content\/uploads\/2025\/11\/WPS\u56fe\u72471-15-12x12.jpg 12w\" sizes=\"(max-width: 750px) 100vw, 750px\" \/><br \/>\n6. Sistema autom\u00e1tico de enchimento de \u00f3leo: Lubrificar a parte da transmiss\u00e3o, melhorar a vida \u00fatil da m\u00e1quina.<\/p>","protected":false},"excerpt":{"rendered":"<p>Modelo\uff1aKM-1325 CNC Router ATC<br \/>\nTamanho m\u00e1ximo de trabalho: 1300x2500mm ou personalizado<br \/>\nEixo: 9.0KW Eixo ATC com arrefecimento a ar<br \/>\nQuantidade de porta-ferramentas: 4\/6\/8\/12\/16 PCS<br \/>\nMotor e controlador: Servomotores e controladores Leadshine (Yaskawa \u00e9 opcional)<br \/>\nMesa de trabalho: Mesa de trabalho de v\u00e1cuo de grade de placa de PVC<br \/>\nSistema de controlo\uff1aSistema de controlo LNC 2500<\/p>","protected":false},"featured_media":5745,"template":"","meta":{"_seopress_robots_primary_cat":"none","_seopress_titles_title":"%%post_title%%","_seopress_titles_desc":"%%post_excerpt%%","_seopress_robots_index":"","_uag_custom_page_level_css":"","site-sidebar-layout":"default","site-content-layout":"","ast-site-content-layout":"default","site-content-style":"default","site-sidebar-style":"default","ast-global-header-display":"","ast-banner-title-visibility":"","ast-main-header-display":"","ast-hfb-above-header-display":"","ast-hfb-below-header-display":"","ast-hfb-mobile-header-display":"","site-post-title":"","ast-breadcrumbs-content":"","ast-featured-img":"","footer-sml-layout":"","theme-transparent-header-meta":"default","adv-header-id-meta":"","stick-header-meta":"default","header-above-stick-meta":"","header-main-stick-meta":"","header-below-stick-meta":"","astra-migrate-meta-layouts":"set","ast-page-background-enabled":"default","ast-page-background-meta":{"desktop":{"background-color":"","background-image":"","background-repeat":"repeat","background-position":"center center","background-size":"auto","background-attachment":"scroll","background-type":"","background-media":"","overlay-type":"","overlay-color":"","overlay-opacity":"","overlay-gradient":""},"tablet":{"background-color":"","background-image":"","background-repeat":"repeat","background-position":"center center","background-size":"auto","background-attachment":"scroll","background-type":"","background-media":"","overlay-type":"","overlay-color":"","overlay-opacity":"","overlay-gradient":""},"mobile":{"background-color":"","background-image":"","background-repeat":"repeat","background-position":"center center","background-size":"auto","background-attachment":"scroll","background-type":"","background-media":"","overlay-type":"","overlay-color":"","overlay-opacity":"","overlay-gradient":""}},"ast-content-background-meta":{"desktop":{"background-color":"var(--ast-global-color-5)","background-image":"","background-repeat":"repeat","background-position":"center center","background-size":"auto","background-attachment":"scroll","background-type":"","background-media":"","overlay-type":"","overlay-color":"","overlay-opacity":"","overlay-gradient":""},"tablet":{"background-color":"var(--ast-global-color-5)","background-image":"","background-repeat":"repeat","background-position":"center center","background-size":"auto","background-attachment":"scroll","background-type":"","background-media":"","overlay-type":"","overlay-color":"","overlay-opacity":"","overlay-gradient":""},"mobile":{"background-color":"var(--ast-global-color-5)","background-image":"","background-repeat":"repeat","background-position":"center center","background-size":"auto","background-attachment":"scroll","background-type":"","background-media":"","overlay-type":"","overlay-color":"","overlay-opacity":"","overlay-gradient":""}}},"product_brand":[],"product_cat":[79],"product_tag":[],"class_list":{"0":"post-5130","1":"product","2":"type-product","3":"status-publish","4":"has-post-thumbnail","6":"product_cat-atc-cnc-router","7":"desktop-align-left","8":"tablet-align-left","9":"mobile-align-left","10":"ast-product-gallery-layout-horizontal-slider","11":"ast-product-tabs-layout-horizontal","13":"first","14":"instock","15":"shipping-taxable","16":"product-type-simple"},"uagb_featured_image_src":{"full":["http:\/\/www.kamotec.net\/wp-content\/uploads\/2025\/11\/\u672a\u6807\u9898-1-3.png",800,800,false],"thumbnail":["http:\/\/www.kamotec.net\/wp-content\/uploads\/2025\/11\/\u672a\u6807\u9898-1-3-150x150.png",150,150,true],"medium":["http:\/\/www.kamotec.net\/wp-content\/uploads\/2025\/11\/\u672a\u6807\u9898-1-3-300x300.png",300,300,true],"medium_large":["http:\/\/www.kamotec.net\/wp-content\/uploads\/2025\/11\/\u672a\u6807\u9898-1-3-768x768.png",768,768,true],"large":["http:\/\/www.kamotec.net\/wp-content\/uploads\/2025\/11\/\u672a\u6807\u9898-1-3.png",800,800,false],"1536x1536":["http:\/\/www.kamotec.net\/wp-content\/uploads\/2025\/11\/\u672a\u6807\u9898-1-3.png",800,800,false],"2048x2048":["http:\/\/www.kamotec.net\/wp-content\/uploads\/2025\/11\/\u672a\u6807\u9898-1-3.png",800,800,false],"trp-custom-language-flag":["http:\/\/www.kamotec.net\/wp-content\/uploads\/2025\/11\/\u672a\u6807\u9898-1-3-12x12.png",12,12,true],"woocommerce_thumbnail":["http:\/\/www.kamotec.net\/wp-content\/uploads\/2025\/11\/\u672a\u6807\u9898-1-3-300x300.png",300,300,true],"woocommerce_single":["http:\/\/www.kamotec.net\/wp-content\/uploads\/2025\/11\/\u672a\u6807\u9898-1-3-600x600.png",600,600,true],"woocommerce_gallery_thumbnail":["http:\/\/www.kamotec.net\/wp-content\/uploads\/2025\/11\/\u672a\u6807\u9898-1-3-100x100.png",100,100,true]},"uagb_author_info":{"display_name":"jinxing6611@gmail.com","author_link":"http:\/\/www.kamotec.net\/pt\/author\/"},"uagb_comment_info":0,"uagb_excerpt":"Model\uff1aKM-1325 ATC CNC Router Max. working size\uff1a1300x2500mm or\u00a0customized Spindle\uff1a9.0KW Air cooling ATC spindle Quantity of tool holder\uff1a4\/6\/8\/12\/16 PCS Motor and driver\uff1aLeadshine servo motors and drivers (Yaskawa is optional) Working table\uff1aPVC board grid vacuum working table Control system\uff1aLNC 2500 Control system","_links":{"self":[{"href":"http:\/\/www.kamotec.net\/pt\/wp-json\/wp\/v2\/product\/5130","targetHints":{"allow":["GET"]}}],"collection":[{"href":"http:\/\/www.kamotec.net\/pt\/wp-json\/wp\/v2\/product"}],"about":[{"href":"http:\/\/www.kamotec.net\/pt\/wp-json\/wp\/v2\/types\/product"}],"wp:featuredmedia":[{"embeddable":true,"href":"http:\/\/www.kamotec.net\/pt\/wp-json\/wp\/v2\/media\/5745"}],"wp:attachment":[{"href":"http:\/\/www.kamotec.net\/pt\/wp-json\/wp\/v2\/media?parent=5130"}],"wp:term":[{"taxonomy":"product_brand","embeddable":true,"href":"http:\/\/www.kamotec.net\/pt\/wp-json\/wp\/v2\/product_brand?post=5130"},{"taxonomy":"product_cat","embeddable":true,"href":"http:\/\/www.kamotec.net\/pt\/wp-json\/wp\/v2\/product_cat?post=5130"},{"taxonomy":"product_tag","embeddable":true,"href":"http:\/\/www.kamotec.net\/pt\/wp-json\/wp\/v2\/product_tag?post=5130"}],"curies":[{"name":"wp","href":"https:\/\/api.w.org\/{rel}","templated":true}]}}