{"id":5074,"date":"2025-11-14T09:46:12","date_gmt":"2025-11-14T09:46:12","guid":{"rendered":"http:\/\/www.kamotec.net\/?post_type=product&#038;p=5074"},"modified":"2025-12-04T02:09:01","modified_gmt":"2025-12-04T02:09:01","slug":"km-132a1-4-axis-cnc-router-with-rotary-axis","status":"publish","type":"product","link":"http:\/\/www.kamotec.net\/pt\/produto\/km-132a1-4-axis-cnc-router-with-rotary-axis\/","title":{"rendered":"KM-132A1 Router CNC de 4 eixos com eixo rotativo"},"content":{"rendered":"<div class=\"ast-oembed-container\" style=\"height: 100%;\"><iframe title=\"4 axis  wood cnc router machine from kamotec factory\" width=\"500\" height=\"281\" src=\"https:\/\/www.youtube.com\/embed\/wTpdbd5Hliw?feature=oembed\" frameborder=\"0\" allow=\"accelerometer; autoplay; clipboard-write; encrypted-media; gyroscope; picture-in-picture; web-share\" referrerpolicy=\"strict-origin-when-cross-origin\" allowfullscreen><\/iframe><\/div>\n<p>The application of the Rotary Axis CNC Router is cylindrical or 3D sculptures in stone, woodworking, advertising, metal, and other industries. We can build the Rotary Axis CNC Router. At the same time, the rotary shaft device can also be added on the standard CNC Router to realize the cylindrical engraving working. Thus, round material and flat material can be processed in one CNC Router. It will save a lot of time and improve high efficiency. The configuration can be changed according to the material of the product.<br \/>\nThe main products processed by this Rotary Axis CNC Router are Stair railings, solid cylinders, Roman columns, vases, Buddha statues, figures, avatars, classical picture frames, etc.<br \/>\n<img alt=\"\" fetchpriority=\"high\" decoding=\"async\" class=\"wp-image-5082 size-full aligncenter\" src=\"http:\/\/www.kamotec.net\/wp-content\/uploads\/2025\/11\/11-3.jpg\" width=\"1000\" height=\"800\" srcset=\"http:\/\/www.kamotec.net\/wp-content\/uploads\/2025\/11\/11-3.jpg 1000w, http:\/\/www.kamotec.net\/wp-content\/uploads\/2025\/11\/11-3-300x240.jpg 300w, http:\/\/www.kamotec.net\/wp-content\/uploads\/2025\/11\/11-3-600x480.jpg 600w, http:\/\/www.kamotec.net\/wp-content\/uploads\/2025\/11\/11-3-768x614.jpg 768w, http:\/\/www.kamotec.net\/wp-content\/uploads\/2025\/11\/11-3-15x12.jpg 15w\" sizes=\"(max-width: 1000px) 100vw, 1000px\" \/><\/p>\n<p><img alt=\"\" decoding=\"async\" class=\"size-full wp-image-5935 aligncenter\" src=\"http:\/\/www.kamotec.net\/wp-content\/uploads\/2025\/11\/14-18.jpg\" width=\"1000\" height=\"800\" srcset=\"http:\/\/www.kamotec.net\/wp-content\/uploads\/2025\/11\/14-18.jpg 1000w, http:\/\/www.kamotec.net\/wp-content\/uploads\/2025\/11\/14-18-300x240.jpg 300w, http:\/\/www.kamotec.net\/wp-content\/uploads\/2025\/11\/14-18-768x614.jpg 768w, http:\/\/www.kamotec.net\/wp-content\/uploads\/2025\/11\/14-18-15x12.jpg 15w, http:\/\/www.kamotec.net\/wp-content\/uploads\/2025\/11\/14-18-600x480.jpg 600w\" sizes=\"(max-width: 1000px) 100vw, 1000px\" \/><\/p>\n<p><img alt=\"\" decoding=\"async\" class=\"size-full wp-image-5936 aligncenter\" src=\"http:\/\/www.kamotec.net\/wp-content\/uploads\/2025\/11\/16-14.jpg\" width=\"1000\" height=\"800\" srcset=\"http:\/\/www.kamotec.net\/wp-content\/uploads\/2025\/11\/16-14.jpg 1000w, http:\/\/www.kamotec.net\/wp-content\/uploads\/2025\/11\/16-14-300x240.jpg 300w, http:\/\/www.kamotec.net\/wp-content\/uploads\/2025\/11\/16-14-768x614.jpg 768w, http:\/\/www.kamotec.net\/wp-content\/uploads\/2025\/11\/16-14-15x12.jpg 15w, http:\/\/www.kamotec.net\/wp-content\/uploads\/2025\/11\/16-14-600x480.jpg 600w\" sizes=\"(max-width: 1000px) 100vw, 1000px\" \/><br \/>\n1. Ball screw for Z axis .It&#8217;s stable running,precision and fast.<br \/>\n2. X,Y axis are gear rack,steady rate transmission,fast speed and high efficiency.<br \/>\n3. DSP control system with USB port,just need the handel to operate the machine,easy and convenient.<br \/>\n4. servo motors,powerful,precision and high efficiency.<br \/>\n5.This cnc router is installed the rotary at side of the machine body.So that no need to remove the rotary whenever you work on flat bed or rotary.You just need to move the spindle over flat or rotary each by the controller.It is easier to move it and save must time.<\/p>\n<p><img alt=\"\" loading=\"lazy\" decoding=\"async\" class=\"wp-image-5083 size-full aligncenter\" src=\"http:\/\/www.kamotec.net\/wp-content\/uploads\/2025\/11\/20-1.jpg\" width=\"1000\" height=\"800\" srcset=\"http:\/\/www.kamotec.net\/wp-content\/uploads\/2025\/11\/20-1.jpg 1000w, http:\/\/www.kamotec.net\/wp-content\/uploads\/2025\/11\/20-1-300x240.jpg 300w, http:\/\/www.kamotec.net\/wp-content\/uploads\/2025\/11\/20-1-600x480.jpg 600w, http:\/\/www.kamotec.net\/wp-content\/uploads\/2025\/11\/20-1-768x614.jpg 768w, http:\/\/www.kamotec.net\/wp-content\/uploads\/2025\/11\/20-1-15x12.jpg 15w\" sizes=\"(max-width: 1000px) 100vw, 1000px\" \/><\/p>\n<p><img alt=\"\" loading=\"lazy\" decoding=\"async\" class=\"size-full wp-image-5937 aligncenter\" src=\"http:\/\/www.kamotec.net\/wp-content\/uploads\/2025\/11\/18-6.jpg\" width=\"1000\" height=\"800\" srcset=\"http:\/\/www.kamotec.net\/wp-content\/uploads\/2025\/11\/18-6.jpg 1000w, http:\/\/www.kamotec.net\/wp-content\/uploads\/2025\/11\/18-6-300x240.jpg 300w, http:\/\/www.kamotec.net\/wp-content\/uploads\/2025\/11\/18-6-768x614.jpg 768w, http:\/\/www.kamotec.net\/wp-content\/uploads\/2025\/11\/18-6-15x12.jpg 15w, http:\/\/www.kamotec.net\/wp-content\/uploads\/2025\/11\/18-6-600x480.jpg 600w\" sizes=\"(max-width: 1000px) 100vw, 1000px\" \/><\/p>\n<p><img alt=\"\" loading=\"lazy\" decoding=\"async\" class=\"size-full wp-image-5938 aligncenter\" src=\"http:\/\/www.kamotec.net\/wp-content\/uploads\/2025\/11\/21-9.jpg\" width=\"1000\" height=\"800\" srcset=\"http:\/\/www.kamotec.net\/wp-content\/uploads\/2025\/11\/21-9.jpg 1000w, http:\/\/www.kamotec.net\/wp-content\/uploads\/2025\/11\/21-9-300x240.jpg 300w, http:\/\/www.kamotec.net\/wp-content\/uploads\/2025\/11\/21-9-768x614.jpg 768w, http:\/\/www.kamotec.net\/wp-content\/uploads\/2025\/11\/21-9-15x12.jpg 15w, http:\/\/www.kamotec.net\/wp-content\/uploads\/2025\/11\/21-9-600x480.jpg 600w\" sizes=\"(max-width: 1000px) 100vw, 1000px\" \/><\/p>\n<table>\n<tbody>\n<tr>\n<td>Modelo<\/td>\n<td>1325 M\u00e1quina de grava\u00e7\u00e3o em madeira<\/td>\n<\/tr>\n<tr>\n<td>XYZ Tamanho de trabalho<\/td>\n<td>1300*2500*200mm<\/td>\n<\/tr>\n<tr>\n<td>Dimens\u00f5es da m\u00e1quina<\/td>\n<td>2m (L) \u00d7 3,1m (C) \u00d7 1,5m (A)<\/td>\n<\/tr>\n<tr>\n<td>Superf\u00edcie da mesa<\/td>\n<td>Vacuum table+T-solt table<\/td>\n<\/tr>\n<tr>\n<td>Estrutura do quadro<\/td>\n<td>Estrutura de a\u00e7o com t\u00eampera a alta temperatura e revestimento anti-ferrugem<\/td>\n<\/tr>\n<tr>\n<td>Capacidade de carga<\/td>\n<td>2-3 toneladas<\/td>\n<\/tr>\n<tr>\n<td>Carris de guia<\/td>\n<td>Calhas quadradas de alta precis\u00e3o de 20 mm<\/td>\n<\/tr>\n<tr>\n<td>Transmiss\u00e3o<\/td>\n<td>Cremalheiras helicoidais + fusos de esferas 2505<\/td>\n<\/tr>\n<tr>\n<td>Precis\u00e3o de reposicionamento<\/td>\n<td>\u00b10,05mm<\/td>\n<\/tr>\n<tr>\n<td>Velocidade m\u00e1xima de trabalho<\/td>\n<td>8-15m\/min<\/td>\n<\/tr>\n<tr>\n<td>Motor de acionamento<\/td>\n<td>86BYG450B<\/td>\n<\/tr>\n<tr>\n<td>Sistema de controlo<\/td>\n<td>Sistema CNC WEIHONG<\/td>\n<\/tr>\n<tr>\n<td>Pot\u00eancia do fuso<\/td>\n<td>3,2kW (design triplo \u00e0 prova de \u00e1gua, poupan\u00e7a de energia)<\/td>\n<\/tr>\n<tr>\n<td>Inversor<\/td>\n<td>MELHOR<\/td>\n<\/tr>\n<tr>\n<td>Tens\u00e3o<\/td>\n<td>220V\/380V<\/td>\n<\/tr>\n<tr>\n<td>Caixa de ferramentas<\/td>\n<td>Ferramentas de grava\u00e7\u00e3o, software, biblioteca de padr\u00f5es, chaves, pin\u00e7as, reservat\u00f3rio de \u00e1gua<\/td>\n<\/tr>\n<tr>\n<td>Garantia<\/td>\n<td>Garantia total de 1 ano, manuten\u00e7\u00e3o vital\u00edcia<\/td>\n<\/tr>\n<tr>\n<td>Pe\u00e7as opcionais<\/td>\n<td>Rolo de press\u00e3o<\/td>\n<\/tr>\n<\/tbody>\n<\/table>\n<h5><img alt=\"\" loading=\"lazy\" decoding=\"async\" class=\"size-full wp-image-5084 aligncenter\" src=\"http:\/\/www.kamotec.net\/wp-content\/uploads\/2025\/11\/23.jpg\" width=\"1000\" height=\"800\" srcset=\"http:\/\/www.kamotec.net\/wp-content\/uploads\/2025\/11\/23.jpg 1000w, http:\/\/www.kamotec.net\/wp-content\/uploads\/2025\/11\/23-300x240.jpg 300w, http:\/\/www.kamotec.net\/wp-content\/uploads\/2025\/11\/23-600x480.jpg 600w, http:\/\/www.kamotec.net\/wp-content\/uploads\/2025\/11\/23-768x614.jpg 768w, http:\/\/www.kamotec.net\/wp-content\/uploads\/2025\/11\/23-15x12.jpg 15w\" sizes=\"(max-width: 1000px) 100vw, 1000px\" \/><\/h5>\n<h5>Applications\uff1a<\/h5>\n<p>1. trabalho da madeira: portas e m\u00f3veis de madeira, janelas, mesas e cadeiras, arm\u00e1rios e pain\u00e9is, placa ondulada 3D, MDF, secret\u00e1ria de computador, instrumentos musicais, etc<br \/>\n2. publicidade: cartaz, log\u00f3tipo, sinal, corte de caracteres 3D, corte de acr\u00edlico, canal LED\/neon, corte de furo literal, molde de caixa de luz, carimbo, molde, etc<br \/>\n3. ind\u00fastria de moldes: escultura de cobre, grava\u00e7\u00e3o de alum\u00ednio, moldes de metal, folhas de pl\u00e1stico, PVC, etc.<br \/>\n4. decora\u00e7\u00e3o: acr\u00edlico, placa de densidade, pedra artificial, vidro org\u00e2nico, metais macios como alum\u00ednio, cobre, etc.<\/p>\n<p><img alt=\"\" loading=\"lazy\" decoding=\"async\" class=\"size-full wp-image-5079 aligncenter\" src=\"http:\/\/www.kamotec.net\/wp-content\/uploads\/2025\/11\/WPS\u56fe\u72471-1.png\" width=\"1200\" height=\"740\" srcset=\"http:\/\/www.kamotec.net\/wp-content\/uploads\/2025\/11\/WPS\u56fe\u72471-1.png 1200w, http:\/\/www.kamotec.net\/wp-content\/uploads\/2025\/11\/WPS\u56fe\u72471-1-300x185.png 300w, http:\/\/www.kamotec.net\/wp-content\/uploads\/2025\/11\/WPS\u56fe\u72471-1-600x370.png 600w, http:\/\/www.kamotec.net\/wp-content\/uploads\/2025\/11\/WPS\u56fe\u72471-1-1024x631.png 1024w, http:\/\/www.kamotec.net\/wp-content\/uploads\/2025\/11\/WPS\u56fe\u72471-1-768x474.png 768w, http:\/\/www.kamotec.net\/wp-content\/uploads\/2025\/11\/WPS\u56fe\u72471-1-18x12.png 18w\" sizes=\"(max-width: 1200px) 100vw, 1200px\" \/><br \/>\n<img alt=\"\" loading=\"lazy\" decoding=\"async\" class=\"size-full wp-image-5080 aligncenter\" src=\"http:\/\/www.kamotec.net\/wp-content\/uploads\/2025\/11\/WPS\u56fe\u72472-2.jpg\" width=\"750\" height=\"499\" srcset=\"http:\/\/www.kamotec.net\/wp-content\/uploads\/2025\/11\/WPS\u56fe\u72472-2.jpg 750w, http:\/\/www.kamotec.net\/wp-content\/uploads\/2025\/11\/WPS\u56fe\u72472-2-300x200.jpg 300w, http:\/\/www.kamotec.net\/wp-content\/uploads\/2025\/11\/WPS\u56fe\u72472-2-600x399.jpg 600w, http:\/\/www.kamotec.net\/wp-content\/uploads\/2025\/11\/WPS\u56fe\u72472-2-18x12.jpg 18w\" sizes=\"(max-width: 750px) 100vw, 750px\" \/><br \/>\n<img alt=\"\" loading=\"lazy\" decoding=\"async\" class=\"size-full wp-image-5081 aligncenter\" src=\"http:\/\/www.kamotec.net\/wp-content\/uploads\/2025\/11\/WPS\u56fe\u72473.jpg\" width=\"750\" height=\"616\" srcset=\"http:\/\/www.kamotec.net\/wp-content\/uploads\/2025\/11\/WPS\u56fe\u72473.jpg 750w, http:\/\/www.kamotec.net\/wp-content\/uploads\/2025\/11\/WPS\u56fe\u72473-300x246.jpg 300w, http:\/\/www.kamotec.net\/wp-content\/uploads\/2025\/11\/WPS\u56fe\u72473-600x493.jpg 600w, http:\/\/www.kamotec.net\/wp-content\/uploads\/2025\/11\/WPS\u56fe\u72473-15x12.jpg 15w\" sizes=\"(max-width: 750px) 100vw, 750px\" \/><\/p>","protected":false},"excerpt":{"rendered":"<p>1. trabalho da madeira: portas e m\u00f3veis de madeira, janelas, mesas e cadeiras, arm\u00e1rios e pain\u00e9is, placa ondulada 3D, MDF, secret\u00e1ria de computador, instrumentos musicais, etc<br \/>\n2. publicidade: cartaz, log\u00f3tipo, sinal, corte de caracteres 3D, corte de acr\u00edlico, canal LED\/neon, corte de furo literal, molde de caixa de luz, carimbo, molde, etc<br \/>\n3. ind\u00fastria de moldes: escultura de cobre, grava\u00e7\u00e3o de alum\u00ednio, moldes de metal, folhas de pl\u00e1stico, PVC, etc.<br \/>\n4. decora\u00e7\u00e3o: acr\u00edlico, placa de densidade, pedra artificial, vidro org\u00e2nico, metais macios como alum\u00ednio, cobre, etc.<\/p>","protected":false},"featured_media":5786,"template":"","meta":{"_seopress_robots_primary_cat":"none","_seopress_titles_title":"%%post_title%%","_seopress_titles_desc":"%%post_excerpt%%","_seopress_robots_index":"","_uag_custom_page_level_css":"","site-sidebar-layout":"default","site-content-layout":"","ast-site-content-layout":"default","site-content-style":"default","site-sidebar-style":"default","ast-global-header-display":"","ast-banner-title-visibility":"","ast-main-header-display":"","ast-hfb-above-header-display":"","ast-hfb-below-header-display":"","ast-hfb-mobile-header-display":"","site-post-title":"","ast-breadcrumbs-content":"","ast-featured-img":"","footer-sml-layout":"","theme-transparent-header-meta":"default","adv-header-id-meta":"","stick-header-meta":"default","header-above-stick-meta":"","header-main-stick-meta":"","header-below-stick-meta":"","astra-migrate-meta-layouts":"set","ast-page-background-enabled":"default","ast-page-background-meta":{"desktop":{"background-color":"","background-image":"","background-repeat":"repeat","background-position":"center center","background-size":"auto","background-attachment":"scroll","background-type":"","background-media":"","overlay-type":"","overlay-color":"","overlay-opacity":"","overlay-gradient":""},"tablet":{"background-color":"","background-image":"","background-repeat":"repeat","background-position":"center center","background-size":"auto","background-attachment":"scroll","background-type":"","background-media":"","overlay-type":"","overlay-color":"","overlay-opacity":"","overlay-gradient":""},"mobile":{"background-color":"","background-image":"","background-repeat":"repeat","background-position":"center center","background-size":"auto","background-attachment":"scroll","background-type":"","background-media":"","overlay-type":"","overlay-color":"","overlay-opacity":"","overlay-gradient":""}},"ast-content-background-meta":{"desktop":{"background-color":"var(--ast-global-color-5)","background-image":"","background-repeat":"repeat","background-position":"center center","background-size":"auto","background-attachment":"scroll","background-type":"","background-media":"","overlay-type":"","overlay-color":"","overlay-opacity":"","overlay-gradient":""},"tablet":{"background-color":"var(--ast-global-color-5)","background-image":"","background-repeat":"repeat","background-position":"center center","background-size":"auto","background-attachment":"scroll","background-type":"","background-media":"","overlay-type":"","overlay-color":"","overlay-opacity":"","overlay-gradient":""},"mobile":{"background-color":"var(--ast-global-color-5)","background-image":"","background-repeat":"repeat","background-position":"center center","background-size":"auto","background-attachment":"scroll","background-type":"","background-media":"","overlay-type":"","overlay-color":"","overlay-opacity":"","overlay-gradient":""}}},"product_brand":[],"product_cat":[87],"product_tag":[],"class_list":{"0":"post-5074","1":"product","2":"type-product","3":"status-publish","4":"has-post-thumbnail","6":"product_cat-wood-cnc-router","7":"desktop-align-left","8":"tablet-align-left","9":"mobile-align-left","10":"ast-product-gallery-layout-horizontal-slider","11":"ast-product-tabs-layout-horizontal","13":"first","14":"instock","15":"shipping-taxable","16":"product-type-simple"},"uagb_featured_image_src":{"full":["http:\/\/www.kamotec.net\/wp-content\/uploads\/2025\/11\/3-5.jpg",1000,1000,false],"thumbnail":["http:\/\/www.kamotec.net\/wp-content\/uploads\/2025\/11\/3-5-150x150.jpg",150,150,true],"medium":["http:\/\/www.kamotec.net\/wp-content\/uploads\/2025\/11\/3-5-300x300.jpg",300,300,true],"medium_large":["http:\/\/www.kamotec.net\/wp-content\/uploads\/2025\/11\/3-5-768x768.jpg",768,768,true],"large":["http:\/\/www.kamotec.net\/wp-content\/uploads\/2025\/11\/3-5.jpg",1000,1000,false],"1536x1536":["http:\/\/www.kamotec.net\/wp-content\/uploads\/2025\/11\/3-5.jpg",1000,1000,false],"2048x2048":["http:\/\/www.kamotec.net\/wp-content\/uploads\/2025\/11\/3-5.jpg",1000,1000,false],"trp-custom-language-flag":["http:\/\/www.kamotec.net\/wp-content\/uploads\/2025\/11\/3-5-12x12.jpg",12,12,true],"woocommerce_thumbnail":["http:\/\/www.kamotec.net\/wp-content\/uploads\/2025\/11\/3-5-300x300.jpg",300,300,true],"woocommerce_single":["http:\/\/www.kamotec.net\/wp-content\/uploads\/2025\/11\/3-5-600x600.jpg",600,600,true],"woocommerce_gallery_thumbnail":["http:\/\/www.kamotec.net\/wp-content\/uploads\/2025\/11\/3-5-100x100.jpg",100,100,true]},"uagb_author_info":{"display_name":"jinxing6611@gmail.com","author_link":"http:\/\/www.kamotec.net\/pt\/author\/"},"uagb_comment_info":0,"uagb_excerpt":"1.Woodworking:wooden door and furniture, windows, tables and chairs,cabinets and panels, 3D wave plate,MDF,computer desk,musical instruments,etc 2.Advertising: billboard, logo, sign, 3D characters cutting, acrylic cutting, LED\/neon channel, literal-hole cut, lightbox mold, stamp,mould ,etc 3.Die industry: copper sculpture,aluminum engrave,metal molds,plastic sheeting,PVC ,etc. 4.Decoration:acrylic,density board,artificial stone,organic glass,soft metals like aluminum,copper, etc.","_links":{"self":[{"href":"http:\/\/www.kamotec.net\/pt\/wp-json\/wp\/v2\/product\/5074","targetHints":{"allow":["GET"]}}],"collection":[{"href":"http:\/\/www.kamotec.net\/pt\/wp-json\/wp\/v2\/product"}],"about":[{"href":"http:\/\/www.kamotec.net\/pt\/wp-json\/wp\/v2\/types\/product"}],"wp:featuredmedia":[{"embeddable":true,"href":"http:\/\/www.kamotec.net\/pt\/wp-json\/wp\/v2\/media\/5786"}],"wp:attachment":[{"href":"http:\/\/www.kamotec.net\/pt\/wp-json\/wp\/v2\/media?parent=5074"}],"wp:term":[{"taxonomy":"product_brand","embeddable":true,"href":"http:\/\/www.kamotec.net\/pt\/wp-json\/wp\/v2\/product_brand?post=5074"},{"taxonomy":"product_cat","embeddable":true,"href":"http:\/\/www.kamotec.net\/pt\/wp-json\/wp\/v2\/product_cat?post=5074"},{"taxonomy":"product_tag","embeddable":true,"href":"http:\/\/www.kamotec.net\/pt\/wp-json\/wp\/v2\/product_tag?post=5074"}],"curies":[{"name":"wp","href":"https:\/\/api.w.org\/{rel}","templated":true}]}}