{"id":5061,"date":"2025-11-14T09:30:26","date_gmt":"2025-11-14T09:30:26","guid":{"rendered":"http:\/\/www.kamotec.net\/?post_type=product&#038;p=5061"},"modified":"2025-12-04T02:50:01","modified_gmt":"2025-12-04T02:50:01","slug":"1500w-fiber-laser-cleaning-machine","status":"publish","type":"product","link":"http:\/\/www.kamotec.net\/pt\/produto\/1500w-fiber-laser-cleaning-machine\/","title":{"rendered":"M\u00e1quina de limpeza a laser de fibra 1500w"},"content":{"rendered":"<div class=\"ast-oembed-container\" style=\"height: 100%;\"><iframe title=\"1500w laser cleaning machine\" width=\"500\" height=\"281\" src=\"https:\/\/www.youtube.com\/embed\/_kjuiAfqqPE?feature=oembed\" frameborder=\"0\" allow=\"accelerometer; autoplay; clipboard-write; encrypted-media; gyroscope; picture-in-picture; web-share\" referrerpolicy=\"strict-origin-when-cross-origin\" allowfullscreen><\/iframe><\/div>\n<h4>carater\u00edstica do produto\uff1a<\/h4>\n<p>1. design port\u00e1til e de m\u00e3o: A m\u00e1quina de limpeza a laser para metal 1Kw 1.5Kw 2Kw 3000W possui um design port\u00e1til de f\u00e1cil utiliza\u00e7\u00e3o, tornando-a f\u00e1cil de operar e manusear em v\u00e1rias condi\u00e7\u00f5es de trabalho.<br \/>\n2. aplica\u00e7\u00f5es vers\u00e1teis: Adequado para v\u00e1rias ind\u00fastrias, incluindo lojas de materiais de constru\u00e7\u00e3o, constru\u00e7\u00e3o, energia e minera\u00e7\u00e3o, lojas de vestu\u00e1rio, uso dom\u00e9stico, lojas de repara\u00e7\u00e3o de m\u00e1quinas, f\u00e1bricas, impress\u00e3o, retalho e muito mais.<br \/>\n3. tecnologia avan\u00e7ada de laser de fibra: Equipada com um sistema de laser de fibra de alta qualidade, a m\u00e1quina garante uma limpeza de precis\u00e3o e a remo\u00e7\u00e3o de ferrugem em superf\u00edcies de metal, cobre, alum\u00ednio e a\u00e7o inoxid\u00e1vel.<br \/>\n4. robusto e fi\u00e1vel: A m\u00e1quina \u00e9 fornecida com uma cabe\u00e7a de laser profissional da marca RelFar e uma fonte de laser da marca RECI, garantindo um desempenho est\u00e1vel e uma vida \u00fatil duradoura.<br \/>\n5. garantia e suporte: A marca PSHINECNC oferece uma garantia de 3 anos para a m\u00e1quina e os componentes principais, apoiada por um suporte t\u00e9cnico profissional e uma localiza\u00e7\u00e3o de servi\u00e7o local. F\u00e1cil de utilizar, esta inovadora tecnologia de limpeza a laser prepara-o para o sucesso.<\/p>\n<p>&nbsp;<\/p>\n<p><img alt=\"\" fetchpriority=\"high\" decoding=\"async\" class=\"size-full wp-image-5943 aligncenter\" src=\"http:\/\/www.kamotec.net\/wp-content\/uploads\/2025\/11\/11-24.jpg\" width=\"1000\" height=\"800\" srcset=\"http:\/\/www.kamotec.net\/wp-content\/uploads\/2025\/11\/11-24.jpg 1000w, http:\/\/www.kamotec.net\/wp-content\/uploads\/2025\/11\/11-24-300x240.jpg 300w, http:\/\/www.kamotec.net\/wp-content\/uploads\/2025\/11\/11-24-768x614.jpg 768w, http:\/\/www.kamotec.net\/wp-content\/uploads\/2025\/11\/11-24-15x12.jpg 15w, http:\/\/www.kamotec.net\/wp-content\/uploads\/2025\/11\/11-24-600x480.jpg 600w\" sizes=\"(max-width: 1000px) 100vw, 1000px\" \/><\/p>\n<p><img alt=\"\" decoding=\"async\" class=\"size-full wp-image-5944 aligncenter\" src=\"http:\/\/www.kamotec.net\/wp-content\/uploads\/2025\/11\/12-18.jpg\" width=\"1000\" height=\"800\" srcset=\"http:\/\/www.kamotec.net\/wp-content\/uploads\/2025\/11\/12-18.jpg 1000w, http:\/\/www.kamotec.net\/wp-content\/uploads\/2025\/11\/12-18-300x240.jpg 300w, http:\/\/www.kamotec.net\/wp-content\/uploads\/2025\/11\/12-18-768x614.jpg 768w, http:\/\/www.kamotec.net\/wp-content\/uploads\/2025\/11\/12-18-15x12.jpg 15w, http:\/\/www.kamotec.net\/wp-content\/uploads\/2025\/11\/12-18-600x480.jpg 600w\" sizes=\"(max-width: 1000px) 100vw, 1000px\" \/><\/p>\n<p><img alt=\"\" decoding=\"async\" class=\"size-full wp-image-5945 aligncenter\" src=\"http:\/\/www.kamotec.net\/wp-content\/uploads\/2025\/11\/13-18.jpg\" width=\"1000\" height=\"800\" srcset=\"http:\/\/www.kamotec.net\/wp-content\/uploads\/2025\/11\/13-18.jpg 1000w, http:\/\/www.kamotec.net\/wp-content\/uploads\/2025\/11\/13-18-300x240.jpg 300w, http:\/\/www.kamotec.net\/wp-content\/uploads\/2025\/11\/13-18-768x614.jpg 768w, http:\/\/www.kamotec.net\/wp-content\/uploads\/2025\/11\/13-18-15x12.jpg 15w, http:\/\/www.kamotec.net\/wp-content\/uploads\/2025\/11\/13-18-600x480.jpg 600w\" sizes=\"(max-width: 1000px) 100vw, 1000px\" \/><\/p>\n<h4>Fun\u00e7\u00f5es do produto\uff1a<\/h4>\n<p>Soldadura: A m\u00e1quina de soldadura a laser tem uma velocidade de soldadura r\u00e1pida e melhora a efici\u00eancia da soldadura. Bom efeito de soldadura, melhora a taxa de rendimento. F\u00e1cil de operar, pessoas inexperientes podem aprender rapidamente como operar o equipamento em 5 minutos, economizando custos de m\u00e3o de obra para as f\u00e1bricas.<br \/>\nLimpeza de soldadura: A limpeza a laser pode n\u00e3o s\u00f3 remover a ferrugem, o \u00f3leo, o \u00f3xido e outras subst\u00e2ncias fixadas na superf\u00edcie do metal, mas tamb\u00e9m remover o p\u00f3, as impurezas e assim por diante. As soldas de a\u00e7o inoxid\u00e1vel podem ser tratadas eficientemente, incluindo o pr\u00e9-tratamento de soldadura, que \u00e9 eficiente e poupa tempo.<br \/>\nCorte: Alterar os par\u00e2metros no painel de controlo e escolher os bicos para o corte, a m\u00e1quina pode ser comutada para o modo de corte. \u00c9 capaz de cortar chapas met\u00e1licas finas com facilidade e rapidez, acelerando a efici\u00eancia da produ\u00e7\u00e3o.<br \/>\nLimpeza: A fun\u00e7\u00e3o de limpeza est\u00e1 dispon\u00edvel substituindo a frente da cabe\u00e7a do laser e mudando o painel de controlo para o modo de limpeza. A limpeza a laser pode remover rapidamente a ferrugem das superf\u00edcies met\u00e1licas e as f\u00e1bricas que processam a\u00e7o-carbono utilizam frequentemente esta fun\u00e7\u00e3o. <img alt=\"\" loading=\"lazy\" decoding=\"async\" class=\"size-full wp-image-5947 aligncenter\" src=\"http:\/\/www.kamotec.net\/wp-content\/uploads\/2025\/11\/18-7.jpg\" width=\"1000\" height=\"800\" srcset=\"http:\/\/www.kamotec.net\/wp-content\/uploads\/2025\/11\/18-7.jpg 1000w, http:\/\/www.kamotec.net\/wp-content\/uploads\/2025\/11\/18-7-300x240.jpg 300w, http:\/\/www.kamotec.net\/wp-content\/uploads\/2025\/11\/18-7-768x614.jpg 768w, http:\/\/www.kamotec.net\/wp-content\/uploads\/2025\/11\/18-7-15x12.jpg 15w, http:\/\/www.kamotec.net\/wp-content\/uploads\/2025\/11\/18-7-600x480.jpg 600w\" sizes=\"(max-width: 1000px) 100vw, 1000px\" \/><\/p>\n<p><img alt=\"\" loading=\"lazy\" decoding=\"async\" class=\"size-full wp-image-5950 aligncenter\" src=\"http:\/\/www.kamotec.net\/wp-content\/uploads\/2025\/11\/10.jpg\" width=\"800\" height=\"800\" srcset=\"http:\/\/www.kamotec.net\/wp-content\/uploads\/2025\/11\/10.jpg 800w, http:\/\/www.kamotec.net\/wp-content\/uploads\/2025\/11\/10-300x300.jpg 300w, http:\/\/www.kamotec.net\/wp-content\/uploads\/2025\/11\/10-150x150.jpg 150w, http:\/\/www.kamotec.net\/wp-content\/uploads\/2025\/11\/10-768x768.jpg 768w, http:\/\/www.kamotec.net\/wp-content\/uploads\/2025\/11\/10-12x12.jpg 12w, http:\/\/www.kamotec.net\/wp-content\/uploads\/2025\/11\/10-600x600.jpg 600w, http:\/\/www.kamotec.net\/wp-content\/uploads\/2025\/11\/10-100x100.jpg 100w\" sizes=\"(max-width: 800px) 100vw, 800px\" \/><\/p>\n<p><img alt=\"\" loading=\"lazy\" decoding=\"async\" class=\"size-full wp-image-5949 aligncenter\" src=\"http:\/\/www.kamotec.net\/wp-content\/uploads\/2025\/11\/9.jpg\" width=\"800\" height=\"800\" srcset=\"http:\/\/www.kamotec.net\/wp-content\/uploads\/2025\/11\/9.jpg 800w, http:\/\/www.kamotec.net\/wp-content\/uploads\/2025\/11\/9-300x300.jpg 300w, http:\/\/www.kamotec.net\/wp-content\/uploads\/2025\/11\/9-150x150.jpg 150w, http:\/\/www.kamotec.net\/wp-content\/uploads\/2025\/11\/9-768x768.jpg 768w, http:\/\/www.kamotec.net\/wp-content\/uploads\/2025\/11\/9-12x12.jpg 12w, http:\/\/www.kamotec.net\/wp-content\/uploads\/2025\/11\/9-600x600.jpg 600w, http:\/\/www.kamotec.net\/wp-content\/uploads\/2025\/11\/9-100x100.jpg 100w\" sizes=\"(max-width: 800px) 100vw, 800px\" \/><\/p>\n<table>\n<tbody>\n<tr>\n<td width=\"275\"><strong><b>Nome do produto<\/b><\/strong><\/td>\n<td>M\u00e1quina de soldadura a laser port\u00e1til<\/td>\n<\/tr>\n<tr>\n<td width=\"275\"><strong><b>Tipo de laser<\/b><\/strong><\/td>\n<td>Laser de fibra<\/td>\n<\/tr>\n<tr>\n<td width=\"275\"><strong><b>Fonte de laser<\/b><\/strong><\/td>\n<td>Raycus\/MAX\/JPT\/GW<\/td>\n<\/tr>\n<tr>\n<td width=\"275\"><strong><b>Pot\u00eancia laser<\/b><\/strong><\/td>\n<td>1000W\/1500W<\/td>\n<\/tr>\n<tr>\n<td width=\"275\"><strong><b>Largura de soldadura<\/b><\/strong><\/td>\n<td>0,5-6 mm<\/td>\n<\/tr>\n<tr>\n<td width=\"275\"><strong><b>Comprimento de onda do laser<\/b><\/strong><\/td>\n<td>1080nm<\/td>\n<\/tr>\n<tr>\n<td width=\"275\"><strong><b>Frequ\u00eancia<\/b><\/strong><\/td>\n<td>50~20khz<\/td>\n<\/tr>\n<tr>\n<td width=\"275\"><strong><b>Sintoniza\u00e7\u00e3o da pot\u00eancia de sa\u00edda<\/b><\/strong><\/td>\n<td>10-100%<\/td>\n<\/tr>\n<tr>\n<td width=\"275\"><strong><b>Comprimento do laser de fibra \u00f3tica<\/b><\/strong><\/td>\n<td>3M\/10M\/Personalizado<\/td>\n<\/tr>\n<tr>\n<td width=\"275\"><strong><b>M\u00e9todo de sa\u00edda<\/b><\/strong><\/td>\n<td>IQB\/QBH<\/td>\n<\/tr>\n<tr>\n<td width=\"275\"><strong><b>Modo de arrefecimento<\/b><\/strong><\/td>\n<td>Refrigerador incorporado com arrefecimento a \u00e1gua<\/td>\n<\/tr>\n<tr>\n<td width=\"275\"><strong><b>Cabe\u00e7a de laser<\/b><\/strong><\/td>\n<td>QiLin\/Chaoqiang\/RUIDA\/Outros<\/td>\n<\/tr>\n<tr>\n<td width=\"275\"><strong><b>Sistema laser<\/b><\/strong><\/td>\n<td>QiLin\/Chaoqiang\/RUIDA\/Outros<\/td>\n<\/tr>\n<tr>\n<td width=\"275\"><strong><b>Gama de velocidades de soldadura<\/b><\/strong><\/td>\n<td>0~120mm\/s<\/td>\n<\/tr>\n<tr>\n<td width=\"275\"><strong><b>Tamanho da mancha<\/b><\/strong><\/td>\n<td>\u03a60.2-1.8mm<\/td>\n<\/tr>\n<tr>\n<td width=\"275\"><strong><b>Tens\u00e3o<\/b><\/strong><\/td>\n<td>220V\/380V\/Personalizado<\/td>\n<\/tr>\n<tr>\n<td width=\"275\"><strong><b>Requisitos do ambiente de trabalho<\/b><\/strong><\/td>\n<td>0\u2103~40\u2103, humidade\ufe6485%<\/td>\n<\/tr>\n<\/tbody>\n<\/table>\n<p><img alt=\"\" loading=\"lazy\" decoding=\"async\" class=\"size-full wp-image-5063 aligncenter\" src=\"http:\/\/www.kamotec.net\/wp-content\/uploads\/2025\/11\/WPS\u56fe\u72471-7.jpg\" width=\"1000\" height=\"1149\" srcset=\"http:\/\/www.kamotec.net\/wp-content\/uploads\/2025\/11\/WPS\u56fe\u72471-7.jpg 1000w, http:\/\/www.kamotec.net\/wp-content\/uploads\/2025\/11\/WPS\u56fe\u72471-7-300x345.jpg 300w, http:\/\/www.kamotec.net\/wp-content\/uploads\/2025\/11\/WPS\u56fe\u72471-7-600x689.jpg 600w, http:\/\/www.kamotec.net\/wp-content\/uploads\/2025\/11\/WPS\u56fe\u72471-7-261x300.jpg 261w, http:\/\/www.kamotec.net\/wp-content\/uploads\/2025\/11\/WPS\u56fe\u72471-7-891x1024.jpg 891w, http:\/\/www.kamotec.net\/wp-content\/uploads\/2025\/11\/WPS\u56fe\u72471-7-768x882.jpg 768w, http:\/\/www.kamotec.net\/wp-content\/uploads\/2025\/11\/WPS\u56fe\u72471-7-10x12.jpg 10w\" sizes=\"(max-width: 1000px) 100vw, 1000px\" \/><\/p>\n<p><img alt=\"\" loading=\"lazy\" decoding=\"async\" class=\"size-full wp-image-5064 aligncenter\" src=\"http:\/\/www.kamotec.net\/wp-content\/uploads\/2025\/11\/WPS\u56fe\u72472-1.jpg\" width=\"743\" height=\"996\" srcset=\"http:\/\/www.kamotec.net\/wp-content\/uploads\/2025\/11\/WPS\u56fe\u72472-1.jpg 743w, http:\/\/www.kamotec.net\/wp-content\/uploads\/2025\/11\/WPS\u56fe\u72472-1-300x402.jpg 300w, http:\/\/www.kamotec.net\/wp-content\/uploads\/2025\/11\/WPS\u56fe\u72472-1-600x804.jpg 600w, http:\/\/www.kamotec.net\/wp-content\/uploads\/2025\/11\/WPS\u56fe\u72472-1-224x300.jpg 224w, http:\/\/www.kamotec.net\/wp-content\/uploads\/2025\/11\/WPS\u56fe\u72472-1-9x12.jpg 9w\" sizes=\"(max-width: 743px) 100vw, 743px\" \/><\/p>\n<p>&nbsp;<\/p>\n<p>&nbsp;<\/p>","protected":false},"excerpt":{"rendered":"<p>A m\u00e1quina de limpeza a laser pode remover eficazmente resina, manchas de \u00f3leo, manchas, sujidade, ferrugem, revestimento, chapeamento e tinta na superf\u00edcie da pe\u00e7a de trabalho, satisfazendo os requisitos de limpeza de formas complexas e posicionamento fino no campo de processamento industrial, alcan\u00e7ando um efeito de limpeza mais limpo com maior limpeza.<\/p>","protected":false},"featured_media":5776,"template":"","meta":{"_seopress_robots_primary_cat":"none","_seopress_titles_title":"%%post_title%%","_seopress_titles_desc":"%%post_excerpt%%","_seopress_robots_index":"","_uag_custom_page_level_css":"","site-sidebar-layout":"default","site-content-layout":"","ast-site-content-layout":"default","site-content-style":"default","site-sidebar-style":"default","ast-global-header-display":"","ast-banner-title-visibility":"","ast-main-header-display":"","ast-hfb-above-header-display":"","ast-hfb-below-header-display":"","ast-hfb-mobile-header-display":"","site-post-title":"","ast-breadcrumbs-content":"","ast-featured-img":"","footer-sml-layout":"","theme-transparent-header-meta":"default","adv-header-id-meta":"","stick-header-meta":"default","header-above-stick-meta":"","header-main-stick-meta":"","header-below-stick-meta":"","astra-migrate-meta-layouts":"set","ast-page-background-enabled":"default","ast-page-background-meta":{"desktop":{"background-color":"","background-image":"","background-repeat":"repeat","background-position":"center center","background-size":"auto","background-attachment":"scroll","background-type":"","background-media":"","overlay-type":"","overlay-color":"","overlay-opacity":"","overlay-gradient":""},"tablet":{"background-color":"","background-image":"","background-repeat":"repeat","background-position":"center center","background-size":"auto","background-attachment":"scroll","background-type":"","background-media":"","overlay-type":"","overlay-color":"","overlay-opacity":"","overlay-gradient":""},"mobile":{"background-color":"","background-image":"","background-repeat":"repeat","background-position":"center center","background-size":"auto","background-attachment":"scroll","background-type":"","background-media":"","overlay-type":"","overlay-color":"","overlay-opacity":"","overlay-gradient":""}},"ast-content-background-meta":{"desktop":{"background-color":"var(--ast-global-color-5)","background-image":"","background-repeat":"repeat","background-position":"center center","background-size":"auto","background-attachment":"scroll","background-type":"","background-media":"","overlay-type":"","overlay-color":"","overlay-opacity":"","overlay-gradient":""},"tablet":{"background-color":"var(--ast-global-color-5)","background-image":"","background-repeat":"repeat","background-position":"center center","background-size":"auto","background-attachment":"scroll","background-type":"","background-media":"","overlay-type":"","overlay-color":"","overlay-opacity":"","overlay-gradient":""},"mobile":{"background-color":"var(--ast-global-color-5)","background-image":"","background-repeat":"repeat","background-position":"center center","background-size":"auto","background-attachment":"scroll","background-type":"","background-media":"","overlay-type":"","overlay-color":"","overlay-opacity":"","overlay-gradient":""}}},"product_brand":[],"product_cat":[86],"product_tag":[],"class_list":{"0":"post-5061","1":"product","2":"type-product","3":"status-publish","4":"has-post-thumbnail","6":"product_cat-fiber-laser-cleaning-machine","7":"desktop-align-left","8":"tablet-align-left","9":"mobile-align-left","10":"ast-product-gallery-layout-horizontal-slider","11":"ast-product-tabs-layout-horizontal","13":"first","14":"instock","15":"shipping-taxable","16":"product-type-simple"},"uagb_featured_image_src":{"full":["http:\/\/www.kamotec.net\/wp-content\/uploads\/2025\/11\/1-4.jpg",1000,1000,false],"thumbnail":["http:\/\/www.kamotec.net\/wp-content\/uploads\/2025\/11\/1-4-150x150.jpg",150,150,true],"medium":["http:\/\/www.kamotec.net\/wp-content\/uploads\/2025\/11\/1-4-300x300.jpg",300,300,true],"medium_large":["http:\/\/www.kamotec.net\/wp-content\/uploads\/2025\/11\/1-4-768x768.jpg",768,768,true],"large":["http:\/\/www.kamotec.net\/wp-content\/uploads\/2025\/11\/1-4.jpg",1000,1000,false],"1536x1536":["http:\/\/www.kamotec.net\/wp-content\/uploads\/2025\/11\/1-4.jpg",1000,1000,false],"2048x2048":["http:\/\/www.kamotec.net\/wp-content\/uploads\/2025\/11\/1-4.jpg",1000,1000,false],"trp-custom-language-flag":["http:\/\/www.kamotec.net\/wp-content\/uploads\/2025\/11\/1-4-12x12.jpg",12,12,true],"woocommerce_thumbnail":["http:\/\/www.kamotec.net\/wp-content\/uploads\/2025\/11\/1-4-300x300.jpg",300,300,true],"woocommerce_single":["http:\/\/www.kamotec.net\/wp-content\/uploads\/2025\/11\/1-4-600x600.jpg",600,600,true],"woocommerce_gallery_thumbnail":["http:\/\/www.kamotec.net\/wp-content\/uploads\/2025\/11\/1-4-100x100.jpg",100,100,true]},"uagb_author_info":{"display_name":"jinxing6611@gmail.com","author_link":"http:\/\/www.kamotec.net\/pt\/author\/"},"uagb_comment_info":0,"uagb_excerpt":"The laser cleaning machine can efficiently remove resin, oil stains, stains, dirt, rust, coating, plating, and paint on the surface of the work piece, meeting the cleaning requirements of complex shapes and fine positioning in the industrial processing field, achieving a cleaner cleaning effect with higher cleanliness.","_links":{"self":[{"href":"http:\/\/www.kamotec.net\/pt\/wp-json\/wp\/v2\/product\/5061","targetHints":{"allow":["GET"]}}],"collection":[{"href":"http:\/\/www.kamotec.net\/pt\/wp-json\/wp\/v2\/product"}],"about":[{"href":"http:\/\/www.kamotec.net\/pt\/wp-json\/wp\/v2\/types\/product"}],"wp:featuredmedia":[{"embeddable":true,"href":"http:\/\/www.kamotec.net\/pt\/wp-json\/wp\/v2\/media\/5776"}],"wp:attachment":[{"href":"http:\/\/www.kamotec.net\/pt\/wp-json\/wp\/v2\/media?parent=5061"}],"wp:term":[{"taxonomy":"product_brand","embeddable":true,"href":"http:\/\/www.kamotec.net\/pt\/wp-json\/wp\/v2\/product_brand?post=5061"},{"taxonomy":"product_cat","embeddable":true,"href":"http:\/\/www.kamotec.net\/pt\/wp-json\/wp\/v2\/product_cat?post=5061"},{"taxonomy":"product_tag","embeddable":true,"href":"http:\/\/www.kamotec.net\/pt\/wp-json\/wp\/v2\/product_tag?post=5061"}],"curies":[{"name":"wp","href":"https:\/\/api.w.org\/{rel}","templated":true}]}}