{"id":5036,"date":"2025-11-14T09:01:48","date_gmt":"2025-11-14T09:01:48","guid":{"rendered":"http:\/\/www.kamotec.net\/?post_type=product&#038;p=5036"},"modified":"2025-12-04T02:53:59","modified_gmt":"2025-12-04T02:53:59","slug":"km-3015-1500w-fiber-laser-cutting-machine","status":"publish","type":"product","link":"http:\/\/www.kamotec.net\/pt\/produto\/km-3015-1500w-fiber-laser-cutting-machine\/","title":{"rendered":"M\u00e1quina de corte a laser de fibra KM-3015 1500W"},"content":{"rendered":"<div class=\"ast-oembed-container\" style=\"height: 100%;\"><iframe title=\"M\u00e1quina de corte a laser de fibra\" width=\"500\" height=\"281\" src=\"https:\/\/www.youtube.com\/embed\/rd8PHEY7B70?feature=oembed\" frameborder=\"0\" allow=\"accelerometer; autoplay; clipboard-write; encrypted-media; gyroscope; picture-in-picture; web-share\" referrerpolicy=\"strict-origin-when-cross-origin\" allowfullscreen><\/iframe><\/div>\n<p><strong><b>Material de aplica\u00e7\u00e3o<\/b><\/strong><br \/>\nTodos os materiais met\u00e1licos, tais como a\u00e7o de alto carbono, a\u00e7o de baixo carbono, a\u00e7o inoxid\u00e1vel, liga de alum\u00ednio, lat\u00e3o, chapa decapada, chapa galvanizada, chapa de a\u00e7o sil\u00edcio, chapa electrol\u00edtica, liga de tit\u00e2nio, liga de mangan\u00eas, chapa de n\u00edquel, etc.<\/p>\n<table>\n<tbody>\n<tr>\n<td>\u00c1rea de trabalho (para painel)<\/td>\n<td>1500x3000mm<\/td>\n<\/tr>\n<tr>\n<td>Gama de fixa\u00e7\u00e3o do di\u00e2metro do tubo<\/td>\n<td>Tubo quadrado e tubo redondo: 20mm~240mm<\/td>\n<\/tr>\n<tr>\n<td>Comprimento de onda do laser<\/td>\n<td>1060-1080 nm<\/td>\n<\/tr>\n<tr>\n<td>Acelera\u00e7\u00e3o m\u00e1xima<\/td>\n<td>1.5G<\/td>\n<\/tr>\n<tr>\n<td>Velocidade m\u00e1xima de corte de tubos<\/td>\n<td>75r\/min<\/td>\n<\/tr>\n<tr>\n<td>Comprimento m\u00e1ximo do tubo<\/td>\n<td>3000mm<\/td>\n<\/tr>\n<tr>\n<td>Rolamento do mandril de corte de tubos<\/td>\n<td>300 kg<\/td>\n<\/tr>\n<tr>\n<td>precis\u00e3o de posicionamento<\/td>\n<td>0,05 mm<\/td>\n<\/tr>\n<tr>\n<td>repetibilidade<\/td>\n<td>\u00b10,03mm<\/td>\n<\/tr>\n<tr>\n<td>Tens\u00e3o de funcionamento<\/td>\n<td>380V 3P 50Hz<\/td>\n<\/tr>\n<tr>\n<td>Pot\u00eancia laser<\/td>\n<td>1000W\/1500W\/2000W\/3000W\/4000W\/6000W\/10000W etc.<\/td>\n<\/tr>\n<tr>\n<td>Cabe\u00e7a de corte a laser de fibra<\/td>\n<td>Raytools<\/td>\n<\/tr>\n<tr>\n<td>Cama de m\u00e1quina, tratamento de envelhecimento<\/td>\n<td>Ledio<\/td>\n<\/tr>\n<tr>\n<td>Engrenagem e cremalheira do eixo X\u3001Y<\/td>\n<td>TAIWAN YYC<\/td>\n<\/tr>\n<tr>\n<td>Guia de revestimento quadrado<\/td>\n<td>PMI TAIWAN<\/td>\n<\/tr>\n<tr>\n<td>Condutor e motor<\/td>\n<td>Jap\u00e3o Fuji<\/td>\n<\/tr>\n<tr>\n<td>Redutor<\/td>\n<td>Jap\u00e3o Shimpo<\/td>\n<\/tr>\n<tr>\n<td>Sistema de controlo (incluindo software)<\/td>\n<td>Sistema de controlo CYPCUT<\/td>\n<\/tr>\n<\/tbody>\n<\/table>\n<p><img alt=\"\" fetchpriority=\"high\" decoding=\"async\" class=\"size-full wp-image-5037 aligncenter\" src=\"http:\/\/www.kamotec.net\/wp-content\/uploads\/2025\/11\/WPS\u56fe\u72471-1.jpg\" width=\"800\" height=\"786\" srcset=\"http:\/\/www.kamotec.net\/wp-content\/uploads\/2025\/11\/WPS\u56fe\u72471-1.jpg 800w, http:\/\/www.kamotec.net\/wp-content\/uploads\/2025\/11\/WPS\u56fe\u72471-1-300x295.jpg 300w, http:\/\/www.kamotec.net\/wp-content\/uploads\/2025\/11\/WPS\u56fe\u72471-1-600x590.jpg 600w, http:\/\/www.kamotec.net\/wp-content\/uploads\/2025\/11\/WPS\u56fe\u72471-1-768x755.jpg 768w, http:\/\/www.kamotec.net\/wp-content\/uploads\/2025\/11\/WPS\u56fe\u72471-1-12x12.jpg 12w\" sizes=\"(max-width: 800px) 100vw, 800px\" \/><\/p>\n<h5><strong>Detalhes do produto<\/strong><\/h5>\n<p><strong><b>1\u3001<\/b><\/strong><strong><b>Cabe\u00e7a de corte<\/b><\/strong><br \/>\nAdo\u00e7\u00e3o de uma marca famosa, fi\u00e1vel e est\u00e1vel. O interior da cabe\u00e7a do laser \u00e9 totalmente selado para evitar que a parte \u00f3tica seja contaminada por poeira. A efici\u00eancia de perfura\u00e7\u00e3o \u00e9 muito melhorada. Alta precis\u00e3o e f\u00e1cil manuten\u00e7\u00e3o.<br \/>\n<img alt=\"\" decoding=\"async\" class=\"size-full wp-image-5038 aligncenter\" src=\"http:\/\/www.kamotec.net\/wp-content\/uploads\/2025\/11\/\u56fe\u72471.jpg\" width=\"1000\" height=\"800\" srcset=\"http:\/\/www.kamotec.net\/wp-content\/uploads\/2025\/11\/\u56fe\u72471.jpg 1000w, http:\/\/www.kamotec.net\/wp-content\/uploads\/2025\/11\/\u56fe\u72471-300x240.jpg 300w, http:\/\/www.kamotec.net\/wp-content\/uploads\/2025\/11\/\u56fe\u72471-600x480.jpg 600w, http:\/\/www.kamotec.net\/wp-content\/uploads\/2025\/11\/\u56fe\u72471-768x614.jpg 768w, http:\/\/www.kamotec.net\/wp-content\/uploads\/2025\/11\/\u56fe\u72471-15x12.jpg 15w\" sizes=\"(max-width: 1000px) 100vw, 1000px\" \/><br \/>\n2\u3001Cama de a\u00e7o<br \/>\nA cama \u00e9 toda feita de estrutura de chapa de a\u00e7o, o tratamento t\u00e9rmico global, a precis\u00e3o e a retid\u00e3o s\u00e3o garantidos, a cama n\u00e3o ser\u00e1 deformada durante 10 anos<br \/>\n<img alt=\"\" decoding=\"async\" class=\"size-full wp-image-5039 aligncenter\" src=\"http:\/\/www.kamotec.net\/wp-content\/uploads\/2025\/11\/WPS\u56fe\u72471-2.jpg\" width=\"1000\" height=\"800\" srcset=\"http:\/\/www.kamotec.net\/wp-content\/uploads\/2025\/11\/WPS\u56fe\u72471-2.jpg 1000w, http:\/\/www.kamotec.net\/wp-content\/uploads\/2025\/11\/WPS\u56fe\u72471-2-300x240.jpg 300w, http:\/\/www.kamotec.net\/wp-content\/uploads\/2025\/11\/WPS\u56fe\u72471-2-600x480.jpg 600w, http:\/\/www.kamotec.net\/wp-content\/uploads\/2025\/11\/WPS\u56fe\u72471-2-768x614.jpg 768w, http:\/\/www.kamotec.net\/wp-content\/uploads\/2025\/11\/WPS\u56fe\u72471-2-15x12.jpg 15w\" sizes=\"(max-width: 1000px) 100vw, 1000px\" \/><br \/>\n3\u3001Sistema de lubrifica\u00e7\u00e3o autom\u00e1tica<br \/>\nToda a m\u00e1quina \u00e9 lubrificada automaticamente em intervalos regulares, o que reduz o tempo de lubrifica\u00e7\u00e3o manual e melhora a efici\u00eancia da produ\u00e7\u00e3o da m\u00e1quina. A massa lubrificante absorve o p\u00f3 e torna o deslizamento suave.<br \/>\n<img alt=\"\" loading=\"lazy\" decoding=\"async\" class=\"size-full wp-image-5040 aligncenter\" src=\"http:\/\/www.kamotec.net\/wp-content\/uploads\/2025\/11\/WPS\u56fe\u72471-3.jpg\" width=\"500\" height=\"500\" srcset=\"http:\/\/www.kamotec.net\/wp-content\/uploads\/2025\/11\/WPS\u56fe\u72471-3.jpg 500w, http:\/\/www.kamotec.net\/wp-content\/uploads\/2025\/11\/WPS\u56fe\u72471-3-300x300.jpg 300w, http:\/\/www.kamotec.net\/wp-content\/uploads\/2025\/11\/WPS\u56fe\u72471-3-100x100.jpg 100w, http:\/\/www.kamotec.net\/wp-content\/uploads\/2025\/11\/WPS\u56fe\u72471-3-150x150.jpg 150w, http:\/\/www.kamotec.net\/wp-content\/uploads\/2025\/11\/WPS\u56fe\u72471-3-12x12.jpg 12w\" sizes=\"(max-width: 500px) 100vw, 500px\" \/><br \/>\n4\u3001Eletricidade padr\u00e3o<br \/>\nTodos os aparelhos el\u00e9ctricos s\u00e3o da marca Schneider, a qualidade \u00e9 garantida, e o quadro el\u00e9trico desliga-se automaticamente quando a porta \u00e9 aberta, o que pode proteger a seguran\u00e7a dos operadores.<\/p>\n<p><img alt=\"\" loading=\"lazy\" decoding=\"async\" class=\"size-full wp-image-5041 aligncenter\" src=\"http:\/\/www.kamotec.net\/wp-content\/uploads\/2025\/11\/WPS\u56fe\u72471-4.jpg\" width=\"1000\" height=\"800\" srcset=\"http:\/\/www.kamotec.net\/wp-content\/uploads\/2025\/11\/WPS\u56fe\u72471-4.jpg 1000w, http:\/\/www.kamotec.net\/wp-content\/uploads\/2025\/11\/WPS\u56fe\u72471-4-300x240.jpg 300w, http:\/\/www.kamotec.net\/wp-content\/uploads\/2025\/11\/WPS\u56fe\u72471-4-600x480.jpg 600w, http:\/\/www.kamotec.net\/wp-content\/uploads\/2025\/11\/WPS\u56fe\u72471-4-768x614.jpg 768w, http:\/\/www.kamotec.net\/wp-content\/uploads\/2025\/11\/WPS\u56fe\u72471-4-15x12.jpg 15w\" sizes=\"(max-width: 1000px) 100vw, 1000px\" \/><\/p>","protected":false},"excerpt":{"rendered":"<p>1. Pot\u00eancia do cortador a laser de fibra: 1000W, 1500W, 2000W, 3000W, 4000W, 6000w, 10000w, 12000w, etc.<br \/>\n2. Gerador de laser de fibra: JPT, RAYCUS, MAX, NIGHT, IPG, etc.<br \/>\n3. Materiais de corte a laser de fibra: Ferro, alum\u00ednio, a\u00e7o carbono, a\u00e7o inoxid\u00e1vel, cobre, ferragens e outros materiais de chapa met\u00e1lica.<br \/>\n4. Outras partes opcionais da m\u00e1quina podem ser escolhidas, tais como, eixo rotativo, mesa de trabalho de troca, cobertura completa, etc.<br \/>\n5. China Top fabricantes de m\u00e1quinas de corte a laser de fibra, kamotec, melhor pre\u00e7o e alta qualidade, com certificados CE etc.<\/p>","protected":false},"featured_media":5765,"template":"","meta":{"_seopress_robots_primary_cat":"none","_seopress_titles_title":"%%post_title%%","_seopress_titles_desc":"%%post_excerpt%%","_seopress_robots_index":"","_uag_custom_page_level_css":"","site-sidebar-layout":"default","site-content-layout":"","ast-site-content-layout":"default","site-content-style":"default","site-sidebar-style":"default","ast-global-header-display":"","ast-banner-title-visibility":"","ast-main-header-display":"","ast-hfb-above-header-display":"","ast-hfb-below-header-display":"","ast-hfb-mobile-header-display":"","site-post-title":"","ast-breadcrumbs-content":"","ast-featured-img":"","footer-sml-layout":"","theme-transparent-header-meta":"default","adv-header-id-meta":"","stick-header-meta":"default","header-above-stick-meta":"","header-main-stick-meta":"","header-below-stick-meta":"","astra-migrate-meta-layouts":"set","ast-page-background-enabled":"default","ast-page-background-meta":{"desktop":{"background-color":"","background-image":"","background-repeat":"repeat","background-position":"center center","background-size":"auto","background-attachment":"scroll","background-type":"","background-media":"","overlay-type":"","overlay-color":"","overlay-opacity":"","overlay-gradient":""},"tablet":{"background-color":"","background-image":"","background-repeat":"repeat","background-position":"center center","background-size":"auto","background-attachment":"scroll","background-type":"","background-media":"","overlay-type":"","overlay-color":"","overlay-opacity":"","overlay-gradient":""},"mobile":{"background-color":"","background-image":"","background-repeat":"repeat","background-position":"center center","background-size":"auto","background-attachment":"scroll","background-type":"","background-media":"","overlay-type":"","overlay-color":"","overlay-opacity":"","overlay-gradient":""}},"ast-content-background-meta":{"desktop":{"background-color":"var(--ast-global-color-5)","background-image":"","background-repeat":"repeat","background-position":"center center","background-size":"auto","background-attachment":"scroll","background-type":"","background-media":"","overlay-type":"","overlay-color":"","overlay-opacity":"","overlay-gradient":""},"tablet":{"background-color":"var(--ast-global-color-5)","background-image":"","background-repeat":"repeat","background-position":"center center","background-size":"auto","background-attachment":"scroll","background-type":"","background-media":"","overlay-type":"","overlay-color":"","overlay-opacity":"","overlay-gradient":""},"mobile":{"background-color":"var(--ast-global-color-5)","background-image":"","background-repeat":"repeat","background-position":"center center","background-size":"auto","background-attachment":"scroll","background-type":"","background-media":"","overlay-type":"","overlay-color":"","overlay-opacity":"","overlay-gradient":""}}},"product_brand":[],"product_cat":[85],"product_tag":[92],"class_list":{"0":"post-5036","1":"product","2":"type-product","3":"status-publish","4":"has-post-thumbnail","6":"product_cat-fiber-laser-cutting-machine-fiber-laser-cutting-machine","7":"product_tag-1500w-fiber-laser-cutting-machine-for-sheet-metal","8":"desktop-align-left","9":"tablet-align-left","10":"mobile-align-left","11":"ast-product-gallery-layout-horizontal-slider","12":"ast-product-tabs-layout-horizontal","14":"first","15":"instock","16":"shipping-taxable","17":"product-type-simple"},"uagb_featured_image_src":{"full":["http:\/\/www.kamotec.net\/wp-content\/uploads\/2025\/11\/\u672a\u6807\u9898-1-5.png",800,800,false],"thumbnail":["http:\/\/www.kamotec.net\/wp-content\/uploads\/2025\/11\/\u672a\u6807\u9898-1-5-150x150.png",150,150,true],"medium":["http:\/\/www.kamotec.net\/wp-content\/uploads\/2025\/11\/\u672a\u6807\u9898-1-5-300x300.png",300,300,true],"medium_large":["http:\/\/www.kamotec.net\/wp-content\/uploads\/2025\/11\/\u672a\u6807\u9898-1-5-768x768.png",768,768,true],"large":["http:\/\/www.kamotec.net\/wp-content\/uploads\/2025\/11\/\u672a\u6807\u9898-1-5.png",800,800,false],"1536x1536":["http:\/\/www.kamotec.net\/wp-content\/uploads\/2025\/11\/\u672a\u6807\u9898-1-5.png",800,800,false],"2048x2048":["http:\/\/www.kamotec.net\/wp-content\/uploads\/2025\/11\/\u672a\u6807\u9898-1-5.png",800,800,false],"trp-custom-language-flag":["http:\/\/www.kamotec.net\/wp-content\/uploads\/2025\/11\/\u672a\u6807\u9898-1-5-12x12.png",12,12,true],"woocommerce_thumbnail":["http:\/\/www.kamotec.net\/wp-content\/uploads\/2025\/11\/\u672a\u6807\u9898-1-5-300x300.png",300,300,true],"woocommerce_single":["http:\/\/www.kamotec.net\/wp-content\/uploads\/2025\/11\/\u672a\u6807\u9898-1-5-600x600.png",600,600,true],"woocommerce_gallery_thumbnail":["http:\/\/www.kamotec.net\/wp-content\/uploads\/2025\/11\/\u672a\u6807\u9898-1-5-100x100.png",100,100,true]},"uagb_author_info":{"display_name":"jinxing6611@gmail.com","author_link":"http:\/\/www.kamotec.net\/pt\/author\/"},"uagb_comment_info":0,"uagb_excerpt":"1. Fiber laser cutter power: 1000W, 1500W, 2000W, 3000W, 4000W, 6000w, 10000w, 12000w, etc. 2. Fiber laser generator: JPT, RAYCUS, MAX, NIGHT, IPG etc. 3. Fiber laser cutter materials: Iron, aluminum, carbon steel, stainless steel, copper, hardware and another metal sheet materials. 4. Other machine optional parts can be chosen, such as, rotary axis, exchange&hellip;","_links":{"self":[{"href":"http:\/\/www.kamotec.net\/pt\/wp-json\/wp\/v2\/product\/5036","targetHints":{"allow":["GET"]}}],"collection":[{"href":"http:\/\/www.kamotec.net\/pt\/wp-json\/wp\/v2\/product"}],"about":[{"href":"http:\/\/www.kamotec.net\/pt\/wp-json\/wp\/v2\/types\/product"}],"wp:featuredmedia":[{"embeddable":true,"href":"http:\/\/www.kamotec.net\/pt\/wp-json\/wp\/v2\/media\/5765"}],"wp:attachment":[{"href":"http:\/\/www.kamotec.net\/pt\/wp-json\/wp\/v2\/media?parent=5036"}],"wp:term":[{"taxonomy":"product_brand","embeddable":true,"href":"http:\/\/www.kamotec.net\/pt\/wp-json\/wp\/v2\/product_brand?post=5036"},{"taxonomy":"product_cat","embeddable":true,"href":"http:\/\/www.kamotec.net\/pt\/wp-json\/wp\/v2\/product_cat?post=5036"},{"taxonomy":"product_tag","embeddable":true,"href":"http:\/\/www.kamotec.net\/pt\/wp-json\/wp\/v2\/product_tag?post=5036"}],"curies":[{"name":"wp","href":"https:\/\/api.w.org\/{rel}","templated":true}]}}