{"id":5026,"date":"2025-11-14T08:35:09","date_gmt":"2025-11-14T08:35:09","guid":{"rendered":"http:\/\/www.kamotec.net\/?post_type=product&#038;p=5026"},"modified":"2025-12-04T08:42:59","modified_gmt":"2025-12-04T08:42:59","slug":"4040-fiber-laser-cutting-machine","status":"publish","type":"product","link":"http:\/\/www.kamotec.net\/pt\/produto\/4040-fiber-laser-cutting-machine\/","title":{"rendered":"M\u00e1quina de corte a laser de fibra 4040"},"content":{"rendered":"<div class=\"ast-oembed-container\" style=\"height: 100%;\"><iframe title=\"M\u00e1quina de corte a laser de fibra 4040\" width=\"500\" height=\"281\" src=\"https:\/\/www.youtube.com\/embed\/QbRVi8BNEuE?feature=oembed\" frameborder=\"0\" allow=\"accelerometer; autoplay; clipboard-write; encrypted-media; gyroscope; picture-in-picture; web-share\" referrerpolicy=\"strict-origin-when-cross-origin\" allowfullscreen><\/iframe><\/div>\n<p>*O quadro principal adopta a estrutura de p\u00f3rtico soldada por todas as chapas de a\u00e7o para garantir a estabilidade a longo prazo sem deforma\u00e7\u00e3o<\/p>\n<p>*O leito \u00e9 recozido a alta temperatura num grande forno de recozimento<\/p>\n<p>*O leito \u00e9 formado por uma fresagem de p\u00f3rtico importada uma vez<\/p>\n<p>*Utiliza\u00e7\u00e3o de calha de guia dupla de p\u00f3rtico, estrutura de servo acionamento dupla<\/p>\n<p>*Melhorar a estabilidade e a rigidez da viga do eixo Y<\/p>\n<p>*Assegurar a elevada precis\u00e3o e o elevado desempenho din\u00e2mico do movimento do feixe do eixo Y<\/p>\n<p>*O feixe do eixo Y funciona suavemente a alta velocidade, reduzindo consideravelmente o consumo de g\u00e1s<\/p>\n<p><img alt=\"\" fetchpriority=\"high\" decoding=\"async\" class=\"size-full wp-image-5028 aligncenter\" src=\"http:\/\/www.kamotec.net\/wp-content\/uploads\/2025\/11\/11.jpg\" width=\"1000\" height=\"1000\" srcset=\"http:\/\/www.kamotec.net\/wp-content\/uploads\/2025\/11\/11.jpg 1000w, http:\/\/www.kamotec.net\/wp-content\/uploads\/2025\/11\/11-300x300.jpg 300w, http:\/\/www.kamotec.net\/wp-content\/uploads\/2025\/11\/11-100x100.jpg 100w, http:\/\/www.kamotec.net\/wp-content\/uploads\/2025\/11\/11-600x600.jpg 600w, http:\/\/www.kamotec.net\/wp-content\/uploads\/2025\/11\/11-150x150.jpg 150w, http:\/\/www.kamotec.net\/wp-content\/uploads\/2025\/11\/11-768x768.jpg 768w, http:\/\/www.kamotec.net\/wp-content\/uploads\/2025\/11\/11-12x12.jpg 12w\" sizes=\"(max-width: 1000px) 100vw, 1000px\" \/><\/p>\n<p><img alt=\"\" decoding=\"async\" class=\"size-full wp-image-5954 aligncenter\" src=\"http:\/\/www.kamotec.net\/wp-content\/uploads\/2025\/11\/13-19.jpg\" width=\"1000\" height=\"1000\" srcset=\"http:\/\/www.kamotec.net\/wp-content\/uploads\/2025\/11\/13-19.jpg 1000w, http:\/\/www.kamotec.net\/wp-content\/uploads\/2025\/11\/13-19-300x300.jpg 300w, http:\/\/www.kamotec.net\/wp-content\/uploads\/2025\/11\/13-19-150x150.jpg 150w, http:\/\/www.kamotec.net\/wp-content\/uploads\/2025\/11\/13-19-768x768.jpg 768w, http:\/\/www.kamotec.net\/wp-content\/uploads\/2025\/11\/13-19-12x12.jpg 12w, http:\/\/www.kamotec.net\/wp-content\/uploads\/2025\/11\/13-19-600x600.jpg 600w, http:\/\/www.kamotec.net\/wp-content\/uploads\/2025\/11\/13-19-100x100.jpg 100w\" sizes=\"(max-width: 1000px) 100vw, 1000px\" \/><\/p>\n<p><strong><b>Material de aplica\u00e7\u00e3o<\/b><\/strong><br \/>\nTodos os materiais met\u00e1licos, tais como a\u00e7o de alto carbono, a\u00e7o de baixo carbono, a\u00e7o inoxid\u00e1vel, liga de alum\u00ednio, lat\u00e3o, chapa decapada, chapa galvanizada, chapa de a\u00e7o sil\u00edcio, chapa electrol\u00edtica, liga de tit\u00e2nio, liga de mangan\u00eas, chapa de n\u00edquel, etc.<\/p>\n<table>\n<tbody>\n<tr>\n<td>\u00c1rea de trabalho (para painel)<\/td>\n<td>400x400mm<\/td>\n<\/tr>\n<tr>\n<td>Sistema de controlo (incluindo software)<\/td>\n<td>Sistema de controlo CYPCUT<\/td>\n<\/tr>\n<tr>\n<td>Pot\u00eancia laser<\/td>\n<td>1000W\/1500W\/2000W\/3000W\/4000W\/6000W\/10000W\/100000W etc.<\/td>\n<\/tr>\n<tr>\n<td>Cabe\u00e7a de corte a laser de fibra<\/td>\n<td>Raytools<\/td>\n<\/tr>\n<tr>\n<td>Cama de m\u00e1quina, tratamento de envelhecimento<\/td>\n<td>MAX<\/td>\n<\/tr>\n<tr>\n<td>Engrenagem e cremalheira do eixo X\u3001Y<\/td>\n<td>TAIWAN YYC<\/td>\n<\/tr>\n<tr>\n<td>Guia de revestimento quadrado<\/td>\n<td>PMI TAIWAN<\/td>\n<\/tr>\n<tr>\n<td>Condutor e motor<\/td>\n<td>Jap\u00e3o Fuji<\/td>\n<\/tr>\n<tr>\n<td>Redutor<\/td>\n<td>Jap\u00e3o Shimpo<\/td>\n<\/tr>\n<\/tbody>\n<\/table>\n<p><img alt=\"\" decoding=\"async\" class=\"size-full wp-image-5955 aligncenter\" src=\"http:\/\/www.kamotec.net\/wp-content\/uploads\/2025\/11\/14-19.jpg\" width=\"1000\" height=\"1000\" srcset=\"http:\/\/www.kamotec.net\/wp-content\/uploads\/2025\/11\/14-19.jpg 1000w, http:\/\/www.kamotec.net\/wp-content\/uploads\/2025\/11\/14-19-300x300.jpg 300w, http:\/\/www.kamotec.net\/wp-content\/uploads\/2025\/11\/14-19-150x150.jpg 150w, http:\/\/www.kamotec.net\/wp-content\/uploads\/2025\/11\/14-19-768x768.jpg 768w, http:\/\/www.kamotec.net\/wp-content\/uploads\/2025\/11\/14-19-12x12.jpg 12w, http:\/\/www.kamotec.net\/wp-content\/uploads\/2025\/11\/14-19-600x600.jpg 600w, http:\/\/www.kamotec.net\/wp-content\/uploads\/2025\/11\/14-19-100x100.jpg 100w\" sizes=\"(max-width: 1000px) 100vw, 1000px\" \/><\/p>\n<p><img alt=\"\" loading=\"lazy\" decoding=\"async\" class=\"size-full wp-image-5956 aligncenter\" src=\"http:\/\/www.kamotec.net\/wp-content\/uploads\/2025\/11\/15-17.jpg\" width=\"1000\" height=\"1000\" srcset=\"http:\/\/www.kamotec.net\/wp-content\/uploads\/2025\/11\/15-17.jpg 1000w, http:\/\/www.kamotec.net\/wp-content\/uploads\/2025\/11\/15-17-300x300.jpg 300w, http:\/\/www.kamotec.net\/wp-content\/uploads\/2025\/11\/15-17-150x150.jpg 150w, http:\/\/www.kamotec.net\/wp-content\/uploads\/2025\/11\/15-17-768x768.jpg 768w, http:\/\/www.kamotec.net\/wp-content\/uploads\/2025\/11\/15-17-12x12.jpg 12w, http:\/\/www.kamotec.net\/wp-content\/uploads\/2025\/11\/15-17-600x600.jpg 600w, http:\/\/www.kamotec.net\/wp-content\/uploads\/2025\/11\/15-17-100x100.jpg 100w\" sizes=\"(max-width: 1000px) 100vw, 1000px\" \/><\/p>\n<p><img alt=\"\" loading=\"lazy\" decoding=\"async\" class=\"size-full wp-image-5957 aligncenter\" src=\"http:\/\/www.kamotec.net\/wp-content\/uploads\/2025\/11\/17-10.jpg\" width=\"1000\" height=\"1000\" srcset=\"http:\/\/www.kamotec.net\/wp-content\/uploads\/2025\/11\/17-10.jpg 1000w, http:\/\/www.kamotec.net\/wp-content\/uploads\/2025\/11\/17-10-300x300.jpg 300w, http:\/\/www.kamotec.net\/wp-content\/uploads\/2025\/11\/17-10-150x150.jpg 150w, http:\/\/www.kamotec.net\/wp-content\/uploads\/2025\/11\/17-10-768x768.jpg 768w, http:\/\/www.kamotec.net\/wp-content\/uploads\/2025\/11\/17-10-12x12.jpg 12w, http:\/\/www.kamotec.net\/wp-content\/uploads\/2025\/11\/17-10-600x600.jpg 600w, http:\/\/www.kamotec.net\/wp-content\/uploads\/2025\/11\/17-10-100x100.jpg 100w\" sizes=\"(max-width: 1000px) 100vw, 1000px\" \/><\/p>\n<p><strong>Material de aplica\u00e7\u00e3o<\/strong><\/p>\n<p>Todos os materiais met\u00e1licos, tais como a\u00e7o de alto carbono, a\u00e7o de baixo carbono, a\u00e7o inoxid\u00e1vel, liga de alum\u00ednio, lat\u00e3o, chapa decapada, chapa galvanizada, chapa de a\u00e7o sil\u00edcio, chapa electrol\u00edtica, liga de tit\u00e2nio, liga de mangan\u00eas, chapa de n\u00edquel, etc.<\/p>\n<p><img alt=\"\" loading=\"lazy\" decoding=\"async\" class=\"alignnone size-full wp-image-5027 aligncenter\" src=\"http:\/\/www.kamotec.net\/wp-content\/uploads\/2025\/11\/WPS\u56fe\u72471.jpg\" width=\"800\" height=\"1400\" srcset=\"http:\/\/www.kamotec.net\/wp-content\/uploads\/2025\/11\/WPS\u56fe\u72471.jpg 800w, http:\/\/www.kamotec.net\/wp-content\/uploads\/2025\/11\/WPS\u56fe\u72471-300x525.jpg 300w, http:\/\/www.kamotec.net\/wp-content\/uploads\/2025\/11\/WPS\u56fe\u72471-600x1050.jpg 600w, http:\/\/www.kamotec.net\/wp-content\/uploads\/2025\/11\/WPS\u56fe\u72471-171x300.jpg 171w, http:\/\/www.kamotec.net\/wp-content\/uploads\/2025\/11\/WPS\u56fe\u72471-585x1024.jpg 585w, http:\/\/www.kamotec.net\/wp-content\/uploads\/2025\/11\/WPS\u56fe\u72471-768x1344.jpg 768w, http:\/\/www.kamotec.net\/wp-content\/uploads\/2025\/11\/WPS\u56fe\u72471-7x12.jpg 7w\" sizes=\"(max-width: 800px) 100vw, 800px\" \/><\/p>","protected":false},"excerpt":{"rendered":"<p>*O quadro principal adopta a estrutura de p\u00f3rtico soldada por todas as chapas de a\u00e7o para garantir a estabilidade a longo prazo sem deforma\u00e7\u00e3o<br \/>\n*O leito \u00e9 recozido a alta temperatura num grande forno de recozimento<br \/>\n*O leito \u00e9 formado por uma fresagem de p\u00f3rtico importada uma vez<br \/>\n*Utiliza\u00e7\u00e3o de calha de guia dupla de p\u00f3rtico, estrutura de servo acionamento dupla<br \/>\n*Melhorar a estabilidade e a rigidez da viga do eixo Y<br \/>\n*Assegurar a elevada precis\u00e3o e o elevado desempenho din\u00e2mico do movimento do feixe do eixo Y<br \/>\n*O feixe do eixo Y funciona suavemente a alta velocidade, reduzindo consideravelmente o consumo de g\u00e1s<\/p>","protected":false},"featured_media":5755,"template":"","meta":{"_seopress_robots_primary_cat":"none","_seopress_titles_title":"%%post_title%%","_seopress_titles_desc":"%%post_excerpt%%","_seopress_robots_index":"","_uag_custom_page_level_css":"","site-sidebar-layout":"default","site-content-layout":"","ast-site-content-layout":"default","site-content-style":"default","site-sidebar-style":"default","ast-global-header-display":"","ast-banner-title-visibility":"","ast-main-header-display":"","ast-hfb-above-header-display":"","ast-hfb-below-header-display":"","ast-hfb-mobile-header-display":"","site-post-title":"","ast-breadcrumbs-content":"","ast-featured-img":"","footer-sml-layout":"","theme-transparent-header-meta":"default","adv-header-id-meta":"","stick-header-meta":"default","header-above-stick-meta":"","header-main-stick-meta":"","header-below-stick-meta":"","astra-migrate-meta-layouts":"set","ast-page-background-enabled":"default","ast-page-background-meta":{"desktop":{"background-color":"","background-image":"","background-repeat":"repeat","background-position":"center center","background-size":"auto","background-attachment":"scroll","background-type":"","background-media":"","overlay-type":"","overlay-color":"","overlay-opacity":"","overlay-gradient":""},"tablet":{"background-color":"","background-image":"","background-repeat":"repeat","background-position":"center center","background-size":"auto","background-attachment":"scroll","background-type":"","background-media":"","overlay-type":"","overlay-color":"","overlay-opacity":"","overlay-gradient":""},"mobile":{"background-color":"","background-image":"","background-repeat":"repeat","background-position":"center center","background-size":"auto","background-attachment":"scroll","background-type":"","background-media":"","overlay-type":"","overlay-color":"","overlay-opacity":"","overlay-gradient":""}},"ast-content-background-meta":{"desktop":{"background-color":"var(--ast-global-color-5)","background-image":"","background-repeat":"repeat","background-position":"center center","background-size":"auto","background-attachment":"scroll","background-type":"","background-media":"","overlay-type":"","overlay-color":"","overlay-opacity":"","overlay-gradient":""},"tablet":{"background-color":"var(--ast-global-color-5)","background-image":"","background-repeat":"repeat","background-position":"center center","background-size":"auto","background-attachment":"scroll","background-type":"","background-media":"","overlay-type":"","overlay-color":"","overlay-opacity":"","overlay-gradient":""},"mobile":{"background-color":"var(--ast-global-color-5)","background-image":"","background-repeat":"repeat","background-position":"center center","background-size":"auto","background-attachment":"scroll","background-type":"","background-media":"","overlay-type":"","overlay-color":"","overlay-opacity":"","overlay-gradient":""}}},"product_brand":[],"product_cat":[85],"product_tag":[91],"class_list":{"0":"post-5026","1":"product","2":"type-product","3":"status-publish","4":"has-post-thumbnail","6":"product_cat-fiber-laser-cutting-machine-fiber-laser-cutting-machine","7":"product_tag-4040-1-5kw-2kw-3kw-fiber-laser-cutting-machine","8":"desktop-align-left","9":"tablet-align-left","10":"mobile-align-left","11":"ast-product-gallery-layout-horizontal-slider","12":"ast-product-tabs-layout-horizontal","14":"first","15":"instock","16":"shipping-taxable","17":"product-type-simple"},"uagb_featured_image_src":{"full":["http:\/\/www.kamotec.net\/wp-content\/uploads\/2025\/11\/\u672a\u6807\u9898-1-4.png",800,800,false],"thumbnail":["http:\/\/www.kamotec.net\/wp-content\/uploads\/2025\/11\/\u672a\u6807\u9898-1-4-150x150.png",150,150,true],"medium":["http:\/\/www.kamotec.net\/wp-content\/uploads\/2025\/11\/\u672a\u6807\u9898-1-4-300x300.png",300,300,true],"medium_large":["http:\/\/www.kamotec.net\/wp-content\/uploads\/2025\/11\/\u672a\u6807\u9898-1-4-768x768.png",768,768,true],"large":["http:\/\/www.kamotec.net\/wp-content\/uploads\/2025\/11\/\u672a\u6807\u9898-1-4.png",800,800,false],"1536x1536":["http:\/\/www.kamotec.net\/wp-content\/uploads\/2025\/11\/\u672a\u6807\u9898-1-4.png",800,800,false],"2048x2048":["http:\/\/www.kamotec.net\/wp-content\/uploads\/2025\/11\/\u672a\u6807\u9898-1-4.png",800,800,false],"trp-custom-language-flag":["http:\/\/www.kamotec.net\/wp-content\/uploads\/2025\/11\/\u672a\u6807\u9898-1-4-12x12.png",12,12,true],"woocommerce_thumbnail":["http:\/\/www.kamotec.net\/wp-content\/uploads\/2025\/11\/\u672a\u6807\u9898-1-4-300x300.png",300,300,true],"woocommerce_single":["http:\/\/www.kamotec.net\/wp-content\/uploads\/2025\/11\/\u672a\u6807\u9898-1-4-600x600.png",600,600,true],"woocommerce_gallery_thumbnail":["http:\/\/www.kamotec.net\/wp-content\/uploads\/2025\/11\/\u672a\u6807\u9898-1-4-100x100.png",100,100,true]},"uagb_author_info":{"display_name":"jinxing6611@gmail.com","author_link":"http:\/\/www.kamotec.net\/pt\/author\/"},"uagb_comment_info":0,"uagb_excerpt":"*The main frame adopts the gantry structure welded by all steel plates to ensure the long-term stability without deformation *The bed is annealed at high temperature in a large annealing furnace *The bed is formed by imported gantry milling once *Using gantry rack double guide rail, double servo drive structure *Improve the stability and rigidity&hellip;","_links":{"self":[{"href":"http:\/\/www.kamotec.net\/pt\/wp-json\/wp\/v2\/product\/5026","targetHints":{"allow":["GET"]}}],"collection":[{"href":"http:\/\/www.kamotec.net\/pt\/wp-json\/wp\/v2\/product"}],"about":[{"href":"http:\/\/www.kamotec.net\/pt\/wp-json\/wp\/v2\/types\/product"}],"wp:featuredmedia":[{"embeddable":true,"href":"http:\/\/www.kamotec.net\/pt\/wp-json\/wp\/v2\/media\/5755"}],"wp:attachment":[{"href":"http:\/\/www.kamotec.net\/pt\/wp-json\/wp\/v2\/media?parent=5026"}],"wp:term":[{"taxonomy":"product_brand","embeddable":true,"href":"http:\/\/www.kamotec.net\/pt\/wp-json\/wp\/v2\/product_brand?post=5026"},{"taxonomy":"product_cat","embeddable":true,"href":"http:\/\/www.kamotec.net\/pt\/wp-json\/wp\/v2\/product_cat?post=5026"},{"taxonomy":"product_tag","embeddable":true,"href":"http:\/\/www.kamotec.net\/pt\/wp-json\/wp\/v2\/product_tag?post=5026"}],"curies":[{"name":"wp","href":"https:\/\/api.w.org\/{rel}","templated":true}]}}