{"id":5270,"date":"2025-11-17T10:14:31","date_gmt":"2025-11-17T10:14:31","guid":{"rendered":"http:\/\/www.kamotec.net\/?post_type=product&#038;p=5270"},"modified":"2025-12-01T07:47:09","modified_gmt":"2025-12-01T07:47:09","slug":"plate-and-tube-integrated-fiber-laser-cutting-machines","status":"publish","type":"product","link":"http:\/\/www.kamotec.net\/es\/producto\/plate-and-tube-integrated-fiber-laser-cutting-machines\/","title":{"rendered":"M\u00e1quinas de corte por l\u00e1ser de fibra integradas en placas y tubos"},"content":{"rendered":"<p>&nbsp;<\/p>\n<div class=\"ast-oembed-container\" style=\"height: 100%;\"><iframe title=\"Two Exchangeable Work Platform 1500W 3000w 6000w Sheet and Tube Fiber Laser Combined Cutting Machine\" width=\"500\" height=\"281\" src=\"https:\/\/www.youtube.com\/embed\/LuBVm9zPng8?feature=oembed\" frameborder=\"0\" allow=\"accelerometer; autoplay; clipboard-write; encrypted-media; gyroscope; picture-in-picture; web-share\" referrerpolicy=\"strict-origin-when-cross-origin\" allowfullscreen><\/iframe><\/div>\n<p><strong>Metal Laser Cutting Machine Features:<\/strong><br \/>\n1.It adopts advanced branded optical fiber laser core technology,good optical mode,stable performance.<br \/>\n2. High efficiency of photoelectric conversion,twice of domestic laser source.<br \/>\n3. Low heat of laser source,only needing 5P water cooling machine,saving electricity.<br \/>\n4. The gantry flying light path design,light operation,saving about 40% electricity than competitors.<br \/>\n5. Achieve a perfect cutting effect by only blowing compressed air during processing,which can largely reduce costs of auxiliary gas such as Oxygen.Nitrogen about thousand dollars,<br \/>\n6. Equipped with centralized lubrication system to make the machine run more stable.<br \/>\n7.Axial positioning accuracy of workbench: \u2264\u00b10.03\u339c\/m<br \/>\n8.Repetitive positioning accuracy of workbench: \u2264\u00b10.03\u339c\/m<\/p>\n<p><img alt=\"\" fetchpriority=\"high\" decoding=\"async\" class=\"size-full wp-image-5279 aligncenter\" src=\"http:\/\/www.kamotec.net\/wp-content\/uploads\/2025\/11\/14-3.jpg\" width=\"1000\" height=\"800\" srcset=\"http:\/\/www.kamotec.net\/wp-content\/uploads\/2025\/11\/14-3.jpg 1000w, http:\/\/www.kamotec.net\/wp-content\/uploads\/2025\/11\/14-3-300x240.jpg 300w, http:\/\/www.kamotec.net\/wp-content\/uploads\/2025\/11\/14-3-600x480.jpg 600w, http:\/\/www.kamotec.net\/wp-content\/uploads\/2025\/11\/14-3-768x614.jpg 768w, http:\/\/www.kamotec.net\/wp-content\/uploads\/2025\/11\/14-3-15x12.jpg 15w\" sizes=\"(max-width: 1000px) 100vw, 1000px\" \/><\/p>\n<table>\n<tbody>\n<tr>\n<td width=\"197\"><strong><b>Modelo<\/b><\/strong><\/td>\n<td width=\"349\"><strong><b>M\u00e1quinas de corte por l\u00e1ser de fibra integradas en placas y tubos<\/b><\/strong><\/td>\n<\/tr>\n<tr>\n<td width=\"197\"><strong><b>* Power<\/b><\/strong><\/td>\n<td width=\"349\">3000W~20000W<\/td>\n<\/tr>\n<tr>\n<td width=\"197\"><strong><b>* Processing format<\/b><\/strong><\/td>\n<td width=\"349\">3000mm*1500mm\/2000mm*3000mm<\/td>\n<\/tr>\n<tr>\n<td width=\"197\"><strong><b>* Acceleration<\/b><\/strong><\/td>\n<td width=\"349\">1.5G<\/td>\n<\/tr>\n<tr>\n<td width=\"197\"><strong><b>* Max.No-load Speed<\/b><\/strong><\/td>\n<td width=\"349\">120m\/min<\/td>\n<\/tr>\n<tr>\n<td width=\"197\"><strong><b>* Processing Accuracy<\/b><\/strong><\/td>\n<td width=\"349\">\u00b10,05 mm<\/td>\n<\/tr>\n<tr>\n<td width=\"197\"><strong><b>* Repositioning Accuracy<\/b><\/strong><\/td>\n<td width=\"349\">\u00b10,03 mm<\/td>\n<\/tr>\n<\/tbody>\n<\/table>\n<p><img alt=\"\" decoding=\"async\" class=\"size-full wp-image-5877 aligncenter\" src=\"http:\/\/www.kamotec.net\/wp-content\/uploads\/2025\/11\/16-12.jpg\" width=\"1000\" height=\"800\" srcset=\"http:\/\/www.kamotec.net\/wp-content\/uploads\/2025\/11\/16-12.jpg 1000w, http:\/\/www.kamotec.net\/wp-content\/uploads\/2025\/11\/16-12-300x240.jpg 300w, http:\/\/www.kamotec.net\/wp-content\/uploads\/2025\/11\/16-12-768x614.jpg 768w, http:\/\/www.kamotec.net\/wp-content\/uploads\/2025\/11\/16-12-15x12.jpg 15w, http:\/\/www.kamotec.net\/wp-content\/uploads\/2025\/11\/16-12-600x480.jpg 600w\" sizes=\"(max-width: 1000px) 100vw, 1000px\" \/><\/p>\n<p>&nbsp;<\/p>\n<p><img alt=\"\" decoding=\"async\" class=\"size-full wp-image-5281 aligncenter\" src=\"http:\/\/www.kamotec.net\/wp-content\/uploads\/2025\/11\/20-7.jpg\" width=\"1000\" height=\"800\" srcset=\"http:\/\/www.kamotec.net\/wp-content\/uploads\/2025\/11\/20-7.jpg 1000w, http:\/\/www.kamotec.net\/wp-content\/uploads\/2025\/11\/20-7-300x240.jpg 300w, http:\/\/www.kamotec.net\/wp-content\/uploads\/2025\/11\/20-7-600x480.jpg 600w, http:\/\/www.kamotec.net\/wp-content\/uploads\/2025\/11\/20-7-768x614.jpg 768w, http:\/\/www.kamotec.net\/wp-content\/uploads\/2025\/11\/20-7-15x12.jpg 15w\" sizes=\"(max-width: 1000px) 100vw, 1000px\" \/><\/p>\n<p><img alt=\"\" loading=\"lazy\" decoding=\"async\" class=\"size-full wp-image-5282 aligncenter\" src=\"http:\/\/www.kamotec.net\/wp-content\/uploads\/2025\/11\/22-2.jpg\" width=\"1000\" height=\"800\" srcset=\"http:\/\/www.kamotec.net\/wp-content\/uploads\/2025\/11\/22-2.jpg 1000w, http:\/\/www.kamotec.net\/wp-content\/uploads\/2025\/11\/22-2-300x240.jpg 300w, http:\/\/www.kamotec.net\/wp-content\/uploads\/2025\/11\/22-2-600x480.jpg 600w, http:\/\/www.kamotec.net\/wp-content\/uploads\/2025\/11\/22-2-768x614.jpg 768w, http:\/\/www.kamotec.net\/wp-content\/uploads\/2025\/11\/22-2-15x12.jpg 15w\" sizes=\"(max-width: 1000px) 100vw, 1000px\" \/><\/p>\n<p><img alt=\"\" loading=\"lazy\" decoding=\"async\" class=\"size-full wp-image-5283 aligncenter\" src=\"http:\/\/www.kamotec.net\/wp-content\/uploads\/2025\/11\/23-2.jpg\" width=\"1000\" height=\"800\" srcset=\"http:\/\/www.kamotec.net\/wp-content\/uploads\/2025\/11\/23-2.jpg 1000w, http:\/\/www.kamotec.net\/wp-content\/uploads\/2025\/11\/23-2-300x240.jpg 300w, http:\/\/www.kamotec.net\/wp-content\/uploads\/2025\/11\/23-2-600x480.jpg 600w, http:\/\/www.kamotec.net\/wp-content\/uploads\/2025\/11\/23-2-768x614.jpg 768w, http:\/\/www.kamotec.net\/wp-content\/uploads\/2025\/11\/23-2-15x12.jpg 15w\" sizes=\"(max-width: 1000px) 100vw, 1000px\" \/><\/p>\n<p><strong>Material de aplicaci\u00f3n<\/strong><br \/>\nLas m\u00e1quinas de corte por l\u00e1ser se utilizan ampliamente en el procesamiento de materiales met\u00e1licos, principalmente:<br \/>\nAcero inoxidable: El corte por l\u00e1ser de acero inoxidable tiene las ventajas de su r\u00e1pida velocidad, alta precisi\u00f3n y peque\u00f1a zona afectada por el calor.<br \/>\nAcero al carbono: El corte por l\u00e1ser de acero al carbono tambi\u00e9n tiene las caracter\u00edsticas de alta eficiencia y precisi\u00f3n, adecuado para varios espesores de placas de acero al carbono.<br \/>\nAleaci\u00f3n de aluminio: El corte por l\u00e1ser de aleaci\u00f3n de aluminio puede lograr una buena calidad seccional y es adecuado para placas de aluminio de diversos grosores.<br \/>\nAleaci\u00f3n de titanio: El corte por l\u00e1ser de aleaci\u00f3n de titanio puede satisfacer requisitos de procesamiento de alta precisi\u00f3n y es adecuado para el sector aeroespacial y otros campos.<br \/>\nCobre y aleaciones: El corte por l\u00e1ser de cobre y materiales de aleaci\u00f3n tiene las caracter\u00edsticas de alta eficiencia y precisi\u00f3n, y es adecuado para la industria electr\u00f3nica.<br \/>\n<img alt=\"\" loading=\"lazy\" decoding=\"async\" class=\"size-full wp-image-5273 aligncenter\" src=\"http:\/\/www.kamotec.net\/wp-content\/uploads\/2025\/11\/WPS\u56fe\u72471-23.jpg\" width=\"750\" height=\"750\" srcset=\"http:\/\/www.kamotec.net\/wp-content\/uploads\/2025\/11\/WPS\u56fe\u72471-23.jpg 750w, http:\/\/www.kamotec.net\/wp-content\/uploads\/2025\/11\/WPS\u56fe\u72471-23-300x300.jpg 300w, http:\/\/www.kamotec.net\/wp-content\/uploads\/2025\/11\/WPS\u56fe\u72471-23-100x100.jpg 100w, http:\/\/www.kamotec.net\/wp-content\/uploads\/2025\/11\/WPS\u56fe\u72471-23-600x600.jpg 600w, http:\/\/www.kamotec.net\/wp-content\/uploads\/2025\/11\/WPS\u56fe\u72471-23-150x150.jpg 150w, http:\/\/www.kamotec.net\/wp-content\/uploads\/2025\/11\/WPS\u56fe\u72471-23-12x12.jpg 12w\" sizes=\"(max-width: 750px) 100vw, 750px\" \/><br \/>\n<img alt=\"\" loading=\"lazy\" decoding=\"async\" class=\"size-full wp-image-5274 aligncenter\" src=\"http:\/\/www.kamotec.net\/wp-content\/uploads\/2025\/11\/WPS\u56fe\u72472-12.jpg\" width=\"800\" height=\"1400\" srcset=\"http:\/\/www.kamotec.net\/wp-content\/uploads\/2025\/11\/WPS\u56fe\u72472-12.jpg 800w, http:\/\/www.kamotec.net\/wp-content\/uploads\/2025\/11\/WPS\u56fe\u72472-12-300x525.jpg 300w, http:\/\/www.kamotec.net\/wp-content\/uploads\/2025\/11\/WPS\u56fe\u72472-12-600x1050.jpg 600w, http:\/\/www.kamotec.net\/wp-content\/uploads\/2025\/11\/WPS\u56fe\u72472-12-171x300.jpg 171w, http:\/\/www.kamotec.net\/wp-content\/uploads\/2025\/11\/WPS\u56fe\u72472-12-585x1024.jpg 585w, http:\/\/www.kamotec.net\/wp-content\/uploads\/2025\/11\/WPS\u56fe\u72472-12-768x1344.jpg 768w, http:\/\/www.kamotec.net\/wp-content\/uploads\/2025\/11\/WPS\u56fe\u72472-12-7x12.jpg 7w\" sizes=\"(max-width: 800px) 100vw, 800px\" \/><\/p>","protected":false},"excerpt":{"rendered":"<p>Model:Plate and Tube Integrated Fiber Laser Cutting Machines<br \/>\nPower:3000W~20000W<br \/>\nProcessing format:3000mm*1500mm\/2000mm*3000mm<br \/>\nAcceleration:1.5G<br \/>\nMax.No-load Speed:120m\/min<br \/>\nProcessing Accuracy:\u00b10.05mm<br \/>\nRepositioning Accuracy:\u00b10.03mm<\/p>","protected":false},"featured_media":5698,"template":"","meta":{"_seopress_robots_primary_cat":"none","_seopress_titles_title":"%%post_title%%","_seopress_titles_desc":"%%post_excerpt%%","_seopress_robots_index":"","_uag_custom_page_level_css":"","site-sidebar-layout":"default","site-content-layout":"","ast-site-content-layout":"default","site-content-style":"default","site-sidebar-style":"default","ast-global-header-display":"","ast-banner-title-visibility":"","ast-main-header-display":"","ast-hfb-above-header-display":"","ast-hfb-below-header-display":"","ast-hfb-mobile-header-display":"","site-post-title":"","ast-breadcrumbs-content":"","ast-featured-img":"","footer-sml-layout":"","theme-transparent-header-meta":"default","adv-header-id-meta":"","stick-header-meta":"default","header-above-stick-meta":"","header-main-stick-meta":"","header-below-stick-meta":"","astra-migrate-meta-layouts":"set","ast-page-background-enabled":"default","ast-page-background-meta":{"desktop":{"background-color":"","background-image":"","background-repeat":"repeat","background-position":"center center","background-size":"auto","background-attachment":"scroll","background-type":"","background-media":"","overlay-type":"","overlay-color":"","overlay-opacity":"","overlay-gradient":""},"tablet":{"background-color":"","background-image":"","background-repeat":"repeat","background-position":"center center","background-size":"auto","background-attachment":"scroll","background-type":"","background-media":"","overlay-type":"","overlay-color":"","overlay-opacity":"","overlay-gradient":""},"mobile":{"background-color":"","background-image":"","background-repeat":"repeat","background-position":"center center","background-size":"auto","background-attachment":"scroll","background-type":"","background-media":"","overlay-type":"","overlay-color":"","overlay-opacity":"","overlay-gradient":""}},"ast-content-background-meta":{"desktop":{"background-color":"var(--ast-global-color-5)","background-image":"","background-repeat":"repeat","background-position":"center center","background-size":"auto","background-attachment":"scroll","background-type":"","background-media":"","overlay-type":"","overlay-color":"","overlay-opacity":"","overlay-gradient":""},"tablet":{"background-color":"var(--ast-global-color-5)","background-image":"","background-repeat":"repeat","background-position":"center center","background-size":"auto","background-attachment":"scroll","background-type":"","background-media":"","overlay-type":"","overlay-color":"","overlay-opacity":"","overlay-gradient":""},"mobile":{"background-color":"var(--ast-global-color-5)","background-image":"","background-repeat":"repeat","background-position":"center center","background-size":"auto","background-attachment":"scroll","background-type":"","background-media":"","overlay-type":"","overlay-color":"","overlay-opacity":"","overlay-gradient":""}}},"product_brand":[],"product_cat":[85],"product_tag":[],"class_list":{"0":"post-5270","1":"product","2":"type-product","3":"status-publish","4":"has-post-thumbnail","6":"product_cat-fiber-laser-cutting-machine-fiber-laser-cutting-machine","7":"desktop-align-left","8":"tablet-align-left","9":"mobile-align-left","10":"ast-product-gallery-layout-horizontal-slider","11":"ast-product-tabs-layout-horizontal","13":"first","14":"instock","15":"shipping-taxable","16":"product-type-simple"},"uagb_featured_image_src":{"full":["http:\/\/www.kamotec.net\/wp-content\/uploads\/2025\/11\/3-1.jpg",1000,1000,false],"thumbnail":["http:\/\/www.kamotec.net\/wp-content\/uploads\/2025\/11\/3-1-150x150.jpg",150,150,true],"medium":["http:\/\/www.kamotec.net\/wp-content\/uploads\/2025\/11\/3-1-300x300.jpg",300,300,true],"medium_large":["http:\/\/www.kamotec.net\/wp-content\/uploads\/2025\/11\/3-1-768x768.jpg",768,768,true],"large":["http:\/\/www.kamotec.net\/wp-content\/uploads\/2025\/11\/3-1.jpg",1000,1000,false],"1536x1536":["http:\/\/www.kamotec.net\/wp-content\/uploads\/2025\/11\/3-1.jpg",1000,1000,false],"2048x2048":["http:\/\/www.kamotec.net\/wp-content\/uploads\/2025\/11\/3-1.jpg",1000,1000,false],"trp-custom-language-flag":["http:\/\/www.kamotec.net\/wp-content\/uploads\/2025\/11\/3-1-12x12.jpg",12,12,true],"woocommerce_thumbnail":["http:\/\/www.kamotec.net\/wp-content\/uploads\/2025\/11\/3-1-300x300.jpg",300,300,true],"woocommerce_single":["http:\/\/www.kamotec.net\/wp-content\/uploads\/2025\/11\/3-1-600x600.jpg",600,600,true],"woocommerce_gallery_thumbnail":["http:\/\/www.kamotec.net\/wp-content\/uploads\/2025\/11\/3-1-100x100.jpg",100,100,true]},"uagb_author_info":{"display_name":"jinxing6611@gmail.com","author_link":"http:\/\/www.kamotec.net\/es\/author\/"},"uagb_comment_info":0,"uagb_excerpt":"Model:Plate and Tube Integrated Fiber Laser Cutting Machines Power:3000W~20000W Processing format:3000mm*1500mm\/2000mm*3000mm Acceleration:1.5G Max.No-load Speed:120m\/min Processing Accuracy:\u00b10.05mm Repositioning Accuracy:\u00b10.03mm","_links":{"self":[{"href":"http:\/\/www.kamotec.net\/es\/wp-json\/wp\/v2\/product\/5270","targetHints":{"allow":["GET"]}}],"collection":[{"href":"http:\/\/www.kamotec.net\/es\/wp-json\/wp\/v2\/product"}],"about":[{"href":"http:\/\/www.kamotec.net\/es\/wp-json\/wp\/v2\/types\/product"}],"wp:featuredmedia":[{"embeddable":true,"href":"http:\/\/www.kamotec.net\/es\/wp-json\/wp\/v2\/media\/5698"}],"wp:attachment":[{"href":"http:\/\/www.kamotec.net\/es\/wp-json\/wp\/v2\/media?parent=5270"}],"wp:term":[{"taxonomy":"product_brand","embeddable":true,"href":"http:\/\/www.kamotec.net\/es\/wp-json\/wp\/v2\/product_brand?post=5270"},{"taxonomy":"product_cat","embeddable":true,"href":"http:\/\/www.kamotec.net\/es\/wp-json\/wp\/v2\/product_cat?post=5270"},{"taxonomy":"product_tag","embeddable":true,"href":"http:\/\/www.kamotec.net\/es\/wp-json\/wp\/v2\/product_tag?post=5270"}],"curies":[{"name":"wp","href":"https:\/\/api.w.org\/{rel}","templated":true}]}}