{"id":5257,"date":"2025-11-17T10:06:10","date_gmt":"2025-11-17T10:06:10","guid":{"rendered":"http:\/\/www.kamotec.net\/?post_type=product&#038;p=5257"},"modified":"2025-12-03T01:34:53","modified_gmt":"2025-12-03T01:34:53","slug":"multi-process-atc-cnc-router","status":"publish","type":"product","link":"http:\/\/www.kamotec.net\/es\/producto\/multi-process-atc-cnc-router\/","title":{"rendered":"Fresadora CNC ATC multiproceso"},"content":{"rendered":"<div class=\"ast-oembed-container\" style=\"height: 100%;\"><iframe title=\"1325 Multi-cabezal 4 Procesos ATC CNC fresadora de madera\" width=\"500\" height=\"281\" src=\"https:\/\/www.youtube.com\/embed\/gulHEFKSe6g?feature=oembed\" frameborder=\"0\" allow=\"accelerometer; autoplay; clipboard-write; encrypted-media; gyroscope; picture-in-picture; web-share\" referrerpolicy=\"strict-origin-when-cross-origin\" allowfullscreen><\/iframe><\/div>\n<p><strong>Caracter\u00edsticas del producto<\/strong><br \/>\nLa fresadora CNC ATC multiproceso es una m\u00e1quina de calidad para la fabricaci\u00f3n de muebles de madera. Tiene m\u00faltiples husillos, que puede realizar la funci\u00f3n de m\u00faltiples husillos para el corte autom\u00e1tico y cambio de herramienta. En comparaci\u00f3n con las m\u00e1quinas CNC ordinarias, que mejora en gran medida la eficiencia del trabajo. esta m\u00e1quina es ampliamente utilizado para el procesamiento de muebles de tipo tablero de corte ranura de perforaci\u00f3n de cuatro punz\u00f3n sin escariado proceso Tambi\u00e9n puede ser el procesamiento de la puerta del gabinete faja modelado como puerta de madera.toda la m\u00e1quina se empareja con la empresa de muebles de panel de dise\u00f1o propio y la puerta del gabinete para quitar la puerta especial Alphacam.De acuerdo con los requisitos del cliente y el tama\u00f1o del espacio de la casa del cliente, el tama\u00f1o de cualquier placa personalizada muebles armario tatami puertas del armario y otros diversos tipos de productos (la placa no est\u00e1 limitado).<\/p>\n<p><img alt=\"\" fetchpriority=\"high\" decoding=\"async\" class=\"size-full wp-image-5888 aligncenter\" src=\"http:\/\/www.kamotec.net\/wp-content\/uploads\/2025\/11\/15-11.jpg\" width=\"1000\" height=\"800\" srcset=\"http:\/\/www.kamotec.net\/wp-content\/uploads\/2025\/11\/15-11.jpg 1000w, http:\/\/www.kamotec.net\/wp-content\/uploads\/2025\/11\/15-11-300x240.jpg 300w, http:\/\/www.kamotec.net\/wp-content\/uploads\/2025\/11\/15-11-768x614.jpg 768w, http:\/\/www.kamotec.net\/wp-content\/uploads\/2025\/11\/15-11-15x12.jpg 15w, http:\/\/www.kamotec.net\/wp-content\/uploads\/2025\/11\/15-11-600x480.jpg 600w\" sizes=\"(max-width: 1000px) 100vw, 1000px\" \/> <img alt=\"\" decoding=\"async\" class=\"size-full wp-image-5889 aligncenter\" src=\"http:\/\/www.kamotec.net\/wp-content\/uploads\/2025\/11\/16-13.jpg\" width=\"1000\" height=\"800\" srcset=\"http:\/\/www.kamotec.net\/wp-content\/uploads\/2025\/11\/16-13.jpg 1000w, http:\/\/www.kamotec.net\/wp-content\/uploads\/2025\/11\/16-13-300x240.jpg 300w, http:\/\/www.kamotec.net\/wp-content\/uploads\/2025\/11\/16-13-768x614.jpg 768w, http:\/\/www.kamotec.net\/wp-content\/uploads\/2025\/11\/16-13-15x12.jpg 15w, http:\/\/www.kamotec.net\/wp-content\/uploads\/2025\/11\/16-13-600x480.jpg 600w\" sizes=\"(max-width: 1000px) 100vw, 1000px\" \/><\/p>\n<table>\n<tbody>\n<tr>\n<td><strong><b>\u00c1rea de trabajo del eje X-Y-Z<\/b><\/strong><\/td>\n<td>1300*2500*200mm \/ o personalizaci\u00f3n<\/td>\n<\/tr>\n<tr>\n<td><strong><b>Resoluci\u00f3n de reposicionamiento<\/b><\/strong><\/td>\n<td>0,02 mm<\/td>\n<\/tr>\n<tr>\n<td><strong><b>Movimiento X-Y<\/b><\/strong><\/td>\n<td>Cremallera, transmisi\u00f3n por engranajes\/Taiw\u00e1n<\/td>\n<\/tr>\n<tr>\n<td><strong><b>Movimiento Z<\/b><\/strong><\/td>\n<td>Husillo de bolas\/Alemania<\/td>\n<\/tr>\n<tr>\n<td><strong><b>Gu\u00eda<\/b><\/strong><\/td>\n<td>Lineal 20mm\/25mm cuadrado\/Taiw\u00e1n<\/td>\n<\/tr>\n<tr>\n<td><strong><b>Potencia del husillo<\/b><\/strong><\/td>\n<td>Husillo refrigerado por aire de 9 KW<\/td>\n<\/tr>\n<tr>\n<td><strong><b>Velocidad del cabezal<\/b><\/strong><\/td>\n<td>24.000 rpm<\/td>\n<\/tr>\n<tr>\n<td><strong><b>Potencia del inversor<\/b><\/strong><\/td>\n<td>3,2 kW Inovance<\/td>\n<\/tr>\n<tr>\n<td><strong><b>Motores de accionamiento<\/b><\/strong><\/td>\n<td>Servomotor<\/td>\n<\/tr>\n<tr>\n<td><strong><b>Tensi\u00f3n de trabajo<\/b><\/strong><\/td>\n<td>380V\/3PH\/50HZ<\/td>\n<\/tr>\n<tr>\n<td><strong><b>Interfaz de ordenador<\/b><\/strong><\/td>\n<td>USB 2.0<\/td>\n<\/tr>\n<tr>\n<td><strong><b>Reduzca<\/b><\/strong><\/td>\n<td>Motovario<\/td>\n<\/tr>\n<tr>\n<td><strong><b>Software<\/b><\/strong><\/td>\n<td>Artcam , Copia de Alphacam<\/td>\n<\/tr>\n<tr>\n<td><strong><b>Equipamiento de serie incluido<\/b><\/strong><\/td>\n<td>1.Sistema de lubricaci\u00f3n por aceite<\/td>\n<\/tr>\n<tr>\n<td><\/td>\n<td>2.Capucha antipolvo<\/td>\n<\/tr>\n<tr>\n<td><strong><b>Opcional<\/b><\/strong><\/td>\n<td>Aspiradora<\/td>\n<\/tr>\n<tr>\n<td><\/td>\n<td>absorci\u00f3n por vac\u00edo y mesa de trabajo con ranura en T<\/td>\n<\/tr>\n<\/tbody>\n<\/table>\n<p><img alt=\"\" decoding=\"async\" class=\"size-full wp-image-5269 aligncenter\" src=\"http:\/\/www.kamotec.net\/wp-content\/uploads\/2025\/11\/19-5.jpg\" width=\"1000\" height=\"800\" srcset=\"http:\/\/www.kamotec.net\/wp-content\/uploads\/2025\/11\/19-5.jpg 1000w, http:\/\/www.kamotec.net\/wp-content\/uploads\/2025\/11\/19-5-300x240.jpg 300w, http:\/\/www.kamotec.net\/wp-content\/uploads\/2025\/11\/19-5-600x480.jpg 600w, http:\/\/www.kamotec.net\/wp-content\/uploads\/2025\/11\/19-5-768x614.jpg 768w, http:\/\/www.kamotec.net\/wp-content\/uploads\/2025\/11\/19-5-15x12.jpg 15w\" sizes=\"(max-width: 1000px) 100vw, 1000px\" \/><\/p>\n<p><strong>Aplicaci\u00f3n<\/strong><br \/>\n* Muebles: puertas de madera, armarios, planchas, muebles de oficina y de madera, mesas, sillas, puertas y ventanas.<br \/>\n* Los productos de madera: caja de voz, armarios de juegos, mesas de ordenador, mesa de m\u00e1quinas de coser, instrumentos.<br \/>\n* Procesamiento de placas: pieza de aislamiento, componentes qu\u00edmicos de pl\u00e1stico, PCB, carrocer\u00eda interior de autom\u00f3vil, pistas de bolos, escaleras, placa anti-Bate, resina epoxi, ABS, PP, PE, PEHD y otros compuestos mixtos de carbono.<br \/>\n* Industria de la decoraci\u00f3n: Acr\u00edlico, PVC, MDF, piedra artificial, vidrio org\u00e1nico, pl\u00e1stico y metales blandos como el cobre, la placa de aluminio grabado y proceso de fresado.<br \/>\n<img alt=\"\" loading=\"lazy\" decoding=\"async\" class=\"size-full wp-image-5260 aligncenter\" src=\"http:\/\/www.kamotec.net\/wp-content\/uploads\/2025\/11\/WPS\u56fe\u72471-22.jpg\" width=\"750\" height=\"1132\" srcset=\"http:\/\/www.kamotec.net\/wp-content\/uploads\/2025\/11\/WPS\u56fe\u72471-22.jpg 750w, http:\/\/www.kamotec.net\/wp-content\/uploads\/2025\/11\/WPS\u56fe\u72471-22-300x453.jpg 300w, http:\/\/www.kamotec.net\/wp-content\/uploads\/2025\/11\/WPS\u56fe\u72471-22-600x906.jpg 600w, http:\/\/www.kamotec.net\/wp-content\/uploads\/2025\/11\/WPS\u56fe\u72471-22-199x300.jpg 199w, http:\/\/www.kamotec.net\/wp-content\/uploads\/2025\/11\/WPS\u56fe\u72471-22-678x1024.jpg 678w, http:\/\/www.kamotec.net\/wp-content\/uploads\/2025\/11\/WPS\u56fe\u72471-22-8x12.jpg 8w\" sizes=\"(max-width: 750px) 100vw, 750px\" \/><br \/>\n<img alt=\"\" loading=\"lazy\" decoding=\"async\" class=\"size-full wp-image-5261 aligncenter\" src=\"http:\/\/www.kamotec.net\/wp-content\/uploads\/2025\/11\/WPS\u56fe\u72472-11.jpg\" width=\"750\" height=\"612\" srcset=\"http:\/\/www.kamotec.net\/wp-content\/uploads\/2025\/11\/WPS\u56fe\u72472-11.jpg 750w, http:\/\/www.kamotec.net\/wp-content\/uploads\/2025\/11\/WPS\u56fe\u72472-11-300x245.jpg 300w, http:\/\/www.kamotec.net\/wp-content\/uploads\/2025\/11\/WPS\u56fe\u72472-11-600x490.jpg 600w, http:\/\/www.kamotec.net\/wp-content\/uploads\/2025\/11\/WPS\u56fe\u72472-11-15x12.jpg 15w\" sizes=\"(max-width: 750px) 100vw, 750px\" \/><br \/>\n<img alt=\"\" loading=\"lazy\" decoding=\"async\" class=\"size-full wp-image-5262 aligncenter\" src=\"http:\/\/www.kamotec.net\/wp-content\/uploads\/2025\/11\/WPS\u56fe\u72473.png\" width=\"750\" height=\"750\" srcset=\"http:\/\/www.kamotec.net\/wp-content\/uploads\/2025\/11\/WPS\u56fe\u72473.png 750w, http:\/\/www.kamotec.net\/wp-content\/uploads\/2025\/11\/WPS\u56fe\u72473-300x300.png 300w, http:\/\/www.kamotec.net\/wp-content\/uploads\/2025\/11\/WPS\u56fe\u72473-100x100.png 100w, http:\/\/www.kamotec.net\/wp-content\/uploads\/2025\/11\/WPS\u56fe\u72473-600x600.png 600w, http:\/\/www.kamotec.net\/wp-content\/uploads\/2025\/11\/WPS\u56fe\u72473-150x150.png 150w, http:\/\/www.kamotec.net\/wp-content\/uploads\/2025\/11\/WPS\u56fe\u72473-12x12.png 12w\" sizes=\"(max-width: 750px) 100vw, 750px\" \/><\/p>","protected":false},"excerpt":{"rendered":"<p>\u00c1rea de trabajo del eje X-Y-Z:1300*2500*200mm \/ o personalizaci\u00f3n<br \/>\nResoluci\u00f3n de reposicionamiento: 0,02 mm<br \/>\nMovimiento X-Y: pi\u00f1\u00f3n y cremallera, transmisi\u00f3n por engranajes\/Taiw\u00e1n<br \/>\nMovimiento Z:Accionamiento por husillo de bolas\/Alemania<br \/>\nGu\u00eda:Lineal 20mm\/25mm cuadrada\/Taiw\u00e1n<br \/>\nPotencia del husillo:9 KW husillo refrigerado por aire<br \/>\nVelocidad del husillo:24000rpm<br \/>\nPotencia del inversor: 3,2 kW Inovance<br \/>\nMotores de accionamiento:Servomotor<\/p>","protected":false},"featured_media":5699,"template":"","meta":{"_seopress_robots_primary_cat":"none","_seopress_titles_title":"%%post_title%%","_seopress_titles_desc":"%%post_excerpt%%","_seopress_robots_index":"","_uag_custom_page_level_css":"","site-sidebar-layout":"default","site-content-layout":"","ast-site-content-layout":"default","site-content-style":"default","site-sidebar-style":"default","ast-global-header-display":"","ast-banner-title-visibility":"","ast-main-header-display":"","ast-hfb-above-header-display":"","ast-hfb-below-header-display":"","ast-hfb-mobile-header-display":"","site-post-title":"","ast-breadcrumbs-content":"","ast-featured-img":"","footer-sml-layout":"","theme-transparent-header-meta":"default","adv-header-id-meta":"","stick-header-meta":"default","header-above-stick-meta":"","header-main-stick-meta":"","header-below-stick-meta":"","astra-migrate-meta-layouts":"set","ast-page-background-enabled":"default","ast-page-background-meta":{"desktop":{"background-color":"","background-image":"","background-repeat":"repeat","background-position":"center center","background-size":"auto","background-attachment":"scroll","background-type":"","background-media":"","overlay-type":"","overlay-color":"","overlay-opacity":"","overlay-gradient":""},"tablet":{"background-color":"","background-image":"","background-repeat":"repeat","background-position":"center center","background-size":"auto","background-attachment":"scroll","background-type":"","background-media":"","overlay-type":"","overlay-color":"","overlay-opacity":"","overlay-gradient":""},"mobile":{"background-color":"","background-image":"","background-repeat":"repeat","background-position":"center center","background-size":"auto","background-attachment":"scroll","background-type":"","background-media":"","overlay-type":"","overlay-color":"","overlay-opacity":"","overlay-gradient":""}},"ast-content-background-meta":{"desktop":{"background-color":"var(--ast-global-color-5)","background-image":"","background-repeat":"repeat","background-position":"center center","background-size":"auto","background-attachment":"scroll","background-type":"","background-media":"","overlay-type":"","overlay-color":"","overlay-opacity":"","overlay-gradient":""},"tablet":{"background-color":"var(--ast-global-color-5)","background-image":"","background-repeat":"repeat","background-position":"center center","background-size":"auto","background-attachment":"scroll","background-type":"","background-media":"","overlay-type":"","overlay-color":"","overlay-opacity":"","overlay-gradient":""},"mobile":{"background-color":"var(--ast-global-color-5)","background-image":"","background-repeat":"repeat","background-position":"center center","background-size":"auto","background-attachment":"scroll","background-type":"","background-media":"","overlay-type":"","overlay-color":"","overlay-opacity":"","overlay-gradient":""}}},"product_brand":[],"product_cat":[79],"product_tag":[],"class_list":{"0":"post-5257","1":"product","2":"type-product","3":"status-publish","4":"has-post-thumbnail","6":"product_cat-atc-cnc-router","7":"desktop-align-left","8":"tablet-align-left","9":"mobile-align-left","10":"ast-product-gallery-layout-horizontal-slider","11":"ast-product-tabs-layout-horizontal","13":"first","14":"instock","15":"shipping-taxable","16":"product-type-simple"},"uagb_featured_image_src":{"full":["http:\/\/www.kamotec.net\/wp-content\/uploads\/2025\/11\/3-2.jpg",1000,1000,false],"thumbnail":["http:\/\/www.kamotec.net\/wp-content\/uploads\/2025\/11\/3-2-150x150.jpg",150,150,true],"medium":["http:\/\/www.kamotec.net\/wp-content\/uploads\/2025\/11\/3-2-300x300.jpg",300,300,true],"medium_large":["http:\/\/www.kamotec.net\/wp-content\/uploads\/2025\/11\/3-2-768x768.jpg",768,768,true],"large":["http:\/\/www.kamotec.net\/wp-content\/uploads\/2025\/11\/3-2.jpg",1000,1000,false],"1536x1536":["http:\/\/www.kamotec.net\/wp-content\/uploads\/2025\/11\/3-2.jpg",1000,1000,false],"2048x2048":["http:\/\/www.kamotec.net\/wp-content\/uploads\/2025\/11\/3-2.jpg",1000,1000,false],"trp-custom-language-flag":["http:\/\/www.kamotec.net\/wp-content\/uploads\/2025\/11\/3-2-12x12.jpg",12,12,true],"woocommerce_thumbnail":["http:\/\/www.kamotec.net\/wp-content\/uploads\/2025\/11\/3-2-300x300.jpg",300,300,true],"woocommerce_single":["http:\/\/www.kamotec.net\/wp-content\/uploads\/2025\/11\/3-2-600x600.jpg",600,600,true],"woocommerce_gallery_thumbnail":["http:\/\/www.kamotec.net\/wp-content\/uploads\/2025\/11\/3-2-100x100.jpg",100,100,true]},"uagb_author_info":{"display_name":"jinxing6611@gmail.com","author_link":"http:\/\/www.kamotec.net\/es\/author\/"},"uagb_comment_info":0,"uagb_excerpt":"X-Y-Z axis working area:1300*2500*200mm \/ or customization Repositioning resolution:0.02mm X-Y movement:Rack and pinion, gear drive\/Taiwan Z movement:Ball screw drive\/Germany Guide:Linear 20mm\/25mm square\/Taiwan Spindle power:9 KW air cooling spindle Spindle speed:24000rpm Inverter power:3.2KW Inovance Drive motors:Servo Motor","_links":{"self":[{"href":"http:\/\/www.kamotec.net\/es\/wp-json\/wp\/v2\/product\/5257","targetHints":{"allow":["GET"]}}],"collection":[{"href":"http:\/\/www.kamotec.net\/es\/wp-json\/wp\/v2\/product"}],"about":[{"href":"http:\/\/www.kamotec.net\/es\/wp-json\/wp\/v2\/types\/product"}],"wp:featuredmedia":[{"embeddable":true,"href":"http:\/\/www.kamotec.net\/es\/wp-json\/wp\/v2\/media\/5699"}],"wp:attachment":[{"href":"http:\/\/www.kamotec.net\/es\/wp-json\/wp\/v2\/media?parent=5257"}],"wp:term":[{"taxonomy":"product_brand","embeddable":true,"href":"http:\/\/www.kamotec.net\/es\/wp-json\/wp\/v2\/product_brand?post=5257"},{"taxonomy":"product_cat","embeddable":true,"href":"http:\/\/www.kamotec.net\/es\/wp-json\/wp\/v2\/product_cat?post=5257"},{"taxonomy":"product_tag","embeddable":true,"href":"http:\/\/www.kamotec.net\/es\/wp-json\/wp\/v2\/product_tag?post=5257"}],"curies":[{"name":"wp","href":"https:\/\/api.w.org\/{rel}","templated":true}]}}