{"id":5245,"date":"2025-11-17T09:53:28","date_gmt":"2025-11-17T09:53:28","guid":{"rendered":"http:\/\/www.kamotec.net\/?post_type=product&#038;p=5245"},"modified":"2025-12-03T01:48:22","modified_gmt":"2025-12-03T01:48:22","slug":"laser-tube-cutting-machine","status":"publish","type":"product","link":"http:\/\/www.kamotec.net\/es\/producto\/laser-tube-cutting-machine\/","title":{"rendered":"M\u00e1quina de corte l\u00e1ser de tubos"},"content":{"rendered":"<div class=\"ast-oembed-container\" style=\"height: 100%;\"><iframe title=\"Cortadora l\u00e1ser cnc industrial de tubos de metal M\u00e1quina de corte l\u00e1ser de tubos de acero inoxidable de aluminio\" width=\"500\" height=\"281\" src=\"https:\/\/www.youtube.com\/embed\/xu35JXAVks8?feature=oembed\" frameborder=\"0\" allow=\"accelerometer; autoplay; clipboard-write; encrypted-media; gyroscope; picture-in-picture; web-share\" referrerpolicy=\"strict-origin-when-cross-origin\" allowfullscreen><\/iframe><\/div>\n<p>La serie de cortadoras l\u00e1ser de tubos KM-6M est\u00e1 especialmente dise\u00f1ada para el corte masivo de tubos, y su eficiencia es mucho mayor que la de los sistemas l\u00e1ser ordinarios cuando se cortan tubos y metales tubulares. Las m\u00e1quinas de corte por l\u00e1ser de tubos son una opci\u00f3n rentable para cortar todo tipo de tubos, garantizando cortes precisos y suaves con caracter\u00edsticas de seguridad mejoradas. Los tubos y tubos rectangulares pueden ser alimentados de forma totalmente autom\u00e1tica sin operaci\u00f3n manual. El tubo de forma especial puede realizar la alimentaci\u00f3n manual semiautom\u00e1tica. La r\u00e1pida respuesta en las esquinas mejora enormemente la eficacia del corte.<br \/>\n<img alt=\"\" fetchpriority=\"high\" decoding=\"async\" class=\"size-full wp-image-5891 aligncenter\" src=\"http:\/\/www.kamotec.net\/wp-content\/uploads\/2025\/11\/11-18.jpg\" width=\"1000\" height=\"800\" srcset=\"http:\/\/www.kamotec.net\/wp-content\/uploads\/2025\/11\/11-18.jpg 1000w, http:\/\/www.kamotec.net\/wp-content\/uploads\/2025\/11\/11-18-300x240.jpg 300w, http:\/\/www.kamotec.net\/wp-content\/uploads\/2025\/11\/11-18-768x614.jpg 768w, http:\/\/www.kamotec.net\/wp-content\/uploads\/2025\/11\/11-18-15x12.jpg 15w, http:\/\/www.kamotec.net\/wp-content\/uploads\/2025\/11\/11-18-600x480.jpg 600w\" sizes=\"(max-width: 1000px) 100vw, 1000px\" \/> <img alt=\"\" decoding=\"async\" class=\"size-full wp-image-5892 aligncenter\" src=\"http:\/\/www.kamotec.net\/wp-content\/uploads\/2025\/11\/12-15.jpg\" width=\"1000\" height=\"800\" srcset=\"http:\/\/www.kamotec.net\/wp-content\/uploads\/2025\/11\/12-15.jpg 1000w, http:\/\/www.kamotec.net\/wp-content\/uploads\/2025\/11\/12-15-300x240.jpg 300w, http:\/\/www.kamotec.net\/wp-content\/uploads\/2025\/11\/12-15-768x614.jpg 768w, http:\/\/www.kamotec.net\/wp-content\/uploads\/2025\/11\/12-15-15x12.jpg 15w, http:\/\/www.kamotec.net\/wp-content\/uploads\/2025\/11\/12-15-600x480.jpg 600w\" sizes=\"(max-width: 1000px) 100vw, 1000px\" \/> <img alt=\"\" decoding=\"async\" class=\"size-full wp-image-5893 aligncenter\" src=\"http:\/\/www.kamotec.net\/wp-content\/uploads\/2025\/11\/13-14.jpg\" width=\"1000\" height=\"800\" srcset=\"http:\/\/www.kamotec.net\/wp-content\/uploads\/2025\/11\/13-14.jpg 1000w, http:\/\/www.kamotec.net\/wp-content\/uploads\/2025\/11\/13-14-300x240.jpg 300w, http:\/\/www.kamotec.net\/wp-content\/uploads\/2025\/11\/13-14-768x614.jpg 768w, http:\/\/www.kamotec.net\/wp-content\/uploads\/2025\/11\/13-14-15x12.jpg 15w, http:\/\/www.kamotec.net\/wp-content\/uploads\/2025\/11\/13-14-600x480.jpg 600w\" sizes=\"(max-width: 1000px) 100vw, 1000px\" \/><br \/>\n<strong>Caracter\u00edsticas del producto<\/strong><br \/>\n1. Estructura mec\u00e1nica de alta resistencia<br \/>\nLa bancada est\u00e1 soldada con acero al carbono de alta calidad, m\u00e1s estable y duradera. La m\u00e1quina-herramienta de alta resistencia est\u00e1 recocida con alivio de tensi\u00f3n a 600\u2103, con una fuerte rigidez estructural, peque\u00f1a deformaci\u00f3n y vibraci\u00f3n, garantizando la precisi\u00f3n de corte.<br \/>\n2. Mandril neum\u00e1tico autocentrante<br \/>\nTiene las ventajas de alta precisi\u00f3n de sujeci\u00f3n, velocidad r\u00e1pida, articulaci\u00f3n de engranaje autocentrante y fuerte capacidad de soporte de tuber\u00edas.<br \/>\n3. Alimentaci\u00f3n autom\u00e1tica y carga autom\u00e1tica<br \/>\nCorte r\u00e1pido y de alta calidad, mayor calidad, fiabilidad, mayor precisi\u00f3n en todos los aspectos y mejor servicio posventa.<br \/>\n4. Autoenfoque<br \/>\nNo requiere intervenci\u00f3n humana, la velocidad de enfoque es r\u00e1pida y la repetibilidad es de unas 30 micras.<\/p>\n<p><img alt=\"\" loading=\"lazy\" decoding=\"async\" class=\"size-full wp-image-5255 aligncenter\" src=\"http:\/\/www.kamotec.net\/wp-content\/uploads\/2025\/11\/12-1.jpg\" width=\"1000\" height=\"800\" srcset=\"http:\/\/www.kamotec.net\/wp-content\/uploads\/2025\/11\/12-1.jpg 1000w, http:\/\/www.kamotec.net\/wp-content\/uploads\/2025\/11\/12-1-300x240.jpg 300w, http:\/\/www.kamotec.net\/wp-content\/uploads\/2025\/11\/12-1-600x480.jpg 600w, http:\/\/www.kamotec.net\/wp-content\/uploads\/2025\/11\/12-1-768x614.jpg 768w, http:\/\/www.kamotec.net\/wp-content\/uploads\/2025\/11\/12-1-15x12.jpg 15w\" sizes=\"(max-width: 1000px) 100vw, 1000px\" \/><\/p>\n<table>\n<tbody>\n<tr>\n<td width=\"198\"><strong><b>Modelo<\/b><\/strong><\/td>\n<td width=\"415\"><strong><b>KM-6M<\/b><\/strong><strong><b>\u00a0M\u00e1quina de corte de tubos por l\u00e1ser de fibra<\/b><\/strong><\/td>\n<\/tr>\n<tr>\n<td width=\"198\">Longitud de corte del tubo<\/td>\n<td width=\"415\">6000 mm<\/td>\n<\/tr>\n<tr>\n<td width=\"198\">Longitud m\u00e1xima del tubo cortado<\/td>\n<td width=\"415\">Longitud de corte a partir de 6000<\/td>\n<\/tr>\n<tr>\n<td width=\"198\">Di\u00e1metro de corte del tubo<\/td>\n<td width=\"415\">20-240 mm<\/td>\n<\/tr>\n<tr>\n<td width=\"198\">Potencia l\u00e1ser<\/td>\n<td width=\"415\">3000w(m\u00e1s alto)<\/td>\n<\/tr>\n<tr>\n<td width=\"198\">Sistema de control<\/td>\n<td width=\"415\">FSCUT, Raytools, etc.<\/td>\n<\/tr>\n<tr>\n<td width=\"198\">Servomotor<\/td>\n<td width=\"415\">Fuji, Schneider, Yaskawa, Delta, Panasonic, etc.<\/td>\n<\/tr>\n<tr>\n<td width=\"198\">Cabezal l\u00e1ser<\/td>\n<td width=\"415\">Raytools, WSX, Ospri, Precitec, etc.<\/td>\n<\/tr>\n<tr>\n<td width=\"198\">Regulador de altura<\/td>\n<td width=\"415\">Autom\u00e1tico<\/td>\n<\/tr>\n<tr>\n<td width=\"198\">Componentes el\u00e9ctricos<\/td>\n<td width=\"415\">Schneider, Delixi, etc.<\/td>\n<\/tr>\n<tr>\n<td width=\"198\">Componentes neum\u00e1ticos<\/td>\n<td width=\"415\">SMC<\/td>\n<\/tr>\n<tr>\n<td width=\"198\">Ra\u00edles gu\u00eda<\/td>\n<td width=\"415\">HIWIN, PMI, THK, NSK, etc.<\/td>\n<\/tr>\n<tr>\n<td width=\"198\">Cremallera y engranaje<\/td>\n<td width=\"415\">YYC, Atlanta, APEX, etc.<\/td>\n<\/tr>\n<tr>\n<td width=\"198\">Lubricaci\u00f3n<\/td>\n<td width=\"415\">Autom\u00e1tico<\/td>\n<\/tr>\n<tr>\n<td width=\"198\">Reductor<\/td>\n<td width=\"415\">SHIMPO, MOTOVARIO, etc.<\/td>\n<\/tr>\n<tr>\n<td width=\"198\">Opcional<\/td>\n<td width=\"415\">Compresor de aire, regulador de tensi\u00f3n, purificador de humos, etc.<\/td>\n<\/tr>\n<\/tbody>\n<\/table>\n<p><strong>Material de aplicaci\u00f3n<\/strong><br \/>\nLas m\u00e1quinas de corte por l\u00e1ser se utilizan ampliamente en el procesamiento de materiales met\u00e1licos, principalmente:<br \/>\nAcero inoxidable: El corte por l\u00e1ser de acero inoxidable tiene las ventajas de su r\u00e1pida velocidad, alta precisi\u00f3n y peque\u00f1a zona afectada por el calor.<br \/>\nAcero al carbono: El corte por l\u00e1ser de acero al carbono tambi\u00e9n tiene las caracter\u00edsticas de alta eficiencia y precisi\u00f3n, adecuado para varios espesores de placas de acero al carbono.<br \/>\nAleaci\u00f3n de aluminio: El corte por l\u00e1ser de aleaci\u00f3n de aluminio puede lograr una buena calidad seccional y es adecuado para placas de aluminio de diversos grosores.<br \/>\nAleaci\u00f3n de titanio: El corte por l\u00e1ser de aleaci\u00f3n de titanio puede satisfacer requisitos de procesamiento de alta precisi\u00f3n y es adecuado para el sector aeroespacial y otros campos.<br \/>\nCobre y aleaciones: El corte por l\u00e1ser de cobre y materiales de aleaci\u00f3n tiene las caracter\u00edsticas de alta eficiencia y precisi\u00f3n, y es adecuado para la industria electr\u00f3nica.<br \/>\n<img alt=\"\" loading=\"lazy\" decoding=\"async\" class=\"size-full wp-image-5248 aligncenter\" src=\"http:\/\/www.kamotec.net\/wp-content\/uploads\/2025\/11\/WPS\u56fe\u72471-21.jpg\" width=\"750\" height=\"750\" srcset=\"http:\/\/www.kamotec.net\/wp-content\/uploads\/2025\/11\/WPS\u56fe\u72471-21.jpg 750w, http:\/\/www.kamotec.net\/wp-content\/uploads\/2025\/11\/WPS\u56fe\u72471-21-300x300.jpg 300w, http:\/\/www.kamotec.net\/wp-content\/uploads\/2025\/11\/WPS\u56fe\u72471-21-100x100.jpg 100w, http:\/\/www.kamotec.net\/wp-content\/uploads\/2025\/11\/WPS\u56fe\u72471-21-600x600.jpg 600w, http:\/\/www.kamotec.net\/wp-content\/uploads\/2025\/11\/WPS\u56fe\u72471-21-150x150.jpg 150w, http:\/\/www.kamotec.net\/wp-content\/uploads\/2025\/11\/WPS\u56fe\u72471-21-12x12.jpg 12w\" sizes=\"(max-width: 750px) 100vw, 750px\" \/><br \/>\n<img alt=\"\" loading=\"lazy\" decoding=\"async\" class=\"size-full wp-image-5249 aligncenter\" src=\"http:\/\/www.kamotec.net\/wp-content\/uploads\/2025\/11\/WPS\u56fe\u72472-10.jpg\" width=\"800\" height=\"1400\" srcset=\"http:\/\/www.kamotec.net\/wp-content\/uploads\/2025\/11\/WPS\u56fe\u72472-10.jpg 800w, http:\/\/www.kamotec.net\/wp-content\/uploads\/2025\/11\/WPS\u56fe\u72472-10-300x525.jpg 300w, http:\/\/www.kamotec.net\/wp-content\/uploads\/2025\/11\/WPS\u56fe\u72472-10-600x1050.jpg 600w, http:\/\/www.kamotec.net\/wp-content\/uploads\/2025\/11\/WPS\u56fe\u72472-10-171x300.jpg 171w, http:\/\/www.kamotec.net\/wp-content\/uploads\/2025\/11\/WPS\u56fe\u72472-10-585x1024.jpg 585w, http:\/\/www.kamotec.net\/wp-content\/uploads\/2025\/11\/WPS\u56fe\u72472-10-768x1344.jpg 768w, http:\/\/www.kamotec.net\/wp-content\/uploads\/2025\/11\/WPS\u56fe\u72472-10-7x12.jpg 7w\" sizes=\"(max-width: 800px) 100vw, 800px\" \/><\/p>","protected":false},"excerpt":{"rendered":"<p>Modelo: M\u00e1quina de corte l\u00e1ser de fibra \u00f3ptica para tubos KM-6M<br \/>\nLongitud de corte del tubo:6000mm<br \/>\nLongitud m\u00e1xima de corte del tubo:Longitud de corte a partir de 6000<br \/>\nDi\u00e1metro de corte del tubo:20-240mm<br \/>\nPotencia del l\u00e1ser:3000w(m\u00e1s alta)<br \/>\nSistema de control: FSCUT, Raytools, etc.<br \/>\nServomotor:Fuji, Schneider, Yaskawa, Delta, Panasonic, etc.<\/p>","protected":false},"featured_media":5700,"template":"","meta":{"_seopress_robots_primary_cat":"none","_seopress_titles_title":"%%post_title%%","_seopress_titles_desc":"%%post_excerpt%%","_seopress_robots_index":"","_uag_custom_page_level_css":"","site-sidebar-layout":"default","site-content-layout":"","ast-site-content-layout":"default","site-content-style":"default","site-sidebar-style":"default","ast-global-header-display":"","ast-banner-title-visibility":"","ast-main-header-display":"","ast-hfb-above-header-display":"","ast-hfb-below-header-display":"","ast-hfb-mobile-header-display":"","site-post-title":"","ast-breadcrumbs-content":"","ast-featured-img":"","footer-sml-layout":"","theme-transparent-header-meta":"default","adv-header-id-meta":"","stick-header-meta":"default","header-above-stick-meta":"","header-main-stick-meta":"","header-below-stick-meta":"","astra-migrate-meta-layouts":"set","ast-page-background-enabled":"default","ast-page-background-meta":{"desktop":{"background-color":"","background-image":"","background-repeat":"repeat","background-position":"center center","background-size":"auto","background-attachment":"scroll","background-type":"","background-media":"","overlay-type":"","overlay-color":"","overlay-opacity":"","overlay-gradient":""},"tablet":{"background-color":"","background-image":"","background-repeat":"repeat","background-position":"center center","background-size":"auto","background-attachment":"scroll","background-type":"","background-media":"","overlay-type":"","overlay-color":"","overlay-opacity":"","overlay-gradient":""},"mobile":{"background-color":"","background-image":"","background-repeat":"repeat","background-position":"center center","background-size":"auto","background-attachment":"scroll","background-type":"","background-media":"","overlay-type":"","overlay-color":"","overlay-opacity":"","overlay-gradient":""}},"ast-content-background-meta":{"desktop":{"background-color":"var(--ast-global-color-5)","background-image":"","background-repeat":"repeat","background-position":"center center","background-size":"auto","background-attachment":"scroll","background-type":"","background-media":"","overlay-type":"","overlay-color":"","overlay-opacity":"","overlay-gradient":""},"tablet":{"background-color":"var(--ast-global-color-5)","background-image":"","background-repeat":"repeat","background-position":"center center","background-size":"auto","background-attachment":"scroll","background-type":"","background-media":"","overlay-type":"","overlay-color":"","overlay-opacity":"","overlay-gradient":""},"mobile":{"background-color":"var(--ast-global-color-5)","background-image":"","background-repeat":"repeat","background-position":"center center","background-size":"auto","background-attachment":"scroll","background-type":"","background-media":"","overlay-type":"","overlay-color":"","overlay-opacity":"","overlay-gradient":""}}},"product_brand":[],"product_cat":[85],"product_tag":[],"class_list":{"0":"post-5245","1":"product","2":"type-product","3":"status-publish","4":"has-post-thumbnail","6":"product_cat-fiber-laser-cutting-machine-fiber-laser-cutting-machine","7":"desktop-align-left","8":"tablet-align-left","9":"mobile-align-left","10":"ast-product-gallery-layout-horizontal-slider","11":"ast-product-tabs-layout-horizontal","13":"first","14":"instock","15":"shipping-taxable","16":"product-type-simple"},"uagb_featured_image_src":{"full":["http:\/\/www.kamotec.net\/wp-content\/uploads\/2025\/11\/1-1.jpg",1000,1000,false],"thumbnail":["http:\/\/www.kamotec.net\/wp-content\/uploads\/2025\/11\/1-1-150x150.jpg",150,150,true],"medium":["http:\/\/www.kamotec.net\/wp-content\/uploads\/2025\/11\/1-1-300x300.jpg",300,300,true],"medium_large":["http:\/\/www.kamotec.net\/wp-content\/uploads\/2025\/11\/1-1-768x768.jpg",768,768,true],"large":["http:\/\/www.kamotec.net\/wp-content\/uploads\/2025\/11\/1-1.jpg",1000,1000,false],"1536x1536":["http:\/\/www.kamotec.net\/wp-content\/uploads\/2025\/11\/1-1.jpg",1000,1000,false],"2048x2048":["http:\/\/www.kamotec.net\/wp-content\/uploads\/2025\/11\/1-1.jpg",1000,1000,false],"trp-custom-language-flag":["http:\/\/www.kamotec.net\/wp-content\/uploads\/2025\/11\/1-1-12x12.jpg",12,12,true],"woocommerce_thumbnail":["http:\/\/www.kamotec.net\/wp-content\/uploads\/2025\/11\/1-1-300x300.jpg",300,300,true],"woocommerce_single":["http:\/\/www.kamotec.net\/wp-content\/uploads\/2025\/11\/1-1-600x600.jpg",600,600,true],"woocommerce_gallery_thumbnail":["http:\/\/www.kamotec.net\/wp-content\/uploads\/2025\/11\/1-1-100x100.jpg",100,100,true]},"uagb_author_info":{"display_name":"jinxing6611@gmail.com","author_link":"http:\/\/www.kamotec.net\/es\/author\/"},"uagb_comment_info":0,"uagb_excerpt":"Model:KM-6M Fiber Laser Tube Cutting Machine Tube Cutting Length:6000mm Maximum cut pipe length:Cutting length from 6000 Tube Cutting Diameter:20-240mm Laser Power:3000w(more higher) Control System:FSCUT, Raytools,etc. Servo Motor:Fuji, Schneider, Yaskawa, Delta, Panasonic, etc.","_links":{"self":[{"href":"http:\/\/www.kamotec.net\/es\/wp-json\/wp\/v2\/product\/5245","targetHints":{"allow":["GET"]}}],"collection":[{"href":"http:\/\/www.kamotec.net\/es\/wp-json\/wp\/v2\/product"}],"about":[{"href":"http:\/\/www.kamotec.net\/es\/wp-json\/wp\/v2\/types\/product"}],"wp:featuredmedia":[{"embeddable":true,"href":"http:\/\/www.kamotec.net\/es\/wp-json\/wp\/v2\/media\/5700"}],"wp:attachment":[{"href":"http:\/\/www.kamotec.net\/es\/wp-json\/wp\/v2\/media?parent=5245"}],"wp:term":[{"taxonomy":"product_brand","embeddable":true,"href":"http:\/\/www.kamotec.net\/es\/wp-json\/wp\/v2\/product_brand?post=5245"},{"taxonomy":"product_cat","embeddable":true,"href":"http:\/\/www.kamotec.net\/es\/wp-json\/wp\/v2\/product_cat?post=5245"},{"taxonomy":"product_tag","embeddable":true,"href":"http:\/\/www.kamotec.net\/es\/wp-json\/wp\/v2\/product_tag?post=5245"}],"curies":[{"name":"wp","href":"https:\/\/api.w.org\/{rel}","templated":true}]}}