{"id":5232,"date":"2025-11-17T09:43:41","date_gmt":"2025-11-17T09:43:41","guid":{"rendered":"http:\/\/www.kamotec.net\/?post_type=product&#038;p=5232"},"modified":"2025-12-03T01:57:27","modified_gmt":"2025-12-03T01:57:27","slug":"km-9015-stone-cnc-router","status":"publish","type":"product","link":"http:\/\/www.kamotec.net\/es\/producto\/km-9015-stone-cnc-router\/","title":{"rendered":"Fresadora CNC para piedra KM-9015"},"content":{"rendered":"<div class=\"ast-oembed-container\" style=\"height: 100%;\"><iframe title=\"fresadora cnc para piedra\" width=\"500\" height=\"281\" src=\"https:\/\/www.youtube.com\/embed\/QnQij6j18vA?feature=oembed\" frameborder=\"0\" allow=\"accelerometer; autoplay; clipboard-write; encrypted-media; gyroscope; picture-in-picture; web-share\" referrerpolicy=\"strict-origin-when-cross-origin\" allowfullscreen><\/iframe><\/div>\n<p><strong>Caracter\u00edsticas del producto<\/strong><br \/>\nLa m\u00e1quina de grabado en piedra es una fresadora CNC profesional para el procesamiento de piedra. Este tipo de m\u00e1quina CNC se utiliza principalmente en la industria de la piedra, la industria de procesamiento de tabletas de piedra, el alivio del arte, la publicidad, la industria de la decoraci\u00f3n, cer\u00e1mica, inscripciones, ingenier\u00eda de jardines, esculturas a gran escala, tallas artesanales, mejoras para el hogar, el cine y otras industrias.<br \/>\nNuestras fresadoras CNC para piedra pueden hacer relieves tridimensionales, grabados de fondo puntiagudo, grabados de fondo plano, tallados de l\u00edneas, bordes invertidos, perforaciones, grabados en relieve, letras, vaciados, cortes, costuras sin costuras, tratamiento de superficies, fresado de mesas, etc. Los materiales aplicables incluyen m\u00e1rmol, granito, jade, piedra azul, piedra negra, cer\u00e1mica, vidrio, plexigl\u00e1s, tablero de PVC, tablero de aluminio-pl\u00e1stico, bamb\u00fa, \u00e1gata, jade, materiales artificiales, materiales sint\u00e9ticos, etc. Caracter\u00edsticas principales: alta velocidad, alta precisi\u00f3n, gran estabilidad, bajo nivel de ruido y larga vida \u00fatil.<\/p>\n<p><img alt=\"\" fetchpriority=\"high\" decoding=\"async\" class=\"size-full wp-image-5897 aligncenter\" src=\"http:\/\/www.kamotec.net\/wp-content\/uploads\/2025\/11\/11-19.jpg\" width=\"1000\" height=\"800\" srcset=\"http:\/\/www.kamotec.net\/wp-content\/uploads\/2025\/11\/11-19.jpg 1000w, http:\/\/www.kamotec.net\/wp-content\/uploads\/2025\/11\/11-19-300x240.jpg 300w, http:\/\/www.kamotec.net\/wp-content\/uploads\/2025\/11\/11-19-768x614.jpg 768w, http:\/\/www.kamotec.net\/wp-content\/uploads\/2025\/11\/11-19-15x12.jpg 15w, http:\/\/www.kamotec.net\/wp-content\/uploads\/2025\/11\/11-19-600x480.jpg 600w\" sizes=\"(max-width: 1000px) 100vw, 1000px\" \/><\/p>\n<p><img alt=\"\" decoding=\"async\" class=\"size-full wp-image-5895 aligncenter\" src=\"http:\/\/www.kamotec.net\/wp-content\/uploads\/2025\/11\/14-15.jpg\" width=\"1000\" height=\"800\" srcset=\"http:\/\/www.kamotec.net\/wp-content\/uploads\/2025\/11\/14-15.jpg 1000w, http:\/\/www.kamotec.net\/wp-content\/uploads\/2025\/11\/14-15-300x240.jpg 300w, http:\/\/www.kamotec.net\/wp-content\/uploads\/2025\/11\/14-15-768x614.jpg 768w, http:\/\/www.kamotec.net\/wp-content\/uploads\/2025\/11\/14-15-15x12.jpg 15w, http:\/\/www.kamotec.net\/wp-content\/uploads\/2025\/11\/14-15-600x480.jpg 600w\" sizes=\"(max-width: 1000px) 100vw, 1000px\" \/><\/p>\n<p><img alt=\"\" decoding=\"async\" class=\"size-full wp-image-5896 aligncenter\" src=\"http:\/\/www.kamotec.net\/wp-content\/uploads\/2025\/11\/15-12.jpg\" width=\"1000\" height=\"800\" srcset=\"http:\/\/www.kamotec.net\/wp-content\/uploads\/2025\/11\/15-12.jpg 1000w, http:\/\/www.kamotec.net\/wp-content\/uploads\/2025\/11\/15-12-300x240.jpg 300w, http:\/\/www.kamotec.net\/wp-content\/uploads\/2025\/11\/15-12-768x614.jpg 768w, http:\/\/www.kamotec.net\/wp-content\/uploads\/2025\/11\/15-12-15x12.jpg 15w, http:\/\/www.kamotec.net\/wp-content\/uploads\/2025\/11\/15-12-600x480.jpg 600w\" sizes=\"(max-width: 1000px) 100vw, 1000px\" \/><\/p>\n<table>\n<tbody>\n<tr>\n<td>X,Y,Z \u00c1rea de trabajo<\/td>\n<td>1300*2500*300mm<\/td>\n<\/tr>\n<tr>\n<td>Superficie de la mesa<\/td>\n<td>Mesa con ranuras en T y dep\u00f3sito de agua de acero inoxidable<\/td>\n<\/tr>\n<tr>\n<td>Eje<\/td>\n<td>Husillo refrigerado por agua de 5,5 kW<\/td>\n<\/tr>\n<tr>\n<td>Estructura X, Y<\/td>\n<td>Gu\u00eda lineal Taiw\u00e1n 25#<\/td>\n<\/tr>\n<tr>\n<td>Estructura Z<\/td>\n<td>Husillo de bolas TBI de Taiw\u00e1n para el eje Z<\/td>\n<\/tr>\n<tr>\n<td>Motor y conductor<\/td>\n<td>Motor paso a paso FL118 y YAKO2811 Big Driver<\/td>\n<\/tr>\n<tr>\n<td>Velocidad del cabezal<\/td>\n<td>0-24000RPM<\/td>\n<\/tr>\n<tr>\n<td>Inversor<\/td>\n<td>Inversor Fuling de 7,5 kW<\/td>\n<\/tr>\n<tr>\n<td>Lenguaje de comandos<\/td>\n<td>C\u00f3digo G<\/td>\n<\/tr>\n<tr>\n<td>Sistema de control<\/td>\n<td>Sistema de control DSP A11<\/td>\n<\/tr>\n<tr>\n<td>Interfaz de ordenador<\/td>\n<td>USB<\/td>\n<\/tr>\n<tr>\n<td>Pinza<\/td>\n<td>ER25<\/td>\n<\/tr>\n<tr>\n<td>Garant\u00eda<\/td>\n<td>12 meses<\/td>\n<\/tr>\n<\/tbody>\n<\/table>\n<p><img alt=\"\" loading=\"lazy\" decoding=\"async\" class=\"size-full wp-image-5898 aligncenter\" src=\"http:\/\/www.kamotec.net\/wp-content\/uploads\/2025\/11\/19-8.jpg\" width=\"1000\" height=\"800\" srcset=\"http:\/\/www.kamotec.net\/wp-content\/uploads\/2025\/11\/19-8.jpg 1000w, http:\/\/www.kamotec.net\/wp-content\/uploads\/2025\/11\/19-8-300x240.jpg 300w, http:\/\/www.kamotec.net\/wp-content\/uploads\/2025\/11\/19-8-768x614.jpg 768w, http:\/\/www.kamotec.net\/wp-content\/uploads\/2025\/11\/19-8-15x12.jpg 15w, http:\/\/www.kamotec.net\/wp-content\/uploads\/2025\/11\/19-8-600x480.jpg 600w\" sizes=\"(max-width: 1000px) 100vw, 1000px\" \/><\/p>\n<p><img alt=\"\" loading=\"lazy\" decoding=\"async\" class=\"size-full wp-image-5242 aligncenter\" src=\"http:\/\/www.kamotec.net\/wp-content\/uploads\/2025\/11\/17-1.jpg\" width=\"1000\" height=\"800\" srcset=\"http:\/\/www.kamotec.net\/wp-content\/uploads\/2025\/11\/17-1.jpg 1000w, http:\/\/www.kamotec.net\/wp-content\/uploads\/2025\/11\/17-1-300x240.jpg 300w, http:\/\/www.kamotec.net\/wp-content\/uploads\/2025\/11\/17-1-600x480.jpg 600w, http:\/\/www.kamotec.net\/wp-content\/uploads\/2025\/11\/17-1-768x614.jpg 768w, http:\/\/www.kamotec.net\/wp-content\/uploads\/2025\/11\/17-1-15x12.jpg 15w\" sizes=\"(max-width: 1000px) 100vw, 1000px\" \/><\/p>\n<p><strong>Material de aplicaci\u00f3n<\/strong><br \/>\nIndustria de la piedra: Piedra, corte de piedra de tinta, piedra sepulcral, productos de jade y m\u00e1rmol.<br \/>\nIndustria de utensilios de cocina: Superficie de la mesa del armario de m\u00e1rmol artificial.<br \/>\nIndustria de decoraci\u00f3n de obras de arte: Artesan\u00eda en madera, caja de regalo, joyero y otras artesan\u00edas de arte exquisito.<br \/>\nIndustria de la madera: Sillas, puertas, ventanas, camas, armarios, utensilios de cocina y otros muebles; muebles cl\u00e1sicos y antiguos de secoya, exquisitos muebles europeos, productos decorativos de escultura.<br \/>\nIndustria de moldes: Grabado de moldes de cobre, aluminio y otros metales; Construcci\u00f3n de modelos, zapatos, insignias, moldes en relieve, galletas, caramelos, moldes de chocolate; M\u00e1rmol artificial, l\u00e1minas de pl\u00e1stico, PVC, madera, espuma y otros moldes no met\u00e1licos.<br \/>\nIndustria publicitaria: Valla publicitaria, se\u00f1alizaci\u00f3n, insignias, logotipo, placa de empresa, letreros, emblema, insignia, paneles de exhibici\u00f3n, fairsigns, n\u00fameros de edificio, signos de decoraci\u00f3n, corte literal del agujero etc.; corte del car\u00e1cter 3D, corte de acr\u00edlico, canal del LED\/del ne\u00f3n, caja de luz;<\/p>\n<p>&nbsp;<\/p>\n<p><img alt=\"\" loading=\"lazy\" decoding=\"async\" class=\"size-full wp-image-5243 aligncenter\" src=\"http:\/\/www.kamotec.net\/wp-content\/uploads\/2025\/11\/\u77f3\u6750\u96d5\u523b\u673a\u6837\u54c1.jpg\" width=\"1000\" height=\"1000\" srcset=\"http:\/\/www.kamotec.net\/wp-content\/uploads\/2025\/11\/\u77f3\u6750\u96d5\u523b\u673a\u6837\u54c1.jpg 1000w, http:\/\/www.kamotec.net\/wp-content\/uploads\/2025\/11\/\u77f3\u6750\u96d5\u523b\u673a\u6837\u54c1-300x300.jpg 300w, http:\/\/www.kamotec.net\/wp-content\/uploads\/2025\/11\/\u77f3\u6750\u96d5\u523b\u673a\u6837\u54c1-100x100.jpg 100w, http:\/\/www.kamotec.net\/wp-content\/uploads\/2025\/11\/\u77f3\u6750\u96d5\u523b\u673a\u6837\u54c1-600x600.jpg 600w, http:\/\/www.kamotec.net\/wp-content\/uploads\/2025\/11\/\u77f3\u6750\u96d5\u523b\u673a\u6837\u54c1-150x150.jpg 150w, http:\/\/www.kamotec.net\/wp-content\/uploads\/2025\/11\/\u77f3\u6750\u96d5\u523b\u673a\u6837\u54c1-768x768.jpg 768w, http:\/\/www.kamotec.net\/wp-content\/uploads\/2025\/11\/\u77f3\u6750\u96d5\u523b\u673a\u6837\u54c1-12x12.jpg 12w\" sizes=\"(max-width: 1000px) 100vw, 1000px\" \/><\/p>\n<p><img alt=\"\" loading=\"lazy\" decoding=\"async\" class=\"size-full wp-image-5244 aligncenter\" src=\"http:\/\/www.kamotec.net\/wp-content\/uploads\/2025\/11\/\u77f3\u6750\u96d5\u523b\u6837\u54c13.jpg\" width=\"1000\" height=\"1000\" srcset=\"http:\/\/www.kamotec.net\/wp-content\/uploads\/2025\/11\/\u77f3\u6750\u96d5\u523b\u6837\u54c13.jpg 1000w, http:\/\/www.kamotec.net\/wp-content\/uploads\/2025\/11\/\u77f3\u6750\u96d5\u523b\u6837\u54c13-300x300.jpg 300w, http:\/\/www.kamotec.net\/wp-content\/uploads\/2025\/11\/\u77f3\u6750\u96d5\u523b\u6837\u54c13-100x100.jpg 100w, http:\/\/www.kamotec.net\/wp-content\/uploads\/2025\/11\/\u77f3\u6750\u96d5\u523b\u6837\u54c13-600x600.jpg 600w, http:\/\/www.kamotec.net\/wp-content\/uploads\/2025\/11\/\u77f3\u6750\u96d5\u523b\u6837\u54c13-150x150.jpg 150w, http:\/\/www.kamotec.net\/wp-content\/uploads\/2025\/11\/\u77f3\u6750\u96d5\u523b\u6837\u54c13-768x768.jpg 768w, http:\/\/www.kamotec.net\/wp-content\/uploads\/2025\/11\/\u77f3\u6750\u96d5\u523b\u6837\u54c13-12x12.jpg 12w\" sizes=\"(max-width: 1000px) 100vw, 1000px\" \/><\/p>","protected":false},"excerpt":{"rendered":"<p>\u00c1rea de trabajo X,Y,Z\uff1a1300*2500*300mm<br \/>\nSuperficie de la mesa: mesa con ranura en T y dep\u00f3sito de agua de acero inoxidable<br \/>\nHusillo: husillo refrigerado por agua de 5,5 kW<br \/>\nX, Y Estructura:Gu\u00eda lineal Taiw\u00e1n 25#<br \/>\nEstructura Z: husillo a bolas TBI de Taiw\u00e1n para el eje Z<br \/>\nMotor y driver:Motor paso a paso FL118 y YAKO2811 Big Driver<br \/>\nVelocidad del husillo:0-24000RPM<br \/>\nInversor: inversor Fuling de 7,5 kW<br \/>\nLenguaje de mando:C\u00f3digo G<\/p>","protected":false},"featured_media":5701,"template":"","meta":{"_seopress_robots_primary_cat":"none","_seopress_titles_title":"%%post_title%%","_seopress_titles_desc":"%%post_excerpt%%","_seopress_robots_index":"","_uag_custom_page_level_css":"","site-sidebar-layout":"default","site-content-layout":"","ast-site-content-layout":"default","site-content-style":"default","site-sidebar-style":"default","ast-global-header-display":"","ast-banner-title-visibility":"","ast-main-header-display":"","ast-hfb-above-header-display":"","ast-hfb-below-header-display":"","ast-hfb-mobile-header-display":"","site-post-title":"","ast-breadcrumbs-content":"","ast-featured-img":"","footer-sml-layout":"","theme-transparent-header-meta":"default","adv-header-id-meta":"","stick-header-meta":"default","header-above-stick-meta":"","header-main-stick-meta":"","header-below-stick-meta":"","astra-migrate-meta-layouts":"set","ast-page-background-enabled":"default","ast-page-background-meta":{"desktop":{"background-color":"","background-image":"","background-repeat":"repeat","background-position":"center center","background-size":"auto","background-attachment":"scroll","background-type":"","background-media":"","overlay-type":"","overlay-color":"","overlay-opacity":"","overlay-gradient":""},"tablet":{"background-color":"","background-image":"","background-repeat":"repeat","background-position":"center center","background-size":"auto","background-attachment":"scroll","background-type":"","background-media":"","overlay-type":"","overlay-color":"","overlay-opacity":"","overlay-gradient":""},"mobile":{"background-color":"","background-image":"","background-repeat":"repeat","background-position":"center center","background-size":"auto","background-attachment":"scroll","background-type":"","background-media":"","overlay-type":"","overlay-color":"","overlay-opacity":"","overlay-gradient":""}},"ast-content-background-meta":{"desktop":{"background-color":"var(--ast-global-color-5)","background-image":"","background-repeat":"repeat","background-position":"center center","background-size":"auto","background-attachment":"scroll","background-type":"","background-media":"","overlay-type":"","overlay-color":"","overlay-opacity":"","overlay-gradient":""},"tablet":{"background-color":"var(--ast-global-color-5)","background-image":"","background-repeat":"repeat","background-position":"center center","background-size":"auto","background-attachment":"scroll","background-type":"","background-media":"","overlay-type":"","overlay-color":"","overlay-opacity":"","overlay-gradient":""},"mobile":{"background-color":"var(--ast-global-color-5)","background-image":"","background-repeat":"repeat","background-position":"center center","background-size":"auto","background-attachment":"scroll","background-type":"","background-media":"","overlay-type":"","overlay-color":"","overlay-opacity":"","overlay-gradient":""}}},"product_brand":[],"product_cat":[89],"product_tag":[],"class_list":{"0":"post-5232","1":"product","2":"type-product","3":"status-publish","4":"has-post-thumbnail","6":"product_cat-stone-cnc-router","7":"desktop-align-left","8":"tablet-align-left","9":"mobile-align-left","10":"ast-product-gallery-layout-horizontal-slider","11":"ast-product-tabs-layout-horizontal","13":"first","14":"instock","15":"shipping-taxable","16":"product-type-simple"},"uagb_featured_image_src":{"full":["http:\/\/www.kamotec.net\/wp-content\/uploads\/2025\/11\/1-2.jpg",1000,1000,false],"thumbnail":["http:\/\/www.kamotec.net\/wp-content\/uploads\/2025\/11\/1-2-150x150.jpg",150,150,true],"medium":["http:\/\/www.kamotec.net\/wp-content\/uploads\/2025\/11\/1-2-300x300.jpg",300,300,true],"medium_large":["http:\/\/www.kamotec.net\/wp-content\/uploads\/2025\/11\/1-2-768x768.jpg",768,768,true],"large":["http:\/\/www.kamotec.net\/wp-content\/uploads\/2025\/11\/1-2.jpg",1000,1000,false],"1536x1536":["http:\/\/www.kamotec.net\/wp-content\/uploads\/2025\/11\/1-2.jpg",1000,1000,false],"2048x2048":["http:\/\/www.kamotec.net\/wp-content\/uploads\/2025\/11\/1-2.jpg",1000,1000,false],"trp-custom-language-flag":["http:\/\/www.kamotec.net\/wp-content\/uploads\/2025\/11\/1-2-12x12.jpg",12,12,true],"woocommerce_thumbnail":["http:\/\/www.kamotec.net\/wp-content\/uploads\/2025\/11\/1-2-300x300.jpg",300,300,true],"woocommerce_single":["http:\/\/www.kamotec.net\/wp-content\/uploads\/2025\/11\/1-2-600x600.jpg",600,600,true],"woocommerce_gallery_thumbnail":["http:\/\/www.kamotec.net\/wp-content\/uploads\/2025\/11\/1-2-100x100.jpg",100,100,true]},"uagb_author_info":{"display_name":"jinxing6611@gmail.com","author_link":"http:\/\/www.kamotec.net\/es\/author\/"},"uagb_comment_info":0,"uagb_excerpt":"X,Y,Z Working Area\uff1a1300*2500*300mm Table Surface:T-slot table and stainless steel water tank Spindle:5.5kw water cooling spindle X, Y Structure:Taiwan linear guide 25# Z Structure:Taiwan TBI ball screw for Z axis Motor and driver:FL118 Stepper motor and YAKO2811 Big Driver Spindle Speed:0-24000RPM Inverter:7.5kw Fuling inverter Command Language:G Code","_links":{"self":[{"href":"http:\/\/www.kamotec.net\/es\/wp-json\/wp\/v2\/product\/5232","targetHints":{"allow":["GET"]}}],"collection":[{"href":"http:\/\/www.kamotec.net\/es\/wp-json\/wp\/v2\/product"}],"about":[{"href":"http:\/\/www.kamotec.net\/es\/wp-json\/wp\/v2\/types\/product"}],"wp:featuredmedia":[{"embeddable":true,"href":"http:\/\/www.kamotec.net\/es\/wp-json\/wp\/v2\/media\/5701"}],"wp:attachment":[{"href":"http:\/\/www.kamotec.net\/es\/wp-json\/wp\/v2\/media?parent=5232"}],"wp:term":[{"taxonomy":"product_brand","embeddable":true,"href":"http:\/\/www.kamotec.net\/es\/wp-json\/wp\/v2\/product_brand?post=5232"},{"taxonomy":"product_cat","embeddable":true,"href":"http:\/\/www.kamotec.net\/es\/wp-json\/wp\/v2\/product_cat?post=5232"},{"taxonomy":"product_tag","embeddable":true,"href":"http:\/\/www.kamotec.net\/es\/wp-json\/wp\/v2\/product_tag?post=5232"}],"curies":[{"name":"wp","href":"https:\/\/api.w.org\/{rel}","templated":true}]}}