{"id":5218,"date":"2025-11-17T09:31:43","date_gmt":"2025-11-17T09:31:43","guid":{"rendered":"http:\/\/www.kamotec.net\/?post_type=product&#038;p=5218"},"modified":"2025-12-03T02:12:22","modified_gmt":"2025-12-03T02:12:22","slug":"km-6090-metal-cnc-router","status":"publish","type":"product","link":"http:\/\/www.kamotec.net\/es\/producto\/km-6090-metal-cnc-router\/","title":{"rendered":"Fresadora CNC para metal KM-6090"},"content":{"rendered":"<div class=\"ast-oembed-container\" style=\"height: 100%;\"><iframe title=\"Proceso de tallado del metal\" width=\"500\" height=\"281\" src=\"https:\/\/www.youtube.com\/embed\/dO1wrN_-msA?feature=oembed\" frameborder=\"0\" allow=\"accelerometer; autoplay; clipboard-write; encrypted-media; gyroscope; picture-in-picture; web-share\" referrerpolicy=\"strict-origin-when-cross-origin\" allowfullscreen><\/iframe><\/div>\n<p><strong>Funciones del producto<\/strong><br \/>\n1.Bancada de torno de hierro fundido. Funcionamiento estable con menos vibraciones.<br \/>\n2.Con el tipo m\u00f3vil del p\u00f3rtico, estable y durable para el tiempo largo usando.<br \/>\n3.XYZ tres ejes son con carril de gu\u00eda cuadrada lineal, Hiwin, Taiw\u00e1n. 4.Opcional 1.5KW\/2.2KW\/ 3.2kw husillo de refrigeraci\u00f3n por agua .<br \/>\n5.Dise\u00f1o a prueba de polvo para el eje XZ.<br \/>\n6.Mesa de trabajo con ranura en T de aleaci\u00f3n de aluminio grueso y resistente.<br \/>\n7.Control opcional DSP offline o Mach3<br \/>\nsistema o controlador PCI NcStuido<br \/>\n8.China potente motor paso a paso y el conductor paso a paso Leadshine .<br \/>\n9.Auto herramientas de calibraci\u00f3n para el eje Z, y la luz Led para el trabajo nocturno.<\/p>\n<p><img alt=\"\" fetchpriority=\"high\" decoding=\"async\" class=\"size-full wp-image-5899 aligncenter\" src=\"http:\/\/www.kamotec.net\/wp-content\/uploads\/2025\/11\/\u4e3b\u56fe3-1.jpg\" width=\"1000\" height=\"1000\" srcset=\"http:\/\/www.kamotec.net\/wp-content\/uploads\/2025\/11\/\u4e3b\u56fe3-1.jpg 1000w, http:\/\/www.kamotec.net\/wp-content\/uploads\/2025\/11\/\u4e3b\u56fe3-1-300x300.jpg 300w, http:\/\/www.kamotec.net\/wp-content\/uploads\/2025\/11\/\u4e3b\u56fe3-1-150x150.jpg 150w, http:\/\/www.kamotec.net\/wp-content\/uploads\/2025\/11\/\u4e3b\u56fe3-1-768x768.jpg 768w, http:\/\/www.kamotec.net\/wp-content\/uploads\/2025\/11\/\u4e3b\u56fe3-1-12x12.jpg 12w, http:\/\/www.kamotec.net\/wp-content\/uploads\/2025\/11\/\u4e3b\u56fe3-1-600x600.jpg 600w, http:\/\/www.kamotec.net\/wp-content\/uploads\/2025\/11\/\u4e3b\u56fe3-1-100x100.jpg 100w\" sizes=\"(max-width: 1000px) 100vw, 1000px\" \/><\/p>\n<p><img alt=\"\" decoding=\"async\" class=\"size-full wp-image-5900 aligncenter\" src=\"http:\/\/www.kamotec.net\/wp-content\/uploads\/2025\/11\/\u4e3b\u56fe4-2.jpg\" width=\"1000\" height=\"1000\" srcset=\"http:\/\/www.kamotec.net\/wp-content\/uploads\/2025\/11\/\u4e3b\u56fe4-2.jpg 1000w, http:\/\/www.kamotec.net\/wp-content\/uploads\/2025\/11\/\u4e3b\u56fe4-2-300x300.jpg 300w, http:\/\/www.kamotec.net\/wp-content\/uploads\/2025\/11\/\u4e3b\u56fe4-2-150x150.jpg 150w, http:\/\/www.kamotec.net\/wp-content\/uploads\/2025\/11\/\u4e3b\u56fe4-2-768x768.jpg 768w, http:\/\/www.kamotec.net\/wp-content\/uploads\/2025\/11\/\u4e3b\u56fe4-2-12x12.jpg 12w, http:\/\/www.kamotec.net\/wp-content\/uploads\/2025\/11\/\u4e3b\u56fe4-2-600x600.jpg 600w, http:\/\/www.kamotec.net\/wp-content\/uploads\/2025\/11\/\u4e3b\u56fe4-2-100x100.jpg 100w\" sizes=\"(max-width: 1000px) 100vw, 1000px\" \/><\/p>\n<p><img alt=\"\" decoding=\"async\" class=\"size-full wp-image-5901 aligncenter\" src=\"http:\/\/www.kamotec.net\/wp-content\/uploads\/2025\/11\/\u4e3b\u56fe5-1.jpg\" width=\"1000\" height=\"1000\" srcset=\"http:\/\/www.kamotec.net\/wp-content\/uploads\/2025\/11\/\u4e3b\u56fe5-1.jpg 1000w, http:\/\/www.kamotec.net\/wp-content\/uploads\/2025\/11\/\u4e3b\u56fe5-1-300x300.jpg 300w, http:\/\/www.kamotec.net\/wp-content\/uploads\/2025\/11\/\u4e3b\u56fe5-1-150x150.jpg 150w, http:\/\/www.kamotec.net\/wp-content\/uploads\/2025\/11\/\u4e3b\u56fe5-1-768x768.jpg 768w, http:\/\/www.kamotec.net\/wp-content\/uploads\/2025\/11\/\u4e3b\u56fe5-1-12x12.jpg 12w, http:\/\/www.kamotec.net\/wp-content\/uploads\/2025\/11\/\u4e3b\u56fe5-1-600x600.jpg 600w, http:\/\/www.kamotec.net\/wp-content\/uploads\/2025\/11\/\u4e3b\u56fe5-1-100x100.jpg 100w\" sizes=\"(max-width: 1000px) 100vw, 1000px\" \/><\/p>\n<table>\n<tbody>\n<tr>\n<td width=\"254\">Modelo<\/td>\n<td width=\"280\">KM-6090<\/td>\n<\/tr>\n<tr>\n<td width=\"254\">X,Y,Z \u00c1rea de trabajo<\/td>\n<td width=\"280\">600X900X100mm<\/td>\n<\/tr>\n<tr>\n<td width=\"254\">Precisi\u00f3n de posicionamiento X,Y,Z<\/td>\n<td width=\"280\">\u00b10,05\/300 mm<\/td>\n<\/tr>\n<tr>\n<td width=\"254\">Reposicionamiento X,Y,Z Precisi\u00f3n de posicionamiento<\/td>\n<td width=\"280\">\u00b10,05 mm<\/td>\n<\/tr>\n<tr>\n<td width=\"254\">Marco<\/td>\n<td width=\"280\">Acero soldado<\/td>\n<\/tr>\n<tr>\n<td width=\"254\">X Y Z Estructura<\/td>\n<td width=\"280\">Husillo de bolas<\/td>\n<\/tr>\n<tr>\n<td width=\"254\">Consumo m\u00e1x. Consumo de energ\u00eda (sin husillo)<\/td>\n<td width=\"280\">0,3 kW<\/td>\n<\/tr>\n<tr>\n<td width=\"254\">M\u00e1x. Velocidad de desplazamiento r\u00e1pido<\/td>\n<td width=\"280\">10000mm\/min<\/td>\n<\/tr>\n<tr>\n<td width=\"254\">M\u00e1x. Velocidad de trabajo<\/td>\n<td width=\"280\">6000 mm\/min<\/td>\n<\/tr>\n<tr>\n<td width=\"254\">Potencia del husillo<\/td>\n<td width=\"280\">Refrigeraci\u00f3n por agua de 1,5 kW\/2,2 kW\/3 kW<\/td>\n<\/tr>\n<tr>\n<td width=\"254\">Velocidad del cabezal<\/td>\n<td width=\"280\">0-24000RPM<\/td>\n<\/tr>\n<tr>\n<td width=\"254\">Sistema de accionamiento<\/td>\n<td width=\"280\">Sistema paso a paso (Opci\u00f3n: servo )<\/td>\n<\/tr>\n<tr>\n<td width=\"254\">Tensi\u00f3n de trabajo<\/td>\n<td width=\"280\">AC220V\/50Hz<\/td>\n<\/tr>\n<tr>\n<td width=\"254\">Lenguaje de comandos<\/td>\n<td width=\"280\">C\u00f3digo G<\/td>\n<\/tr>\n<tr>\n<td width=\"254\">Sistema operativo<\/td>\n<td width=\"280\">Sistema DSP ,Ncstudio \/Mach3 PC<\/td>\n<\/tr>\n<tr>\n<td width=\"254\">Resoluci\u00f3n X-Y<\/td>\n<td width=\"280\">&lt;0,02 mm<\/td>\n<\/tr>\n<tr>\n<td width=\"254\">Compatibilidad del software<\/td>\n<td width=\"280\">Ucamcam V9 ,Type3 ,Artcam<\/td>\n<\/tr>\n<tr>\n<td width=\"254\">Dimensiones del embalaje<\/td>\n<td width=\"280\">1130mm X1200 X1300mm<\/td>\n<\/tr>\n<tr>\n<td width=\"254\">Peso bruto<\/td>\n<td width=\"280\">300 kg<\/td>\n<\/tr>\n<\/tbody>\n<\/table>\n<p><img alt=\"\" loading=\"lazy\" decoding=\"async\" class=\"size-full wp-image-5230 aligncenter\" src=\"http:\/\/www.kamotec.net\/wp-content\/uploads\/2025\/11\/\u4e3b\u56fe8.jpg\" width=\"1000\" height=\"1000\" srcset=\"http:\/\/www.kamotec.net\/wp-content\/uploads\/2025\/11\/\u4e3b\u56fe8.jpg 1000w, http:\/\/www.kamotec.net\/wp-content\/uploads\/2025\/11\/\u4e3b\u56fe8-300x300.jpg 300w, http:\/\/www.kamotec.net\/wp-content\/uploads\/2025\/11\/\u4e3b\u56fe8-100x100.jpg 100w, http:\/\/www.kamotec.net\/wp-content\/uploads\/2025\/11\/\u4e3b\u56fe8-600x600.jpg 600w, http:\/\/www.kamotec.net\/wp-content\/uploads\/2025\/11\/\u4e3b\u56fe8-150x150.jpg 150w, http:\/\/www.kamotec.net\/wp-content\/uploads\/2025\/11\/\u4e3b\u56fe8-768x768.jpg 768w, http:\/\/www.kamotec.net\/wp-content\/uploads\/2025\/11\/\u4e3b\u56fe8-12x12.jpg 12w\" sizes=\"(max-width: 1000px) 100vw, 1000px\" \/><\/p>\n<p><img alt=\"\" loading=\"lazy\" decoding=\"async\" class=\"size-full wp-image-5229 aligncenter\" src=\"http:\/\/www.kamotec.net\/wp-content\/uploads\/2025\/11\/\u4e3b\u56fe7.jpg\" width=\"1000\" height=\"1000\" srcset=\"http:\/\/www.kamotec.net\/wp-content\/uploads\/2025\/11\/\u4e3b\u56fe7.jpg 1000w, http:\/\/www.kamotec.net\/wp-content\/uploads\/2025\/11\/\u4e3b\u56fe7-300x300.jpg 300w, http:\/\/www.kamotec.net\/wp-content\/uploads\/2025\/11\/\u4e3b\u56fe7-100x100.jpg 100w, http:\/\/www.kamotec.net\/wp-content\/uploads\/2025\/11\/\u4e3b\u56fe7-600x600.jpg 600w, http:\/\/www.kamotec.net\/wp-content\/uploads\/2025\/11\/\u4e3b\u56fe7-150x150.jpg 150w, http:\/\/www.kamotec.net\/wp-content\/uploads\/2025\/11\/\u4e3b\u56fe7-768x768.jpg 768w, http:\/\/www.kamotec.net\/wp-content\/uploads\/2025\/11\/\u4e3b\u56fe7-12x12.jpg 12w\" sizes=\"(max-width: 1000px) 100vw, 1000px\" \/><\/p>\n<p><strong>Material de aplicaci\u00f3n<\/strong><br \/>\n1.Industria publicitaria: acr\u00edlico, PVC, placa ABS, placa de aluminio<br \/>\n2.Industria general de la madera: decoraci\u00f3n de muebles, fabricaci\u00f3n de instrumentos, artesan\u00eda en madera, muebles de madera maciza, MDF.<br \/>\n3.Industria de la decoraci\u00f3n: modelo art\u00edstico, mural, pantalla, embalaje de regalo<br \/>\n4.Industria de la piedra:l\u00e1pida,m\u00e1rmol,granito<br \/>\n5.Industria de moldes:fundici\u00f3n,vuelos espaciales,embarcaciones,tr\u00e1fico ferroviario<br \/>\n<img alt=\"\" loading=\"lazy\" decoding=\"async\" class=\"size-full wp-image-5221 aligncenter\" src=\"http:\/\/www.kamotec.net\/wp-content\/uploads\/2025\/11\/WPS\u56fe\u72471-20.jpg\" width=\"1000\" height=\"1000\" srcset=\"http:\/\/www.kamotec.net\/wp-content\/uploads\/2025\/11\/WPS\u56fe\u72471-20.jpg 1000w, http:\/\/www.kamotec.net\/wp-content\/uploads\/2025\/11\/WPS\u56fe\u72471-20-300x300.jpg 300w, http:\/\/www.kamotec.net\/wp-content\/uploads\/2025\/11\/WPS\u56fe\u72471-20-100x100.jpg 100w, http:\/\/www.kamotec.net\/wp-content\/uploads\/2025\/11\/WPS\u56fe\u72471-20-600x600.jpg 600w, http:\/\/www.kamotec.net\/wp-content\/uploads\/2025\/11\/WPS\u56fe\u72471-20-150x150.jpg 150w, http:\/\/www.kamotec.net\/wp-content\/uploads\/2025\/11\/WPS\u56fe\u72471-20-768x768.jpg 768w, http:\/\/www.kamotec.net\/wp-content\/uploads\/2025\/11\/WPS\u56fe\u72471-20-12x12.jpg 12w\" sizes=\"(max-width: 1000px) 100vw, 1000px\" \/><\/p>\n<p><img alt=\"\" loading=\"lazy\" decoding=\"async\" class=\"size-full wp-image-5231 aligncenter\" src=\"http:\/\/www.kamotec.net\/wp-content\/uploads\/2025\/11\/\u91d1\u5c5e\u96d5\u523b\u673a\u6837\u54c1.jpg\" width=\"1000\" height=\"1000\" srcset=\"http:\/\/www.kamotec.net\/wp-content\/uploads\/2025\/11\/\u91d1\u5c5e\u96d5\u523b\u673a\u6837\u54c1.jpg 1000w, http:\/\/www.kamotec.net\/wp-content\/uploads\/2025\/11\/\u91d1\u5c5e\u96d5\u523b\u673a\u6837\u54c1-300x300.jpg 300w, http:\/\/www.kamotec.net\/wp-content\/uploads\/2025\/11\/\u91d1\u5c5e\u96d5\u523b\u673a\u6837\u54c1-100x100.jpg 100w, http:\/\/www.kamotec.net\/wp-content\/uploads\/2025\/11\/\u91d1\u5c5e\u96d5\u523b\u673a\u6837\u54c1-600x600.jpg 600w, http:\/\/www.kamotec.net\/wp-content\/uploads\/2025\/11\/\u91d1\u5c5e\u96d5\u523b\u673a\u6837\u54c1-150x150.jpg 150w, http:\/\/www.kamotec.net\/wp-content\/uploads\/2025\/11\/\u91d1\u5c5e\u96d5\u523b\u673a\u6837\u54c1-768x768.jpg 768w, http:\/\/www.kamotec.net\/wp-content\/uploads\/2025\/11\/\u91d1\u5c5e\u96d5\u523b\u673a\u6837\u54c1-12x12.jpg 12w\" sizes=\"(max-width: 1000px) 100vw, 1000px\" \/><\/p>","protected":false},"excerpt":{"rendered":"<p>Modelo:KM-6090<br \/>\nX,Y,Z \u00c1rea de trabajo:600X900X100mm<br \/>\nPrecisi\u00f3n de posicionamiento X,Y,Z:\u00b10,05\/300mm<br \/>\nReposicionamiento X,Y,Z Precisi\u00f3n de posicionamiento:\u00b10,05 mm<br \/>\nBastidor:Acero soldado<br \/>\nX Y Z Estructura:Husillo de bolas<br \/>\nMax. Consumo de energ\u00eda (sin husillo):0.3kw<br \/>\nMax. Velocidad de desplazamiento r\u00e1pido:10000mm\/min<br \/>\nMax. Velocidad de trabajo:6000mm\/min<\/p>","protected":false},"featured_media":5702,"template":"","meta":{"_seopress_robots_primary_cat":"none","_seopress_titles_title":"%%post_title%%","_seopress_titles_desc":"%%post_excerpt%%","_seopress_robots_index":"","_uag_custom_page_level_css":"","site-sidebar-layout":"default","site-content-layout":"","ast-site-content-layout":"default","site-content-style":"default","site-sidebar-style":"default","ast-global-header-display":"","ast-banner-title-visibility":"","ast-main-header-display":"","ast-hfb-above-header-display":"","ast-hfb-below-header-display":"","ast-hfb-mobile-header-display":"","site-post-title":"","ast-breadcrumbs-content":"","ast-featured-img":"","footer-sml-layout":"","theme-transparent-header-meta":"default","adv-header-id-meta":"","stick-header-meta":"default","header-above-stick-meta":"","header-main-stick-meta":"","header-below-stick-meta":"","astra-migrate-meta-layouts":"set","ast-page-background-enabled":"default","ast-page-background-meta":{"desktop":{"background-color":"","background-image":"","background-repeat":"repeat","background-position":"center center","background-size":"auto","background-attachment":"scroll","background-type":"","background-media":"","overlay-type":"","overlay-color":"","overlay-opacity":"","overlay-gradient":""},"tablet":{"background-color":"","background-image":"","background-repeat":"repeat","background-position":"center center","background-size":"auto","background-attachment":"scroll","background-type":"","background-media":"","overlay-type":"","overlay-color":"","overlay-opacity":"","overlay-gradient":""},"mobile":{"background-color":"","background-image":"","background-repeat":"repeat","background-position":"center center","background-size":"auto","background-attachment":"scroll","background-type":"","background-media":"","overlay-type":"","overlay-color":"","overlay-opacity":"","overlay-gradient":""}},"ast-content-background-meta":{"desktop":{"background-color":"var(--ast-global-color-5)","background-image":"","background-repeat":"repeat","background-position":"center center","background-size":"auto","background-attachment":"scroll","background-type":"","background-media":"","overlay-type":"","overlay-color":"","overlay-opacity":"","overlay-gradient":""},"tablet":{"background-color":"var(--ast-global-color-5)","background-image":"","background-repeat":"repeat","background-position":"center center","background-size":"auto","background-attachment":"scroll","background-type":"","background-media":"","overlay-type":"","overlay-color":"","overlay-opacity":"","overlay-gradient":""},"mobile":{"background-color":"var(--ast-global-color-5)","background-image":"","background-repeat":"repeat","background-position":"center center","background-size":"auto","background-attachment":"scroll","background-type":"","background-media":"","overlay-type":"","overlay-color":"","overlay-opacity":"","overlay-gradient":""}}},"product_brand":[],"product_cat":[88],"product_tag":[],"class_list":{"0":"post-5218","1":"product","2":"type-product","3":"status-publish","4":"has-post-thumbnail","6":"product_cat-metal-cnc-router","7":"desktop-align-left","8":"tablet-align-left","9":"mobile-align-left","10":"ast-product-gallery-layout-horizontal-slider","11":"ast-product-tabs-layout-horizontal","13":"first","14":"instock","15":"shipping-taxable","16":"product-type-simple"},"uagb_featured_image_src":{"full":["http:\/\/www.kamotec.net\/wp-content\/uploads\/2025\/11\/\u4e3b\u56fe1.jpg",1000,1000,false],"thumbnail":["http:\/\/www.kamotec.net\/wp-content\/uploads\/2025\/11\/\u4e3b\u56fe1-150x150.jpg",150,150,true],"medium":["http:\/\/www.kamotec.net\/wp-content\/uploads\/2025\/11\/\u4e3b\u56fe1-300x300.jpg",300,300,true],"medium_large":["http:\/\/www.kamotec.net\/wp-content\/uploads\/2025\/11\/\u4e3b\u56fe1-768x768.jpg",768,768,true],"large":["http:\/\/www.kamotec.net\/wp-content\/uploads\/2025\/11\/\u4e3b\u56fe1.jpg",1000,1000,false],"1536x1536":["http:\/\/www.kamotec.net\/wp-content\/uploads\/2025\/11\/\u4e3b\u56fe1.jpg",1000,1000,false],"2048x2048":["http:\/\/www.kamotec.net\/wp-content\/uploads\/2025\/11\/\u4e3b\u56fe1.jpg",1000,1000,false],"trp-custom-language-flag":["http:\/\/www.kamotec.net\/wp-content\/uploads\/2025\/11\/\u4e3b\u56fe1-12x12.jpg",12,12,true],"woocommerce_thumbnail":["http:\/\/www.kamotec.net\/wp-content\/uploads\/2025\/11\/\u4e3b\u56fe1-300x300.jpg",300,300,true],"woocommerce_single":["http:\/\/www.kamotec.net\/wp-content\/uploads\/2025\/11\/\u4e3b\u56fe1-600x600.jpg",600,600,true],"woocommerce_gallery_thumbnail":["http:\/\/www.kamotec.net\/wp-content\/uploads\/2025\/11\/\u4e3b\u56fe1-100x100.jpg",100,100,true]},"uagb_author_info":{"display_name":"jinxing6611@gmail.com","author_link":"http:\/\/www.kamotec.net\/es\/author\/"},"uagb_comment_info":0,"uagb_excerpt":"Model:KM-6090 X,Y,Z Working Area:600X900X100mm X,Y,Z Positioning Accuracy:\u00b10.05\/300mm X,Y,Z repositioning Positioning Accuracy:\u00b10.05mm Frame:Welded Steel X Y Z Structure:Ball Screw Max. Power consumption (Without spindle):0.3kw Max. Rapid Travel speed:10000mm\/min Max. Working Speed:6000mm\/min","_links":{"self":[{"href":"http:\/\/www.kamotec.net\/es\/wp-json\/wp\/v2\/product\/5218","targetHints":{"allow":["GET"]}}],"collection":[{"href":"http:\/\/www.kamotec.net\/es\/wp-json\/wp\/v2\/product"}],"about":[{"href":"http:\/\/www.kamotec.net\/es\/wp-json\/wp\/v2\/types\/product"}],"wp:featuredmedia":[{"embeddable":true,"href":"http:\/\/www.kamotec.net\/es\/wp-json\/wp\/v2\/media\/5702"}],"wp:attachment":[{"href":"http:\/\/www.kamotec.net\/es\/wp-json\/wp\/v2\/media?parent=5218"}],"wp:term":[{"taxonomy":"product_brand","embeddable":true,"href":"http:\/\/www.kamotec.net\/es\/wp-json\/wp\/v2\/product_brand?post=5218"},{"taxonomy":"product_cat","embeddable":true,"href":"http:\/\/www.kamotec.net\/es\/wp-json\/wp\/v2\/product_cat?post=5218"},{"taxonomy":"product_tag","embeddable":true,"href":"http:\/\/www.kamotec.net\/es\/wp-json\/wp\/v2\/product_tag?post=5218"}],"curies":[{"name":"wp","href":"https:\/\/api.w.org\/{rel}","templated":true}]}}