{"id":5200,"date":"2025-11-17T09:14:23","date_gmt":"2025-11-17T09:14:23","guid":{"rendered":"http:\/\/www.kamotec.net\/?post_type=product&#038;p=5200"},"modified":"2025-12-03T02:17:26","modified_gmt":"2025-12-03T02:17:26","slug":"km-2030-atc-cnc-router","status":"publish","type":"product","link":"http:\/\/www.kamotec.net\/es\/producto\/km-2030-atc-cnc-router\/","title":{"rendered":"Fresadora CNC KM-2030 ATC"},"content":{"rendered":"<p><strong>Funciones del producto<\/strong><br \/>\n1. Perforaci\u00f3n: Adopta brocas de diferentes di\u00e1metros para taladrar agujeros de diferentes tama\u00f1os en varios tableros.<br \/>\n2. Ranurado: Con las herramientas adecuadas para hacer ranurado o ranurado, tambi\u00e9n puede terminar ranuras de juntas Clamex para Lamello.<br \/>\n3. Corte: Adecuado para las formas regulares y formas irregulares de corte, tambi\u00e9n puede hacer el ribete.<br \/>\n4. Fresado: Adopta diferentes formas de herramientas de fresado CNC para lograr hermosos dise\u00f1os.<br \/>\n5. Corte hueco: Resolver la producci\u00f3n de las pantallas talladas, tableros de separaci\u00f3n, u otros productos que necesitan ser ahuecados corte.<br \/>\n6. Talla\/grabado: dise\u00f1o de talla 2D en madera, composite u otras materias primas blandas.<\/p>\n<p><img alt=\"\" fetchpriority=\"high\" decoding=\"async\" class=\"size-full wp-image-5216 aligncenter\" src=\"http:\/\/www.kamotec.net\/wp-content\/uploads\/2025\/11\/\u53ef\u5b9a\u5236\u8bbe\u5907-1.jpg\" width=\"750\" height=\"638\" srcset=\"http:\/\/www.kamotec.net\/wp-content\/uploads\/2025\/11\/\u53ef\u5b9a\u5236\u8bbe\u5907-1.jpg 750w, http:\/\/www.kamotec.net\/wp-content\/uploads\/2025\/11\/\u53ef\u5b9a\u5236\u8bbe\u5907-1-300x255.jpg 300w, http:\/\/www.kamotec.net\/wp-content\/uploads\/2025\/11\/\u53ef\u5b9a\u5236\u8bbe\u5907-1-600x510.jpg 600w, http:\/\/www.kamotec.net\/wp-content\/uploads\/2025\/11\/\u53ef\u5b9a\u5236\u8bbe\u5907-1-14x12.jpg 14w\" sizes=\"(max-width: 750px) 100vw, 750px\" \/><\/p>\n<p><img alt=\"\" decoding=\"async\" class=\"size-full wp-image-5213 aligncenter\" src=\"http:\/\/www.kamotec.net\/wp-content\/uploads\/2025\/11\/24.jpg\" width=\"1000\" height=\"800\" srcset=\"http:\/\/www.kamotec.net\/wp-content\/uploads\/2025\/11\/24.jpg 1000w, http:\/\/www.kamotec.net\/wp-content\/uploads\/2025\/11\/24-300x240.jpg 300w, http:\/\/www.kamotec.net\/wp-content\/uploads\/2025\/11\/24-600x480.jpg 600w, http:\/\/www.kamotec.net\/wp-content\/uploads\/2025\/11\/24-768x614.jpg 768w, http:\/\/www.kamotec.net\/wp-content\/uploads\/2025\/11\/24-15x12.jpg 15w\" sizes=\"(max-width: 1000px) 100vw, 1000px\" \/><\/p>\n<p><img alt=\"\" decoding=\"async\" class=\"size-full wp-image-5715 aligncenter\" src=\"http:\/\/www.kamotec.net\/wp-content\/uploads\/2025\/11\/22-3.jpg\" width=\"1000\" height=\"800\" srcset=\"http:\/\/www.kamotec.net\/wp-content\/uploads\/2025\/11\/22-3.jpg 1000w, http:\/\/www.kamotec.net\/wp-content\/uploads\/2025\/11\/22-3-300x240.jpg 300w, http:\/\/www.kamotec.net\/wp-content\/uploads\/2025\/11\/22-3-600x480.jpg 600w, http:\/\/www.kamotec.net\/wp-content\/uploads\/2025\/11\/22-3-768x614.jpg 768w, http:\/\/www.kamotec.net\/wp-content\/uploads\/2025\/11\/22-3-15x12.jpg 15w\" sizes=\"(max-width: 1000px) 100vw, 1000px\" \/><\/p>\n<p><img alt=\"\" loading=\"lazy\" decoding=\"async\" class=\"size-full wp-image-5714 aligncenter\" src=\"http:\/\/www.kamotec.net\/wp-content\/uploads\/2025\/11\/21-7.jpg\" width=\"1000\" height=\"800\" srcset=\"http:\/\/www.kamotec.net\/wp-content\/uploads\/2025\/11\/21-7.jpg 1000w, http:\/\/www.kamotec.net\/wp-content\/uploads\/2025\/11\/21-7-300x240.jpg 300w, http:\/\/www.kamotec.net\/wp-content\/uploads\/2025\/11\/21-7-600x480.jpg 600w, http:\/\/www.kamotec.net\/wp-content\/uploads\/2025\/11\/21-7-768x614.jpg 768w, http:\/\/www.kamotec.net\/wp-content\/uploads\/2025\/11\/21-7-15x12.jpg 15w\" sizes=\"(max-width: 1000px) 100vw, 1000px\" \/><br \/>\n<strong>Automatic Woodworking Cutting Machine Advantages\uff1a<\/strong><br \/>\n1.Structural stability: thick walled square tube welding, side plate tempering treatment, bed body.<br \/>\n2.processed by five sided milling center, aging treatment, sturdy and not deformed.<br \/>\n3.The spindle bearing is a high-precision bearing with low noise and long service life.<br \/>\n4.Adopting a gantry style movement, making it easy to operate.<br \/>\n5.The three-axis adopts a square linear guide rail to ensure the high precision of the machine and withstand large loads.<br \/>\n6.Saves labor and can be connected to automatic loading and unloading and automatic flipping.<\/p>\n<p><img alt=\"\" loading=\"lazy\" decoding=\"async\" class=\"size-full wp-image-5214 aligncenter\" src=\"http:\/\/www.kamotec.net\/wp-content\/uploads\/2025\/11\/27.jpg\" width=\"1000\" height=\"800\" srcset=\"http:\/\/www.kamotec.net\/wp-content\/uploads\/2025\/11\/27.jpg 1000w, http:\/\/www.kamotec.net\/wp-content\/uploads\/2025\/11\/27-300x240.jpg 300w, http:\/\/www.kamotec.net\/wp-content\/uploads\/2025\/11\/27-600x480.jpg 600w, http:\/\/www.kamotec.net\/wp-content\/uploads\/2025\/11\/27-768x614.jpg 768w, http:\/\/www.kamotec.net\/wp-content\/uploads\/2025\/11\/27-15x12.jpg 15w\" sizes=\"(max-width: 1000px) 100vw, 1000px\" \/><\/p>\n<p><img alt=\"\" loading=\"lazy\" decoding=\"async\" class=\"size-full wp-image-5217 aligncenter\" src=\"http:\/\/www.kamotec.net\/wp-content\/uploads\/2025\/11\/32.jpg\" width=\"1000\" height=\"800\" srcset=\"http:\/\/www.kamotec.net\/wp-content\/uploads\/2025\/11\/32.jpg 1000w, http:\/\/www.kamotec.net\/wp-content\/uploads\/2025\/11\/32-300x240.jpg 300w, http:\/\/www.kamotec.net\/wp-content\/uploads\/2025\/11\/32-600x480.jpg 600w, http:\/\/www.kamotec.net\/wp-content\/uploads\/2025\/11\/32-768x614.jpg 768w, http:\/\/www.kamotec.net\/wp-content\/uploads\/2025\/11\/32-15x12.jpg 15w\" sizes=\"(max-width: 1000px) 100vw, 1000px\" \/><\/p>\n<p><img alt=\"\" loading=\"lazy\" decoding=\"async\" class=\"size-full wp-image-5215 aligncenter\" src=\"http:\/\/www.kamotec.net\/wp-content\/uploads\/2025\/11\/28.jpg\" width=\"1000\" height=\"800\" srcset=\"http:\/\/www.kamotec.net\/wp-content\/uploads\/2025\/11\/28.jpg 1000w, http:\/\/www.kamotec.net\/wp-content\/uploads\/2025\/11\/28-300x240.jpg 300w, http:\/\/www.kamotec.net\/wp-content\/uploads\/2025\/11\/28-600x480.jpg 600w, http:\/\/www.kamotec.net\/wp-content\/uploads\/2025\/11\/28-768x614.jpg 768w, http:\/\/www.kamotec.net\/wp-content\/uploads\/2025\/11\/28-15x12.jpg 15w\" sizes=\"(max-width: 1000px) 100vw, 1000px\" \/><\/p>\n<table>\n<tbody>\n<tr>\n<td>Modelo<\/td>\n<td width=\"392\">Fresadora CNC KM-2030 ATC<\/td>\n<\/tr>\n<tr>\n<td>Tama\u00f1o m\u00e1x. de trabajo<\/td>\n<td width=\"392\">2000x3000mm or\u00a0customized<\/td>\n<\/tr>\n<tr>\n<td>Eje<\/td>\n<td width=\"392\">9,0KW Husillo ATC con refrigeraci\u00f3n por aire<\/td>\n<\/tr>\n<tr>\n<td>Cantidad de portaherramientas<\/td>\n<td width=\"392\">4\/6\/8\/12\/16 PIEZAS<\/td>\n<\/tr>\n<tr>\n<td>Motor y conductor<\/td>\n<td width=\"392\">Servomotores y controladores Leadshine (Yaskawa es opcional)<\/td>\n<\/tr>\n<tr>\n<td>Mesa de trabajo<\/td>\n<td width=\"392\">Mesa de trabajo al vac\u00edo de rejilla de tablero de PVC<\/td>\n<\/tr>\n<tr>\n<td>Sistema de control<\/td>\n<td width=\"392\">\u00a0LNC 2500 Sistema de control<\/td>\n<\/tr>\n<tr>\n<td>Bomba de vac\u00edo<\/td>\n<td width=\"392\">Bomba de vac\u00edo de 7,5 kW<\/td>\n<\/tr>\n<tr>\n<td>Colector de polvo<\/td>\n<td width=\"392\">Colector de polvo de 5,5 kW<\/td>\n<\/tr>\n<tr>\n<td>Tipo de transmisi\u00f3n<\/td>\n<td width=\"392\">Cremallera eje X\/Y, husillo a bolas eje Z. Eje X\/Y\/Z ambos adoptan husillos de bolas es opcional.<\/td>\n<\/tr>\n<\/tbody>\n<\/table>\n<p>1. Introducir una nueva generaci\u00f3n de sistema de control Kandy, procesamiento inteligente funci\u00f3n de protecci\u00f3n transfronteriza.<br \/>\n2. Toda la cama est\u00e1 soldada y templada por estructura de acero, que tiene una fuerte rigidez y sin distorsi\u00f3n.<br \/>\n3. Utilizando husillo de cambio de herramienta de alta potencia, la fuerza de corte es alta.<br \/>\n4. 4. Gran armario independiente, operaci\u00f3n de teclado separada, simple y conveniente, f\u00e1cil de aprender.<br \/>\n<img alt=\"\" loading=\"lazy\" decoding=\"async\" class=\"size-full wp-image-5203 aligncenter\" src=\"http:\/\/www.kamotec.net\/wp-content\/uploads\/2025\/11\/WPS\u56fe\u72471-19.jpg\" width=\"750\" height=\"1132\" srcset=\"http:\/\/www.kamotec.net\/wp-content\/uploads\/2025\/11\/WPS\u56fe\u72471-19.jpg 750w, http:\/\/www.kamotec.net\/wp-content\/uploads\/2025\/11\/WPS\u56fe\u72471-19-300x453.jpg 300w, http:\/\/www.kamotec.net\/wp-content\/uploads\/2025\/11\/WPS\u56fe\u72471-19-600x906.jpg 600w, http:\/\/www.kamotec.net\/wp-content\/uploads\/2025\/11\/WPS\u56fe\u72471-19-199x300.jpg 199w, http:\/\/www.kamotec.net\/wp-content\/uploads\/2025\/11\/WPS\u56fe\u72471-19-678x1024.jpg 678w, http:\/\/www.kamotec.net\/wp-content\/uploads\/2025\/11\/WPS\u56fe\u72471-19-8x12.jpg 8w\" sizes=\"(max-width: 750px) 100vw, 750px\" \/><br \/>\n<img alt=\"\" loading=\"lazy\" decoding=\"async\" class=\"size-full wp-image-5204 aligncenter\" src=\"http:\/\/www.kamotec.net\/wp-content\/uploads\/2025\/11\/WPS\u56fe\u72472-9.jpg\" width=\"750\" height=\"612\" srcset=\"http:\/\/www.kamotec.net\/wp-content\/uploads\/2025\/11\/WPS\u56fe\u72472-9.jpg 750w, http:\/\/www.kamotec.net\/wp-content\/uploads\/2025\/11\/WPS\u56fe\u72472-9-300x245.jpg 300w, http:\/\/www.kamotec.net\/wp-content\/uploads\/2025\/11\/WPS\u56fe\u72472-9-600x490.jpg 600w, http:\/\/www.kamotec.net\/wp-content\/uploads\/2025\/11\/WPS\u56fe\u72472-9-15x12.jpg 15w\" sizes=\"(max-width: 750px) 100vw, 750px\" \/><\/p>\n<p>&nbsp;<\/p>","protected":false},"excerpt":{"rendered":"<p>Model:KM-2030 ATC CNC Router<br \/>\nMax. working size:2000x3000mm or\u00a0customized<br \/>\nSpindle:9.0KW Air cooling ATC spindle<br \/>\nQuantity of tool holder:4\/6\/8\/12\/16 PCS<br \/>\nMotor and driver:Leadshine servo motors and drivers (Yaskawa is optional)<br \/>\nWorking table:PVC board grid vacuum working table<br \/>\nControl system:LNC 2500 Control system<\/p>","protected":false},"featured_media":5711,"template":"","meta":{"_seopress_robots_primary_cat":"none","_seopress_titles_title":"%%post_title%%","_seopress_titles_desc":"%%post_excerpt%%","_seopress_robots_index":"","_uag_custom_page_level_css":"","site-sidebar-layout":"default","site-content-layout":"","ast-site-content-layout":"default","site-content-style":"default","site-sidebar-style":"default","ast-global-header-display":"","ast-banner-title-visibility":"","ast-main-header-display":"","ast-hfb-above-header-display":"","ast-hfb-below-header-display":"","ast-hfb-mobile-header-display":"","site-post-title":"","ast-breadcrumbs-content":"","ast-featured-img":"","footer-sml-layout":"","theme-transparent-header-meta":"default","adv-header-id-meta":"","stick-header-meta":"default","header-above-stick-meta":"","header-main-stick-meta":"","header-below-stick-meta":"","astra-migrate-meta-layouts":"set","ast-page-background-enabled":"default","ast-page-background-meta":{"desktop":{"background-color":"","background-image":"","background-repeat":"repeat","background-position":"center center","background-size":"auto","background-attachment":"scroll","background-type":"","background-media":"","overlay-type":"","overlay-color":"","overlay-opacity":"","overlay-gradient":""},"tablet":{"background-color":"","background-image":"","background-repeat":"repeat","background-position":"center center","background-size":"auto","background-attachment":"scroll","background-type":"","background-media":"","overlay-type":"","overlay-color":"","overlay-opacity":"","overlay-gradient":""},"mobile":{"background-color":"","background-image":"","background-repeat":"repeat","background-position":"center center","background-size":"auto","background-attachment":"scroll","background-type":"","background-media":"","overlay-type":"","overlay-color":"","overlay-opacity":"","overlay-gradient":""}},"ast-content-background-meta":{"desktop":{"background-color":"var(--ast-global-color-5)","background-image":"","background-repeat":"repeat","background-position":"center center","background-size":"auto","background-attachment":"scroll","background-type":"","background-media":"","overlay-type":"","overlay-color":"","overlay-opacity":"","overlay-gradient":""},"tablet":{"background-color":"var(--ast-global-color-5)","background-image":"","background-repeat":"repeat","background-position":"center center","background-size":"auto","background-attachment":"scroll","background-type":"","background-media":"","overlay-type":"","overlay-color":"","overlay-opacity":"","overlay-gradient":""},"mobile":{"background-color":"var(--ast-global-color-5)","background-image":"","background-repeat":"repeat","background-position":"center center","background-size":"auto","background-attachment":"scroll","background-type":"","background-media":"","overlay-type":"","overlay-color":"","overlay-opacity":"","overlay-gradient":""}}},"product_brand":[],"product_cat":[79],"product_tag":[],"class_list":{"0":"post-5200","1":"product","2":"type-product","3":"status-publish","4":"has-post-thumbnail","6":"product_cat-atc-cnc-router","7":"desktop-align-left","8":"tablet-align-left","9":"mobile-align-left","10":"ast-product-gallery-layout-horizontal-slider","11":"ast-product-tabs-layout-horizontal","13":"first","14":"instock","15":"shipping-taxable","16":"product-type-simple"},"uagb_featured_image_src":{"full":["http:\/\/www.kamotec.net\/wp-content\/uploads\/2025\/11\/2.jpg",1000,1000,false],"thumbnail":["http:\/\/www.kamotec.net\/wp-content\/uploads\/2025\/11\/2-150x150.jpg",150,150,true],"medium":["http:\/\/www.kamotec.net\/wp-content\/uploads\/2025\/11\/2-300x300.jpg",300,300,true],"medium_large":["http:\/\/www.kamotec.net\/wp-content\/uploads\/2025\/11\/2-768x768.jpg",768,768,true],"large":["http:\/\/www.kamotec.net\/wp-content\/uploads\/2025\/11\/2.jpg",1000,1000,false],"1536x1536":["http:\/\/www.kamotec.net\/wp-content\/uploads\/2025\/11\/2.jpg",1000,1000,false],"2048x2048":["http:\/\/www.kamotec.net\/wp-content\/uploads\/2025\/11\/2.jpg",1000,1000,false],"trp-custom-language-flag":["http:\/\/www.kamotec.net\/wp-content\/uploads\/2025\/11\/2-12x12.jpg",12,12,true],"woocommerce_thumbnail":["http:\/\/www.kamotec.net\/wp-content\/uploads\/2025\/11\/2-300x300.jpg",300,300,true],"woocommerce_single":["http:\/\/www.kamotec.net\/wp-content\/uploads\/2025\/11\/2-600x600.jpg",600,600,true],"woocommerce_gallery_thumbnail":["http:\/\/www.kamotec.net\/wp-content\/uploads\/2025\/11\/2-100x100.jpg",100,100,true]},"uagb_author_info":{"display_name":"jinxing6611@gmail.com","author_link":"http:\/\/www.kamotec.net\/es\/author\/"},"uagb_comment_info":0,"uagb_excerpt":"Model:KM-2030 ATC CNC Router Max. working size:2000x3000mm or\u00a0customized Spindle:9.0KW Air cooling ATC spindle Quantity of tool holder:4\/6\/8\/12\/16 PCS Motor and driver:Leadshine servo motors and drivers (Yaskawa is optional) Working table:PVC board grid vacuum working table Control system:LNC 2500 Control system","_links":{"self":[{"href":"http:\/\/www.kamotec.net\/es\/wp-json\/wp\/v2\/product\/5200","targetHints":{"allow":["GET"]}}],"collection":[{"href":"http:\/\/www.kamotec.net\/es\/wp-json\/wp\/v2\/product"}],"about":[{"href":"http:\/\/www.kamotec.net\/es\/wp-json\/wp\/v2\/types\/product"}],"wp:featuredmedia":[{"embeddable":true,"href":"http:\/\/www.kamotec.net\/es\/wp-json\/wp\/v2\/media\/5711"}],"wp:attachment":[{"href":"http:\/\/www.kamotec.net\/es\/wp-json\/wp\/v2\/media?parent=5200"}],"wp:term":[{"taxonomy":"product_brand","embeddable":true,"href":"http:\/\/www.kamotec.net\/es\/wp-json\/wp\/v2\/product_brand?post=5200"},{"taxonomy":"product_cat","embeddable":true,"href":"http:\/\/www.kamotec.net\/es\/wp-json\/wp\/v2\/product_cat?post=5200"},{"taxonomy":"product_tag","embeddable":true,"href":"http:\/\/www.kamotec.net\/es\/wp-json\/wp\/v2\/product_tag?post=5200"}],"curies":[{"name":"wp","href":"https:\/\/api.w.org\/{rel}","templated":true}]}}