{"id":5182,"date":"2025-11-17T08:59:58","date_gmt":"2025-11-17T08:59:58","guid":{"rendered":"http:\/\/www.kamotec.net\/?post_type=product&#038;p=5182"},"modified":"2025-12-03T02:41:30","modified_gmt":"2025-12-03T02:41:30","slug":"km-1325-multi-headed-wood-cnc-router","status":"publish","type":"product","link":"http:\/\/www.kamotec.net\/es\/producto\/km-1325-multi-headed-wood-cnc-router\/","title":{"rendered":"KM-1325 Fresadora CNC multicabezal para madera"},"content":{"rendered":"<div class=\"ast-oembed-container\" style=\"height: 100%;\"><iframe title=\"KM-1325 Fresadora CNC multicabezal para madera\" width=\"500\" height=\"281\" src=\"https:\/\/www.youtube.com\/embed\/dsD11kCvGm0?feature=oembed\" frameborder=\"0\" allow=\"accelerometer; autoplay; clipboard-write; encrypted-media; gyroscope; picture-in-picture; web-share\" referrerpolicy=\"strict-origin-when-cross-origin\" allowfullscreen><\/iframe><\/div>\n<p><strong>Caracter\u00edsticas del producto<\/strong><br \/>\nLa m\u00e1quina de grabado de madera CNC Kamotec est\u00e1 dise\u00f1ada para el procesamiento de madera de alta precisi\u00f3n, soportando materiales de gran formato (X:1300mm, Y:2500mm). Sus principales puntos fuertes incluyen una estructura de p\u00f3rtico \u00fanica, transmisi\u00f3n de alta precisi\u00f3n y durabilidad industrial, ideal para la fabricaci\u00f3n de muebles, molduras decorativas y tallado de puertas personalizadas.<\/p>\n<p><img alt=\"\" fetchpriority=\"high\" decoding=\"async\" class=\"size-full wp-image-5903 aligncenter\" src=\"http:\/\/www.kamotec.net\/wp-content\/uploads\/2025\/11\/11-20.jpg\" width=\"1000\" height=\"800\" srcset=\"http:\/\/www.kamotec.net\/wp-content\/uploads\/2025\/11\/11-20.jpg 1000w, http:\/\/www.kamotec.net\/wp-content\/uploads\/2025\/11\/11-20-300x240.jpg 300w, http:\/\/www.kamotec.net\/wp-content\/uploads\/2025\/11\/11-20-768x614.jpg 768w, http:\/\/www.kamotec.net\/wp-content\/uploads\/2025\/11\/11-20-15x12.jpg 15w, http:\/\/www.kamotec.net\/wp-content\/uploads\/2025\/11\/11-20-600x480.jpg 600w\" sizes=\"(max-width: 1000px) 100vw, 1000px\" \/><\/p>\n<p><img alt=\"\" decoding=\"async\" class=\"size-full wp-image-5904 aligncenter\" src=\"http:\/\/www.kamotec.net\/wp-content\/uploads\/2025\/11\/12-16.jpg\" width=\"1000\" height=\"800\" srcset=\"http:\/\/www.kamotec.net\/wp-content\/uploads\/2025\/11\/12-16.jpg 1000w, http:\/\/www.kamotec.net\/wp-content\/uploads\/2025\/11\/12-16-300x240.jpg 300w, http:\/\/www.kamotec.net\/wp-content\/uploads\/2025\/11\/12-16-768x614.jpg 768w, http:\/\/www.kamotec.net\/wp-content\/uploads\/2025\/11\/12-16-15x12.jpg 15w, http:\/\/www.kamotec.net\/wp-content\/uploads\/2025\/11\/12-16-600x480.jpg 600w\" sizes=\"(max-width: 1000px) 100vw, 1000px\" \/><\/p>\n<p><img alt=\"\" decoding=\"async\" class=\"size-full wp-image-5905 aligncenter\" src=\"http:\/\/www.kamotec.net\/wp-content\/uploads\/2025\/11\/13-15.jpg\" width=\"1000\" height=\"800\" srcset=\"http:\/\/www.kamotec.net\/wp-content\/uploads\/2025\/11\/13-15.jpg 1000w, http:\/\/www.kamotec.net\/wp-content\/uploads\/2025\/11\/13-15-300x240.jpg 300w, http:\/\/www.kamotec.net\/wp-content\/uploads\/2025\/11\/13-15-768x614.jpg 768w, http:\/\/www.kamotec.net\/wp-content\/uploads\/2025\/11\/13-15-15x12.jpg 15w, http:\/\/www.kamotec.net\/wp-content\/uploads\/2025\/11\/13-15-600x480.jpg 600w\" sizes=\"(max-width: 1000px) 100vw, 1000px\" \/><br \/>\n1. La bancada del torno es de alta resistencia. Alta rigidez, firmeza, sin deformaci\u00f3n.<br \/>\n2.Tres ejes adoptan la varilla de tornillo de bola importada con alta precisi\u00f3n y carril de gu\u00eda lineal que garantiza la precisi\u00f3n de la m\u00e1quina.<br \/>\n3.Motor paso a paso de alta subdivisi\u00f3n con alta velocidad, bajo ruido, funcionamiento firme y potente par de corte.<br \/>\n4.Adopta husillo refrigerado por agua con conversi\u00f3n de frecuencia. Con poco ruido, la vida de servicio es larga, y gir\u00f3 constantemente.<br \/>\n5.Alta potencia, incisi\u00f3n profunda. Puede incisi\u00f3n 30mm espesor acr\u00edlico una vez.<br \/>\n6.El software de la m\u00e1quina puede actualizarse para garantizar la mejora constante de la m\u00e1quina.<br \/>\n7.Opening interfaz de software puede conectar todo tipo de software de grabado 3D, compatible con software de alta precisi\u00f3n.<br \/>\n8.Insertar el sistema de control DSP puede ser opcional para esta m\u00e1quina.<\/p>\n<p><img alt=\"\" loading=\"lazy\" decoding=\"async\" class=\"size-full wp-image-5906 aligncenter\" src=\"http:\/\/www.kamotec.net\/wp-content\/uploads\/2025\/11\/19-9.jpg\" width=\"1000\" height=\"800\" srcset=\"http:\/\/www.kamotec.net\/wp-content\/uploads\/2025\/11\/19-9.jpg 1000w, http:\/\/www.kamotec.net\/wp-content\/uploads\/2025\/11\/19-9-300x240.jpg 300w, http:\/\/www.kamotec.net\/wp-content\/uploads\/2025\/11\/19-9-768x614.jpg 768w, http:\/\/www.kamotec.net\/wp-content\/uploads\/2025\/11\/19-9-15x12.jpg 15w, http:\/\/www.kamotec.net\/wp-content\/uploads\/2025\/11\/19-9-600x480.jpg 600w\" sizes=\"(max-width: 1000px) 100vw, 1000px\" \/><\/p>\n<p>&nbsp;<\/p>\n<table>\n<tbody>\n<tr>\n<td>Modelo<\/td>\n<td>M\u00e1quina de grabado en madera 1325<\/td>\n<\/tr>\n<tr>\n<td>XYZ Tama\u00f1o de trabajo<\/td>\n<td>1300*2500*200mm<\/td>\n<\/tr>\n<tr>\n<td>Dimensiones de la m\u00e1quina<\/td>\n<td>2 m (ancho) \u00d7 3,1 m (largo) \u00d7 1,5 m (alto)<\/td>\n<\/tr>\n<tr>\n<td>Superficie de la mesa<\/td>\n<td>PVC + Aluminio (anticorrosi\u00f3n, estable)<\/td>\n<\/tr>\n<tr>\n<td>Estructura del marco<\/td>\n<td>Bastidor de acero con templado a alta temperatura y revestimiento antioxidante<\/td>\n<\/tr>\n<tr>\n<td>Capacidad de carga<\/td>\n<td>2-3 toneladas<\/td>\n<\/tr>\n<tr>\n<td>Ra\u00edles gu\u00eda<\/td>\n<td>Ra\u00edles cuadrados de alta precisi\u00f3n de 20 mm<\/td>\n<\/tr>\n<tr>\n<td>Transmisi\u00f3n<\/td>\n<td>Cremalleras helicoidales + husillos a bolas 2505<\/td>\n<\/tr>\n<tr>\n<td>Precisi\u00f3n de reposicionamiento<\/td>\n<td>\u00b10,05 mm<\/td>\n<\/tr>\n<tr>\n<td>Velocidad m\u00e1xima de trabajo<\/td>\n<td>8-15 m\/min<\/td>\n<\/tr>\n<tr>\n<td>Motor de accionamiento<\/td>\n<td>86BYG450B<\/td>\n<\/tr>\n<tr>\n<td>Sistema de control<\/td>\n<td>Sistema CNC WEIHONG<\/td>\n<\/tr>\n<tr>\n<td>Potencia del husillo<\/td>\n<td>3,2 kW (dise\u00f1o impermeable triple, ahorro de energ\u00eda)<\/td>\n<\/tr>\n<tr>\n<td>Inversor<\/td>\n<td>MEJOR<\/td>\n<\/tr>\n<tr>\n<td>Tensi\u00f3n<\/td>\n<td>220V\/380V<\/td>\n<\/tr>\n<tr>\n<td>Caja de herramientas<\/td>\n<td>Herramientas de grabado, software, biblioteca de patrones, llaves, abrazaderas, dep\u00f3sito de agua<\/td>\n<\/tr>\n<tr>\n<td>Garant\u00eda<\/td>\n<td>Garant\u00eda total de 1 a\u00f1o, mantenimiento de por vida<\/td>\n<\/tr>\n<tr>\n<td>Piezas opcionales<\/td>\n<td>Rodillo de pellizco<\/td>\n<\/tr>\n<\/tbody>\n<\/table>\n<p><strong>Aplicaciones<\/strong><br \/>\n1.Carpinter\u00eda: puertas y muebles de madera, ventanas, mesas y sillas, armarios y paneles, placa ondulada 3D, MDF, escritorio de ordenador, instrumentos musicales, etc.<br \/>\n2.Advertising: cartelera, logotipo, muestra, corte de los caracteres 3D, corte de acr\u00edlico, canal del LED\/del ne\u00f3n, corte literal del agujero, molde de la caja de luz, sello, molde, etc.<br \/>\n3.Die industria: la escultura de cobre, aluminio grabar, moldes de metal, l\u00e1minas de pl\u00e1stico, PVC, etc.<br \/>\n4.Decoraci\u00f3n: acr\u00edlico, tablero de densidad, piedra artificial, vidrio org\u00e1nico, metales blandos como aluminio, cobre, etc.<br \/>\n<img alt=\"\" loading=\"lazy\" decoding=\"async\" class=\"size-full wp-image-5186 aligncenter\" src=\"http:\/\/www.kamotec.net\/wp-content\/uploads\/2025\/11\/WPS\u56fe\u72471-18.jpg\" width=\"1000\" height=\"616\" srcset=\"http:\/\/www.kamotec.net\/wp-content\/uploads\/2025\/11\/WPS\u56fe\u72471-18.jpg 1000w, http:\/\/www.kamotec.net\/wp-content\/uploads\/2025\/11\/WPS\u56fe\u72471-18-300x185.jpg 300w, http:\/\/www.kamotec.net\/wp-content\/uploads\/2025\/11\/WPS\u56fe\u72471-18-600x370.jpg 600w, http:\/\/www.kamotec.net\/wp-content\/uploads\/2025\/11\/WPS\u56fe\u72471-18-768x473.jpg 768w, http:\/\/www.kamotec.net\/wp-content\/uploads\/2025\/11\/WPS\u56fe\u72471-18-18x12.jpg 18w\" sizes=\"(max-width: 1000px) 100vw, 1000px\" \/><br \/>\n<img alt=\"\" loading=\"lazy\" decoding=\"async\" class=\"size-full wp-image-5187 aligncenter\" src=\"http:\/\/www.kamotec.net\/wp-content\/uploads\/2025\/11\/WPS\u56fe\u72472-8.jpg\" width=\"750\" height=\"499\" srcset=\"http:\/\/www.kamotec.net\/wp-content\/uploads\/2025\/11\/WPS\u56fe\u72472-8.jpg 750w, http:\/\/www.kamotec.net\/wp-content\/uploads\/2025\/11\/WPS\u56fe\u72472-8-300x200.jpg 300w, http:\/\/www.kamotec.net\/wp-content\/uploads\/2025\/11\/WPS\u56fe\u72472-8-600x399.jpg 600w, http:\/\/www.kamotec.net\/wp-content\/uploads\/2025\/11\/WPS\u56fe\u72472-8-18x12.jpg 18w\" sizes=\"(max-width: 750px) 100vw, 750px\" \/><br \/>\n<img alt=\"\" loading=\"lazy\" decoding=\"async\" class=\"size-full wp-image-5188 aligncenter\" src=\"http:\/\/www.kamotec.net\/wp-content\/uploads\/2025\/11\/WPS\u56fe\u72473-4.jpg\" width=\"750\" height=\"616\" srcset=\"http:\/\/www.kamotec.net\/wp-content\/uploads\/2025\/11\/WPS\u56fe\u72473-4.jpg 750w, http:\/\/www.kamotec.net\/wp-content\/uploads\/2025\/11\/WPS\u56fe\u72473-4-300x246.jpg 300w, http:\/\/www.kamotec.net\/wp-content\/uploads\/2025\/11\/WPS\u56fe\u72473-4-600x493.jpg 600w, http:\/\/www.kamotec.net\/wp-content\/uploads\/2025\/11\/WPS\u56fe\u72473-4-15x12.jpg 15w\" sizes=\"(max-width: 750px) 100vw, 750px\" \/><\/p>","protected":false},"excerpt":{"rendered":"<p>Modelo\uff1a1325 M\u00e1quina de grabado en madera<br \/>\nXYZ Tama\u00f1o de trabajo\uff1a1300*2500*200mm<br \/>\nDimensiones de la m\u00e1quina\uff1a2m (ancho) \u00d7 3,1m (largo) \u00d7 1,5m (alto)<br \/>\nSuperficie de la mesa\uff1aPVC + Aluminio (anticorrosi\u00f3n, estable)<br \/>\nEstructura del armaz\u00f3n\uff1aArmaz\u00f3n de acero con templado a alta temperatura y revestimiento antioxidante.<br \/>\nCapacidad de carga\uff1a2-3 toneladas<br \/>\nRa\u00edles gu\u00eda\uff1a20mm Ra\u00edles cuadrados de alta precisi\u00f3n<br \/>\nTransmisi\u00f3n\uff1a Cremalleras helicoidales + husillos de bolas 2505<br \/>\nPrecisi\u00f3n de reposicionamiento\uff1a\u00b10,05 mm<br \/>\nVelocidad m\u00e1xima de trabajo\uff1a8-15m\/min.<br \/>\nMotor de accionamiento\uff1a86BYG450B<\/p>","protected":false},"featured_media":5718,"template":"","meta":{"_seopress_robots_primary_cat":"none","_seopress_titles_title":"%%post_title%%","_seopress_titles_desc":"%%post_excerpt%%","_seopress_robots_index":"","_uag_custom_page_level_css":"","site-sidebar-layout":"default","site-content-layout":"","ast-site-content-layout":"default","site-content-style":"default","site-sidebar-style":"default","ast-global-header-display":"","ast-banner-title-visibility":"","ast-main-header-display":"","ast-hfb-above-header-display":"","ast-hfb-below-header-display":"","ast-hfb-mobile-header-display":"","site-post-title":"","ast-breadcrumbs-content":"","ast-featured-img":"","footer-sml-layout":"","theme-transparent-header-meta":"default","adv-header-id-meta":"","stick-header-meta":"default","header-above-stick-meta":"","header-main-stick-meta":"","header-below-stick-meta":"","astra-migrate-meta-layouts":"set","ast-page-background-enabled":"default","ast-page-background-meta":{"desktop":{"background-color":"","background-image":"","background-repeat":"repeat","background-position":"center center","background-size":"auto","background-attachment":"scroll","background-type":"","background-media":"","overlay-type":"","overlay-color":"","overlay-opacity":"","overlay-gradient":""},"tablet":{"background-color":"","background-image":"","background-repeat":"repeat","background-position":"center center","background-size":"auto","background-attachment":"scroll","background-type":"","background-media":"","overlay-type":"","overlay-color":"","overlay-opacity":"","overlay-gradient":""},"mobile":{"background-color":"","background-image":"","background-repeat":"repeat","background-position":"center center","background-size":"auto","background-attachment":"scroll","background-type":"","background-media":"","overlay-type":"","overlay-color":"","overlay-opacity":"","overlay-gradient":""}},"ast-content-background-meta":{"desktop":{"background-color":"var(--ast-global-color-5)","background-image":"","background-repeat":"repeat","background-position":"center center","background-size":"auto","background-attachment":"scroll","background-type":"","background-media":"","overlay-type":"","overlay-color":"","overlay-opacity":"","overlay-gradient":""},"tablet":{"background-color":"var(--ast-global-color-5)","background-image":"","background-repeat":"repeat","background-position":"center center","background-size":"auto","background-attachment":"scroll","background-type":"","background-media":"","overlay-type":"","overlay-color":"","overlay-opacity":"","overlay-gradient":""},"mobile":{"background-color":"var(--ast-global-color-5)","background-image":"","background-repeat":"repeat","background-position":"center center","background-size":"auto","background-attachment":"scroll","background-type":"","background-media":"","overlay-type":"","overlay-color":"","overlay-opacity":"","overlay-gradient":""}}},"product_brand":[],"product_cat":[87],"product_tag":[],"class_list":{"0":"post-5182","1":"product","2":"type-product","3":"status-publish","4":"has-post-thumbnail","6":"product_cat-wood-cnc-router","7":"desktop-align-left","8":"tablet-align-left","9":"mobile-align-left","10":"ast-product-gallery-layout-horizontal-slider","11":"ast-product-tabs-layout-horizontal","13":"first","14":"instock","15":"shipping-taxable","16":"product-type-simple"},"uagb_featured_image_src":{"full":["http:\/\/www.kamotec.net\/wp-content\/uploads\/2025\/11\/3-3.jpg",1000,1000,false],"thumbnail":["http:\/\/www.kamotec.net\/wp-content\/uploads\/2025\/11\/3-3-150x150.jpg",150,150,true],"medium":["http:\/\/www.kamotec.net\/wp-content\/uploads\/2025\/11\/3-3-300x300.jpg",300,300,true],"medium_large":["http:\/\/www.kamotec.net\/wp-content\/uploads\/2025\/11\/3-3-768x768.jpg",768,768,true],"large":["http:\/\/www.kamotec.net\/wp-content\/uploads\/2025\/11\/3-3.jpg",1000,1000,false],"1536x1536":["http:\/\/www.kamotec.net\/wp-content\/uploads\/2025\/11\/3-3.jpg",1000,1000,false],"2048x2048":["http:\/\/www.kamotec.net\/wp-content\/uploads\/2025\/11\/3-3.jpg",1000,1000,false],"trp-custom-language-flag":["http:\/\/www.kamotec.net\/wp-content\/uploads\/2025\/11\/3-3-12x12.jpg",12,12,true],"woocommerce_thumbnail":["http:\/\/www.kamotec.net\/wp-content\/uploads\/2025\/11\/3-3-300x300.jpg",300,300,true],"woocommerce_single":["http:\/\/www.kamotec.net\/wp-content\/uploads\/2025\/11\/3-3-600x600.jpg",600,600,true],"woocommerce_gallery_thumbnail":["http:\/\/www.kamotec.net\/wp-content\/uploads\/2025\/11\/3-3-100x100.jpg",100,100,true]},"uagb_author_info":{"display_name":"jinxing6611@gmail.com","author_link":"http:\/\/www.kamotec.net\/es\/author\/"},"uagb_comment_info":0,"uagb_excerpt":"Model\uff1a1325 Wood Engraving Machine XYZ Working size\uff1a1300*2500*200mm Machine Dimensions\uff1a2m (W) \u00d7 3.1m (L) \u00d7 1.5m (H) Table Surface\uff1aPVC + Aluminum (anti-corrosion, stable) Frame Structure\uff1aSteel frame with high-temperature tempering and anti-rust coating Load Capacity\uff1a2-3tons Guide Rails\uff1a20mm High-Precision Square Rails Transmission\uff1aHelical Racks + 2505 Ball Screws Repositioning Accuracy\uff1a\u00b10.05mm Max Working Speed\uff1a8-15m\/min Drive Motor\uff1a86BYG450B","_links":{"self":[{"href":"http:\/\/www.kamotec.net\/es\/wp-json\/wp\/v2\/product\/5182","targetHints":{"allow":["GET"]}}],"collection":[{"href":"http:\/\/www.kamotec.net\/es\/wp-json\/wp\/v2\/product"}],"about":[{"href":"http:\/\/www.kamotec.net\/es\/wp-json\/wp\/v2\/types\/product"}],"wp:featuredmedia":[{"embeddable":true,"href":"http:\/\/www.kamotec.net\/es\/wp-json\/wp\/v2\/media\/5718"}],"wp:attachment":[{"href":"http:\/\/www.kamotec.net\/es\/wp-json\/wp\/v2\/media?parent=5182"}],"wp:term":[{"taxonomy":"product_brand","embeddable":true,"href":"http:\/\/www.kamotec.net\/es\/wp-json\/wp\/v2\/product_brand?post=5182"},{"taxonomy":"product_cat","embeddable":true,"href":"http:\/\/www.kamotec.net\/es\/wp-json\/wp\/v2\/product_cat?post=5182"},{"taxonomy":"product_tag","embeddable":true,"href":"http:\/\/www.kamotec.net\/es\/wp-json\/wp\/v2\/product_tag?post=5182"}],"curies":[{"name":"wp","href":"https:\/\/api.w.org\/{rel}","templated":true}]}}