{"id":5166,"date":"2025-11-17T08:54:46","date_gmt":"2025-11-17T08:54:46","guid":{"rendered":"http:\/\/www.kamotec.net\/?post_type=product&#038;p=5166"},"modified":"2025-12-03T05:05:57","modified_gmt":"2025-12-03T05:05:57","slug":"km-1325-b1-wood-cnc-router","status":"publish","type":"product","link":"http:\/\/www.kamotec.net\/es\/producto\/km-1325-b1-wood-cnc-router\/","title":{"rendered":"KM-1325 B1 Madera CNC Router"},"content":{"rendered":"<div class=\"ast-oembed-container\" style=\"height: 100%;\"><iframe title=\"m\u00e1quina de grabado para madera\" width=\"500\" height=\"281\" src=\"https:\/\/www.youtube.com\/embed\/zYp0-uuPyDw?feature=oembed\" frameborder=\"0\" allow=\"accelerometer; autoplay; clipboard-write; encrypted-media; gyroscope; picture-in-picture; web-share\" referrerpolicy=\"strict-origin-when-cross-origin\" allowfullscreen><\/iframe><\/div>\n<p>La fresadora cnc 1325 es popular en la industria de la publicidad, se utiliza principalmente para cortar acr\u00edlico, PVC, MDF, madera contrachapada y otros materiales, adem\u00e1s, puede realizar el grabado en piedra como m\u00e1rmol y granito, carpinter\u00eda, etc.<\/p>\n<p>Esta m\u00e1quina de grabado cl\u00e1sica de tres ejes para trabajar la madera es muy adecuada para los usuarios que operan la fresadora CNC por primera vez. Es f\u00e1cilmente operado por control DSP con mango, la m\u00e1quina no necesita ser conectado a la computadora por separado y la velocidad de trabajo es m\u00e1s r\u00e1pido que mach3.<br \/>\nSi los usuarios no necesitan grabar patrones complejos o cambiar con frecuencia diferentes herramientas, y necesitan tallar a m\u00e1quina en diversos materiales como madera o metal blando, esta es una opci\u00f3n ideal con un coste econ\u00f3mico.<\/p>\n<p><img alt=\"\" fetchpriority=\"high\" decoding=\"async\" class=\"size-full wp-image-5909 aligncenter\" src=\"http:\/\/www.kamotec.net\/wp-content\/uploads\/2025\/11\/11-21.jpg\" width=\"1000\" height=\"800\" srcset=\"http:\/\/www.kamotec.net\/wp-content\/uploads\/2025\/11\/11-21.jpg 1000w, http:\/\/www.kamotec.net\/wp-content\/uploads\/2025\/11\/11-21-300x240.jpg 300w, http:\/\/www.kamotec.net\/wp-content\/uploads\/2025\/11\/11-21-768x614.jpg 768w, http:\/\/www.kamotec.net\/wp-content\/uploads\/2025\/11\/11-21-15x12.jpg 15w, http:\/\/www.kamotec.net\/wp-content\/uploads\/2025\/11\/11-21-600x480.jpg 600w\" sizes=\"(max-width: 1000px) 100vw, 1000px\" \/><\/p>\n<p><img alt=\"\" decoding=\"async\" class=\"size-full wp-image-5910 aligncenter\" src=\"http:\/\/www.kamotec.net\/wp-content\/uploads\/2025\/11\/12-17.jpg\" width=\"1000\" height=\"800\" srcset=\"http:\/\/www.kamotec.net\/wp-content\/uploads\/2025\/11\/12-17.jpg 1000w, http:\/\/www.kamotec.net\/wp-content\/uploads\/2025\/11\/12-17-300x240.jpg 300w, http:\/\/www.kamotec.net\/wp-content\/uploads\/2025\/11\/12-17-768x614.jpg 768w, http:\/\/www.kamotec.net\/wp-content\/uploads\/2025\/11\/12-17-15x12.jpg 15w, http:\/\/www.kamotec.net\/wp-content\/uploads\/2025\/11\/12-17-600x480.jpg 600w\" sizes=\"(max-width: 1000px) 100vw, 1000px\" \/><\/p>\n<p><img alt=\"\" decoding=\"async\" class=\"size-full wp-image-5911 aligncenter\" src=\"http:\/\/www.kamotec.net\/wp-content\/uploads\/2025\/11\/14-16.jpg\" width=\"1000\" height=\"800\" srcset=\"http:\/\/www.kamotec.net\/wp-content\/uploads\/2025\/11\/14-16.jpg 1000w, http:\/\/www.kamotec.net\/wp-content\/uploads\/2025\/11\/14-16-300x240.jpg 300w, http:\/\/www.kamotec.net\/wp-content\/uploads\/2025\/11\/14-16-768x614.jpg 768w, http:\/\/www.kamotec.net\/wp-content\/uploads\/2025\/11\/14-16-15x12.jpg 15w, http:\/\/www.kamotec.net\/wp-content\/uploads\/2025\/11\/14-16-600x480.jpg 600w\" sizes=\"(max-width: 1000px) 100vw, 1000px\" \/><\/p>\n<table>\n<tbody>\n<tr>\n<td>\u00c1rea de trabajo del eje X-Y-Z<\/td>\n<td>1300*2500*200mm<\/td>\n<\/tr>\n<tr>\n<td>Resoluci\u00f3n de reposicionamiento<\/td>\n<td>0,02 mm<\/td>\n<\/tr>\n<tr>\n<td>Movimiento X-Y<\/td>\n<td>Cremallera, transmisi\u00f3n por engranajes\/Taiw\u00e1n<\/td>\n<\/tr>\n<tr>\n<td>Movimiento Z<\/td>\n<td>Husillo de bolas\/Alemania<\/td>\n<\/tr>\n<tr>\n<td>Gu\u00eda<\/td>\n<td>Lineal 20mm\/25mm cuadrado\/Taiw\u00e1n<\/td>\n<\/tr>\n<tr>\n<td>Potencia del husillo<\/td>\n<td>Husillo de refrigeraci\u00f3n de 3,2 KW<\/td>\n<\/tr>\n<tr>\n<td>Velocidad del cabezal<\/td>\n<td>24.000 rpm<\/td>\n<\/tr>\n<tr>\n<td>Potencia del inversor<\/td>\n<td>3,2 kW Inovance<\/td>\n<\/tr>\n<tr>\n<td>Motores de accionamiento<\/td>\n<td>Servomotor<\/td>\n<\/tr>\n<tr>\n<td>Tensi\u00f3n de trabajo<\/td>\n<td>380V\/220V<\/td>\n<\/tr>\n<tr>\n<td>C\u00f3digo de comando<\/td>\n<td>C\u00f3digo G<\/td>\n<\/tr>\n<tr>\n<td>Interfaz de ordenador<\/td>\n<td>USB 2.0<\/td>\n<\/tr>\n<tr>\n<td>Reduzca<\/td>\n<td>Motovario<\/td>\n<\/tr>\n<tr>\n<td>Software<\/td>\n<td>Artcam , Copia de Alphacam<\/td>\n<\/tr>\n<tr>\n<td>Equipamiento de serie incluido<\/td>\n<td>1.Sistema de lubricaci\u00f3n por aceite<\/td>\n<\/tr>\n<tr>\n<td><\/td>\n<td>2.Capucha antipolvo<\/td>\n<\/tr>\n<tr>\n<td>Opcional<\/td>\n<td>Aspiradora<\/td>\n<\/tr>\n<tr>\n<td><\/td>\n<td>Bomba de vac\u00edo de 5,5 kW\/ mesa de trabajo con ranura en T<\/td>\n<\/tr>\n<\/tbody>\n<\/table>\n<p><img alt=\"\" loading=\"lazy\" decoding=\"async\" class=\"size-full wp-image-5912 aligncenter\" src=\"http:\/\/www.kamotec.net\/wp-content\/uploads\/2025\/11\/15-13.jpg\" width=\"1000\" height=\"800\" srcset=\"http:\/\/www.kamotec.net\/wp-content\/uploads\/2025\/11\/15-13.jpg 1000w, http:\/\/www.kamotec.net\/wp-content\/uploads\/2025\/11\/15-13-300x240.jpg 300w, http:\/\/www.kamotec.net\/wp-content\/uploads\/2025\/11\/15-13-768x614.jpg 768w, http:\/\/www.kamotec.net\/wp-content\/uploads\/2025\/11\/15-13-15x12.jpg 15w, http:\/\/www.kamotec.net\/wp-content\/uploads\/2025\/11\/15-13-600x480.jpg 600w\" sizes=\"(max-width: 1000px) 100vw, 1000px\" \/><\/p>\n<p><img alt=\"\" loading=\"lazy\" decoding=\"async\" class=\"size-full wp-image-5913 aligncenter\" src=\"http:\/\/www.kamotec.net\/wp-content\/uploads\/2025\/11\/17-8.jpg\" width=\"1000\" height=\"800\" srcset=\"http:\/\/www.kamotec.net\/wp-content\/uploads\/2025\/11\/17-8.jpg 1000w, http:\/\/www.kamotec.net\/wp-content\/uploads\/2025\/11\/17-8-300x240.jpg 300w, http:\/\/www.kamotec.net\/wp-content\/uploads\/2025\/11\/17-8-768x614.jpg 768w, http:\/\/www.kamotec.net\/wp-content\/uploads\/2025\/11\/17-8-15x12.jpg 15w, http:\/\/www.kamotec.net\/wp-content\/uploads\/2025\/11\/17-8-600x480.jpg 600w\" sizes=\"(max-width: 1000px) 100vw, 1000px\" \/><\/p>\n<p><img alt=\"\" loading=\"lazy\" decoding=\"async\" class=\"size-full wp-image-5914 aligncenter\" src=\"http:\/\/www.kamotec.net\/wp-content\/uploads\/2025\/11\/20-12.jpg\" width=\"1000\" height=\"800\" srcset=\"http:\/\/www.kamotec.net\/wp-content\/uploads\/2025\/11\/20-12.jpg 1000w, http:\/\/www.kamotec.net\/wp-content\/uploads\/2025\/11\/20-12-300x240.jpg 300w, http:\/\/www.kamotec.net\/wp-content\/uploads\/2025\/11\/20-12-768x614.jpg 768w, http:\/\/www.kamotec.net\/wp-content\/uploads\/2025\/11\/20-12-15x12.jpg 15w, http:\/\/www.kamotec.net\/wp-content\/uploads\/2025\/11\/20-12-600x480.jpg 600w\" sizes=\"(max-width: 1000px) 100vw, 1000px\" \/><\/p>\n<p>&nbsp;<\/p>\n<p><strong>Aplicaciones<\/strong><br \/>\n1.Carpinter\u00eda: puertas y muebles de madera, ventanas, mesas y sillas, armarios y paneles, placa ondulada 3D, MDF, escritorio de ordenador, instrumentos musicales, etc.<br \/>\n2.Advertising: cartelera, logotipo, muestra, corte de los caracteres 3D, corte de acr\u00edlico, canal del LED\/del ne\u00f3n, corte literal del agujero, molde de la caja de luz, sello, molde, etc.<br \/>\n3.Die industria: la escultura de cobre, aluminio grabar, moldes de metal, l\u00e1minas de pl\u00e1stico, PVC, etc.<br \/>\n4.Decoraci\u00f3n: acr\u00edlico, tablero de densidad, piedra artificial, vidrio org\u00e1nico, metales blandos como aluminio, cobre, etc.<br \/>\n<img alt=\"\" loading=\"lazy\" decoding=\"async\" class=\"size-full wp-image-5169 aligncenter\" src=\"http:\/\/www.kamotec.net\/wp-content\/uploads\/2025\/11\/WPS\u56fe\u72471-17.jpg\" width=\"750\" height=\"612\" srcset=\"http:\/\/www.kamotec.net\/wp-content\/uploads\/2025\/11\/WPS\u56fe\u72471-17.jpg 750w, http:\/\/www.kamotec.net\/wp-content\/uploads\/2025\/11\/WPS\u56fe\u72471-17-300x245.jpg 300w, http:\/\/www.kamotec.net\/wp-content\/uploads\/2025\/11\/WPS\u56fe\u72471-17-600x490.jpg 600w, http:\/\/www.kamotec.net\/wp-content\/uploads\/2025\/11\/WPS\u56fe\u72471-17-15x12.jpg 15w\" sizes=\"(max-width: 750px) 100vw, 750px\" \/><br \/>\n<img alt=\"\" loading=\"lazy\" decoding=\"async\" class=\"size-full wp-image-5170 aligncenter\" src=\"http:\/\/www.kamotec.net\/wp-content\/uploads\/2025\/11\/WPS\u56fe\u72472-7.jpg\" width=\"750\" height=\"616\" srcset=\"http:\/\/www.kamotec.net\/wp-content\/uploads\/2025\/11\/WPS\u56fe\u72472-7.jpg 750w, http:\/\/www.kamotec.net\/wp-content\/uploads\/2025\/11\/WPS\u56fe\u72472-7-300x246.jpg 300w, http:\/\/www.kamotec.net\/wp-content\/uploads\/2025\/11\/WPS\u56fe\u72472-7-600x493.jpg 600w, http:\/\/www.kamotec.net\/wp-content\/uploads\/2025\/11\/WPS\u56fe\u72472-7-15x12.jpg 15w\" sizes=\"(max-width: 750px) 100vw, 750px\" \/><\/p>","protected":false},"excerpt":{"rendered":"<p>\u00c1rea de trabajo del eje X-Y-Z\uff1a1300*2500*200mm<br \/>\nResoluci\u00f3n de reposicionamiento\uff1a0,02mm<br \/>\nMovimiento X-Y\uff1aCremallera y pi\u00f1\u00f3n, transmisi\u00f3n por engranajes\/Taiw\u00e1n.<br \/>\nMovimiento Z\uff1aTornillo de bolas\/Alemania<br \/>\nGu\u00eda\uff1aLineal 20mm\/25mm cuadrada\/Taiw\u00e1n<br \/>\nPotencia del husillo\uff1a3,2 KW husillo de refrigeraci\u00f3n<br \/>\nVelocidad del husillo\uff1a24000rpm<br \/>\nPotencia del inversor\uff1a3,2KW Inovance<br \/>\nMotores de accionamiento\uff1aServomotor<br \/>\nTensi\u00f3n de trabajo\uff1a380V\/220V<\/p>","protected":false},"featured_media":5726,"template":"","meta":{"_seopress_robots_primary_cat":"none","_seopress_titles_title":"%%post_title%%","_seopress_titles_desc":"%%post_excerpt%%","_seopress_robots_index":"","_uag_custom_page_level_css":"","site-sidebar-layout":"default","site-content-layout":"","ast-site-content-layout":"default","site-content-style":"default","site-sidebar-style":"default","ast-global-header-display":"","ast-banner-title-visibility":"","ast-main-header-display":"","ast-hfb-above-header-display":"","ast-hfb-below-header-display":"","ast-hfb-mobile-header-display":"","site-post-title":"","ast-breadcrumbs-content":"","ast-featured-img":"","footer-sml-layout":"","theme-transparent-header-meta":"default","adv-header-id-meta":"","stick-header-meta":"default","header-above-stick-meta":"","header-main-stick-meta":"","header-below-stick-meta":"","astra-migrate-meta-layouts":"set","ast-page-background-enabled":"default","ast-page-background-meta":{"desktop":{"background-color":"","background-image":"","background-repeat":"repeat","background-position":"center center","background-size":"auto","background-attachment":"scroll","background-type":"","background-media":"","overlay-type":"","overlay-color":"","overlay-opacity":"","overlay-gradient":""},"tablet":{"background-color":"","background-image":"","background-repeat":"repeat","background-position":"center center","background-size":"auto","background-attachment":"scroll","background-type":"","background-media":"","overlay-type":"","overlay-color":"","overlay-opacity":"","overlay-gradient":""},"mobile":{"background-color":"","background-image":"","background-repeat":"repeat","background-position":"center center","background-size":"auto","background-attachment":"scroll","background-type":"","background-media":"","overlay-type":"","overlay-color":"","overlay-opacity":"","overlay-gradient":""}},"ast-content-background-meta":{"desktop":{"background-color":"var(--ast-global-color-5)","background-image":"","background-repeat":"repeat","background-position":"center center","background-size":"auto","background-attachment":"scroll","background-type":"","background-media":"","overlay-type":"","overlay-color":"","overlay-opacity":"","overlay-gradient":""},"tablet":{"background-color":"var(--ast-global-color-5)","background-image":"","background-repeat":"repeat","background-position":"center center","background-size":"auto","background-attachment":"scroll","background-type":"","background-media":"","overlay-type":"","overlay-color":"","overlay-opacity":"","overlay-gradient":""},"mobile":{"background-color":"var(--ast-global-color-5)","background-image":"","background-repeat":"repeat","background-position":"center center","background-size":"auto","background-attachment":"scroll","background-type":"","background-media":"","overlay-type":"","overlay-color":"","overlay-opacity":"","overlay-gradient":""}}},"product_brand":[],"product_cat":[87],"product_tag":[],"class_list":{"0":"post-5166","1":"product","2":"type-product","3":"status-publish","4":"has-post-thumbnail","6":"product_cat-wood-cnc-router","7":"desktop-align-left","8":"tablet-align-left","9":"mobile-align-left","10":"ast-product-gallery-layout-horizontal-slider","11":"ast-product-tabs-layout-horizontal","13":"first","14":"instock","15":"shipping-taxable","16":"product-type-simple"},"uagb_featured_image_src":{"full":["http:\/\/www.kamotec.net\/wp-content\/uploads\/2025\/11\/2-1.jpg",1000,1000,false],"thumbnail":["http:\/\/www.kamotec.net\/wp-content\/uploads\/2025\/11\/2-1-150x150.jpg",150,150,true],"medium":["http:\/\/www.kamotec.net\/wp-content\/uploads\/2025\/11\/2-1-300x300.jpg",300,300,true],"medium_large":["http:\/\/www.kamotec.net\/wp-content\/uploads\/2025\/11\/2-1-768x768.jpg",768,768,true],"large":["http:\/\/www.kamotec.net\/wp-content\/uploads\/2025\/11\/2-1.jpg",1000,1000,false],"1536x1536":["http:\/\/www.kamotec.net\/wp-content\/uploads\/2025\/11\/2-1.jpg",1000,1000,false],"2048x2048":["http:\/\/www.kamotec.net\/wp-content\/uploads\/2025\/11\/2-1.jpg",1000,1000,false],"trp-custom-language-flag":["http:\/\/www.kamotec.net\/wp-content\/uploads\/2025\/11\/2-1-12x12.jpg",12,12,true],"woocommerce_thumbnail":["http:\/\/www.kamotec.net\/wp-content\/uploads\/2025\/11\/2-1-300x300.jpg",300,300,true],"woocommerce_single":["http:\/\/www.kamotec.net\/wp-content\/uploads\/2025\/11\/2-1-600x600.jpg",600,600,true],"woocommerce_gallery_thumbnail":["http:\/\/www.kamotec.net\/wp-content\/uploads\/2025\/11\/2-1-100x100.jpg",100,100,true]},"uagb_author_info":{"display_name":"jinxing6611@gmail.com","author_link":"http:\/\/www.kamotec.net\/es\/author\/"},"uagb_comment_info":0,"uagb_excerpt":"X-Y-Z axis working area\uff1a1300*2500*200mm Repositioning resolution\uff1a0.02mm X-Y movement\uff1aRack and pinion, gear drive\/Taiwan Z movement\uff1aBall screw drive\/Germany Guide\uff1aLinear 20mm\/25mm square\/Taiwan Spindle power\uff1a3.2 KW cooling spindle Spindle speed\uff1a24000rpm Inverter power\uff1a3.2KW Inovance Drive motors\uff1aServo Motor Working voltage\uff1a380V\/220V","_links":{"self":[{"href":"http:\/\/www.kamotec.net\/es\/wp-json\/wp\/v2\/product\/5166","targetHints":{"allow":["GET"]}}],"collection":[{"href":"http:\/\/www.kamotec.net\/es\/wp-json\/wp\/v2\/product"}],"about":[{"href":"http:\/\/www.kamotec.net\/es\/wp-json\/wp\/v2\/types\/product"}],"wp:featuredmedia":[{"embeddable":true,"href":"http:\/\/www.kamotec.net\/es\/wp-json\/wp\/v2\/media\/5726"}],"wp:attachment":[{"href":"http:\/\/www.kamotec.net\/es\/wp-json\/wp\/v2\/media?parent=5166"}],"wp:term":[{"taxonomy":"product_brand","embeddable":true,"href":"http:\/\/www.kamotec.net\/es\/wp-json\/wp\/v2\/product_brand?post=5166"},{"taxonomy":"product_cat","embeddable":true,"href":"http:\/\/www.kamotec.net\/es\/wp-json\/wp\/v2\/product_cat?post=5166"},{"taxonomy":"product_tag","embeddable":true,"href":"http:\/\/www.kamotec.net\/es\/wp-json\/wp\/v2\/product_tag?post=5166"}],"curies":[{"name":"wp","href":"https:\/\/api.w.org\/{rel}","templated":true}]}}