{"id":5146,"date":"2025-11-17T08:36:25","date_gmt":"2025-11-17T08:36:25","guid":{"rendered":"http:\/\/www.kamotec.net\/?post_type=product&#038;p=5146"},"modified":"2025-12-03T05:19:35","modified_gmt":"2025-12-03T05:19:35","slug":"km-1325-atc-cnc-router-with-saw","status":"publish","type":"product","link":"http:\/\/www.kamotec.net\/es\/producto\/km-1325-atc-cnc-router-with-saw\/","title":{"rendered":"KM-1325 Fresadora CNC ATC Con Sierra"},"content":{"rendered":"<div class=\"ast-oembed-container\" style=\"height: 100%;\"><iframe title=\"1325 atc cnc router m\u00e1quina con sierra de kamotec cnc f\u00e1brica\" width=\"500\" height=\"281\" src=\"https:\/\/www.youtube.com\/embed\/OSS7QB8zLGk?feature=oembed\" frameborder=\"0\" allow=\"accelerometer; autoplay; clipboard-write; encrypted-media; gyroscope; picture-in-picture; web-share\" referrerpolicy=\"strict-origin-when-cross-origin\" allowfullscreen><\/iframe><\/div>\n<p><strong>Funci\u00f3n del producto<\/strong><br \/>\n1. Perforaci\u00f3n: Adopta brocas de diferentes di\u00e1metros para taladrar agujeros de diferentes tama\u00f1os en varios tableros.<br \/>\n2. Ranurado: Con las herramientas adecuadas para hacer ranurado o ranurado, tambi\u00e9n puede terminar ranuras de juntas Clamex para Lamello.<br \/>\n3. Corte: Adecuado para las formas regulares y formas irregulares de corte, tambi\u00e9n puede hacer el ribete.<br \/>\n4. Fresado: Adopta diferentes formas de herramientas de fresado CNC para lograr hermosos dise\u00f1os.<br \/>\n5. Corte hueco: Resolver la producci\u00f3n de las pantallas talladas, tableros de separaci\u00f3n, u otros productos que necesitan ser ahuecados corte.<br \/>\n6. Talla\/grabado: dise\u00f1o de talla 2D en madera, composite u otras materias primas blandas.<\/p>\n<p><img alt=\"\" fetchpriority=\"high\" decoding=\"async\" class=\"size-full wp-image-5216 aligncenter\" src=\"http:\/\/www.kamotec.net\/wp-content\/uploads\/2025\/11\/\u53ef\u5b9a\u5236\u8bbe\u5907-1.jpg\" width=\"750\" height=\"638\" srcset=\"http:\/\/www.kamotec.net\/wp-content\/uploads\/2025\/11\/\u53ef\u5b9a\u5236\u8bbe\u5907-1.jpg 750w, http:\/\/www.kamotec.net\/wp-content\/uploads\/2025\/11\/\u53ef\u5b9a\u5236\u8bbe\u5907-1-300x255.jpg 300w, http:\/\/www.kamotec.net\/wp-content\/uploads\/2025\/11\/\u53ef\u5b9a\u5236\u8bbe\u5907-1-600x510.jpg 600w, http:\/\/www.kamotec.net\/wp-content\/uploads\/2025\/11\/\u53ef\u5b9a\u5236\u8bbe\u5907-1-14x12.jpg 14w\" sizes=\"(max-width: 750px) 100vw, 750px\" \/><\/p>\n<p><img alt=\"\" decoding=\"async\" class=\"size-full wp-image-5917 aligncenter\" src=\"http:\/\/www.kamotec.net\/wp-content\/uploads\/2025\/11\/13-16.jpg\" width=\"1000\" height=\"800\" srcset=\"http:\/\/www.kamotec.net\/wp-content\/uploads\/2025\/11\/13-16.jpg 1000w, http:\/\/www.kamotec.net\/wp-content\/uploads\/2025\/11\/13-16-300x240.jpg 300w, http:\/\/www.kamotec.net\/wp-content\/uploads\/2025\/11\/13-16-768x614.jpg 768w, http:\/\/www.kamotec.net\/wp-content\/uploads\/2025\/11\/13-16-15x12.jpg 15w, http:\/\/www.kamotec.net\/wp-content\/uploads\/2025\/11\/13-16-600x480.jpg 600w\" sizes=\"(max-width: 1000px) 100vw, 1000px\" \/><\/p>\n<p><img alt=\"\" decoding=\"async\" class=\"size-full wp-image-5918 aligncenter\" src=\"http:\/\/www.kamotec.net\/wp-content\/uploads\/2025\/11\/14-\u62f7\u8d1d-1.jpg\" width=\"1000\" height=\"800\" srcset=\"http:\/\/www.kamotec.net\/wp-content\/uploads\/2025\/11\/14-\u62f7\u8d1d-1.jpg 1000w, http:\/\/www.kamotec.net\/wp-content\/uploads\/2025\/11\/14-\u62f7\u8d1d-1-300x240.jpg 300w, http:\/\/www.kamotec.net\/wp-content\/uploads\/2025\/11\/14-\u62f7\u8d1d-1-768x614.jpg 768w, http:\/\/www.kamotec.net\/wp-content\/uploads\/2025\/11\/14-\u62f7\u8d1d-1-15x12.jpg 15w, http:\/\/www.kamotec.net\/wp-content\/uploads\/2025\/11\/14-\u62f7\u8d1d-1-600x480.jpg 600w\" sizes=\"(max-width: 1000px) 100vw, 1000px\" \/><\/p>\n<p><img alt=\"\" loading=\"lazy\" decoding=\"async\" class=\"size-full wp-image-5919 aligncenter\" src=\"http:\/\/www.kamotec.net\/wp-content\/uploads\/2025\/11\/15-14.jpg\" width=\"1000\" height=\"800\" srcset=\"http:\/\/www.kamotec.net\/wp-content\/uploads\/2025\/11\/15-14.jpg 1000w, http:\/\/www.kamotec.net\/wp-content\/uploads\/2025\/11\/15-14-300x240.jpg 300w, http:\/\/www.kamotec.net\/wp-content\/uploads\/2025\/11\/15-14-768x614.jpg 768w, http:\/\/www.kamotec.net\/wp-content\/uploads\/2025\/11\/15-14-15x12.jpg 15w, http:\/\/www.kamotec.net\/wp-content\/uploads\/2025\/11\/15-14-600x480.jpg 600w\" sizes=\"(max-width: 1000px) 100vw, 1000px\" \/><\/p>\n<p>&nbsp;<\/p>\n<table>\n<tbody>\n<tr>\n<td>Modelo<\/td>\n<td width=\"392\">Router CNC KM-1325 ATC<\/td>\n<\/tr>\n<tr>\n<td>Tama\u00f1o m\u00e1x. de trabajo<\/td>\n<td width=\"392\">1300x2500mm o personalizado<\/td>\n<\/tr>\n<tr>\n<td>Eje<\/td>\n<td width=\"392\">9,0KW Husillo ATC con refrigeraci\u00f3n por aire<\/td>\n<\/tr>\n<tr>\n<td>Cantidad de portaherramientas<\/td>\n<td width=\"392\">4\/6\/8\/12\/16 PIEZAS<\/td>\n<\/tr>\n<tr>\n<td>Motor y conductor<\/td>\n<td width=\"392\">Servomotores y controladores Leadshine (Yaskawa es opcional)<\/td>\n<\/tr>\n<tr>\n<td>Mesa de trabajo<\/td>\n<td width=\"392\">Mesa de trabajo al vac\u00edo de rejilla de tablero de PVC<\/td>\n<\/tr>\n<tr>\n<td>Sistema de control<\/td>\n<td width=\"392\">\u00a0LNC 2500 Sistema de control<\/td>\n<\/tr>\n<tr>\n<td>Bomba de vac\u00edo<\/td>\n<td width=\"392\">Bomba de vac\u00edo de 7,5 kW<\/td>\n<\/tr>\n<tr>\n<td>Colector de polvo<\/td>\n<td width=\"392\">Colector de polvo de 5,5 kW<\/td>\n<\/tr>\n<tr>\n<td>Tipo de transmisi\u00f3n<\/td>\n<td width=\"392\">Cremallera eje X\/Y, husillo a bolas eje Z. Eje X\/Y\/Z ambos adoptan husillos de bolas es opcional.<\/td>\n<\/tr>\n<\/tbody>\n<\/table>\n<p><img alt=\"\" loading=\"lazy\" decoding=\"async\" class=\"size-full wp-image-5920 aligncenter\" src=\"http:\/\/www.kamotec.net\/wp-content\/uploads\/2025\/11\/17-9.jpg\" width=\"1000\" height=\"800\" srcset=\"http:\/\/www.kamotec.net\/wp-content\/uploads\/2025\/11\/17-9.jpg 1000w, http:\/\/www.kamotec.net\/wp-content\/uploads\/2025\/11\/17-9-300x240.jpg 300w, http:\/\/www.kamotec.net\/wp-content\/uploads\/2025\/11\/17-9-768x614.jpg 768w, http:\/\/www.kamotec.net\/wp-content\/uploads\/2025\/11\/17-9-15x12.jpg 15w, http:\/\/www.kamotec.net\/wp-content\/uploads\/2025\/11\/17-9-600x480.jpg 600w\" sizes=\"(max-width: 1000px) 100vw, 1000px\" \/><\/p>\n<p><img alt=\"\" loading=\"lazy\" decoding=\"async\" class=\"size-full wp-image-5921 aligncenter\" src=\"http:\/\/www.kamotec.net\/wp-content\/uploads\/2025\/11\/18-5.jpg\" width=\"1000\" height=\"800\" srcset=\"http:\/\/www.kamotec.net\/wp-content\/uploads\/2025\/11\/18-5.jpg 1000w, http:\/\/www.kamotec.net\/wp-content\/uploads\/2025\/11\/18-5-300x240.jpg 300w, http:\/\/www.kamotec.net\/wp-content\/uploads\/2025\/11\/18-5-768x614.jpg 768w, http:\/\/www.kamotec.net\/wp-content\/uploads\/2025\/11\/18-5-15x12.jpg 15w, http:\/\/www.kamotec.net\/wp-content\/uploads\/2025\/11\/18-5-600x480.jpg 600w\" sizes=\"(max-width: 1000px) 100vw, 1000px\" \/><\/p>\n<p><img alt=\"\" loading=\"lazy\" decoding=\"async\" class=\"size-full wp-image-5156 aligncenter\" src=\"http:\/\/www.kamotec.net\/wp-content\/uploads\/2025\/11\/23-1.jpg\" width=\"1000\" height=\"800\" srcset=\"http:\/\/www.kamotec.net\/wp-content\/uploads\/2025\/11\/23-1.jpg 1000w, http:\/\/www.kamotec.net\/wp-content\/uploads\/2025\/11\/23-1-300x240.jpg 300w, http:\/\/www.kamotec.net\/wp-content\/uploads\/2025\/11\/23-1-600x480.jpg 600w, http:\/\/www.kamotec.net\/wp-content\/uploads\/2025\/11\/23-1-768x614.jpg 768w, http:\/\/www.kamotec.net\/wp-content\/uploads\/2025\/11\/23-1-15x12.jpg 15w\" sizes=\"(max-width: 1000px) 100vw, 1000px\" \/><\/p>\n<p>1. Introducir una nueva generaci\u00f3n de sistema de control Kandy, procesamiento inteligente funci\u00f3n de protecci\u00f3n transfronteriza.<br \/>\n2. Toda la cama est\u00e1 soldada y templada por estructura de acero, que tiene una fuerte rigidez y sin distorsi\u00f3n.<br \/>\n3. Utilizando husillo de cambio de herramienta de alta potencia, la fuerza de corte es alta.<br \/>\n4. 4. Gran armario independiente, operaci\u00f3n de teclado separada, simple y conveniente, f\u00e1cil de aprender.<br \/>\n<img alt=\"\" loading=\"lazy\" decoding=\"async\" class=\"size-full wp-image-5149 aligncenter\" src=\"http:\/\/www.kamotec.net\/wp-content\/uploads\/2025\/11\/WPS\u56fe\u72471-16.jpg\" width=\"750\" height=\"1132\" srcset=\"http:\/\/www.kamotec.net\/wp-content\/uploads\/2025\/11\/WPS\u56fe\u72471-16.jpg 750w, http:\/\/www.kamotec.net\/wp-content\/uploads\/2025\/11\/WPS\u56fe\u72471-16-300x453.jpg 300w, http:\/\/www.kamotec.net\/wp-content\/uploads\/2025\/11\/WPS\u56fe\u72471-16-600x906.jpg 600w, http:\/\/www.kamotec.net\/wp-content\/uploads\/2025\/11\/WPS\u56fe\u72471-16-199x300.jpg 199w, http:\/\/www.kamotec.net\/wp-content\/uploads\/2025\/11\/WPS\u56fe\u72471-16-678x1024.jpg 678w, http:\/\/www.kamotec.net\/wp-content\/uploads\/2025\/11\/WPS\u56fe\u72471-16-8x12.jpg 8w\" sizes=\"(max-width: 750px) 100vw, 750px\" \/><br \/>\n<img alt=\"\" loading=\"lazy\" decoding=\"async\" class=\"size-full wp-image-5150 aligncenter\" src=\"http:\/\/www.kamotec.net\/wp-content\/uploads\/2025\/11\/WPS\u56fe\u72472-6.jpg\" width=\"750\" height=\"612\" srcset=\"http:\/\/www.kamotec.net\/wp-content\/uploads\/2025\/11\/WPS\u56fe\u72472-6.jpg 750w, http:\/\/www.kamotec.net\/wp-content\/uploads\/2025\/11\/WPS\u56fe\u72472-6-300x245.jpg 300w, http:\/\/www.kamotec.net\/wp-content\/uploads\/2025\/11\/WPS\u56fe\u72472-6-600x490.jpg 600w, http:\/\/www.kamotec.net\/wp-content\/uploads\/2025\/11\/WPS\u56fe\u72472-6-15x12.jpg 15w\" sizes=\"(max-width: 750px) 100vw, 750px\" \/><\/p>","protected":false},"excerpt":{"rendered":"<p>Modelo\uff1aKM-1325 Router CNC ATC<br \/>\nTama\u00f1o m\u00e1x. de trabajo\uff1a1300x2500mm o personalizado<br \/>\nHusillo\uff1a9.0KW Husillo ATC con refrigeraci\u00f3n por aire<br \/>\nCantidad de portaherramientas\uff1a4\/6\/8\/12\/16 PCS<br \/>\nMotor y controlador\uff1aServomotores y controladores l\u00edderes (Yaskawa es opcional).<br \/>\nMesa de trabajo\uff1aMesa de trabajo al vac\u00edo con rejilla de tablero de PVC.<br \/>\nSistema de control\uff1aLNC 2500 Sistema de control<br \/>\nBomba de vac\u00edo\uff1a7.5KW Bomba de vac\u00edo<\/p>","protected":false},"featured_media":5735,"template":"","meta":{"_seopress_robots_primary_cat":"none","_seopress_titles_title":"%%post_title%%","_seopress_titles_desc":"%%post_excerpt%%","_seopress_robots_index":"","_uag_custom_page_level_css":"","site-sidebar-layout":"default","site-content-layout":"","ast-site-content-layout":"default","site-content-style":"default","site-sidebar-style":"default","ast-global-header-display":"","ast-banner-title-visibility":"","ast-main-header-display":"","ast-hfb-above-header-display":"","ast-hfb-below-header-display":"","ast-hfb-mobile-header-display":"","site-post-title":"","ast-breadcrumbs-content":"","ast-featured-img":"","footer-sml-layout":"","theme-transparent-header-meta":"default","adv-header-id-meta":"","stick-header-meta":"default","header-above-stick-meta":"","header-main-stick-meta":"","header-below-stick-meta":"","astra-migrate-meta-layouts":"set","ast-page-background-enabled":"default","ast-page-background-meta":{"desktop":{"background-color":"","background-image":"","background-repeat":"repeat","background-position":"center center","background-size":"auto","background-attachment":"scroll","background-type":"","background-media":"","overlay-type":"","overlay-color":"","overlay-opacity":"","overlay-gradient":""},"tablet":{"background-color":"","background-image":"","background-repeat":"repeat","background-position":"center center","background-size":"auto","background-attachment":"scroll","background-type":"","background-media":"","overlay-type":"","overlay-color":"","overlay-opacity":"","overlay-gradient":""},"mobile":{"background-color":"","background-image":"","background-repeat":"repeat","background-position":"center center","background-size":"auto","background-attachment":"scroll","background-type":"","background-media":"","overlay-type":"","overlay-color":"","overlay-opacity":"","overlay-gradient":""}},"ast-content-background-meta":{"desktop":{"background-color":"var(--ast-global-color-5)","background-image":"","background-repeat":"repeat","background-position":"center center","background-size":"auto","background-attachment":"scroll","background-type":"","background-media":"","overlay-type":"","overlay-color":"","overlay-opacity":"","overlay-gradient":""},"tablet":{"background-color":"var(--ast-global-color-5)","background-image":"","background-repeat":"repeat","background-position":"center center","background-size":"auto","background-attachment":"scroll","background-type":"","background-media":"","overlay-type":"","overlay-color":"","overlay-opacity":"","overlay-gradient":""},"mobile":{"background-color":"var(--ast-global-color-5)","background-image":"","background-repeat":"repeat","background-position":"center center","background-size":"auto","background-attachment":"scroll","background-type":"","background-media":"","overlay-type":"","overlay-color":"","overlay-opacity":"","overlay-gradient":""}}},"product_brand":[],"product_cat":[79],"product_tag":[],"class_list":{"0":"post-5146","1":"product","2":"type-product","3":"status-publish","4":"has-post-thumbnail","6":"product_cat-atc-cnc-router","7":"desktop-align-left","8":"tablet-align-left","9":"mobile-align-left","10":"ast-product-gallery-layout-horizontal-slider","11":"ast-product-tabs-layout-horizontal","13":"first","14":"instock","15":"shipping-taxable","16":"product-type-simple"},"uagb_featured_image_src":{"full":["http:\/\/www.kamotec.net\/wp-content\/uploads\/2025\/11\/2-2.jpg",1000,1000,false],"thumbnail":["http:\/\/www.kamotec.net\/wp-content\/uploads\/2025\/11\/2-2-150x150.jpg",150,150,true],"medium":["http:\/\/www.kamotec.net\/wp-content\/uploads\/2025\/11\/2-2-300x300.jpg",300,300,true],"medium_large":["http:\/\/www.kamotec.net\/wp-content\/uploads\/2025\/11\/2-2-768x768.jpg",768,768,true],"large":["http:\/\/www.kamotec.net\/wp-content\/uploads\/2025\/11\/2-2.jpg",1000,1000,false],"1536x1536":["http:\/\/www.kamotec.net\/wp-content\/uploads\/2025\/11\/2-2.jpg",1000,1000,false],"2048x2048":["http:\/\/www.kamotec.net\/wp-content\/uploads\/2025\/11\/2-2.jpg",1000,1000,false],"trp-custom-language-flag":["http:\/\/www.kamotec.net\/wp-content\/uploads\/2025\/11\/2-2-12x12.jpg",12,12,true],"woocommerce_thumbnail":["http:\/\/www.kamotec.net\/wp-content\/uploads\/2025\/11\/2-2-300x300.jpg",300,300,true],"woocommerce_single":["http:\/\/www.kamotec.net\/wp-content\/uploads\/2025\/11\/2-2-600x600.jpg",600,600,true],"woocommerce_gallery_thumbnail":["http:\/\/www.kamotec.net\/wp-content\/uploads\/2025\/11\/2-2-100x100.jpg",100,100,true]},"uagb_author_info":{"display_name":"jinxing6611@gmail.com","author_link":"http:\/\/www.kamotec.net\/es\/author\/"},"uagb_comment_info":0,"uagb_excerpt":"Model\uff1aKM-1325 ATC CNC Router Max. working size\uff1a1300x2500mm or\u00a0customized Spindle\uff1a9.0KW Air cooling ATC spindle Quantity of tool holder\uff1a4\/6\/8\/12\/16 PCS Motor and driver\uff1aLeadshine servo motors and drivers (Yaskawa is optional) Working table\uff1aPVC board grid vacuum working table Control system\uff1aLNC 2500 Control system Vacuum pump\uff1a7.5KW Vacuum pump","_links":{"self":[{"href":"http:\/\/www.kamotec.net\/es\/wp-json\/wp\/v2\/product\/5146","targetHints":{"allow":["GET"]}}],"collection":[{"href":"http:\/\/www.kamotec.net\/es\/wp-json\/wp\/v2\/product"}],"about":[{"href":"http:\/\/www.kamotec.net\/es\/wp-json\/wp\/v2\/types\/product"}],"wp:featuredmedia":[{"embeddable":true,"href":"http:\/\/www.kamotec.net\/es\/wp-json\/wp\/v2\/media\/5735"}],"wp:attachment":[{"href":"http:\/\/www.kamotec.net\/es\/wp-json\/wp\/v2\/media?parent=5146"}],"wp:term":[{"taxonomy":"product_brand","embeddable":true,"href":"http:\/\/www.kamotec.net\/es\/wp-json\/wp\/v2\/product_brand?post=5146"},{"taxonomy":"product_cat","embeddable":true,"href":"http:\/\/www.kamotec.net\/es\/wp-json\/wp\/v2\/product_cat?post=5146"},{"taxonomy":"product_tag","embeddable":true,"href":"http:\/\/www.kamotec.net\/es\/wp-json\/wp\/v2\/product_tag?post=5146"}],"curies":[{"name":"wp","href":"https:\/\/api.w.org\/{rel}","templated":true}]}}