{"id":5061,"date":"2025-11-14T09:30:26","date_gmt":"2025-11-14T09:30:26","guid":{"rendered":"http:\/\/www.kamotec.net\/?post_type=product&#038;p=5061"},"modified":"2025-12-04T02:50:01","modified_gmt":"2025-12-04T02:50:01","slug":"1500w-fiber-laser-cleaning-machine","status":"publish","type":"product","link":"http:\/\/www.kamotec.net\/es\/producto\/1500w-fiber-laser-cleaning-machine\/","title":{"rendered":"M\u00e1quina de limpieza l\u00e1ser de fibra de 1500w"},"content":{"rendered":"<div class=\"ast-oembed-container\" style=\"height: 100%;\"><iframe title=\"1500w laser cleaning machine\" width=\"500\" height=\"281\" src=\"https:\/\/www.youtube.com\/embed\/_kjuiAfqqPE?feature=oembed\" frameborder=\"0\" allow=\"accelerometer; autoplay; clipboard-write; encrypted-media; gyroscope; picture-in-picture; web-share\" referrerpolicy=\"strict-origin-when-cross-origin\" allowfullscreen><\/iframe><\/div>\n<h4>caracter\u00edsticas del producto\uff1a<\/h4>\n<p>1.Dise\u00f1o port\u00e1til y de mano: La m\u00e1quina de limpieza l\u00e1ser de metal de 1Kw 1.5Kw 2Kw 3000W cuenta con un dise\u00f1o port\u00e1til f\u00e1cil de usar, por lo que es f\u00e1cil de operar y manejar en diversas condiciones de trabajo.<br \/>\n2.Aplicaciones vers\u00e1tiles: Adecuado para diversas industrias, incluyendo tiendas de materiales de construcci\u00f3n, construcci\u00f3n, energ\u00eda y miner\u00eda, tiendas de ropa, uso dom\u00e9stico, talleres de reparaci\u00f3n de maquinaria, plantas de fabricaci\u00f3n, impresi\u00f3n, venta al por menor, y mucho m\u00e1s.<br \/>\n3.Tecnolog\u00eda L\u00e1ser de Fibra Avanzada: Equipada con un sistema l\u00e1ser de fibra de alta calidad, la m\u00e1quina garantiza una limpieza de precisi\u00f3n y la eliminaci\u00f3n de \u00f3xido en superficies de metal, cobre, aluminio y acero inoxidable.<br \/>\n4.Robusta y Fiable: La m\u00e1quina viene con un cabezal l\u00e1ser profesional de la marca RelFar y una fuente l\u00e1ser de la marca RECI, asegurando un rendimiento estable y una larga vida \u00fatil.<br \/>\n5.Garant\u00eda y Soporte: La marca PSHINECNC ofrece una garant\u00eda de 3 a\u00f1os para la m\u00e1quina y los componentes principales, respaldada por un soporte t\u00e9cnico profesional y una ubicaci\u00f3n de servicio local. F\u00e1cil de operar, esta innovadora tecnolog\u00eda de limpieza l\u00e1ser te prepara para el \u00e9xito.<\/p>\n<p>&nbsp;<\/p>\n<p><img alt=\"\" fetchpriority=\"high\" decoding=\"async\" class=\"size-full wp-image-5943 aligncenter\" src=\"http:\/\/www.kamotec.net\/wp-content\/uploads\/2025\/11\/11-24.jpg\" width=\"1000\" height=\"800\" srcset=\"http:\/\/www.kamotec.net\/wp-content\/uploads\/2025\/11\/11-24.jpg 1000w, http:\/\/www.kamotec.net\/wp-content\/uploads\/2025\/11\/11-24-300x240.jpg 300w, http:\/\/www.kamotec.net\/wp-content\/uploads\/2025\/11\/11-24-768x614.jpg 768w, http:\/\/www.kamotec.net\/wp-content\/uploads\/2025\/11\/11-24-15x12.jpg 15w, http:\/\/www.kamotec.net\/wp-content\/uploads\/2025\/11\/11-24-600x480.jpg 600w\" sizes=\"(max-width: 1000px) 100vw, 1000px\" \/><\/p>\n<p><img alt=\"\" decoding=\"async\" class=\"size-full wp-image-5944 aligncenter\" src=\"http:\/\/www.kamotec.net\/wp-content\/uploads\/2025\/11\/12-18.jpg\" width=\"1000\" height=\"800\" srcset=\"http:\/\/www.kamotec.net\/wp-content\/uploads\/2025\/11\/12-18.jpg 1000w, http:\/\/www.kamotec.net\/wp-content\/uploads\/2025\/11\/12-18-300x240.jpg 300w, http:\/\/www.kamotec.net\/wp-content\/uploads\/2025\/11\/12-18-768x614.jpg 768w, http:\/\/www.kamotec.net\/wp-content\/uploads\/2025\/11\/12-18-15x12.jpg 15w, http:\/\/www.kamotec.net\/wp-content\/uploads\/2025\/11\/12-18-600x480.jpg 600w\" sizes=\"(max-width: 1000px) 100vw, 1000px\" \/><\/p>\n<p><img alt=\"\" decoding=\"async\" class=\"size-full wp-image-5945 aligncenter\" src=\"http:\/\/www.kamotec.net\/wp-content\/uploads\/2025\/11\/13-18.jpg\" width=\"1000\" height=\"800\" srcset=\"http:\/\/www.kamotec.net\/wp-content\/uploads\/2025\/11\/13-18.jpg 1000w, http:\/\/www.kamotec.net\/wp-content\/uploads\/2025\/11\/13-18-300x240.jpg 300w, http:\/\/www.kamotec.net\/wp-content\/uploads\/2025\/11\/13-18-768x614.jpg 768w, http:\/\/www.kamotec.net\/wp-content\/uploads\/2025\/11\/13-18-15x12.jpg 15w, http:\/\/www.kamotec.net\/wp-content\/uploads\/2025\/11\/13-18-600x480.jpg 600w\" sizes=\"(max-width: 1000px) 100vw, 1000px\" \/><\/p>\n<h4>Funciones del producto\uff1a<\/h4>\n<p>Soldadura: La m\u00e1quina de soldadura l\u00e1ser tiene una velocidad de soldadura r\u00e1pida y mejora la eficiencia de soldadura. Buen efecto de soldadura, mejora la tasa de rendimiento. F\u00e1cil de operar, las personas sin experiencia pueden aprender r\u00e1pidamente c\u00f3mo operar el equipo en 5 minutos, ahorrando costes de mano de obra para las f\u00e1bricas.<br \/>\nLimpieza de soldaduras: La limpieza por l\u00e1ser no s\u00f3lo puede eliminar el \u00f3xido, el aceite, el \u00f3xido y otras sustancias adheridas a la superficie met\u00e1lica, sino tambi\u00e9n el polvo, las impurezas, etc. Las soldaduras de acero inoxidable pueden tratarse eficazmente, incluido el pretratamiento de la soldadura, lo que resulta eficiente y ahorra tiempo.<br \/>\nCorte: Cambie los par\u00e1metros en el panel de control, y elija las boquillas para el corte, la m\u00e1quina se puede cambiar al modo de corte. ltis capaz de cortar chapa fina f\u00e1cilmente y r\u00e1pidamente, acelerando la eficiencia de producci\u00f3n upfactory.<br \/>\nLimpieza: La funci\u00f3n de limpieza est\u00e1 disponible sustituyendo la parte frontal del cabezal l\u00e1ser y cambiando el panel de control al modo de limpieza.La limpieza l\u00e1ser puede eliminar r\u00e1pidamente el \u00f3xido de las superficies met\u00e1licas, y las f\u00e1bricas que procesan acero al carbono utilizar\u00e1n a menudo esta funci\u00f3n. <img alt=\"\" loading=\"lazy\" decoding=\"async\" class=\"size-full wp-image-5947 aligncenter\" src=\"http:\/\/www.kamotec.net\/wp-content\/uploads\/2025\/11\/18-7.jpg\" width=\"1000\" height=\"800\" srcset=\"http:\/\/www.kamotec.net\/wp-content\/uploads\/2025\/11\/18-7.jpg 1000w, http:\/\/www.kamotec.net\/wp-content\/uploads\/2025\/11\/18-7-300x240.jpg 300w, http:\/\/www.kamotec.net\/wp-content\/uploads\/2025\/11\/18-7-768x614.jpg 768w, http:\/\/www.kamotec.net\/wp-content\/uploads\/2025\/11\/18-7-15x12.jpg 15w, http:\/\/www.kamotec.net\/wp-content\/uploads\/2025\/11\/18-7-600x480.jpg 600w\" sizes=\"(max-width: 1000px) 100vw, 1000px\" \/><\/p>\n<p><img alt=\"\" loading=\"lazy\" decoding=\"async\" class=\"size-full wp-image-5950 aligncenter\" src=\"http:\/\/www.kamotec.net\/wp-content\/uploads\/2025\/11\/10.jpg\" width=\"800\" height=\"800\" srcset=\"http:\/\/www.kamotec.net\/wp-content\/uploads\/2025\/11\/10.jpg 800w, http:\/\/www.kamotec.net\/wp-content\/uploads\/2025\/11\/10-300x300.jpg 300w, http:\/\/www.kamotec.net\/wp-content\/uploads\/2025\/11\/10-150x150.jpg 150w, http:\/\/www.kamotec.net\/wp-content\/uploads\/2025\/11\/10-768x768.jpg 768w, http:\/\/www.kamotec.net\/wp-content\/uploads\/2025\/11\/10-12x12.jpg 12w, http:\/\/www.kamotec.net\/wp-content\/uploads\/2025\/11\/10-600x600.jpg 600w, http:\/\/www.kamotec.net\/wp-content\/uploads\/2025\/11\/10-100x100.jpg 100w\" sizes=\"(max-width: 800px) 100vw, 800px\" \/><\/p>\n<p><img alt=\"\" loading=\"lazy\" decoding=\"async\" class=\"size-full wp-image-5949 aligncenter\" src=\"http:\/\/www.kamotec.net\/wp-content\/uploads\/2025\/11\/9.jpg\" width=\"800\" height=\"800\" srcset=\"http:\/\/www.kamotec.net\/wp-content\/uploads\/2025\/11\/9.jpg 800w, http:\/\/www.kamotec.net\/wp-content\/uploads\/2025\/11\/9-300x300.jpg 300w, http:\/\/www.kamotec.net\/wp-content\/uploads\/2025\/11\/9-150x150.jpg 150w, http:\/\/www.kamotec.net\/wp-content\/uploads\/2025\/11\/9-768x768.jpg 768w, http:\/\/www.kamotec.net\/wp-content\/uploads\/2025\/11\/9-12x12.jpg 12w, http:\/\/www.kamotec.net\/wp-content\/uploads\/2025\/11\/9-600x600.jpg 600w, http:\/\/www.kamotec.net\/wp-content\/uploads\/2025\/11\/9-100x100.jpg 100w\" sizes=\"(max-width: 800px) 100vw, 800px\" \/><\/p>\n<table>\n<tbody>\n<tr>\n<td width=\"275\"><strong><b>Nombre del producto<\/b><\/strong><\/td>\n<td>Soldadora l\u00e1ser manual<\/td>\n<\/tr>\n<tr>\n<td width=\"275\"><strong><b>Tipo l\u00e1ser<\/b><\/strong><\/td>\n<td>L\u00e1ser de fibra \u00f3ptica<\/td>\n<\/tr>\n<tr>\n<td width=\"275\"><strong><b>Fuente l\u00e1ser<\/b><\/strong><\/td>\n<td>Raycus\/MAX\/JPT\/GW<\/td>\n<\/tr>\n<tr>\n<td width=\"275\"><strong><b>Potencia l\u00e1ser<\/b><\/strong><\/td>\n<td>1000W\/1500W<\/td>\n<\/tr>\n<tr>\n<td width=\"275\"><strong><b>Anchura de soldadura<\/b><\/strong><\/td>\n<td>0,5-6 mm<\/td>\n<\/tr>\n<tr>\n<td width=\"275\"><strong><b>Longitud de onda del l\u00e1ser<\/b><\/strong><\/td>\n<td>1080nm<\/td>\n<\/tr>\n<tr>\n<td width=\"275\"><strong><b>Frecuencia<\/b><\/strong><\/td>\n<td>50~20khz<\/td>\n<\/tr>\n<tr>\n<td width=\"275\"><strong><b>Potencia de salida sintonizable<\/b><\/strong><\/td>\n<td>10-100%<\/td>\n<\/tr>\n<tr>\n<td width=\"275\"><strong><b>Longitud del l\u00e1ser de fibra \u00f3ptica<\/b><\/strong><\/td>\n<td>3M\/10M\/Personalizado<\/td>\n<\/tr>\n<tr>\n<td width=\"275\"><strong><b>M\u00e9todo de salida<\/b><\/strong><\/td>\n<td>IQB\/QBH<\/td>\n<\/tr>\n<tr>\n<td width=\"275\"><strong><b>Manera de enfriar<\/b><\/strong><\/td>\n<td>Refrigerador de agua integrado<\/td>\n<\/tr>\n<tr>\n<td width=\"275\"><strong><b>Cabezal l\u00e1ser<\/b><\/strong><\/td>\n<td>QiLin\/Chaoqiang\/RUIDA\/Otros<\/td>\n<\/tr>\n<tr>\n<td width=\"275\"><strong><b>Sistema l\u00e1ser<\/b><\/strong><\/td>\n<td>QiLin\/Chaoqiang\/RUIDA\/Otros<\/td>\n<\/tr>\n<tr>\n<td width=\"275\"><strong><b>Velocidad de soldadura<\/b><\/strong><\/td>\n<td>0~120mm\/s<\/td>\n<\/tr>\n<tr>\n<td width=\"275\"><strong><b>Tama\u00f1o del punto<\/b><\/strong><\/td>\n<td>\u03a60,2-1,8mm<\/td>\n<\/tr>\n<tr>\n<td width=\"275\"><strong><b>Tensi\u00f3n<\/b><\/strong><\/td>\n<td>220V\/380V\/Personalizado<\/td>\n<\/tr>\n<tr>\n<td width=\"275\"><strong><b>Requisitos del entorno de trabajo<\/b><\/strong><\/td>\n<td>0\u2103~40\u2103, humedad\ufe6485%<\/td>\n<\/tr>\n<\/tbody>\n<\/table>\n<p><img alt=\"\" loading=\"lazy\" decoding=\"async\" class=\"size-full wp-image-5063 aligncenter\" src=\"http:\/\/www.kamotec.net\/wp-content\/uploads\/2025\/11\/WPS\u56fe\u72471-7.jpg\" width=\"1000\" height=\"1149\" srcset=\"http:\/\/www.kamotec.net\/wp-content\/uploads\/2025\/11\/WPS\u56fe\u72471-7.jpg 1000w, http:\/\/www.kamotec.net\/wp-content\/uploads\/2025\/11\/WPS\u56fe\u72471-7-300x345.jpg 300w, http:\/\/www.kamotec.net\/wp-content\/uploads\/2025\/11\/WPS\u56fe\u72471-7-600x689.jpg 600w, http:\/\/www.kamotec.net\/wp-content\/uploads\/2025\/11\/WPS\u56fe\u72471-7-261x300.jpg 261w, http:\/\/www.kamotec.net\/wp-content\/uploads\/2025\/11\/WPS\u56fe\u72471-7-891x1024.jpg 891w, http:\/\/www.kamotec.net\/wp-content\/uploads\/2025\/11\/WPS\u56fe\u72471-7-768x882.jpg 768w, http:\/\/www.kamotec.net\/wp-content\/uploads\/2025\/11\/WPS\u56fe\u72471-7-10x12.jpg 10w\" sizes=\"(max-width: 1000px) 100vw, 1000px\" \/><\/p>\n<p><img alt=\"\" loading=\"lazy\" decoding=\"async\" class=\"size-full wp-image-5064 aligncenter\" src=\"http:\/\/www.kamotec.net\/wp-content\/uploads\/2025\/11\/WPS\u56fe\u72472-1.jpg\" width=\"743\" height=\"996\" srcset=\"http:\/\/www.kamotec.net\/wp-content\/uploads\/2025\/11\/WPS\u56fe\u72472-1.jpg 743w, http:\/\/www.kamotec.net\/wp-content\/uploads\/2025\/11\/WPS\u56fe\u72472-1-300x402.jpg 300w, http:\/\/www.kamotec.net\/wp-content\/uploads\/2025\/11\/WPS\u56fe\u72472-1-600x804.jpg 600w, http:\/\/www.kamotec.net\/wp-content\/uploads\/2025\/11\/WPS\u56fe\u72472-1-224x300.jpg 224w, http:\/\/www.kamotec.net\/wp-content\/uploads\/2025\/11\/WPS\u56fe\u72472-1-9x12.jpg 9w\" sizes=\"(max-width: 743px) 100vw, 743px\" \/><\/p>\n<p>&nbsp;<\/p>\n<p>&nbsp;<\/p>","protected":false},"excerpt":{"rendered":"<p>La m\u00e1quina de limpieza l\u00e1ser puede eliminar eficazmente resina, manchas de aceite, manchas, suciedad, \u00f3xido, revestimiento, chapado y pintura en la superficie de la pieza de trabajo, cumpliendo con los requisitos de limpieza de formas complejas y posicionamiento fino en el campo de procesamiento industrial, logrando un efecto de limpieza con mayor limpieza.<\/p>","protected":false},"featured_media":5776,"template":"","meta":{"_seopress_robots_primary_cat":"none","_seopress_titles_title":"%%post_title%%","_seopress_titles_desc":"%%post_excerpt%%","_seopress_robots_index":"","_uag_custom_page_level_css":"","site-sidebar-layout":"default","site-content-layout":"","ast-site-content-layout":"default","site-content-style":"default","site-sidebar-style":"default","ast-global-header-display":"","ast-banner-title-visibility":"","ast-main-header-display":"","ast-hfb-above-header-display":"","ast-hfb-below-header-display":"","ast-hfb-mobile-header-display":"","site-post-title":"","ast-breadcrumbs-content":"","ast-featured-img":"","footer-sml-layout":"","theme-transparent-header-meta":"default","adv-header-id-meta":"","stick-header-meta":"default","header-above-stick-meta":"","header-main-stick-meta":"","header-below-stick-meta":"","astra-migrate-meta-layouts":"set","ast-page-background-enabled":"default","ast-page-background-meta":{"desktop":{"background-color":"","background-image":"","background-repeat":"repeat","background-position":"center center","background-size":"auto","background-attachment":"scroll","background-type":"","background-media":"","overlay-type":"","overlay-color":"","overlay-opacity":"","overlay-gradient":""},"tablet":{"background-color":"","background-image":"","background-repeat":"repeat","background-position":"center center","background-size":"auto","background-attachment":"scroll","background-type":"","background-media":"","overlay-type":"","overlay-color":"","overlay-opacity":"","overlay-gradient":""},"mobile":{"background-color":"","background-image":"","background-repeat":"repeat","background-position":"center center","background-size":"auto","background-attachment":"scroll","background-type":"","background-media":"","overlay-type":"","overlay-color":"","overlay-opacity":"","overlay-gradient":""}},"ast-content-background-meta":{"desktop":{"background-color":"var(--ast-global-color-5)","background-image":"","background-repeat":"repeat","background-position":"center center","background-size":"auto","background-attachment":"scroll","background-type":"","background-media":"","overlay-type":"","overlay-color":"","overlay-opacity":"","overlay-gradient":""},"tablet":{"background-color":"var(--ast-global-color-5)","background-image":"","background-repeat":"repeat","background-position":"center center","background-size":"auto","background-attachment":"scroll","background-type":"","background-media":"","overlay-type":"","overlay-color":"","overlay-opacity":"","overlay-gradient":""},"mobile":{"background-color":"var(--ast-global-color-5)","background-image":"","background-repeat":"repeat","background-position":"center center","background-size":"auto","background-attachment":"scroll","background-type":"","background-media":"","overlay-type":"","overlay-color":"","overlay-opacity":"","overlay-gradient":""}}},"product_brand":[],"product_cat":[86],"product_tag":[],"class_list":{"0":"post-5061","1":"product","2":"type-product","3":"status-publish","4":"has-post-thumbnail","6":"product_cat-fiber-laser-cleaning-machine","7":"desktop-align-left","8":"tablet-align-left","9":"mobile-align-left","10":"ast-product-gallery-layout-horizontal-slider","11":"ast-product-tabs-layout-horizontal","13":"first","14":"instock","15":"shipping-taxable","16":"product-type-simple"},"uagb_featured_image_src":{"full":["http:\/\/www.kamotec.net\/wp-content\/uploads\/2025\/11\/1-4.jpg",1000,1000,false],"thumbnail":["http:\/\/www.kamotec.net\/wp-content\/uploads\/2025\/11\/1-4-150x150.jpg",150,150,true],"medium":["http:\/\/www.kamotec.net\/wp-content\/uploads\/2025\/11\/1-4-300x300.jpg",300,300,true],"medium_large":["http:\/\/www.kamotec.net\/wp-content\/uploads\/2025\/11\/1-4-768x768.jpg",768,768,true],"large":["http:\/\/www.kamotec.net\/wp-content\/uploads\/2025\/11\/1-4.jpg",1000,1000,false],"1536x1536":["http:\/\/www.kamotec.net\/wp-content\/uploads\/2025\/11\/1-4.jpg",1000,1000,false],"2048x2048":["http:\/\/www.kamotec.net\/wp-content\/uploads\/2025\/11\/1-4.jpg",1000,1000,false],"trp-custom-language-flag":["http:\/\/www.kamotec.net\/wp-content\/uploads\/2025\/11\/1-4-12x12.jpg",12,12,true],"woocommerce_thumbnail":["http:\/\/www.kamotec.net\/wp-content\/uploads\/2025\/11\/1-4-300x300.jpg",300,300,true],"woocommerce_single":["http:\/\/www.kamotec.net\/wp-content\/uploads\/2025\/11\/1-4-600x600.jpg",600,600,true],"woocommerce_gallery_thumbnail":["http:\/\/www.kamotec.net\/wp-content\/uploads\/2025\/11\/1-4-100x100.jpg",100,100,true]},"uagb_author_info":{"display_name":"jinxing6611@gmail.com","author_link":"http:\/\/www.kamotec.net\/es\/author\/"},"uagb_comment_info":0,"uagb_excerpt":"The laser cleaning machine can efficiently remove resin, oil stains, stains, dirt, rust, coating, plating, and paint on the surface of the work piece, meeting the cleaning requirements of complex shapes and fine positioning in the industrial processing field, achieving a cleaner cleaning effect with higher cleanliness.","_links":{"self":[{"href":"http:\/\/www.kamotec.net\/es\/wp-json\/wp\/v2\/product\/5061","targetHints":{"allow":["GET"]}}],"collection":[{"href":"http:\/\/www.kamotec.net\/es\/wp-json\/wp\/v2\/product"}],"about":[{"href":"http:\/\/www.kamotec.net\/es\/wp-json\/wp\/v2\/types\/product"}],"wp:featuredmedia":[{"embeddable":true,"href":"http:\/\/www.kamotec.net\/es\/wp-json\/wp\/v2\/media\/5776"}],"wp:attachment":[{"href":"http:\/\/www.kamotec.net\/es\/wp-json\/wp\/v2\/media?parent=5061"}],"wp:term":[{"taxonomy":"product_brand","embeddable":true,"href":"http:\/\/www.kamotec.net\/es\/wp-json\/wp\/v2\/product_brand?post=5061"},{"taxonomy":"product_cat","embeddable":true,"href":"http:\/\/www.kamotec.net\/es\/wp-json\/wp\/v2\/product_cat?post=5061"},{"taxonomy":"product_tag","embeddable":true,"href":"http:\/\/www.kamotec.net\/es\/wp-json\/wp\/v2\/product_tag?post=5061"}],"curies":[{"name":"wp","href":"https:\/\/api.w.org\/{rel}","templated":true}]}}