{"id":5053,"date":"2025-11-14T09:14:29","date_gmt":"2025-11-14T09:14:29","guid":{"rendered":"http:\/\/www.kamotec.net\/?post_type=product&#038;p=5053"},"modified":"2025-12-04T02:41:20","modified_gmt":"2025-12-04T02:41:20","slug":"3d-wood-engraving-cnc-router","status":"publish","type":"product","link":"http:\/\/www.kamotec.net\/es\/producto\/3d-wood-engraving-cnc-router\/","title":{"rendered":"Grabado en madera 3D Router CNC"},"content":{"rendered":"<div class=\"ast-oembed-container\" style=\"height: 100%;\"><iframe title=\"Cnc Router Multicabezal Maquinaria para Madera\" width=\"500\" height=\"281\" src=\"https:\/\/www.youtube.com\/embed\/S01WvEkY7FA?feature=oembed\" frameborder=\"0\" allow=\"accelerometer; autoplay; clipboard-write; encrypted-media; gyroscope; picture-in-picture; web-share\" referrerpolicy=\"strict-origin-when-cross-origin\" allowfullscreen><\/iframe><\/div>\n<h4>Aplicaciones<\/h4>\n<h5>Industria maderera:<\/h5>\n<p>Procesado de placas onduladas tridimensionales, puertas de armarios, puertas de madera, procesado de ventanas, armarios y paneles de videojuegos, mesa de ordenador y procesado auxiliar de muebles.<br \/>\nIndustria publicitaria:<br \/>\nR\u00f3tulos publicitarios, producci\u00f3n de logotipos, acr\u00edlico, corte de pl\u00e1stico, producci\u00f3n de materiales decorativos, m\u00f3dulo de sistema de conformado, etc.<br \/>\nIndustria del mueble:<br \/>\nMuebles de madera maciza, puertas de madera maciza, materiales decorativos, mesas de ordenador, muebles de tablero, muebles de oficina, madera.<\/p>\n<p><img alt=\"\" fetchpriority=\"high\" decoding=\"async\" class=\"size-full wp-image-5940 aligncenter\" src=\"http:\/\/www.kamotec.net\/wp-content\/uploads\/2025\/11\/5-3.jpg\" width=\"1000\" height=\"800\" srcset=\"http:\/\/www.kamotec.net\/wp-content\/uploads\/2025\/11\/5-3.jpg 1000w, http:\/\/www.kamotec.net\/wp-content\/uploads\/2025\/11\/5-3-300x240.jpg 300w, http:\/\/www.kamotec.net\/wp-content\/uploads\/2025\/11\/5-3-768x614.jpg 768w, http:\/\/www.kamotec.net\/wp-content\/uploads\/2025\/11\/5-3-15x12.jpg 15w, http:\/\/www.kamotec.net\/wp-content\/uploads\/2025\/11\/5-3-600x480.jpg 600w\" sizes=\"(max-width: 1000px) 100vw, 1000px\" \/><\/p>\n<p><img alt=\"\" decoding=\"async\" class=\"size-full wp-image-5939 aligncenter\" src=\"http:\/\/www.kamotec.net\/wp-content\/uploads\/2025\/11\/6-1.jpg\" width=\"1000\" height=\"800\" srcset=\"http:\/\/www.kamotec.net\/wp-content\/uploads\/2025\/11\/6-1.jpg 1000w, http:\/\/www.kamotec.net\/wp-content\/uploads\/2025\/11\/6-1-300x240.jpg 300w, http:\/\/www.kamotec.net\/wp-content\/uploads\/2025\/11\/6-1-768x614.jpg 768w, http:\/\/www.kamotec.net\/wp-content\/uploads\/2025\/11\/6-1-15x12.jpg 15w, http:\/\/www.kamotec.net\/wp-content\/uploads\/2025\/11\/6-1-600x480.jpg 600w\" sizes=\"(max-width: 1000px) 100vw, 1000px\" \/><\/p>\n<table>\n<tbody>\n<tr>\n<td width=\"278\">X,Y,Z \u00c1rea de trabajo<\/td>\n<td width=\"301\">1500*3000*250mm<\/td>\n<\/tr>\n<tr>\n<td width=\"278\">Precisi\u00f3n de posicionamiento de desplazamiento X,Y,Z<\/td>\n<td width=\"301\">\u00b10,05 mm<\/td>\n<\/tr>\n<tr>\n<td width=\"278\">Precisi\u00f3n de reposicionamiento X,Y,Z<\/td>\n<td width=\"301\">\u00b10,05 mm<\/td>\n<\/tr>\n<tr>\n<td width=\"278\">Superficie de la mesa<\/td>\n<td width=\"301\">Ranura en T Aluminio +PVC opcional<\/td>\n<\/tr>\n<tr>\n<td width=\"278\">Marco<\/td>\n<td width=\"301\">De acero soldado<\/td>\n<\/tr>\n<tr>\n<td width=\"278\">Estructura X, Y<\/td>\n<td width=\"301\">Transmisi\u00f3n por engranaje y cremallera<\/td>\n<\/tr>\n<tr>\n<td width=\"278\">Estructura Z<\/td>\n<td width=\"301\">Gu\u00eda lineal de carril HIWIN y husillo de bolas TBI<\/td>\n<\/tr>\n<tr>\n<td width=\"278\">M\u00e1x. Consumo de energ\u00eda<\/td>\n<td width=\"301\">(sin husillo) 3kw<\/td>\n<\/tr>\n<tr>\n<td width=\"278\">Max. Velocidad de desplazamiento r\u00e1pido<\/td>\n<td width=\"301\">60000mm\/min<\/td>\n<\/tr>\n<tr>\n<td width=\"278\">M\u00e1x. Velocidad de trabajo<\/td>\n<td width=\"301\">25.000 mm\/min<\/td>\n<\/tr>\n<tr>\n<td width=\"278\">Potencia del husillo<\/td>\n<td width=\"301\">Husillo refrigerado por agua o aire de 2,2kw \/ 3,2kw<\/td>\n<\/tr>\n<tr>\n<td width=\"278\">Velocidad del cabezal<\/td>\n<td width=\"301\">0-24000RPM<\/td>\n<\/tr>\n<tr>\n<td width=\"278\">Motores de accionamiento<\/td>\n<td width=\"301\">Leadshine \/ Yaskawa \/Delta<\/td>\n<\/tr>\n<tr>\n<td width=\"278\">Tensi\u00f3n de trabajo<\/td>\n<td width=\"301\">AC220\/380V, 50\/60Hz<\/td>\n<\/tr>\n<tr>\n<td width=\"278\">Lenguaje de comandos<\/td>\n<td width=\"301\">C\u00f3digo G<\/td>\n<\/tr>\n<tr>\n<td width=\"278\">Sistema operativo<\/td>\n<td width=\"301\">Ncstudio o Mach3 o DSP<\/td>\n<\/tr>\n<tr>\n<td width=\"278\">Interfaz de ordenador<\/td>\n<td width=\"301\">USB<\/td>\n<\/tr>\n<tr>\n<td width=\"278\">Memoria Flash<\/td>\n<td width=\"301\">128M(Disco U)<\/td>\n<\/tr>\n<tr>\n<td width=\"278\">Resoluci\u00f3n X,Y<\/td>\n<td width=\"301\">&lt;0,01 mm<\/td>\n<\/tr>\n<tr>\n<td width=\"278\">Compatibilidad del software<\/td>\n<td width=\"301\">Type3\/Ucancame\/Pintura JD\/Powermill<\/td>\n<\/tr>\n<tr>\n<td width=\"278\">Componentes el\u00e9ctricos<\/td>\n<td width=\"301\">Schneider<\/td>\n<\/tr>\n<tr>\n<td width=\"278\">Soporte de pinza ER<\/td>\n<td width=\"301\">RE 25<\/td>\n<\/tr>\n<\/tbody>\n<\/table>\n<p><img alt=\"\" decoding=\"async\" class=\"size-full wp-image-5057 aligncenter\" src=\"http:\/\/www.kamotec.net\/wp-content\/uploads\/2025\/11\/WPS\u56fe\u72471-5.jpg\" width=\"1000\" height=\"617\" srcset=\"http:\/\/www.kamotec.net\/wp-content\/uploads\/2025\/11\/WPS\u56fe\u72471-5.jpg 1000w, http:\/\/www.kamotec.net\/wp-content\/uploads\/2025\/11\/WPS\u56fe\u72471-5-300x185.jpg 300w, http:\/\/www.kamotec.net\/wp-content\/uploads\/2025\/11\/WPS\u56fe\u72471-5-600x370.jpg 600w, http:\/\/www.kamotec.net\/wp-content\/uploads\/2025\/11\/WPS\u56fe\u72471-5-768x474.jpg 768w, http:\/\/www.kamotec.net\/wp-content\/uploads\/2025\/11\/WPS\u56fe\u72471-5-18x12.jpg 18w\" sizes=\"(max-width: 1000px) 100vw, 1000px\" \/><\/p>\n<p><img alt=\"\" loading=\"lazy\" decoding=\"async\" class=\"size-full wp-image-5058 aligncenter\" src=\"http:\/\/www.kamotec.net\/wp-content\/uploads\/2025\/11\/WPS\u56fe\u72471-6.jpg\" width=\"750\" height=\"499\" srcset=\"http:\/\/www.kamotec.net\/wp-content\/uploads\/2025\/11\/WPS\u56fe\u72471-6.jpg 750w, http:\/\/www.kamotec.net\/wp-content\/uploads\/2025\/11\/WPS\u56fe\u72471-6-300x200.jpg 300w, http:\/\/www.kamotec.net\/wp-content\/uploads\/2025\/11\/WPS\u56fe\u72471-6-600x399.jpg 600w, http:\/\/www.kamotec.net\/wp-content\/uploads\/2025\/11\/WPS\u56fe\u72471-6-18x12.jpg 18w\" sizes=\"(max-width: 750px) 100vw, 750px\" \/><\/p>\n<p><img alt=\"\" loading=\"lazy\" decoding=\"async\" class=\"size-full wp-image-5060 aligncenter\" src=\"http:\/\/www.kamotec.net\/wp-content\/uploads\/2025\/11\/WPS\u56fe\u72472.jpg\" width=\"750\" height=\"616\" srcset=\"http:\/\/www.kamotec.net\/wp-content\/uploads\/2025\/11\/WPS\u56fe\u72472.jpg 750w, http:\/\/www.kamotec.net\/wp-content\/uploads\/2025\/11\/WPS\u56fe\u72472-300x246.jpg 300w, http:\/\/www.kamotec.net\/wp-content\/uploads\/2025\/11\/WPS\u56fe\u72472-600x493.jpg 600w, http:\/\/www.kamotec.net\/wp-content\/uploads\/2025\/11\/WPS\u56fe\u72472-15x12.jpg 15w\" sizes=\"(max-width: 750px) 100vw, 750px\" \/><\/p>","protected":false},"excerpt":{"rendered":"<p>1\u30018 husillos de 2,2 kw cada uno. La refrigeraci\u00f3n por agua o aire es opcional.<br \/>\n2\u3001 Cada husillo se controla mediante un interruptor independiente.<br \/>\n3\u3001 Abrazadera de husillo de alta resistencia para trabajar el aluminio.<br \/>\n4\u3001 Bajo nivel de ruido y gran potencia de trabajo<br \/>\n5\u3001Fuerte bastidor de la m\u00e1quina para un trabajo estable en madera dura y aluminio<br \/>\n6\u3001El soporte especial de la m\u00e1quina es de hierro fundido . no deformado y de alta precisi\u00f3n de trabajo<br \/>\n7\u3001 Di\u00e1metro del eje giratorio 300 mm y longitud de trabajo 1400 mm<br \/>\n8\u3001Todos los ejes giratorios son con 4 abrazaderas<br \/>\n9\u3001Motorreductor y servomotores de alta precisi\u00f3n<\/p>","protected":false},"featured_media":5774,"template":"","meta":{"_seopress_robots_primary_cat":"none","_seopress_titles_title":"%%post_title%%","_seopress_titles_desc":"%%post_excerpt%%","_seopress_robots_index":"","_uag_custom_page_level_css":"","site-sidebar-layout":"default","site-content-layout":"","ast-site-content-layout":"default","site-content-style":"default","site-sidebar-style":"default","ast-global-header-display":"","ast-banner-title-visibility":"","ast-main-header-display":"","ast-hfb-above-header-display":"","ast-hfb-below-header-display":"","ast-hfb-mobile-header-display":"","site-post-title":"","ast-breadcrumbs-content":"","ast-featured-img":"","footer-sml-layout":"","theme-transparent-header-meta":"default","adv-header-id-meta":"","stick-header-meta":"default","header-above-stick-meta":"","header-main-stick-meta":"","header-below-stick-meta":"","astra-migrate-meta-layouts":"set","ast-page-background-enabled":"default","ast-page-background-meta":{"desktop":{"background-color":"","background-image":"","background-repeat":"repeat","background-position":"center center","background-size":"auto","background-attachment":"scroll","background-type":"","background-media":"","overlay-type":"","overlay-color":"","overlay-opacity":"","overlay-gradient":""},"tablet":{"background-color":"","background-image":"","background-repeat":"repeat","background-position":"center center","background-size":"auto","background-attachment":"scroll","background-type":"","background-media":"","overlay-type":"","overlay-color":"","overlay-opacity":"","overlay-gradient":""},"mobile":{"background-color":"","background-image":"","background-repeat":"repeat","background-position":"center center","background-size":"auto","background-attachment":"scroll","background-type":"","background-media":"","overlay-type":"","overlay-color":"","overlay-opacity":"","overlay-gradient":""}},"ast-content-background-meta":{"desktop":{"background-color":"var(--ast-global-color-5)","background-image":"","background-repeat":"repeat","background-position":"center center","background-size":"auto","background-attachment":"scroll","background-type":"","background-media":"","overlay-type":"","overlay-color":"","overlay-opacity":"","overlay-gradient":""},"tablet":{"background-color":"var(--ast-global-color-5)","background-image":"","background-repeat":"repeat","background-position":"center center","background-size":"auto","background-attachment":"scroll","background-type":"","background-media":"","overlay-type":"","overlay-color":"","overlay-opacity":"","overlay-gradient":""},"mobile":{"background-color":"var(--ast-global-color-5)","background-image":"","background-repeat":"repeat","background-position":"center center","background-size":"auto","background-attachment":"scroll","background-type":"","background-media":"","overlay-type":"","overlay-color":"","overlay-opacity":"","overlay-gradient":""}}},"product_brand":[],"product_cat":[87],"product_tag":[93],"class_list":{"0":"post-5053","1":"product","2":"type-product","3":"status-publish","4":"has-post-thumbnail","6":"product_cat-wood-cnc-router","7":"product_tag-6015-auto-focus-cnc-metal-sheet-fiber-laser-cutting-machine","8":"desktop-align-left","9":"tablet-align-left","10":"mobile-align-left","11":"ast-product-gallery-layout-horizontal-slider","12":"ast-product-tabs-layout-horizontal","14":"first","15":"instock","16":"shipping-taxable","17":"product-type-simple"},"uagb_featured_image_src":{"full":["http:\/\/www.kamotec.net\/wp-content\/uploads\/2025\/11\/\u672a\u6807\u9898-1-6.png",800,800,false],"thumbnail":["http:\/\/www.kamotec.net\/wp-content\/uploads\/2025\/11\/\u672a\u6807\u9898-1-6-150x150.png",150,150,true],"medium":["http:\/\/www.kamotec.net\/wp-content\/uploads\/2025\/11\/\u672a\u6807\u9898-1-6-300x300.png",300,300,true],"medium_large":["http:\/\/www.kamotec.net\/wp-content\/uploads\/2025\/11\/\u672a\u6807\u9898-1-6-768x768.png",768,768,true],"large":["http:\/\/www.kamotec.net\/wp-content\/uploads\/2025\/11\/\u672a\u6807\u9898-1-6.png",800,800,false],"1536x1536":["http:\/\/www.kamotec.net\/wp-content\/uploads\/2025\/11\/\u672a\u6807\u9898-1-6.png",800,800,false],"2048x2048":["http:\/\/www.kamotec.net\/wp-content\/uploads\/2025\/11\/\u672a\u6807\u9898-1-6.png",800,800,false],"trp-custom-language-flag":["http:\/\/www.kamotec.net\/wp-content\/uploads\/2025\/11\/\u672a\u6807\u9898-1-6-12x12.png",12,12,true],"woocommerce_thumbnail":["http:\/\/www.kamotec.net\/wp-content\/uploads\/2025\/11\/\u672a\u6807\u9898-1-6-300x300.png",300,300,true],"woocommerce_single":["http:\/\/www.kamotec.net\/wp-content\/uploads\/2025\/11\/\u672a\u6807\u9898-1-6-600x600.png",600,600,true],"woocommerce_gallery_thumbnail":["http:\/\/www.kamotec.net\/wp-content\/uploads\/2025\/11\/\u672a\u6807\u9898-1-6-100x100.png",100,100,true]},"uagb_author_info":{"display_name":"jinxing6611@gmail.com","author_link":"http:\/\/www.kamotec.net\/es\/author\/"},"uagb_comment_info":0,"uagb_excerpt":"1\u30018 spindles of 2.2 kw each one. Water or air cooling are optional. 2\u3001 Each spindle is controlled by one independent switch. 3\u3001 Heavy duty spindle clamp for aluminum working 4\u3001 Low noise and big working power 5\u3001Strong machine frame for stable working on hard wood and aluminum 6\u3001The special machine support is cast iron&hellip;","_links":{"self":[{"href":"http:\/\/www.kamotec.net\/es\/wp-json\/wp\/v2\/product\/5053","targetHints":{"allow":["GET"]}}],"collection":[{"href":"http:\/\/www.kamotec.net\/es\/wp-json\/wp\/v2\/product"}],"about":[{"href":"http:\/\/www.kamotec.net\/es\/wp-json\/wp\/v2\/types\/product"}],"wp:featuredmedia":[{"embeddable":true,"href":"http:\/\/www.kamotec.net\/es\/wp-json\/wp\/v2\/media\/5774"}],"wp:attachment":[{"href":"http:\/\/www.kamotec.net\/es\/wp-json\/wp\/v2\/media?parent=5053"}],"wp:term":[{"taxonomy":"product_brand","embeddable":true,"href":"http:\/\/www.kamotec.net\/es\/wp-json\/wp\/v2\/product_brand?post=5053"},{"taxonomy":"product_cat","embeddable":true,"href":"http:\/\/www.kamotec.net\/es\/wp-json\/wp\/v2\/product_cat?post=5053"},{"taxonomy":"product_tag","embeddable":true,"href":"http:\/\/www.kamotec.net\/es\/wp-json\/wp\/v2\/product_tag?post=5053"}],"curies":[{"name":"wp","href":"https:\/\/api.w.org\/{rel}","templated":true}]}}