{"id":59,"date":"2025-05-15T14:54:02","date_gmt":"2025-05-15T14:54:02","guid":{"rendered":"https:\/\/subiaoengine.com\/about\/"},"modified":"2025-11-24T03:51:47","modified_gmt":"2025-11-24T03:51:47","slug":"about","status":"publish","type":"page","link":"http:\/\/www.kamotec.net\/es\/about\/","title":{"rendered":"Acerca de"},"content":{"rendered":"<div data-elementor-type=\"wp-page\" data-elementor-id=\"59\" class=\"elementor elementor-59\" data-elementor-post-type=\"page\">\n\t\t\t\t<div class=\"elementor-element elementor-element-8cb05f2 e-con-full e-flex e-con e-parent\" data-id=\"8cb05f2\" data-element_type=\"container\">\n\t\t\t\t<div class=\"elementor-element elementor-element-8203bf8 elementor-widget elementor-widget-image\" data-id=\"8203bf8\" data-element_type=\"widget\" data-widget_type=\"image.default\">\n\t\t\t\t\t\t<div class=\"elementor-widget-container\">\n\t\t\t\t\t\t\t\t\t\t\t\t\t\t\t<img alt=\"\" fetchpriority=\"high\" decoding=\"async\" width=\"1920\" height=\"400\" src=\"http:\/\/www.kamotec.net\/wp-content\/uploads\/2025\/11\/\u672a\u6807\u9898-1-17.jpg\" class=\"attachment-full size-full wp-image-5337\" srcset=\"http:\/\/www.kamotec.net\/wp-content\/uploads\/2025\/11\/\u672a\u6807\u9898-1-17.jpg 1920w, http:\/\/www.kamotec.net\/wp-content\/uploads\/2025\/11\/\u672a\u6807\u9898-1-17-300x63.jpg 300w, http:\/\/www.kamotec.net\/wp-content\/uploads\/2025\/11\/\u672a\u6807\u9898-1-17-600x125.jpg 600w, http:\/\/www.kamotec.net\/wp-content\/uploads\/2025\/11\/\u672a\u6807\u9898-1-17-1024x213.jpg 1024w, http:\/\/www.kamotec.net\/wp-content\/uploads\/2025\/11\/\u672a\u6807\u9898-1-17-768x160.jpg 768w, http:\/\/www.kamotec.net\/wp-content\/uploads\/2025\/11\/\u672a\u6807\u9898-1-17-1536x320.jpg 1536w, http:\/\/www.kamotec.net\/wp-content\/uploads\/2025\/11\/\u672a\u6807\u9898-1-17-18x4.jpg 18w\" sizes=\"(max-width: 1920px) 100vw, 1920px\" \/>\t\t\t\t\t\t\t\t\t\t\t\t\t\t\t<\/div>\n\t\t\t\t<\/div>\n\t\t\t\t<\/div>\n\t\t<div class=\"elementor-element elementor-element-9891fe5 e-flex e-con-boxed e-con e-parent\" data-id=\"9891fe5\" data-element_type=\"container\">\n\t\t\t\t\t<div class=\"e-con-inner\">\n\t\t\t\t<div class=\"elementor-element elementor-element-e200fc8 elementor-widget elementor-widget-ucaddon_square_icon_box\" data-id=\"e200fc8\" data-element_type=\"widget\" data-widget_type=\"ucaddon_square_icon_box.default\">\n\t\t\t\t\t\t<div class=\"elementor-widget-container\">\n\t\t\t\t\t\n<!-- start Icon Box -->\n\t\t<link id='font-awesome-css' href='http:\/\/www.kamotec.net\/wp-content\/plugins\/unlimited-elements-for-elementor-premium\/assets_libraries\/font-awesome6\/fontawesome-all.min.css' type='text\/css' rel='stylesheet' >\n\t\t<link id='font-awesome-4-shim-css' href='http:\/\/www.kamotec.net\/wp-content\/plugins\/unlimited-elements-for-elementor-premium\/assets_libraries\/font-awesome6\/fontawesome-v4-shims.min.css' type='text\/css' rel='stylesheet' >\n\n<style>\/* widget: Icon Box *\/\n\n#uc_square_icon_box_elementor_e200fc8 * { \n\tbox-sizing: border-box; \n}\n\n#uc_square_icon_box_elementor_e200fc8{\n\tfont-family: inherit;\n    transition:0.3s;\n    position:relative;\n}\n\n#uc_square_icon_box_elementor_e200fc8 .blox-boxed-small-square-icon-box-icon{\n\t\n\tposition:relative;\n    display:flex;\n    justify-content:center;\n    align-items:center;\n    transform:rotate(0deg);\n    z-index:2;\n}\n#uc_square_icon_box_elementor_e200fc8 .ue-icon {\n  display:inline-block;\n}\n#uc_square_icon_box_elementor_e200fc8 .blox-boxed-small-square-icon-box-icon > div{\n\t\n\tposition:relative;\n    display:flex;\n    justify-content:center;\n    align-items:center;\n    transform:rotate(-0deg);\n}\n#uc_square_icon_box_elementor_e200fc8 .ue-icon-inner{\n    line-height:1em;\n\t} \t\n\n\n#uc_square_icon_box_elementor_e200fc8 .ue-icon-inner svg{\n    height:1em;\n    width:1em;\n\t} \t\n\t\n.blox-boxed-small-square-icon-box-heading{\n\tfont-size:21px;\n\t}\n\n\n#uc_square_icon_box_elementor_e200fc8:hover\n{\n  position:relative;\n  z-index:1;\n}\n\n\n#uc_square_icon_box_elementor_e200fc8 .ue_box_button\n{\n  text-align:center;\n  text-decoration:none;\n  display:inline-block;\n  transition:0.3s;\n}\n\n\n#uc_square_icon_box_elementor_e200fc8 span.line\n{\n  display:block;\n  position:absolute;\n  top:0;\n  left:0;\n  width:0px;\n  transition:0.3s;\n}\n\n#uc_square_icon_box_elementor_e200fc8:hover span.line\n{\n  width:100%;\n}\n\n#uc_square_icon_box_elementor_e200fc8 .ue-title-separator span\n{\n  display:inline-block;\n  transition:0.3s;\n}\n\n\n\n\n\n<\/style>\n\n<div class=\"square_icon_box\" id=\"uc_square_icon_box_elementor_e200fc8\">\n  \n  \t\t  \n  \n         \n  \t\t        <div class=\"blox-boxed-small-square-icon-box-heading\">\n        \tShandong Kamotec CNC Machinery Equipment Co.\n        <\/div>\n          \n  \t\t             <div class=\"ue-title-separator\">\n               <span><\/span>\n             <\/div>\n          \n  \n          \n  \t\t        \n          \n  \t\t  \n<\/div>\n<!-- end Icon Box -->\t\t\t\t<\/div>\n\t\t\t\t<\/div>\n\t\t\t\t<div class=\"elementor-element elementor-element-b2552b8 elementor-widget elementor-widget-text-editor\" data-id=\"b2552b8\" data-element_type=\"widget\" data-widget_type=\"text-editor.default\">\n\t\t\t\t\t\t<div class=\"elementor-widget-container\">\n\t\t\t\t\t\t\t\t\t<p>Shandong Kamotec CNC Machinery Equipment Co., Ltd es el profesional CNC Router, ATC CNC router, m\u00e1quina de corte por l\u00e1ser de fibra, m\u00e1quina de limpieza por l\u00e1ser de fibra, m\u00e1quina de encolado de cantos, fabricantes de sierra de mesa deslizante con sus 20 a\u00f1os de experiencia. Hasta ahora, m\u00e1s de 10.000 m\u00e1quinas CNC han sido instalados por m\u00e1s de 70 pa\u00edses y \u00e1reas para el campo de los muebles como la puerta, los fabricantes de gabinetes, el campo de la publicidad de acr\u00edlico, ABS bordo y los usuarios de PVC de pl\u00e1stico, el campo de molde como el aluminio de metal blando y las \u00e1reas de trabajo de cobre.<\/p><p>Cada router CNC de Kamotec CNC ser\u00e1 probado por 13 procedimientos, 48 horas de funcionamiento sin parar y 5 capas de pintura, etc que asegur\u00f3 cada m\u00e1quina en la f\u00e1brica de los clientes la calidad puede ser garantizada. Mientras tanto, Kamotec CNC tambi\u00e9n tiene sus equipos de dise\u00f1o profesional para centrarse en diferentes clientes petici\u00f3n especial.  Y el equipo de servicio con Ingl\u00e9s, Rusia, habla espa\u00f1ol y portugu\u00e9s 24 horas listo para resolver todas las preguntas que los clientes tienen durante el uso de la m\u00e1quina.  Equipo de dise\u00f1o profesional, m\u00e1s estrictos procedimientos de fabricaci\u00f3n y prueba, m\u00e1s servicio oportuno despu\u00e9s de la venta es igual a proveedores confiables de router cnc.<\/p>\t\t\t\t\t\t\t\t<\/div>\n\t\t\t\t<\/div>\n\t\t\t\t<div class=\"elementor-element elementor-element-3688ce9 elementor-widget elementor-widget-video\" data-id=\"3688ce9\" data-element_type=\"widget\" data-settings=\"{&quot;video_type&quot;:&quot;hosted&quot;,&quot;controls&quot;:&quot;yes&quot;}\" data-widget_type=\"video.default\">\n\t\t\t\t\t\t<div class=\"elementor-widget-container\">\n\t\t\t\t\t\t\t<div class=\"e-hosted-video elementor-wrapper elementor-open-inline\">\n\t\t\t\t\t<video class=\"elementor-video\" src=\"http:\/\/www.kamotec.net\/wp-content\/uploads\/2025\/11\/jianjie.mp4\" controls=\"\" preload=\"metadata\" controlslist=\"nodownload\" poster=\"http:\/\/www.kamotec.net\/wp-content\/uploads\/2025\/11\/\u89c6\u9891\u5c01\u9762.jpg\"><\/video>\n\t\t\t\t<\/div>\n\t\t\t\t\t\t<\/div>\n\t\t\t\t<\/div>\n\t\t\t\t\t<\/div>\n\t\t\t\t<\/div>\n\t\t<div class=\"elementor-element elementor-element-5d6f4c9 e-con-full e-flex e-con e-parent\" data-id=\"5d6f4c9\" data-element_type=\"container\">\n\t\t\t\t<div class=\"elementor-element elementor-element-c9e3187 elementor-widget elementor-widget-heading\" data-id=\"c9e3187\" data-element_type=\"widget\" data-widget_type=\"heading.default\">\n\t\t\t\t\t\t<div class=\"elementor-widget-container\">\n\t\t\t\t\t<h3 class=\"elementor-heading-title elementor-size-default\">Pantalla de f\u00e1brica<\/h3>\t\t\t\t<\/div>\n\t\t\t\t<\/div>\n\t\t\t\t<div class=\"elementor-element elementor-element-c6e3e4e elementor-widget elementor-widget-ucaddon_simple_slider\" data-id=\"c6e3e4e\" data-element_type=\"widget\" data-widget_type=\"ucaddon_simple_slider.default\">\n\t\t\t\t\t\t<div class=\"elementor-widget-container\">\n\t\t\t\t\t\n<!-- start Simple Slider -->\n\t\t<link id='uc_ac_assets_file_slick_css_1729-css' href='http:\/\/www.kamotec.net\/wp-content\/uploads\/ac_assets\/simple_animated_slider\/slick.css' type='text\/css' rel='stylesheet' >\n\n<style>\/* widget: Simple Slider *\/\n\n#uc_simple_slider_elementor_c6e3e4e .elementor-section{\n  left: 0 !important;\n}\n\n#uc_simple_slider_elementor_c6e3e4e\n{\n  overflow:hidden;\n  direction:ltr;\n}\n#uc_simple_slider_elementor_c6e3e4e .ue_slide {\n  position: relative;\n}\n#uc_simple_slider_elementor_c6e3e4e .slide__img {\n  width: 100%;\n  height: auto;\n  overflow: hidden;\n}\n\n#uc_simple_slider_elementor_c6e3e4e .slide__img img {\n  max-width: 100%;\n  height: auto;\n  opacity: 1 !important;          \n  animation-duration: 3s;\n  transition: all 1s ease;\n}\n#uc_simple_slider_elementor_c6e3e4e .slide__content {\n  position: absolute;\n  top: 50%;\n  left: 50%;\n  transform: translate(-50%, -50%);\n}\n#uc_simple_slider_elementor_c6e3e4e .slide__content--headings {\n  text-align: center;\n  color: #FFF;\n}\n#uc_simple_slider_elementor_c6e3e4e .slide__content--headings h2 {\n}\n#uc_simple_slider_elementor_c6e3e4e .slide__content--headings .animated {\n  transition: all 0.5s ease;\n}\n.ue_simple_slider_title\n{\n  font-size:26px;\n}\n\n#uc_simple_slider_elementor_c6e3e4e .ue_simple_slider_button a{\n\n  display:inline-block;\n  text-align:center;\n  text-decoration:none;\n}  \n\n\n#uc_simple_slider_elementor_c6e3e4e .slick-prev{\n    position:absolute;\n    left:30px;\n    display:flex !important;\n    align-items:center;\n    justify-content:center;\n    text-align:center;\n    z-index:101;\n    border:none;\n    outline:none;\n}\n#uc_simple_slider_elementor_c6e3e4e .slick-next{\n  position:absolute;\n  right:30px;\n  display:flex !important;\n  align-items:center;\n    justify-content:center;\n  text-align:center;\n  z-index:101;\n  border:none;\n  outline:none;\n}\n\n#uc_simple_slider_elementor_c6e3e4e .ue_slide_overlay\n{\n  position:absolute;\n  top:0;\n  bottom:0;\n  left:0;\n  right:0;\n}\n\n#uc_simple_slider_elementor_c6e3e4e .ue_slide_link_overlay\n{\n  position:absolute;\n  top:0;\n  bottom:0;\n  left:0;\n  right:0;\n  display:block;\n  z-index:1;\n}\n\n.slick-dotted.slick-slider\n{\n  margin-bottom:0px !important;\n}\n\n\n\n\n.slick-dots {\n  position: absolute;\n  list-style: none;\n  display: block;\n  text-align: center;\n  padding: 0;\n  margin: 0;\n  width: 100%;\n  z-index:2;\n}\n.slick-dots li {\n  position: relative;\n  display: inline-block;\n  margin: 0 5px;\n  padding: 0;\n  cursor: pointer;\n}\n.slick-dots li button {\n  border: 0;\n  display: block;\n  outline: none;\n  line-height: 0px;\n  font-size: 0px;\n  color: transparent;\n  padding: 5px;\n  cursor: pointer;\n  transition: all 0.3s ease;\n}\n.slick-dots li button:hover,\n.slick-dots li button:focus {\n  outline: none;\n}\n.simple-dots .slick-dots li {\n\n}\n.simple-dots .slick-dots li button {\n  border-radius: 50%;\n}\n\n.stick-dots .slick-dots li button {\n  position: relative;\n  padding: 0;\n}\n\n<\/style>\n\n<div class=\"ue_slider stick-dots\" id=\"uc_simple_slider_elementor_c6e3e4e\" >\n    <div class=\"ue_slide\" style=\"background-image:url(http:\/\/www.kamotec.net\/wp-content\/uploads\/2025\/11\/\u5de5\u5382\u56fe5.jpg);background-size:cover;background-position:center center;\">\n  <div class=\"ue_slide_overlay\"><\/div>  \n        \n<\/div>\n<div class=\"ue_slide\" style=\"background-image:url(http:\/\/www.kamotec.net\/wp-content\/uploads\/2025\/11\/\u5de5\u5382\u56fe2-1.jpg);background-size:cover;background-position:center center;\">\n  <div class=\"ue_slide_overlay\"><\/div>  \n        \n<\/div>\n<div class=\"ue_slide\" style=\"background-image:url(http:\/\/www.kamotec.net\/wp-content\/uploads\/2025\/11\/\u5de5\u5382\u56fe3-1.jpg);background-size:cover;background-position:center center;\">\n  <div class=\"ue_slide_overlay\"><\/div>  \n        \n<\/div>\n<div class=\"ue_slide\" style=\"background-image:url(http:\/\/www.kamotec.net\/wp-content\/uploads\/2025\/11\/\u5de5\u5382\u56fe4-1.jpg);background-size:cover;background-position:center center;\">\n  <div class=\"ue_slide_overlay\"><\/div>  \n        \n<\/div>\n\n<\/div>\n<!-- end Simple Slider -->\t\t\t\t<\/div>\n\t\t\t\t<\/div>\n\t\t\t\t<\/div>\n\t\t<div class=\"elementor-element elementor-element-ffde057 e-flex e-con-boxed e-con e-parent\" data-id=\"ffde057\" data-element_type=\"container\">\n\t\t\t\t\t<div class=\"e-con-inner\">\n\t\t\t\t<div class=\"elementor-element elementor-element-2d8f3ed elementor-widget elementor-widget-heading\" data-id=\"2d8f3ed\" data-element_type=\"widget\" data-widget_type=\"heading.default\">\n\t\t\t\t\t\t<div class=\"elementor-widget-container\">\n\t\t\t\t\t<h2 class=\"elementor-heading-title elementor-size-default\">1. Necesito una fresadora CNC, \u00bfpueden darme algunas sugerencias?<\/h2>\t\t\t\t<\/div>\n\t\t\t\t<\/div>\n\t\t\t\t<div class=\"elementor-element elementor-element-ab7733c elementor-widget elementor-widget-text-editor\" data-id=\"ab7733c\" data-element_type=\"widget\" data-widget_type=\"text-editor.default\">\n\t\t\t\t\t\t<div class=\"elementor-widget-container\">\n\t\t\t\t\t\t\t\t\t<p>R: Claro, le daremos sugerencias de la m\u00e1quina m\u00e1s adecuada. Antes de eso, necesitamos saber alguna informaci\u00f3n, como el \u00e1rea efectiva de procesamiento, materiales, etc, para determinar los par\u00e1metros principales.<\/p>\t\t\t\t\t\t\t\t<\/div>\n\t\t\t\t<\/div>\n\t\t\t\t<div class=\"elementor-element elementor-element-2d93462 elementor-widget elementor-widget-heading\" data-id=\"2d93462\" data-element_type=\"widget\" data-widget_type=\"heading.default\">\n\t\t\t\t\t\t<div class=\"elementor-widget-container\">\n\t\t\t\t\t<h2 class=\"elementor-heading-title elementor-size-default\">2. \u00bfQu\u00e9 tipo de materiales puede procesar esta m\u00e1quina?<\/h2>\t\t\t\t<\/div>\n\t\t\t\t<\/div>\n\t\t\t\t<div class=\"elementor-element elementor-element-031ca6e elementor-widget elementor-widget-text-editor\" data-id=\"031ca6e\" data-element_type=\"widget\" data-widget_type=\"text-editor.default\">\n\t\t\t\t\t\t<div class=\"elementor-widget-container\">\n\t\t\t\t\t\t\t\t\t<p>R: Madera, mdf, piedra, acr\u00edlico, vidrio, pl\u00e1stico, espuma, aluminio, cobre y casi todo tipo de materiales no met\u00e1licos.<\/p>\t\t\t\t\t\t\t\t<\/div>\n\t\t\t\t<\/div>\n\t\t\t\t<div class=\"elementor-element elementor-element-9709ca8 elementor-widget elementor-widget-heading\" data-id=\"9709ca8\" data-element_type=\"widget\" data-widget_type=\"heading.default\">\n\t\t\t\t\t\t<div class=\"elementor-widget-container\">\n\t\t\t\t\t<h2 class=\"elementor-heading-title elementor-size-default\">3. \u00bfEs usted una f\u00e1brica o una empresa comercial?<\/h2>\t\t\t\t<\/div>\n\t\t\t\t<\/div>\n\t\t\t\t<div class=\"elementor-element elementor-element-7fcb390 elementor-widget elementor-widget-text-editor\" data-id=\"7fcb390\" data-element_type=\"widget\" data-widget_type=\"text-editor.default\">\n\t\t\t\t\t\t<div class=\"elementor-widget-container\">\n\t\t\t\t\t\t\t\t\tR: Somos el fabricante y tenemos 20 a\u00f1os de experiencia en la f\u00e1brica.como s\u00f3lo la m\u00e1quina hecha por nosotros mismos, la calidad se puede confiar, y lo m\u00e1s importante es que podemos hacer mejor servicio post-venta.sabemos c\u00f3mo solucionar el problema de cada parte easliy, as\u00ed que bienvenidos a visitar a nuestra f\u00e1brica.\t\t\t\t\t\t\t\t<\/div>\n\t\t\t\t<\/div>\n\t\t\t\t<div class=\"elementor-element elementor-element-fdb1079 elementor-widget elementor-widget-heading\" data-id=\"fdb1079\" data-element_type=\"widget\" data-widget_type=\"heading.default\">\n\t\t\t\t\t\t<div class=\"elementor-widget-container\">\n\t\t\t\t\t<h2 class=\"elementor-heading-title elementor-size-default\">4. \u00bfC\u00f3mo debo pagar mi pedido?<\/h2>\t\t\t\t<\/div>\n\t\t\t\t<\/div>\n\t\t\t\t<div class=\"elementor-element elementor-element-e79baf9 elementor-widget elementor-widget-text-editor\" data-id=\"e79baf9\" data-element_type=\"widget\" data-widget_type=\"text-editor.default\">\n\t\t\t\t\t\t<div class=\"elementor-widget-container\">\n\t\t\t\t\t\t\t\t\tR: Usted necesita pagar 30% como prepago al principio, entonces vamos a empezar a makeproduction. Cuando la m\u00e1quina se ha completado, le enviaremos fotos orvideos a usted, y entonces usted necesita para pagar el saldo. Le enviaremos la m\u00e1quina despu\u00e9s de recibir el pago completo.\t\t\t\t\t\t\t\t<\/div>\n\t\t\t\t<\/div>\n\t\t\t\t<div class=\"elementor-element elementor-element-2e1fcce elementor-widget elementor-widget-heading\" data-id=\"2e1fcce\" data-element_type=\"widget\" data-widget_type=\"heading.default\">\n\t\t\t\t\t\t<div class=\"elementor-widget-container\">\n\t\t\t\t\t<h2 class=\"elementor-heading-title elementor-size-default\">5. \u00bfCu\u00e1l es el plazo de entrega?<\/h2>\t\t\t\t<\/div>\n\t\t\t\t<\/div>\n\t\t\t\t<div class=\"elementor-element elementor-element-21a6cc5 elementor-widget elementor-widget-text-editor\" data-id=\"21a6cc5\" data-element_type=\"widget\" data-widget_type=\"text-editor.default\">\n\t\t\t\t\t\t<div class=\"elementor-widget-container\">\n\t\t\t\t\t\t\t\t\tPara las m\u00e1quinas est\u00e1ndar, ser\u00e1 de 7-10 d\u00edas: Para las m\u00e1quinas no est\u00e1ndar y las m\u00e1quinas personalizadas seg\u00fan los requisitos espec\u00edficos de los clientes, ser\u00e1 de 15 a 30 d\u00edas.\t\t\t\t\t\t\t\t<\/div>\n\t\t\t\t<\/div>\n\t\t\t\t\t<\/div>\n\t\t\t\t<\/div>\n\t\t\t\t<\/div>","protected":false},"excerpt":{"rendered":"<p>Shandong Kamotec CNC Machinery Equipment Co. Shandong Kamotec CNC Machinery Equipment Co., Ltdis the professional CNC Router ,ATC CNC router,Fiber laser cutting machine ,fiber laser cleaning machine,Edge banding machine,Sliding table saw manufacturers with its 20 years experience. Until now, \u00a0more than 10,000 cnc \u00a0machines have been installed by more than 70 countries and areas for [&hellip;]<\/p>","protected":false},"author":0,"featured_media":0,"parent":0,"menu_order":0,"comment_status":"closed","ping_status":"closed","template":"","meta":{"_seopress_robots_primary_cat":"","_seopress_titles_title":"","_seopress_titles_desc":"","_seopress_robots_index":"","_uag_custom_page_level_css":"","site-sidebar-layout":"no-sidebar","site-content-layout":"plain-container","ast-site-content-layout":"full-width-container","site-content-style":"default","site-sidebar-style":"default","ast-global-header-display":"","ast-banner-title-visibility":"","ast-main-header-display":"","ast-hfb-above-header-display":"","ast-hfb-below-header-display":"","ast-hfb-mobile-header-display":"","site-post-title":"disabled","ast-breadcrumbs-content":"","ast-featured-img":"disabled","footer-sml-layout":"","theme-transparent-header-meta":"enabled","adv-header-id-meta":"","stick-header-meta":"","header-above-stick-meta":"","header-main-stick-meta":"","header-below-stick-meta":"","astra-migrate-meta-layouts":"set","ast-page-background-enabled":"default","ast-page-background-meta":{"desktop":{"background-color":"","background-image":"","background-repeat":"repeat","background-position":"center center","background-size":"auto","background-attachment":"scroll","background-type":"","background-media":"","overlay-type":"","overlay-color":"","overlay-opacity":"","overlay-gradient":""},"tablet":{"background-color":"","background-image":"","background-repeat":"repeat","background-position":"center center","background-size":"auto","background-attachment":"scroll","background-type":"","background-media":"","overlay-type":"","overlay-color":"","overlay-opacity":"","overlay-gradient":""},"mobile":{"background-color":"","background-image":"","background-repeat":"repeat","background-position":"center center","background-size":"auto","background-attachment":"scroll","background-type":"","background-media":"","overlay-type":"","overlay-color":"","overlay-opacity":"","overlay-gradient":""}},"ast-content-background-meta":{"desktop":{"background-color":"var(--ast-global-color-5)","background-image":"","background-repeat":"repeat","background-position":"center center","background-size":"auto","background-attachment":"scroll","background-type":"","background-media":"","overlay-type":"","overlay-color":"","overlay-opacity":"","overlay-gradient":""},"tablet":{"background-color":"var(--ast-global-color-5)","background-image":"","background-repeat":"repeat","background-position":"center center","background-size":"auto","background-attachment":"scroll","background-type":"","background-media":"","overlay-type":"","overlay-color":"","overlay-opacity":"","overlay-gradient":""},"mobile":{"background-color":"var(--ast-global-color-5)","background-image":"","background-repeat":"repeat","background-position":"center center","background-size":"auto","background-attachment":"scroll","background-type":"","background-media":"","overlay-type":"","overlay-color":"","overlay-opacity":"","overlay-gradient":""}},"footnotes":""},"class_list":["post-59","page","type-page","status-publish","hentry"],"uagb_featured_image_src":{"full":false,"thumbnail":false,"medium":false,"medium_large":false,"large":false,"1536x1536":false,"2048x2048":false,"trp-custom-language-flag":false,"woocommerce_thumbnail":false,"woocommerce_single":false,"woocommerce_gallery_thumbnail":false},"uagb_author_info":{"display_name":"","author_link":"http:\/\/www.kamotec.net\/es\/author\/"},"uagb_comment_info":0,"uagb_excerpt":"Shandong Kamotec CNC Machinery Equipment Co. Shandong Kamotec CNC Machinery Equipment Co., Ltdis the professional CNC Router ,ATC CNC router,Fiber laser cutting machine ,fiber laser cleaning machine,Edge banding machine,Sliding table saw manufacturers with its 20 years experience. Until now, \u00a0more than 10,000 cnc \u00a0machines have been installed by more than 70 countries and areas for&hellip;","_links":{"self":[{"href":"http:\/\/www.kamotec.net\/es\/wp-json\/wp\/v2\/pages\/59","targetHints":{"allow":["GET"]}}],"collection":[{"href":"http:\/\/www.kamotec.net\/es\/wp-json\/wp\/v2\/pages"}],"about":[{"href":"http:\/\/www.kamotec.net\/es\/wp-json\/wp\/v2\/types\/page"}],"replies":[{"embeddable":true,"href":"http:\/\/www.kamotec.net\/es\/wp-json\/wp\/v2\/comments?post=59"}],"version-history":[{"count":167,"href":"http:\/\/www.kamotec.net\/es\/wp-json\/wp\/v2\/pages\/59\/revisions"}],"predecessor-version":[{"id":5647,"href":"http:\/\/www.kamotec.net\/es\/wp-json\/wp\/v2\/pages\/59\/revisions\/5647"}],"wp:attachment":[{"href":"http:\/\/www.kamotec.net\/es\/wp-json\/wp\/v2\/media?parent=59"}],"curies":[{"name":"wp","href":"https:\/\/api.w.org\/{rel}","templated":true}]}}