{"id":5218,"date":"2025-11-17T09:31:43","date_gmt":"2025-11-17T09:31:43","guid":{"rendered":"http:\/\/www.kamotec.net\/?post_type=product&#038;p=5218"},"modified":"2025-12-03T02:12:22","modified_gmt":"2025-12-03T02:12:22","slug":"km-6090-metal-cnc-router","status":"publish","type":"product","link":"http:\/\/www.kamotec.net\/ar\/product\/km-6090-metal-cnc-router\/","title":{"rendered":"\u062c\u0647\u0627\u0632 \u062a\u0648\u062c\u064a\u0647 \u0627\u0644\u0645\u0639\u0627\u062f\u0646 \u0628\u0627\u0633\u062a\u062e\u062f\u0627\u0645 \u0627\u0644\u062d\u0627\u0633\u0628 \u0627\u0644\u0622\u0644\u064a KM-6090"},"content":{"rendered":"<div class=\"ast-oembed-container\" style=\"height: 100%;\"><iframe title=\"\u0639\u0645\u0644\u064a\u0629 \u0646\u062d\u062a \u0627\u0644\u0645\u0639\u0627\u062f\u0646\" width=\"500\" height=\"281\" src=\"https:\/\/www.youtube.com\/embed\/dO1wrN_-msA?feature=oembed\" frameborder=\"0\" allow=\"accelerometer; autoplay; clipboard-write; encrypted-media; gyroscope; picture-in-picture; web-share\" referrerpolicy=\"strict-origin-when-cross-origin\" allowfullscreen><\/iframe><\/div>\n<p><strong>\u0648\u0638\u0627\u0626\u0641 \u0627\u0644\u0645\u0646\u062a\u062c<\/strong><br \/>\n1- \u0633\u0631\u064a\u0631 \u0645\u062e\u0631\u0637\u0629 \u0645\u0646 \u0627\u0644\u062d\u062f\u064a\u062f \u0627\u0644\u0632\u0647\u0631. \u062a\u0634\u063a\u064a\u0644 \u0645\u0633\u062a\u0642\u0631 \u0645\u0639 \u0627\u0647\u062a\u0632\u0627\u0632 \u0623\u0642\u0644.<br \/>\n2- \u0645\u0639 \u0646\u0648\u0639 \u0645\u062a\u062d\u0631\u0643 \u0639\u0645\u0644\u0627\u0642\u060c \u0645\u0633\u062a\u0642\u0631 \u0648\u0645\u062a\u064a\u0646 \u0644\u0644\u0627\u0633\u062a\u062e\u062f\u0627\u0645 \u0644\u0641\u062a\u0631\u0629 \u0637\u0648\u064a\u0644\u0629.<br \/>\n3-\u0627\u0644\u0645\u062d\u0627\u0648\u0631 \u0627\u0644\u062b\u0644\u0627\u062b\u0629 XYZ \u0645\u0632\u0648\u062f\u0629 \u0628\u0633\u0643\u0629 \u062a\u0648\u062c\u064a\u0647 \u0645\u0631\u0628\u0639\u0629 \u062e\u0637\u064a\u0629\u060c Hiwin\u060c \u062a\u0627\u064a\u0648\u0627\u0646. 4- \u0627\u0644\u0645\u063a\u0632\u0644 \u0627\u0644\u0627\u062e\u062a\u064a\u0627\u0631\u064a 1.5 \u0643\u064a\u0644\u0648 \u0648\u0627\u0637\/2.2 \u0643\u064a\u0644\u0648 \u0648\u0627\u0637\/ 3.2 \u0643\u064a\u0644\u0648 \u0648\u0627\u0637 \u062a\u0628\u0631\u064a\u062f \u0628\u0627\u0644\u0645\u0627\u0621.<br \/>\n5- \u062a\u0635\u0645\u064a\u0645 \u0645\u0642\u0627\u0648\u0645 \u0644\u0644\u0623\u062a\u0631\u0628\u0629 \u0644\u0644\u0645\u062d\u0648\u0631 XZ.<br \/>\n6- \u0637\u0627\u0648\u0644\u0629 \u0639\u0645\u0644 \u0628\u0641\u062a\u062d\u0629 T \u0633\u0645\u064a\u0643\u0629 \u0648\u0642\u0648\u064a\u0629 \u0645\u0646 \u0633\u0628\u0627\u0626\u0643 \u0627\u0644\u0623\u0644\u0648\u0645\u0646\u064a\u0648\u0645 \u0639\u0644\u0649 \u0634\u0643\u0644 \u062d\u0631\u0641 T.<br \/>\n7- \u062a\u062d\u0643\u0645 DSP \u0627\u062e\u062a\u064a\u0627\u0631\u064a \u063a\u064a\u0631 \u0645\u062a\u0635\u0644 \u0628\u0627\u0644\u0625\u0646\u062a\u0631\u0646\u062a \u0623\u0648 \u062a\u062d\u0643\u0645 \u0645\u0627\u0643\u064a\u0646 3<br \/>\n\u0646\u0638\u0627\u0645 \u0623\u0648 \u0648\u062d\u062f\u0629 \u062a\u062d\u0643\u0645 NcStuido PCI NcStuido<br \/>\n8.\u0627\u0644\u0635\u064a\u0646 \u0645\u062d\u0631\u0643 \u0645\u062a\u062f\u0631\u062c \u0642\u0648\u064a \u0648\u0633\u0627\u0626\u0642 \u0645\u062a\u062f\u0631\u062c Leadshine.<br \/>\n9- \u0645\u0639\u0627\u064a\u0631\u0629 \u0627\u0644\u0623\u062f\u0648\u0627\u062a \u0627\u0644\u062a\u0644\u0642\u0627\u0626\u064a\u0629 \u0644\u0644\u0645\u062d\u0648\u0631 Z\u060c \u0648\u0636\u0648\u0621 LED \u0644\u0644\u0639\u0645\u0644 \u0627\u0644\u0644\u064a\u0644\u064a.<\/p>\n<p><img alt=\"\" fetchpriority=\"high\" decoding=\"async\" class=\"size-full wp-image-5899 aligncenter\" src=\"http:\/\/www.kamotec.net\/wp-content\/uploads\/2025\/11\/\u4e3b\u56fe3-1.jpg\" width=\"1000\" height=\"1000\" srcset=\"http:\/\/www.kamotec.net\/wp-content\/uploads\/2025\/11\/\u4e3b\u56fe3-1.jpg 1000w, http:\/\/www.kamotec.net\/wp-content\/uploads\/2025\/11\/\u4e3b\u56fe3-1-300x300.jpg 300w, http:\/\/www.kamotec.net\/wp-content\/uploads\/2025\/11\/\u4e3b\u56fe3-1-150x150.jpg 150w, http:\/\/www.kamotec.net\/wp-content\/uploads\/2025\/11\/\u4e3b\u56fe3-1-768x768.jpg 768w, http:\/\/www.kamotec.net\/wp-content\/uploads\/2025\/11\/\u4e3b\u56fe3-1-12x12.jpg 12w, http:\/\/www.kamotec.net\/wp-content\/uploads\/2025\/11\/\u4e3b\u56fe3-1-600x600.jpg 600w, http:\/\/www.kamotec.net\/wp-content\/uploads\/2025\/11\/\u4e3b\u56fe3-1-100x100.jpg 100w\" sizes=\"(max-width: 1000px) 100vw, 1000px\" \/><\/p>\n<p><img alt=\"\" decoding=\"async\" class=\"size-full wp-image-5900 aligncenter\" src=\"http:\/\/www.kamotec.net\/wp-content\/uploads\/2025\/11\/\u4e3b\u56fe4-2.jpg\" width=\"1000\" height=\"1000\" srcset=\"http:\/\/www.kamotec.net\/wp-content\/uploads\/2025\/11\/\u4e3b\u56fe4-2.jpg 1000w, http:\/\/www.kamotec.net\/wp-content\/uploads\/2025\/11\/\u4e3b\u56fe4-2-300x300.jpg 300w, http:\/\/www.kamotec.net\/wp-content\/uploads\/2025\/11\/\u4e3b\u56fe4-2-150x150.jpg 150w, http:\/\/www.kamotec.net\/wp-content\/uploads\/2025\/11\/\u4e3b\u56fe4-2-768x768.jpg 768w, http:\/\/www.kamotec.net\/wp-content\/uploads\/2025\/11\/\u4e3b\u56fe4-2-12x12.jpg 12w, http:\/\/www.kamotec.net\/wp-content\/uploads\/2025\/11\/\u4e3b\u56fe4-2-600x600.jpg 600w, http:\/\/www.kamotec.net\/wp-content\/uploads\/2025\/11\/\u4e3b\u56fe4-2-100x100.jpg 100w\" sizes=\"(max-width: 1000px) 100vw, 1000px\" \/><\/p>\n<p><img alt=\"\" decoding=\"async\" class=\"size-full wp-image-5901 aligncenter\" src=\"http:\/\/www.kamotec.net\/wp-content\/uploads\/2025\/11\/\u4e3b\u56fe5-1.jpg\" width=\"1000\" height=\"1000\" srcset=\"http:\/\/www.kamotec.net\/wp-content\/uploads\/2025\/11\/\u4e3b\u56fe5-1.jpg 1000w, http:\/\/www.kamotec.net\/wp-content\/uploads\/2025\/11\/\u4e3b\u56fe5-1-300x300.jpg 300w, http:\/\/www.kamotec.net\/wp-content\/uploads\/2025\/11\/\u4e3b\u56fe5-1-150x150.jpg 150w, http:\/\/www.kamotec.net\/wp-content\/uploads\/2025\/11\/\u4e3b\u56fe5-1-768x768.jpg 768w, http:\/\/www.kamotec.net\/wp-content\/uploads\/2025\/11\/\u4e3b\u56fe5-1-12x12.jpg 12w, http:\/\/www.kamotec.net\/wp-content\/uploads\/2025\/11\/\u4e3b\u56fe5-1-600x600.jpg 600w, http:\/\/www.kamotec.net\/wp-content\/uploads\/2025\/11\/\u4e3b\u56fe5-1-100x100.jpg 100w\" sizes=\"(max-width: 1000px) 100vw, 1000px\" \/><\/p>\n<table>\n<tbody>\n<tr>\n<td width=\"254\">\u0627\u0644\u0637\u0631\u0627\u0632<\/td>\n<td width=\"280\">KM-6090<\/td>\n<\/tr>\n<tr>\n<td width=\"254\">\u0645\u0646\u0637\u0642\u0629 \u0627\u0644\u0639\u0645\u0644 X\u060c Y\u060c Z<\/td>\n<td width=\"280\">600 \u00d7 900 \u00d7 100 \u0645\u0645<\/td>\n<\/tr>\n<tr>\n<td width=\"254\">\u062f\u0642\u0629 \u062a\u062d\u062f\u064a\u062f \u0627\u0644\u0645\u0648\u0627\u0642\u0639 X\u060c Y\u060c Z<\/td>\n<td width=\"280\">\u00b1 0.05\/300 \u0645\u0645<\/td>\n<\/tr>\n<tr>\n<td width=\"254\">\u062f\u0642\u0629 \u062a\u062d\u062f\u064a\u062f \u0627\u0644\u0645\u0648\u0642\u0639 X\u060c Y\u060c Z \u0644\u0625\u0639\u0627\u062f\u0629 \u062a\u062d\u062f\u064a\u062f \u0627\u0644\u0645\u0648\u0642\u0639 X\u060c Y\u060c Z<\/td>\n<td width=\"280\">\u00b1 0.05 \u0645\u0645<\/td>\n<\/tr>\n<tr>\n<td width=\"254\">\u0627\u0644\u0625\u0637\u0627\u0631<\/td>\n<td width=\"280\">\u0641\u0648\u0644\u0627\u0630 \u0645\u0644\u062d\u0648\u0645<\/td>\n<\/tr>\n<tr>\n<td width=\"254\">\u0647\u064a\u0643\u0644 X Y Z<\/td>\n<td width=\"280\">\u0628\u0631\u063a\u064a \u0643\u0631\u0648\u064a<\/td>\n<\/tr>\n<tr>\n<td width=\"254\">\u0627\u0644\u062d\u062f \u0627\u0644\u0623\u0642\u0635\u0649. \u0627\u0633\u062a\u0647\u0644\u0627\u0643 \u0627\u0644\u0637\u0627\u0642\u0629 (\u0628\u062f\u0648\u0646 \u0639\u0645\u0648\u062f \u0627\u0644\u062f\u0648\u0631\u0627\u0646)<\/td>\n<td width=\"280\">0.3 \u0643\u064a\u0644\u0648 \u0648\u0627\u0637<\/td>\n<\/tr>\n<tr>\n<td width=\"254\">\u0627\u0644\u0633\u0631\u0639\u0629 \u0627\u0644\u0642\u0635\u0648\u0649 \u0633\u0631\u0639\u0629 \u0627\u0644\u0633\u0641\u0631 \u0627\u0644\u0633\u0631\u064a\u0639<\/td>\n<td width=\"280\">10000 \u0645\u0645\/\u062f\u0642\u064a\u0642\u0629<\/td>\n<\/tr>\n<tr>\n<td width=\"254\">\u0627\u0644\u062d\u062f \u0627\u0644\u0623\u0642\u0635\u0649. \u0633\u0631\u0639\u0629 \u0627\u0644\u0639\u0645\u0644<\/td>\n<td width=\"280\">6000 \u0645\u0645\/\u062f\u0642\u064a\u0642\u0629<\/td>\n<\/tr>\n<tr>\n<td width=\"254\">\u0637\u0627\u0642\u0629 \u0639\u0645\u0648\u062f \u0627\u0644\u062f\u0648\u0631\u0627\u0646<\/td>\n<td width=\"280\">1.5 \u0643\u064a\u0644\u0648 \u0648\u0627\u0637\/2.2 \u0643\u064a\u0644\u0648 \u0648\u0627\u0637\/3 \u0643\u064a\u0644\u0648 \u0648\u0627\u0637 \u062a\u0628\u0631\u064a\u062f \u0628\u0627\u0644\u0645\u0627\u0621<\/td>\n<\/tr>\n<tr>\n<td width=\"254\">\u0633\u0631\u0639\u0629 \u0639\u0645\u0648\u062f \u0627\u0644\u062f\u0648\u0631\u0627\u0646<\/td>\n<td width=\"280\">0-24000 \u062f\u0648\u0631\u0629 \u0641\u064a \u0627\u0644\u062f\u0642\u064a\u0642\u0629<\/td>\n<\/tr>\n<tr>\n<td width=\"254\">\u0646\u0638\u0627\u0645 \u0627\u0644\u0642\u064a\u0627\u062f\u0629<\/td>\n<td width=\"280\">\u0646\u0638\u0627\u0645 \u0627\u0644\u0633\u0627\u0626\u0631 (\u0627\u0644\u062e\u064a\u0627\u0631: \u0645\u0624\u0627\u0632\u0631)<\/td>\n<\/tr>\n<tr>\n<td width=\"254\">\u062c\u0647\u062f \u0627\u0644\u0639\u0645\u0644<\/td>\n<td width=\"280\">\u062a\u064a\u0627\u0631 \u0645\u062a\u0631\u062f\u062f 220 \u0641\u0648\u0644\u062a\/50 \u0647\u0631\u062a\u0632<\/td>\n<\/tr>\n<tr>\n<td width=\"254\">\u0644\u063a\u0629 \u0627\u0644\u0623\u0648\u0627\u0645\u0631<\/td>\n<td width=\"280\">\u0627\u0644\u0631\u0645\u0632 G<\/td>\n<\/tr>\n<tr>\n<td width=\"254\">\u0646\u0638\u0627\u0645 \u0627\u0644\u062a\u0634\u063a\u064a\u0644<\/td>\n<td width=\"280\">\u0646\u0638\u0627\u0645 DSP ,Ncstudio \/Mach3 PC<\/td>\n<\/tr>\n<tr>\n<td width=\"254\">\u062f\u0642\u0629 X-Y<\/td>\n<td width=\"280\">&lt;0.02 \u0645\u0645<\/td>\n<\/tr>\n<tr>\n<td width=\"254\">\u062a\u0648\u0627\u0641\u0642 \u0627\u0644\u0628\u0631\u0627\u0645\u062c<\/td>\n<td width=\"280\">\u0643\u0627\u0645\u064a\u0631\u0627 Ucamcam V9 ,Type3 ,Artcam<\/td>\n<\/tr>\n<tr>\n<td width=\"254\">\u0628\u064f\u0639\u062f \u0627\u0644\u062a\u0639\u0628\u0626\u0629 \u0648\u0627\u0644\u062a\u063a\u0644\u064a\u0641<\/td>\n<td width=\"280\">1130 \u0645\u0645 \u00d7 1200 \u00d7 1300 \u00d7 1300 \u0645\u0645<\/td>\n<\/tr>\n<tr>\n<td width=\"254\">\u0627\u0644\u0648\u0632\u0646 \u0627\u0644\u0625\u062c\u0645\u0627\u0644\u064a<\/td>\n<td width=\"280\">300 \u0643\u062c\u0645<\/td>\n<\/tr>\n<\/tbody>\n<\/table>\n<p><img alt=\"\" loading=\"lazy\" decoding=\"async\" class=\"size-full wp-image-5230 aligncenter\" src=\"http:\/\/www.kamotec.net\/wp-content\/uploads\/2025\/11\/\u4e3b\u56fe8.jpg\" width=\"1000\" height=\"1000\" srcset=\"http:\/\/www.kamotec.net\/wp-content\/uploads\/2025\/11\/\u4e3b\u56fe8.jpg 1000w, http:\/\/www.kamotec.net\/wp-content\/uploads\/2025\/11\/\u4e3b\u56fe8-300x300.jpg 300w, http:\/\/www.kamotec.net\/wp-content\/uploads\/2025\/11\/\u4e3b\u56fe8-100x100.jpg 100w, http:\/\/www.kamotec.net\/wp-content\/uploads\/2025\/11\/\u4e3b\u56fe8-600x600.jpg 600w, http:\/\/www.kamotec.net\/wp-content\/uploads\/2025\/11\/\u4e3b\u56fe8-150x150.jpg 150w, http:\/\/www.kamotec.net\/wp-content\/uploads\/2025\/11\/\u4e3b\u56fe8-768x768.jpg 768w, http:\/\/www.kamotec.net\/wp-content\/uploads\/2025\/11\/\u4e3b\u56fe8-12x12.jpg 12w\" sizes=\"(max-width: 1000px) 100vw, 1000px\" \/><\/p>\n<p><img alt=\"\" loading=\"lazy\" decoding=\"async\" class=\"size-full wp-image-5229 aligncenter\" src=\"http:\/\/www.kamotec.net\/wp-content\/uploads\/2025\/11\/\u4e3b\u56fe7.jpg\" width=\"1000\" height=\"1000\" srcset=\"http:\/\/www.kamotec.net\/wp-content\/uploads\/2025\/11\/\u4e3b\u56fe7.jpg 1000w, http:\/\/www.kamotec.net\/wp-content\/uploads\/2025\/11\/\u4e3b\u56fe7-300x300.jpg 300w, http:\/\/www.kamotec.net\/wp-content\/uploads\/2025\/11\/\u4e3b\u56fe7-100x100.jpg 100w, http:\/\/www.kamotec.net\/wp-content\/uploads\/2025\/11\/\u4e3b\u56fe7-600x600.jpg 600w, http:\/\/www.kamotec.net\/wp-content\/uploads\/2025\/11\/\u4e3b\u56fe7-150x150.jpg 150w, http:\/\/www.kamotec.net\/wp-content\/uploads\/2025\/11\/\u4e3b\u56fe7-768x768.jpg 768w, http:\/\/www.kamotec.net\/wp-content\/uploads\/2025\/11\/\u4e3b\u56fe7-12x12.jpg 12w\" sizes=\"(max-width: 1000px) 100vw, 1000px\" \/><\/p>\n<p><strong>\u0645\u0648\u0627\u062f \u0627\u0644\u062a\u0637\u0628\u064a\u0642<\/strong><br \/>\n1-\u0635\u0646\u0627\u0639\u0629 \u0627\u0644\u0625\u0639\u0644\u0627\u0646\u0627\u062a: \u0623\u0643\u0631\u064a\u0644\u064a\u0643\u060c \u0628\u0648\u0644\u064a \u0643\u0644\u0648\u0631\u064a\u062f \u0627\u0644\u0641\u064a\u0646\u064a\u0644\u060c \u0644\u0648\u062d\u0629 ABS\u060c \u0644\u0648\u062d\u0629 \u0627\u0644\u0623\u0644\u0648\u0645\u0646\u064a\u0648\u0645<br \/>\n2- \u0635\u0646\u0627\u0639\u0629 \u0627\u0644\u0623\u0634\u063a\u0627\u0644 \u0627\u0644\u062e\u0634\u0628\u064a\u0629 \u0627\u0644\u0639\u0627\u0645\u0629: \u0632\u062e\u0631\u0641\u0629 \u0627\u0644\u0623\u062b\u0627\u062b\u060c \u0648\u062a\u0635\u0646\u064a\u0639 \u0627\u0644\u0622\u0644\u0627\u062a\u060c \u0648\u0627\u0644\u062d\u0631\u0641 \u0627\u0644\u062e\u0634\u0628\u064a\u0629\u060c \u0648\u0627\u0644\u0623\u062b\u0627\u062b \u0627\u0644\u062e\u0634\u0628\u064a \u0627\u0644\u0635\u0644\u0628\u060c \u0648\u0627\u0644\u0623\u062b\u0627\u062b \u0627\u0644\u062e\u0634\u0628\u064a \u0627\u0644\u0635\u0644\u0628\u060c \u0648 MDF<br \/>\n3-\u0635\u0646\u0627\u0639\u0629 \u0627\u0644\u062f\u064a\u0643\u0648\u0631: \u0646\u0645\u0648\u0630\u062c \u0641\u0646\u064a\u060c \u0644\u0648\u062d\u0629 \u062c\u062f\u0627\u0631\u064a\u0629\u060c \u0634\u0627\u0634\u0629\u060c \u062a\u063a\u0644\u064a\u0641 \u0647\u062f\u0627\u064a\u0627<br \/>\n4-\u0635\u0646\u0627\u0639\u0629 \u0627\u0644\u0623\u062d\u062c\u0627\u0631: \u0634\u0648\u0627\u0647\u062f \u0627\u0644\u0642\u0628\u0648\u0631 \u0648\u0627\u0644\u0631\u062e\u0627\u0645 \u0648\u0627\u0644\u062c\u0631\u0627\u0646\u064a\u062a<br \/>\n5- \u0635\u0646\u0627\u0639\u0629 \u0627\u0644\u0642\u0648\u0627\u0644\u0628: \u0627\u0644\u0635\u0628\u060c \u0648\u0627\u0644\u0631\u062d\u0644\u0627\u062a \u0627\u0644\u0641\u0636\u0627\u0626\u064a\u0629\u060c \u0648\u0627\u0644\u0645\u0631\u0643\u0628\u0627\u062a\u060c \u0648\u062d\u0631\u0643\u0629 \u0627\u0644\u0633\u0643\u0643 \u0627\u0644\u062d\u062f\u064a\u062f\u064a\u0629<br \/>\n<img alt=\"\" loading=\"lazy\" decoding=\"async\" class=\"size-full wp-image-5221 aligncenter\" src=\"http:\/\/www.kamotec.net\/wp-content\/uploads\/2025\/11\/WPS\u56fe\u72471-20.jpg\" width=\"1000\" height=\"1000\" srcset=\"http:\/\/www.kamotec.net\/wp-content\/uploads\/2025\/11\/WPS\u56fe\u72471-20.jpg 1000w, http:\/\/www.kamotec.net\/wp-content\/uploads\/2025\/11\/WPS\u56fe\u72471-20-300x300.jpg 300w, http:\/\/www.kamotec.net\/wp-content\/uploads\/2025\/11\/WPS\u56fe\u72471-20-100x100.jpg 100w, http:\/\/www.kamotec.net\/wp-content\/uploads\/2025\/11\/WPS\u56fe\u72471-20-600x600.jpg 600w, http:\/\/www.kamotec.net\/wp-content\/uploads\/2025\/11\/WPS\u56fe\u72471-20-150x150.jpg 150w, http:\/\/www.kamotec.net\/wp-content\/uploads\/2025\/11\/WPS\u56fe\u72471-20-768x768.jpg 768w, http:\/\/www.kamotec.net\/wp-content\/uploads\/2025\/11\/WPS\u56fe\u72471-20-12x12.jpg 12w\" sizes=\"(max-width: 1000px) 100vw, 1000px\" \/><\/p>\n<p><img alt=\"\" loading=\"lazy\" decoding=\"async\" class=\"size-full wp-image-5231 aligncenter\" src=\"http:\/\/www.kamotec.net\/wp-content\/uploads\/2025\/11\/\u91d1\u5c5e\u96d5\u523b\u673a\u6837\u54c1.jpg\" width=\"1000\" height=\"1000\" srcset=\"http:\/\/www.kamotec.net\/wp-content\/uploads\/2025\/11\/\u91d1\u5c5e\u96d5\u523b\u673a\u6837\u54c1.jpg 1000w, http:\/\/www.kamotec.net\/wp-content\/uploads\/2025\/11\/\u91d1\u5c5e\u96d5\u523b\u673a\u6837\u54c1-300x300.jpg 300w, http:\/\/www.kamotec.net\/wp-content\/uploads\/2025\/11\/\u91d1\u5c5e\u96d5\u523b\u673a\u6837\u54c1-100x100.jpg 100w, http:\/\/www.kamotec.net\/wp-content\/uploads\/2025\/11\/\u91d1\u5c5e\u96d5\u523b\u673a\u6837\u54c1-600x600.jpg 600w, http:\/\/www.kamotec.net\/wp-content\/uploads\/2025\/11\/\u91d1\u5c5e\u96d5\u523b\u673a\u6837\u54c1-150x150.jpg 150w, http:\/\/www.kamotec.net\/wp-content\/uploads\/2025\/11\/\u91d1\u5c5e\u96d5\u523b\u673a\u6837\u54c1-768x768.jpg 768w, http:\/\/www.kamotec.net\/wp-content\/uploads\/2025\/11\/\u91d1\u5c5e\u96d5\u523b\u673a\u6837\u54c1-12x12.jpg 12w\" sizes=\"(max-width: 1000px) 100vw, 1000px\" \/><\/p>","protected":false},"excerpt":{"rendered":"<p>\u0627\u0644\u0645\u0648\u062f\u064a\u0644:KM-6090<br \/>\n\u0645\u0633\u0627\u062d\u0629 \u0627\u0644\u0639\u0645\u0644 X\u060c Y\u060c Z: 600 \u00d7 900 \u00d7 100 \u0645\u0645<br \/>\n\u062f\u0642\u0629 \u062a\u062d\u062f\u064a\u062f \u0627\u0644\u0645\u0648\u0636\u0639 X\u060c Y\u060c Z: \u00b1 0.05\/300 \u0645\u0645<br \/>\n\u062f\u0642\u0629 \u062a\u062d\u062f\u064a\u062f \u0627\u0644\u0645\u0648\u0636\u0639 X\u060c Y\u060c Z \u0644\u0625\u0639\u0627\u062f\u0629 \u0627\u0644\u062a\u0645\u0648\u0636\u0639: \u00b1 0.05 \u0645\u0645<br \/>\n\u0627\u0644\u0625\u0637\u0627\u0631:\u0641\u0648\u0644\u0627\u0630 \u0645\u0644\u062d\u0648\u0645<br \/>\n\u0647\u064a\u0643\u0644 X Y Z: \u0628\u0631\u063a\u064a \u0643\u0631\u0648\u064a<br \/>\n\u0627\u0644\u062d\u062f \u0627\u0644\u0623\u0642\u0635\u0649. \u0627\u0633\u062a\u0647\u0644\u0627\u0643 \u0627\u0644\u0637\u0627\u0642\u0629 (\u0628\u062f\u0648\u0646 \u0639\u0645\u0648\u062f \u0627\u0644\u062f\u0648\u0631\u0627\u0646): 0.3 \u0643\u064a\u0644\u0648 \u0648\u0627\u0637<br \/>\n\u0627\u0644\u062d\u062f \u0627\u0644\u0623\u0642\u0635\u0649. \u0633\u0631\u0639\u0629 \u0627\u0644\u062a\u062d\u0631\u0643 \u0627\u0644\u0633\u0631\u064a\u0639: 10000 \u0645\u0645\/\u062f\u0642\u064a\u0642\u0629<br \/>\n\u0627\u0644\u062d\u062f \u0627\u0644\u0623\u0642\u0635\u0649. \u0633\u0631\u0639\u0629 \u0627\u0644\u0639\u0645\u0644: 6000 \u0645\u0645\/\u062f\u0642\u064a\u0642\u0629<\/p>","protected":false},"featured_media":5702,"template":"","meta":{"_seopress_robots_primary_cat":"none","_seopress_titles_title":"%%post_title%%","_seopress_titles_desc":"%%post_excerpt%%","_seopress_robots_index":"","_uag_custom_page_level_css":"","site-sidebar-layout":"default","site-content-layout":"","ast-site-content-layout":"default","site-content-style":"default","site-sidebar-style":"default","ast-global-header-display":"","ast-banner-title-visibility":"","ast-main-header-display":"","ast-hfb-above-header-display":"","ast-hfb-below-header-display":"","ast-hfb-mobile-header-display":"","site-post-title":"","ast-breadcrumbs-content":"","ast-featured-img":"","footer-sml-layout":"","theme-transparent-header-meta":"default","adv-header-id-meta":"","stick-header-meta":"default","header-above-stick-meta":"","header-main-stick-meta":"","header-below-stick-meta":"","astra-migrate-meta-layouts":"set","ast-page-background-enabled":"default","ast-page-background-meta":{"desktop":{"background-color":"","background-image":"","background-repeat":"repeat","background-position":"center center","background-size":"auto","background-attachment":"scroll","background-type":"","background-media":"","overlay-type":"","overlay-color":"","overlay-opacity":"","overlay-gradient":""},"tablet":{"background-color":"","background-image":"","background-repeat":"repeat","background-position":"center center","background-size":"auto","background-attachment":"scroll","background-type":"","background-media":"","overlay-type":"","overlay-color":"","overlay-opacity":"","overlay-gradient":""},"mobile":{"background-color":"","background-image":"","background-repeat":"repeat","background-position":"center center","background-size":"auto","background-attachment":"scroll","background-type":"","background-media":"","overlay-type":"","overlay-color":"","overlay-opacity":"","overlay-gradient":""}},"ast-content-background-meta":{"desktop":{"background-color":"var(--ast-global-color-5)","background-image":"","background-repeat":"repeat","background-position":"center center","background-size":"auto","background-attachment":"scroll","background-type":"","background-media":"","overlay-type":"","overlay-color":"","overlay-opacity":"","overlay-gradient":""},"tablet":{"background-color":"var(--ast-global-color-5)","background-image":"","background-repeat":"repeat","background-position":"center center","background-size":"auto","background-attachment":"scroll","background-type":"","background-media":"","overlay-type":"","overlay-color":"","overlay-opacity":"","overlay-gradient":""},"mobile":{"background-color":"var(--ast-global-color-5)","background-image":"","background-repeat":"repeat","background-position":"center center","background-size":"auto","background-attachment":"scroll","background-type":"","background-media":"","overlay-type":"","overlay-color":"","overlay-opacity":"","overlay-gradient":""}}},"product_brand":[],"product_cat":[88],"product_tag":[],"class_list":{"0":"post-5218","1":"product","2":"type-product","3":"status-publish","4":"has-post-thumbnail","6":"product_cat-metal-cnc-router","7":"desktop-align-left","8":"tablet-align-left","9":"mobile-align-left","10":"ast-product-gallery-layout-horizontal-slider","11":"ast-product-tabs-layout-horizontal","13":"first","14":"instock","15":"shipping-taxable","16":"product-type-simple"},"uagb_featured_image_src":{"full":["http:\/\/www.kamotec.net\/wp-content\/uploads\/2025\/11\/\u4e3b\u56fe1.jpg",1000,1000,false],"thumbnail":["http:\/\/www.kamotec.net\/wp-content\/uploads\/2025\/11\/\u4e3b\u56fe1-150x150.jpg",150,150,true],"medium":["http:\/\/www.kamotec.net\/wp-content\/uploads\/2025\/11\/\u4e3b\u56fe1-300x300.jpg",300,300,true],"medium_large":["http:\/\/www.kamotec.net\/wp-content\/uploads\/2025\/11\/\u4e3b\u56fe1-768x768.jpg",768,768,true],"large":["http:\/\/www.kamotec.net\/wp-content\/uploads\/2025\/11\/\u4e3b\u56fe1.jpg",1000,1000,false],"1536x1536":["http:\/\/www.kamotec.net\/wp-content\/uploads\/2025\/11\/\u4e3b\u56fe1.jpg",1000,1000,false],"2048x2048":["http:\/\/www.kamotec.net\/wp-content\/uploads\/2025\/11\/\u4e3b\u56fe1.jpg",1000,1000,false],"trp-custom-language-flag":["http:\/\/www.kamotec.net\/wp-content\/uploads\/2025\/11\/\u4e3b\u56fe1-12x12.jpg",12,12,true],"woocommerce_thumbnail":["http:\/\/www.kamotec.net\/wp-content\/uploads\/2025\/11\/\u4e3b\u56fe1-300x300.jpg",300,300,true],"woocommerce_single":["http:\/\/www.kamotec.net\/wp-content\/uploads\/2025\/11\/\u4e3b\u56fe1-600x600.jpg",600,600,true],"woocommerce_gallery_thumbnail":["http:\/\/www.kamotec.net\/wp-content\/uploads\/2025\/11\/\u4e3b\u56fe1-100x100.jpg",100,100,true]},"uagb_author_info":{"display_name":"jinxing6611@gmail.com","author_link":"http:\/\/www.kamotec.net\/ar\/author\/"},"uagb_comment_info":0,"uagb_excerpt":"Model:KM-6090 X,Y,Z Working Area:600X900X100mm X,Y,Z Positioning Accuracy:\u00b10.05\/300mm X,Y,Z repositioning Positioning Accuracy:\u00b10.05mm Frame:Welded Steel X Y Z Structure:Ball Screw Max. Power consumption (Without spindle):0.3kw Max. Rapid Travel speed:10000mm\/min Max. Working Speed:6000mm\/min","_links":{"self":[{"href":"http:\/\/www.kamotec.net\/ar\/wp-json\/wp\/v2\/product\/5218","targetHints":{"allow":["GET"]}}],"collection":[{"href":"http:\/\/www.kamotec.net\/ar\/wp-json\/wp\/v2\/product"}],"about":[{"href":"http:\/\/www.kamotec.net\/ar\/wp-json\/wp\/v2\/types\/product"}],"wp:featuredmedia":[{"embeddable":true,"href":"http:\/\/www.kamotec.net\/ar\/wp-json\/wp\/v2\/media\/5702"}],"wp:attachment":[{"href":"http:\/\/www.kamotec.net\/ar\/wp-json\/wp\/v2\/media?parent=5218"}],"wp:term":[{"taxonomy":"product_brand","embeddable":true,"href":"http:\/\/www.kamotec.net\/ar\/wp-json\/wp\/v2\/product_brand?post=5218"},{"taxonomy":"product_cat","embeddable":true,"href":"http:\/\/www.kamotec.net\/ar\/wp-json\/wp\/v2\/product_cat?post=5218"},{"taxonomy":"product_tag","embeddable":true,"href":"http:\/\/www.kamotec.net\/ar\/wp-json\/wp\/v2\/product_tag?post=5218"}],"curies":[{"name":"wp","href":"https:\/\/api.w.org\/{rel}","templated":true}]}}